{"id":61182,"date":"2025-12-05T16:49:57","date_gmt":"2025-12-05T14:49:57","guid":{"rendered":"https:\/\/keluvo.com\/no\/produkt\/holder-til-gitartelefon\/"},"modified":"2025-12-15T18:10:59","modified_gmt":"2025-12-15T16:10:59","slug":"holder-til-gitartelefon","status":"publish","type":"product","link":"https:\/\/keluvo.com\/no\/produkt\/holder-til-gitartelefon\/","title":{"rendered":"Holder til gitartelefon"},"content":{"rendered":"<p style=\"text-align: center;\" data-start=\"169\" data-end=\"267\"><strong>Hold Instrumentet Og Telefonen Trygt P\u00e5 Ett Sted For \u00c5 Gj\u00f8re Det Enklere \u00c5 Spille, Filme Og \u00d8ve. \ud83c\udfb8\ud83d\udcf1<\/strong><\/p>\n<p style=\"text-align: center;\" data-start=\"269\" data-end=\"513\">Denne 360\u00b0 justerbare gitarholderen gir deg en stabil m\u00e5te \u00e5 montere gitaren eller instrumentet p\u00e5, samtidig som du holder telefonen i perfekt synsvinkel. Den er ideell for videoopptak, direktestr\u00f8mming, leksjoner eller h\u00e5ndfri \u00f8ving.<\/p>\n<p data-start=\"269\" data-end=\"513\"><img fetchpriority=\"high\" decoding=\"async\" class=\"size-full wp-image-44072 aligncenter\" src=\"https:\/\/keluvo.com\/template\/wp-content\/uploads\/sites\/5\/2025\/12\/10225-ezgif.com-video-to-webp-converter-1-1.webp\" alt=\"\" width=\"500\" height=\"500\" \/><\/p>\n<h2 style=\"text-align: center;\" data-start=\"520\" data-end=\"544\">Hovedfordeler \u2728<\/h2>\n<p data-start=\"547\" data-end=\"648\">\ud83c\udfb8 2-i-1-design &#8211; holder gitaren eller kalimbaen din samtidig som den holder telefonen din for enkel visning.<\/p>\n<p data-start=\"651\" data-end=\"747\">\ud83d\udcf1 Justerbar vinkel &#8211; 360\u00b0 rotasjon hjelper deg med \u00e5 plassere telefonen akkurat slik du trenger den.<\/p>\n<p data-start=\"750\" data-end=\"857\">\ud83d\udee1\ufe0f Stabilt og sikkert grep &#8211; Myke silikonputer beskytter instrumentet ditt og holder alt p\u00e5 plass.<\/p>\n<p data-start=\"860\" data-end=\"942\">\ud83c\udf92 Kompakt og b\u00e6rbar &#8211; Lett, sammenleggbar og enkel \u00e5 ta med seg hvor som helst.<\/p>\n<p data-start=\"945\" data-end=\"1017\">\ud83d\udcaa Slitesterk konstruksjon &#8211; Sterkt ABS-materiale designet for langvarig bruk.<\/p>\n<p data-start=\"1020\" data-end=\"1107\">\ud83d\udcf1 Universell telefonpassform &#8211; Fungerer med de fleste smarttelefoner og mange typer instrumenter.<\/p>\n<p data-start=\"1020\" data-end=\"1107\"><img decoding=\"async\" class=\"size-full wp-image-44070 aligncenter\" src=\"https:\/\/keluvo.com\/template\/wp-content\/uploads\/sites\/5\/2025\/12\/9e013346e30885a6e05f8cbafeffb342e90bd941954194ccdf47604483f956e5-800.avif\" alt=\"\" \/><\/p>\n<h2 style=\"text-align: center;\" data-start=\"1114\" data-end=\"1136\">Hvordan Du Bruker \ud83e\uddf0<\/h2>\n<ol data-start=\"1137\" data-end=\"1444\">\n<li data-start=\"1137\" data-end=\"1225\">\n<p data-start=\"1140\" data-end=\"1225\">\u00c5pne klemmen og fest den forsiktig til gitaren, kalimbaen eller lignende instrument.<\/p>\n<\/li>\n<li data-start=\"1226\" data-end=\"1287\">\n<p data-start=\"1229\" data-end=\"1287\">Juster holderen og roter den til den vinkelen du foretrekker.<\/p>\n<\/li>\n<li data-start=\"1288\" data-end=\"1364\">\n<p data-start=\"1291\" data-end=\"1364\">Plasser telefonen i den polstrede holderen og s\u00f8rg for at den sitter godt.<\/p>\n<\/li>\n<li data-start=\"1365\" data-end=\"1444\">\n<p data-start=\"1368\" data-end=\"1444\">Begynn \u00e5 spille, spille inn, undervise eller str\u00f8mme med telefonen din h\u00e5ndfri.<\/p>\n<\/li>\n<\/ol>\n<h2 style=\"text-align: center;\" data-start=\"1451\" data-end=\"1478\">Produktdetaljer \ud83d\udccf<\/h2>\n<ul data-start=\"1479\" data-end=\"1739\">\n<li data-start=\"1479\" data-end=\"1496\">\n<p data-start=\"1481\" data-end=\"1496\">Materiale: ABS<\/p>\n<\/li>\n<li data-start=\"1497\" data-end=\"1516\">\n<p data-start=\"1499\" data-end=\"1516\">Farge: Svart<\/p>\n<\/li>\n<li data-start=\"1517\" data-end=\"1567\">\n<p data-start=\"1519\" data-end=\"1567\">St\u00f8rrelse: 12 x 10,5 x 8 cm<\/p>\n<\/li>\n<li data-start=\"1568\" data-end=\"1639\">\n<p data-start=\"1570\" data-end=\"1639\">Telefonkompatibilitet: Passer til enheter som er 5,5 cm-7,5 cm brede<\/p>\n<\/li>\n<li data-start=\"1640\" data-end=\"1669\">\n<p data-start=\"1642\" data-end=\"1669\">Rotasjon: 360\u00b0 justerbar<\/p>\n<\/li>\n<li data-start=\"1670\" data-end=\"1739\">\n<p data-start=\"1672\" data-end=\"1739\">Funksjoner: Silikonpolstring, sammenleggbar design, kompakt og b\u00e6rbar<\/p>\n<\/li>\n<\/ul>\n<h2 style=\"text-align: center;\" data-start=\"1746\" data-end=\"1774\">Pakken inkluderer \ud83d\udce6<\/h2>\n<ul data-start=\"1775\" data-end=\"1802\">\n<li data-start=\"1775\" data-end=\"1802\">\n<p data-start=\"1777\" data-end=\"1802\">1x gitar telefonholder.<\/p>\n<\/li>\n<\/ul>\n","protected":false},"excerpt":{"rendered":"<p>Hold Instrumentet Og Telefonen Trygt P\u00e5 Ett Sted For \u00c5 Gj\u00f8re Det Enklere \u00c5 Spille, Filme Og \u00d8ve. \ud83c\udfb8\ud83d\udcf1 Denne [&hellip;]<\/p>\n","protected":false},"featured_media":61178,"comment_status":"open","ping_status":"closed","template":"","meta":{"site-sidebar-layout":"default","site-content-layout":"","ast-site-content-layout":"default","site-content-style":"default","site-sidebar-style":"default","ast-global-header-display":"","ast-banner-title-visibility":"","ast-main-header-display":"","ast-hfb-above-header-display":"","ast-hfb-below-header-display":"","ast-hfb-mobile-header-display":"","site-post-title":"","ast-breadcrumbs-content":"","ast-featured-img":"","footer-sml-layout":"","theme-transparent-header-meta":"default","adv-header-id-meta":"","stick-header-meta":"","header-above-stick-meta":"","header-main-stick-meta":"","header-below-stick-meta":"","astra-migrate-meta-layouts":"set","ast-page-background-enabled":"default","ast-page-background-meta":{"desktop":{"background-color":"var(--ast-global-color-4)","background-image":"","background-repeat":"repeat","background-position":"center center","background-size":"auto","background-attachment":"scroll","background-type":"","background-media":"","overlay-type":"","overlay-color":"","overlay-opacity":"","overlay-gradient":""},"tablet":{"background-color":"","background-image":"","background-repeat":"repeat","background-position":"center center","background-size":"auto","background-attachment":"scroll","background-type":"","background-media":"","overlay-type":"","overlay-color":"","overlay-opacity":"","overlay-gradient":""},"mobile":{"background-color":"","background-image":"","background-repeat":"repeat","background-position":"center center","background-size":"auto","background-attachment":"scroll","background-type":"","background-media":"","overlay-type":"","overlay-color":"","overlay-opacity":"","overlay-gradient":""}},"ast-content-background-meta":{"desktop":{"background-color":"var(--ast-global-color-5)","background-image":"","background-repeat":"repeat","background-position":"center center","background-size":"auto","background-attachment":"scroll","background-type":"","background-media":"","overlay-type":"","overlay-color":"","overlay-opacity":"","overlay-gradient":""},"tablet":{"background-color":"var(--ast-global-color-5)","background-image":"","background-repeat":"repeat","background-position":"center center","background-size":"auto","background-attachment":"scroll","background-type":"","background-media":"","overlay-type":"","overlay-color":"","overlay-opacity":"","overlay-gradient":""},"mobile":{"background-color":"var(--ast-global-color-5)","background-image":"","background-repeat":"repeat","background-position":"center center","background-size":"auto","background-attachment":"scroll","background-type":"","background-media":"","overlay-type":"","overlay-color":"","overlay-opacity":"","overlay-gradient":""}}},"product_brand":[],"product_cat":[993],"product_tag":[],"class_list":{"0":"post-61182","1":"product","2":"type-product","3":"status-publish","4":"has-post-thumbnail","6":"product_cat-skotoy-tilbehor","7":"desktop-align-left","8":"tablet-align-left","9":"mobile-align-left","11":"first","12":"instock","13":"shipping-taxable","14":"purchasable","15":"product-type-simple"},"_links":{"self":[{"href":"https:\/\/keluvo.com\/no\/wp-json\/wp\/v2\/product\/61182","targetHints":{"allow":["GET"]}}],"collection":[{"href":"https:\/\/keluvo.com\/no\/wp-json\/wp\/v2\/product"}],"about":[{"href":"https:\/\/keluvo.com\/no\/wp-json\/wp\/v2\/types\/product"}],"replies":[{"embeddable":true,"href":"https:\/\/keluvo.com\/no\/wp-json\/wp\/v2\/comments?post=61182"}],"wp:featuredmedia":[{"embeddable":true,"href":"https:\/\/keluvo.com\/no\/wp-json\/wp\/v2\/media\/61178"}],"wp:attachment":[{"href":"https:\/\/keluvo.com\/no\/wp-json\/wp\/v2\/media?parent=61182"}],"wp:term":[{"taxonomy":"product_brand","embeddable":true,"href":"https:\/\/keluvo.com\/no\/wp-json\/wp\/v2\/product_brand?post=61182"},{"taxonomy":"product_cat","embeddable":true,"href":"https:\/\/keluvo.com\/no\/wp-json\/wp\/v2\/product_cat?post=61182"},{"taxonomy":"product_tag","embeddable":true,"href":"https:\/\/keluvo.com\/no\/wp-json\/wp\/v2\/product_tag?post=61182"}],"curies":[{"name":"wp","href":"https:\/\/api.w.org\/{rel}","templated":true}]}}