{"id":61018,"date":"2025-12-04T18:06:02","date_gmt":"2025-12-04T16:06:02","guid":{"rendered":"https:\/\/keluvo.com\/no\/produkt\/oppbevaringsdeksel-til-armlenet\/"},"modified":"2025-12-15T18:10:58","modified_gmt":"2025-12-15T16:10:58","slug":"oppbevaringsdeksel-til-armlenet","status":"publish","type":"product","link":"https:\/\/keluvo.com\/no\/produkt\/oppbevaringsdeksel-til-armlenet\/","title":{"rendered":"Oppbevaringsdeksel til armlenet"},"content":{"rendered":"<p style=\"text-align: center;\" data-start=\"162\" data-end=\"241\"><strong>Nyt Komfortabel Kj\u00f8ring Og Ekstra Oppbevaring Med Dette Armlenetrekket. \ud83d\ude97\ud83e\uddfb<\/strong><\/p>\n<p style=\"text-align: center;\" data-start=\"243\" data-end=\"442\">Dette armlenetrekket gir myk st\u00f8tte til armen samtidig som det gir deg praktisk oppbevaringsplass for sm\u00e5 dagligdagse ting. Det holder bilen ryddig, beskytter armlenet og gj\u00f8r lange kj\u00f8returer mye mer komfortable.<\/p>\n<p data-start=\"243\" data-end=\"442\"><img fetchpriority=\"high\" decoding=\"async\" class=\" wp-image-43996 aligncenter\" src=\"https:\/\/keluvo.com\/template\/wp-content\/uploads\/sites\/5\/2025\/12\/099382cba27df1f6fae7d7a8cc0da6e8660fd8bc.gif\" alt=\"\" width=\"500\" height=\"667\" \/><\/p>\n<h2 style=\"text-align: center;\" data-start=\"449\" data-end=\"473\">Hovedfordeler \u2728<\/h2>\n<p data-start=\"476\" data-end=\"552\">\ud83d\udecb\ufe0f Myk st\u00f8tte i minneskum &#8211; reduserer tretthet i armene under lange kj\u00f8returer.<\/p>\n<p data-start=\"555\" data-end=\"644\">\ud83d\udcf1 Ekstra oppbevaringsplass &#8211; har plass til telefoner, kort, n\u00f8kler, papirlommet\u00f8rkl\u00e6r og andre sm\u00e5ting.<\/p>\n<p data-start=\"647\" data-end=\"732\">\ud83e\uddfb Innebygd holder for papirlommet\u00f8rkle &#8211; Enkel tilgang for b\u00e5de for- og baksetepassasjerer.<\/p>\n<p data-start=\"735\" data-end=\"791\">\ud83d\ude97 Universell passform &#8211; Passer til 99 % av alle bilmodeller.<\/p>\n<p data-start=\"794\" data-end=\"875\">\ud83c\udfa8 Stilig broderidesign &#8211; Gir interi\u00f8ret et rent og elegant utseende.<\/p>\n<p data-start=\"878\" data-end=\"955\">\ud83d\udcaa Slitesterkt PU-l\u00e6r &#8211; Beskytter armlenet mot sol, slitasje og smuss.<\/p>\n<p data-start=\"958\" data-end=\"1015\">\ud83e\uddfc Lett \u00e5 rengj\u00f8re &#8211; Fjern og t\u00f8rk av n\u00e5r det er n\u00f8dvendig.<\/p>\n<p data-start=\"1018\" data-end=\"1090\">\ud83d\udd27 Enkel installasjon &#8211; Monteres p\u00e5 sekunder uten verkt\u00f8y.<\/p>\n<p data-start=\"1018\" data-end=\"1090\"><img decoding=\"async\" class=\"size-full wp-image-43995 aligncenter\" src=\"https:\/\/keluvo.com\/template\/wp-content\/uploads\/sites\/5\/2025\/12\/5331c4a1ff7603aab2d2f40a10a0fc7d08f70c32.avif\" alt=\"\" \/><\/p>\n<h2 style=\"text-align: center;\" data-start=\"1097\" data-end=\"1119\">Hvordan Bruke \ud83e\uddf0<\/h2>\n<ol data-start=\"1120\" data-end=\"1384\">\n<li data-start=\"1120\" data-end=\"1183\">\n<p data-start=\"1123\" data-end=\"1183\">Plasser trekket direkte p\u00e5 toppen av bilens armlenes kasse.<\/p>\n<\/li>\n<li data-start=\"1184\" data-end=\"1234\">\n<p data-start=\"1187\" data-end=\"1234\">Fest det p\u00e5 plass ved hjelp av de innebygde stroppene.<\/p>\n<\/li>\n<li data-start=\"1235\" data-end=\"1305\">\n<p data-start=\"1238\" data-end=\"1305\">Legg telefonen, kort, n\u00f8kler eller lommet\u00f8rkl\u00e6r i oppbevaringslommene.<\/p>\n<\/li>\n<li data-start=\"1306\" data-end=\"1384\">\n<p data-start=\"1309\" data-end=\"1384\">Nyt komfortabel st\u00f8tte og enkel tilgang til det viktigste mens du kj\u00f8rer.<\/p>\n<\/li>\n<\/ol>\n<h2 style=\"text-align: center;\" data-start=\"1391\" data-end=\"1418\">Produktdetaljer \ud83d\udccf<\/h2>\n<ul data-start=\"1419\" data-end=\"1649\">\n<li data-start=\"1419\" data-end=\"1457\">\n<p data-start=\"1421\" data-end=\"1457\">Materiale: PU-skinn + minneskum<\/p>\n<\/li>\n<li data-start=\"1499\" data-end=\"1527\">\n<p data-start=\"1501\" data-end=\"1527\">St\u00f8rrelse: 35 x 22 x 19 cm<\/p>\n<\/li>\n<li data-start=\"1528\" data-end=\"1562\">\n<p data-start=\"1530\" data-end=\"1562\">Passform: Universal for 99 % av alle biler<\/p>\n<\/li>\n<li data-start=\"1563\" data-end=\"1649\">\n<p data-start=\"1565\" data-end=\"1649\">Funksjoner: Oppbevaringslommer, vevholder, broderidesign, beskyttende demping<\/p>\n<\/li>\n<\/ul>\n<h2 style=\"text-align: center;\" data-start=\"1656\" data-end=\"1684\">Pakken inkluderer \ud83d\udce6<\/h2>\n<ul data-start=\"1685\" data-end=\"1718\">\n<li data-start=\"1685\" data-end=\"1718\">\n<p data-start=\"1687\" data-end=\"1718\">1, 2x oppbevaringsdeksel til bilarmlenet.<\/p>\n<\/li>\n<\/ul>\n","protected":false},"excerpt":{"rendered":"<p>Nyt Komfortabel Kj\u00f8ring Og Ekstra Oppbevaring Med Dette Armlenetrekket. \ud83d\ude97\ud83e\uddfb Dette armlenetrekket gir myk st\u00f8tte til armen samtidig som det [&hellip;]<\/p>\n","protected":false},"featured_media":61014,"comment_status":"open","ping_status":"closed","template":"","meta":{"site-sidebar-layout":"default","site-content-layout":"","ast-site-content-layout":"default","site-content-style":"default","site-sidebar-style":"default","ast-global-header-display":"","ast-banner-title-visibility":"","ast-main-header-display":"","ast-hfb-above-header-display":"","ast-hfb-below-header-display":"","ast-hfb-mobile-header-display":"","site-post-title":"","ast-breadcrumbs-content":"","ast-featured-img":"","footer-sml-layout":"","theme-transparent-header-meta":"default","adv-header-id-meta":"","stick-header-meta":"","header-above-stick-meta":"","header-main-stick-meta":"","header-below-stick-meta":"","astra-migrate-meta-layouts":"set","ast-page-background-enabled":"default","ast-page-background-meta":{"desktop":{"background-color":"var(--ast-global-color-4)","background-image":"","background-repeat":"repeat","background-position":"center center","background-size":"auto","background-attachment":"scroll","background-type":"","background-media":"","overlay-type":"","overlay-color":"","overlay-opacity":"","overlay-gradient":""},"tablet":{"background-color":"","background-image":"","background-repeat":"repeat","background-position":"center center","background-size":"auto","background-attachment":"scroll","background-type":"","background-media":"","overlay-type":"","overlay-color":"","overlay-opacity":"","overlay-gradient":""},"mobile":{"background-color":"","background-image":"","background-repeat":"repeat","background-position":"center center","background-size":"auto","background-attachment":"scroll","background-type":"","background-media":"","overlay-type":"","overlay-color":"","overlay-opacity":"","overlay-gradient":""}},"ast-content-background-meta":{"desktop":{"background-color":"var(--ast-global-color-5)","background-image":"","background-repeat":"repeat","background-position":"center center","background-size":"auto","background-attachment":"scroll","background-type":"","background-media":"","overlay-type":"","overlay-color":"","overlay-opacity":"","overlay-gradient":""},"tablet":{"background-color":"var(--ast-global-color-5)","background-image":"","background-repeat":"repeat","background-position":"center center","background-size":"auto","background-attachment":"scroll","background-type":"","background-media":"","overlay-type":"","overlay-color":"","overlay-opacity":"","overlay-gradient":""},"mobile":{"background-color":"var(--ast-global-color-5)","background-image":"","background-repeat":"repeat","background-position":"center center","background-size":"auto","background-attachment":"scroll","background-type":"","background-media":"","overlay-type":"","overlay-color":"","overlay-opacity":"","overlay-gradient":""}}},"product_brand":[],"product_cat":[998],"product_tag":[],"class_list":{"0":"post-61018","1":"product","2":"type-product","3":"status-publish","4":"has-post-thumbnail","6":"product_cat-bilprodukter","7":"pa_55590_b61rv4qg-beige","8":"pa_55590_b61rv4qg-brun","9":"pa_55590_b61rv4qg-gra","10":"pa_55590_b61rv4qg-oransje","11":"pa_55590_b61rv4qg-rod","12":"pa_55590_b61rv4qg-svart","13":"pa_55590_b61rv4qg-svart-rod","14":"pa_55590_y81sptcy-1-stk","15":"pa_55590_y81sptcy-2-stk","16":"desktop-align-left","17":"tablet-align-left","18":"mobile-align-left","20":"first","21":"instock","22":"shipping-taxable","23":"purchasable","24":"product-type-variable","25":"has-default-attributes"},"_links":{"self":[{"href":"https:\/\/keluvo.com\/no\/wp-json\/wp\/v2\/product\/61018","targetHints":{"allow":["GET"]}}],"collection":[{"href":"https:\/\/keluvo.com\/no\/wp-json\/wp\/v2\/product"}],"about":[{"href":"https:\/\/keluvo.com\/no\/wp-json\/wp\/v2\/types\/product"}],"replies":[{"embeddable":true,"href":"https:\/\/keluvo.com\/no\/wp-json\/wp\/v2\/comments?post=61018"}],"wp:featuredmedia":[{"embeddable":true,"href":"https:\/\/keluvo.com\/no\/wp-json\/wp\/v2\/media\/61014"}],"wp:attachment":[{"href":"https:\/\/keluvo.com\/no\/wp-json\/wp\/v2\/media?parent=61018"}],"wp:term":[{"taxonomy":"product_brand","embeddable":true,"href":"https:\/\/keluvo.com\/no\/wp-json\/wp\/v2\/product_brand?post=61018"},{"taxonomy":"product_cat","embeddable":true,"href":"https:\/\/keluvo.com\/no\/wp-json\/wp\/v2\/product_cat?post=61018"},{"taxonomy":"product_tag","embeddable":true,"href":"https:\/\/keluvo.com\/no\/wp-json\/wp\/v2\/product_tag?post=61018"}],"curies":[{"name":"wp","href":"https:\/\/api.w.org\/{rel}","templated":true}]}}