{"id":60998,"date":"2025-12-04T18:04:28","date_gmt":"2025-12-04T16:04:28","guid":{"rendered":"https:\/\/keluvo.com\/no\/produkt\/organisering-av-mellommaltider\/"},"modified":"2025-12-15T18:25:13","modified_gmt":"2025-12-15T16:25:13","slug":"organisering-av-mellommaltider","status":"publish","type":"product","link":"https:\/\/keluvo.com\/no\/produkt\/organisering-av-mellommaltider\/","title":{"rendered":"Organisering av mellomm\u00e5ltider"},"content":{"rendered":"<p style=\"text-align: center;\" data-start=\"180\" data-end=\"249\"><strong>Hold alle snacksene dine ferske, atskilt og enkle \u00e5 dele hvor som helst. \ud83e\udd68\ud83c\udfe1<\/strong><\/p>\n<p style=\"text-align: center;\" data-start=\"251\" data-end=\"508\">Denne snacksorganisatoren har inndelte rom, sterk forsegling og en stor kapasitet som gj\u00f8r det enkelt \u00e5 oppbevare og servere snacks. Den er perfekt for hjemmebruk, fester og utend\u00f8rsarrangementer, og hjelper deg med \u00e5 holde alt rent, organisert og klart til \u00e5 nytes.<\/p>\n<p data-start=\"251\" data-end=\"508\"><img fetchpriority=\"high\" decoding=\"async\" class=\"size-full wp-image-43982 aligncenter\" src=\"https:\/\/keluvo.com\/template\/wp-content\/uploads\/sites\/5\/2025\/12\/10223-ezgif.com-video-to-webp-converter-1-1.webp\" alt=\"\" width=\"500\" height=\"500\" \/><\/p>\n<h2 style=\"text-align: center;\" data-start=\"515\" data-end=\"539\"><strong>Hovedfordeler \u2728<\/strong><\/h2>\n<p data-start=\"542\" data-end=\"638\">\ud83c\udf6a Oppdelte rom &#8211; forhindrer at snacks blandes og holder alt pent adskilt.<\/p>\n<p data-start=\"641\" data-end=\"725\">\ud83e\udd68 Sterk forseglingsdesign &#8211; Holder maten frisk og beskytter den mot fuktighet.<\/p>\n<p data-start=\"728\" data-end=\"832\">\ud83c\udf89 Perfekt for alle arrangementer &#8211; piknik, grilling, bursdagsfester, bryllup eller hjemmekvelder.<\/p>\n<p data-start=\"835\" data-end=\"927\">\ud83c\udfe1 Stor kapasitet &#8211; Plass til flere snacks samtidig som du holder bordet organisert og ryddig.<\/p>\n<p data-start=\"930\" data-end=\"1024\">\ud83d\udcaa Slitesterke materialer &#8211; Tykt ABS + PET gj\u00f8r den sterk, gjenbrukbar og enkel \u00e5 rengj\u00f8re.<\/p>\n<p data-start=\"1027\" data-end=\"1124\">\ud83d\ude97 Flott for utend\u00f8rs bruk &#8211; Lett, praktisk og ideell for \u00e5 dele snacks med venner.<\/p>\n<p data-start=\"1027\" data-end=\"1124\"><img decoding=\"async\" class=\" wp-image-43986 aligncenter\" src=\"https:\/\/keluvo.com\/template\/wp-content\/uploads\/sites\/5\/2025\/12\/3deaa340ce2e1637849ba09d3bf6b85671cdbae2.webp\" alt=\"\" width=\"500\" height=\"667\" \/><\/p>\n<h2 style=\"text-align: center;\" data-start=\"1131\" data-end=\"1153\"><strong>Hvordan Du Bruker \ud83e\uddf0<\/strong><\/h2>\n<ol data-start=\"1154\" data-end=\"1404\">\n<li data-start=\"1154\" data-end=\"1219\">\n<p data-start=\"1157\" data-end=\"1219\">\u00c5pne lokket og legg forskjellige snacks i hvert rom.<\/p>\n<\/li>\n<li data-start=\"1220\" data-end=\"1270\">\n<p data-start=\"1223\" data-end=\"1270\">Lukk lokket tett for \u00e5 sikre at det er forseglet.<\/p>\n<\/li>\n<li data-start=\"1271\" data-end=\"1336\">\n<p data-start=\"1274\" data-end=\"1336\">Plasser det p\u00e5 bordet ditt eller ta det med utend\u00f8rs for enkel servering.<\/p>\n<\/li>\n<li data-start=\"1337\" data-end=\"1404\">\n<p data-start=\"1340\" data-end=\"1404\">\u00c5pne og nyt &#8211; snacks holder seg ferske, atskilt og klare til \u00e5 dele.<\/p>\n<\/li>\n<\/ol>\n<h2 style=\"text-align: center;\" data-start=\"1411\" data-end=\"1438\"><strong>Produktdetaljer \ud83d\udccf<\/strong><\/h2>\n<ul data-start=\"1439\" data-end=\"1691\">\n<li data-start=\"1439\" data-end=\"1462\">\n<p data-start=\"1441\" data-end=\"1462\">Materiale: ABS + PET<\/p>\n<\/li>\n<li data-start=\"1439\" data-end=\"1462\">\n<p data-start=\"1441\" data-end=\"1462\">Vekt: 925 g<\/p>\n<\/li>\n<li data-start=\"1439\" data-end=\"1462\">\n<p data-start=\"1441\" data-end=\"1462\">St\u00f8rrelse: 28,5 x 9,5 cm<\/p>\n<\/li>\n<li data-start=\"1481\" data-end=\"1525\">\n<p data-start=\"1483\" data-end=\"1525\">Struktur: Flere inndelte rom<\/p>\n<\/li>\n<li data-start=\"1526\" data-end=\"1604\">\n<p data-start=\"1528\" data-end=\"1604\">Funksjoner: Sterk forsegling, stor lagringskapasitet, fortykket slitesterk design<\/p>\n<\/li>\n<li data-start=\"1605\" data-end=\"1691\">\n<p data-start=\"1607\" data-end=\"1691\">Brukskofferter: Hjem, piknik, fester, grilling, bryllup, sammenkomster, utend\u00f8rsarrangementer<\/p>\n<\/li>\n<\/ul>\n<h2 style=\"text-align: center;\" data-start=\"1698\" data-end=\"1726\"><strong>Pakken inkluderer \ud83d\udce6<\/strong><\/h2>\n<ul data-start=\"1727\" data-end=\"1750\">\n<li data-start=\"1727\" data-end=\"1750\">\n<p data-start=\"1729\" data-end=\"1750\">1x snackholder.<\/p>\n<\/li>\n<\/ul>\n","protected":false},"excerpt":{"rendered":"<p>Hold alle snacksene dine ferske, atskilt og enkle \u00e5 dele hvor som helst. \ud83e\udd68\ud83c\udfe1 Denne snacksorganisatoren har inndelte rom, sterk [&hellip;]<\/p>\n","protected":false},"featured_media":60994,"comment_status":"open","ping_status":"closed","template":"","meta":{"site-sidebar-layout":"default","site-content-layout":"","ast-site-content-layout":"default","site-content-style":"default","site-sidebar-style":"default","ast-global-header-display":"","ast-banner-title-visibility":"","ast-main-header-display":"","ast-hfb-above-header-display":"","ast-hfb-below-header-display":"","ast-hfb-mobile-header-display":"","site-post-title":"","ast-breadcrumbs-content":"","ast-featured-img":"","footer-sml-layout":"","theme-transparent-header-meta":"default","adv-header-id-meta":"","stick-header-meta":"","header-above-stick-meta":"","header-main-stick-meta":"","header-below-stick-meta":"","astra-migrate-meta-layouts":"set","ast-page-background-enabled":"default","ast-page-background-meta":{"desktop":{"background-color":"var(--ast-global-color-4)","background-image":"","background-repeat":"repeat","background-position":"center center","background-size":"auto","background-attachment":"scroll","background-type":"","background-media":"","overlay-type":"","overlay-color":"","overlay-opacity":"","overlay-gradient":""},"tablet":{"background-color":"","background-image":"","background-repeat":"repeat","background-position":"center center","background-size":"auto","background-attachment":"scroll","background-type":"","background-media":"","overlay-type":"","overlay-color":"","overlay-opacity":"","overlay-gradient":""},"mobile":{"background-color":"","background-image":"","background-repeat":"repeat","background-position":"center center","background-size":"auto","background-attachment":"scroll","background-type":"","background-media":"","overlay-type":"","overlay-color":"","overlay-opacity":"","overlay-gradient":""}},"ast-content-background-meta":{"desktop":{"background-color":"var(--ast-global-color-5)","background-image":"","background-repeat":"repeat","background-position":"center center","background-size":"auto","background-attachment":"scroll","background-type":"","background-media":"","overlay-type":"","overlay-color":"","overlay-opacity":"","overlay-gradient":""},"tablet":{"background-color":"var(--ast-global-color-5)","background-image":"","background-repeat":"repeat","background-position":"center center","background-size":"auto","background-attachment":"scroll","background-type":"","background-media":"","overlay-type":"","overlay-color":"","overlay-opacity":"","overlay-gradient":""},"mobile":{"background-color":"var(--ast-global-color-5)","background-image":"","background-repeat":"repeat","background-position":"center center","background-size":"auto","background-attachment":"scroll","background-type":"","background-media":"","overlay-type":"","overlay-color":"","overlay-opacity":"","overlay-gradient":""}}},"product_brand":[],"product_cat":[1001],"product_tag":[],"class_list":{"0":"post-60998","1":"product","2":"type-product","3":"status-publish","4":"has-post-thumbnail","6":"product_cat-husholdningsartikler","7":"pa_55576_zpuf0ito-gra","8":"pa_55576_zpuf0ito-hvit","9":"pa_55576_zpuf0ito-solv","10":"desktop-align-left","11":"tablet-align-left","12":"mobile-align-left","14":"first","15":"instock","16":"shipping-taxable","17":"purchasable","18":"product-type-variable"},"_links":{"self":[{"href":"https:\/\/keluvo.com\/no\/wp-json\/wp\/v2\/product\/60998","targetHints":{"allow":["GET"]}}],"collection":[{"href":"https:\/\/keluvo.com\/no\/wp-json\/wp\/v2\/product"}],"about":[{"href":"https:\/\/keluvo.com\/no\/wp-json\/wp\/v2\/types\/product"}],"replies":[{"embeddable":true,"href":"https:\/\/keluvo.com\/no\/wp-json\/wp\/v2\/comments?post=60998"}],"wp:featuredmedia":[{"embeddable":true,"href":"https:\/\/keluvo.com\/no\/wp-json\/wp\/v2\/media\/60994"}],"wp:attachment":[{"href":"https:\/\/keluvo.com\/no\/wp-json\/wp\/v2\/media?parent=60998"}],"wp:term":[{"taxonomy":"product_brand","embeddable":true,"href":"https:\/\/keluvo.com\/no\/wp-json\/wp\/v2\/product_brand?post=60998"},{"taxonomy":"product_cat","embeddable":true,"href":"https:\/\/keluvo.com\/no\/wp-json\/wp\/v2\/product_cat?post=60998"},{"taxonomy":"product_tag","embeddable":true,"href":"https:\/\/keluvo.com\/no\/wp-json\/wp\/v2\/product_tag?post=60998"}],"curies":[{"name":"wp","href":"https:\/\/api.w.org\/{rel}","templated":true}]}}