{"id":60941,"date":"2025-12-04T17:59:56","date_gmt":"2025-12-04T15:59:56","guid":{"rendered":"https:\/\/keluvo.com\/no\/produkt\/rengjoringsservietter-for-kjaeledyr\/"},"modified":"2025-12-15T18:10:22","modified_gmt":"2025-12-15T16:10:22","slug":"rengjoringsservietter-for-kjaeledyr","status":"publish","type":"product","link":"https:\/\/keluvo.com\/no\/produkt\/rengjoringsservietter-for-kjaeledyr\/","title":{"rendered":"Rengj\u00f8ringsservietter for kj\u00e6ledyr"},"content":{"rendered":"<p style=\"text-align: center;\">Antall: 1 pakke = 6 kluter<\/p>\n<p style=\"text-align: center;\" data-start=\"0\" data-end=\"64\"><strong>Hold kj\u00e6ledyrene dine rene raskt og sk\u00e5nsomt &#8211; uten vann eller s\u00f8l. \ud83d\udc3e\ud83e\uddfc<\/strong><\/p>\n<p style=\"text-align: center;\" data-start=\"66\" data-end=\"302\">Disse rengj\u00f8ringsserviettene for kj\u00e6ledyr kommer i en brukervennlig hanskeform, slik at du kan t\u00f8rke av pels, poter, ansikter og kropp p\u00e5 f\u00e5 sekunder. De er myke, engangsbruk og tilsatt milde rengj\u00f8ringsingredienser, og gj\u00f8r kj\u00e6ledyrpleie enkelt hjemme eller p\u00e5 farten.<\/p>\n<p data-start=\"66\" data-end=\"302\"><img fetchpriority=\"high\" decoding=\"async\" class=\" wp-image-43893 aligncenter\" src=\"https:\/\/keluvo.com\/template\/wp-content\/uploads\/sites\/5\/2025\/12\/8c26192cc62b4b67f30f10e0dab94594433a8496.webp\" alt=\"\" width=\"500\" height=\"889\" \/><\/p>\n<h2 style=\"text-align: center;\" data-start=\"309\" data-end=\"329\">\u2b50 Hovedfordeler<\/h2>\n<p data-start=\"332\" data-end=\"405\">\ud83e\uddfc Ikke behov for vann &#8211; Rengj\u00f8r kj\u00e6ledyret ditt umiddelbart med vaskefrie kluter.<\/p>\n<p data-start=\"408\" data-end=\"490\">\ud83d\udc3e Enkel hanskedesign &#8211; Bruk den som en hanske for bedre kontroll og dekning.<\/p>\n<p data-start=\"493\" data-end=\"578\">\ud83c\udf3f Sk\u00e5nsomme ingredienser &#8211; Laget med aloe vera, rent vann og glyserinekstrakter.<\/p>\n<p data-start=\"581\" data-end=\"661\">\ud83e\uddfb Engangsbruk og hygienisk &#8211; Bruk en gang og kast bort for rengj\u00f8ring uten rot.<\/p>\n<p data-start=\"664\" data-end=\"742\">\ud83c\udfe1 Allsidig &#8211; Fungerer for hunder, katter og til og med generell rengj\u00f8ring i hjemmet.<\/p>\n<p data-start=\"745\" data-end=\"831\">\u2728 Perfekt for rask rengj\u00f8ring &#8211; Perfekt for poter, pels, etter turer eller mellom bad.<\/p>\n<p data-start=\"745\" data-end=\"831\"><img decoding=\"async\" class=\"size-full wp-image-43892 aligncenter\" src=\"https:\/\/keluvo.com\/template\/wp-content\/uploads\/sites\/5\/2025\/12\/942b19d75f5094ba2df170c08c170548ac5956b6.avif\" alt=\"\" \/><\/p>\n<h2 style=\"text-align: center;\" data-start=\"838\" data-end=\"856\">\ud83e\uddfe Slik bruker du den<\/h2>\n<ol data-start=\"857\" data-end=\"1068\">\n<li data-start=\"857\" data-end=\"896\">\n<p data-start=\"860\" data-end=\"896\">Ta en t\u00f8rkehanske fra pakken.<\/p>\n<\/li>\n<li data-start=\"897\" data-end=\"934\">\n<p data-start=\"900\" data-end=\"934\">Stikk h\u00e5nden inn i hansken.<\/p>\n<\/li>\n<li data-start=\"935\" data-end=\"982\">\n<p data-start=\"938\" data-end=\"982\">T\u00f8rk forsiktig av kj\u00e6ledyrets pels, poter eller ansikt.<\/p>\n<\/li>\n<li data-start=\"983\" data-end=\"1019\">\n<p data-start=\"986\" data-end=\"1019\">Kast hansken etter bruk.<\/p>\n<\/li>\n<li data-start=\"1020\" data-end=\"1068\">\n<p data-start=\"1023\" data-end=\"1068\">Lukk pakken for \u00e5 holde de gjenv\u00e6rende v\u00e5tserviettene fuktige.<\/p>\n<\/li>\n<\/ol>\n<h2 style=\"text-align: center;\" data-start=\"1075\" data-end=\"1098\">\ud83d\udccc Produktdetaljer<\/h2>\n<ul data-start=\"1099\" data-end=\"1422\">\n<li data-start=\"1143\" data-end=\"1223\">\n<p data-start=\"1145\" data-end=\"1223\">Materiale: Bomull + rent vannekstrakt + glyserinekstrakt + aloe vera-ekstrakt<\/p>\n<\/li>\n<li data-start=\"1224\" data-end=\"1249\">\n<p data-start=\"1226\" data-end=\"1249\">Holdbarhet: 24 m\u00e5neder<\/p>\n<\/li>\n<li data-start=\"1250\" data-end=\"1316\">\n<p data-start=\"1252\" data-end=\"1263\">Kvantitet: <span style=\"font-size: 16px;\">1 pakke = 6 v\u00e5tservietter<\/span><\/p>\n<\/li>\n<li data-start=\"1317\" data-end=\"1364\">\n<p data-start=\"1319\" data-end=\"1364\">Egnet for: Hunder, katter og rengj\u00f8ring av hjemmet<\/p>\n<\/li>\n<li data-start=\"1365\" data-end=\"1422\">\n<p data-start=\"1367\" data-end=\"1422\">Funksjoner: vaskefri, engangsbruk, myk, sk\u00e5nsom, hygienisk<\/p>\n<\/li>\n<\/ul>\n<h2 style=\"text-align: center;\" data-start=\"1429\" data-end=\"1453\">\ud83c\udf81 Pakken inneholder<\/h2>\n<ul data-start=\"1454\" data-end=\"1581\" data-is-last-node=\"\" data-is-only-node=\"\">\n<li data-start=\"1454\" data-end=\"1539\">1, 2, 4, 6 x pakke med rengj\u00f8ringsservietter for kj\u00e6ledyr (6, 12, 24, 36 stk).<\/li>\n<\/ul>\n","protected":false},"excerpt":{"rendered":"<p>Antall: 1 pakke = 6 kluter Hold kj\u00e6ledyrene dine rene raskt og sk\u00e5nsomt &#8211; uten vann eller s\u00f8l. \ud83d\udc3e\ud83e\uddfc Disse [&hellip;]<\/p>\n","protected":false},"featured_media":60937,"comment_status":"open","ping_status":"closed","template":"","meta":{"site-sidebar-layout":"default","site-content-layout":"","ast-site-content-layout":"default","site-content-style":"default","site-sidebar-style":"default","ast-global-header-display":"","ast-banner-title-visibility":"","ast-main-header-display":"","ast-hfb-above-header-display":"","ast-hfb-below-header-display":"","ast-hfb-mobile-header-display":"","site-post-title":"","ast-breadcrumbs-content":"","ast-featured-img":"","footer-sml-layout":"","theme-transparent-header-meta":"default","adv-header-id-meta":"","stick-header-meta":"","header-above-stick-meta":"","header-main-stick-meta":"","header-below-stick-meta":"","astra-migrate-meta-layouts":"set","ast-page-background-enabled":"default","ast-page-background-meta":{"desktop":{"background-color":"var(--ast-global-color-4)","background-image":"","background-repeat":"repeat","background-position":"center center","background-size":"auto","background-attachment":"scroll","background-type":"","background-media":"","overlay-type":"","overlay-color":"","overlay-opacity":"","overlay-gradient":""},"tablet":{"background-color":"","background-image":"","background-repeat":"repeat","background-position":"center center","background-size":"auto","background-attachment":"scroll","background-type":"","background-media":"","overlay-type":"","overlay-color":"","overlay-opacity":"","overlay-gradient":""},"mobile":{"background-color":"","background-image":"","background-repeat":"repeat","background-position":"center center","background-size":"auto","background-attachment":"scroll","background-type":"","background-media":"","overlay-type":"","overlay-color":"","overlay-opacity":"","overlay-gradient":""}},"ast-content-background-meta":{"desktop":{"background-color":"var(--ast-global-color-5)","background-image":"","background-repeat":"repeat","background-position":"center center","background-size":"auto","background-attachment":"scroll","background-type":"","background-media":"","overlay-type":"","overlay-color":"","overlay-opacity":"","overlay-gradient":""},"tablet":{"background-color":"var(--ast-global-color-5)","background-image":"","background-repeat":"repeat","background-position":"center center","background-size":"auto","background-attachment":"scroll","background-type":"","background-media":"","overlay-type":"","overlay-color":"","overlay-opacity":"","overlay-gradient":""},"mobile":{"background-color":"var(--ast-global-color-5)","background-image":"","background-repeat":"repeat","background-position":"center center","background-size":"auto","background-attachment":"scroll","background-type":"","background-media":"","overlay-type":"","overlay-color":"","overlay-opacity":"","overlay-gradient":""}}},"product_brand":[],"product_cat":[997],"product_tag":[],"class_list":{"0":"post-60941","1":"product","2":"type-product","3":"status-publish","4":"has-post-thumbnail","6":"product_cat-husdyrprodukter","7":"pa_55338_wb2k9nmk-1-stk","8":"pa_55338_wb2k9nmk-2-stk","9":"pa_55338_wb2k9nmk-4-stk","10":"pa_55338_wb2k9nmk-6-stk","11":"desktop-align-left","12":"tablet-align-left","13":"mobile-align-left","15":"first","16":"instock","17":"shipping-taxable","18":"purchasable","19":"product-type-variable"},"_links":{"self":[{"href":"https:\/\/keluvo.com\/no\/wp-json\/wp\/v2\/product\/60941","targetHints":{"allow":["GET"]}}],"collection":[{"href":"https:\/\/keluvo.com\/no\/wp-json\/wp\/v2\/product"}],"about":[{"href":"https:\/\/keluvo.com\/no\/wp-json\/wp\/v2\/types\/product"}],"replies":[{"embeddable":true,"href":"https:\/\/keluvo.com\/no\/wp-json\/wp\/v2\/comments?post=60941"}],"wp:featuredmedia":[{"embeddable":true,"href":"https:\/\/keluvo.com\/no\/wp-json\/wp\/v2\/media\/60937"}],"wp:attachment":[{"href":"https:\/\/keluvo.com\/no\/wp-json\/wp\/v2\/media?parent=60941"}],"wp:term":[{"taxonomy":"product_brand","embeddable":true,"href":"https:\/\/keluvo.com\/no\/wp-json\/wp\/v2\/product_brand?post=60941"},{"taxonomy":"product_cat","embeddable":true,"href":"https:\/\/keluvo.com\/no\/wp-json\/wp\/v2\/product_cat?post=60941"},{"taxonomy":"product_tag","embeddable":true,"href":"https:\/\/keluvo.com\/no\/wp-json\/wp\/v2\/product_tag?post=60941"}],"curies":[{"name":"wp","href":"https:\/\/api.w.org\/{rel}","templated":true}]}}