{"id":6089,"date":"2024-11-28T14:28:13","date_gmt":"2024-11-28T12:28:13","guid":{"rendered":"https:\/\/keluvo.com\/no\/produkt\/oppvaskfiller-av-staltrad\/"},"modified":"2025-06-20T09:43:14","modified_gmt":"2025-06-20T07:43:14","slug":"oppvaskfiller-av-staltrad","status":"publish","type":"product","link":"https:\/\/keluvo.com\/no\/produkt\/oppvaskfiller-av-staltrad\/","title":{"rendered":"Oppvaskfiller av st\u00e5ltr\u00e5d (5 stk)"},"content":{"rendered":"<h2 style=\"text-align: center\"><strong>Effektiv og sikker rengj\u00f8ring<\/strong><\/h2>\n<p style=\"text-align: center\">Oppvaskfiller av tr\u00e5d er laget av slitesterke metalltr\u00e5dmaterialer som effektivt fjerner rust, oljeflekker og annet smuss. Disse klutene rengj\u00f8r grundig uten \u00e5 skade kokekaret eller skade hendene dine, noe som gj\u00f8r dem til en p\u00e5litelig hjelper p\u00e5 kj\u00f8kkenet for hverdagslige rengj\u00f8ringsoppgaver.<\/p>\n<p><img decoding=\"async\" class=\"alignnone size-medium wp-image-3912 aligncenter\" src=\"https:\/\/keluvo.com\/template\/wp-content\/uploads\/sites\/5\/2024\/11\/Sb7f4d256a2d24d05a67b9bc6206adb0fC.jpg\" alt=\"\" \/><\/p>\n<h2 style=\"text-align: center\"><strong>Allsidig for v\u00e5t og t\u00f8rr bruk<\/strong><\/h2>\n<p style=\"text-align: center\">Disse klutene er egnet for b\u00e5de v\u00e5t og t\u00f8rr rengj\u00f8ring, noe som gj\u00f8r dem ideelle for ulike overflater. De gir gode resultater p\u00e5 alt fra rengj\u00f8ring av gryter, panner og griller til skrubbing av komfyrer og benker. De kan til og med hjelpe deg med \u00e5 skrelle gr\u00f8nnsaker eller skrubbe frukt, noe som gj\u00f8r kj\u00f8kkenrutinen enda mer allsidig.<\/p>\n<p><img decoding=\"async\" class=\"alignnone size-medium wp-image-3910 aligncenter\" src=\"https:\/\/keluvo.com\/template\/wp-content\/uploads\/sites\/5\/2024\/11\/S32634edda70e448e90be2385f0edfe3bO.jpg\" alt=\"\" \/><\/p>\n","protected":false},"excerpt":{"rendered":"<p>Effektiv og sikker rengj\u00f8ring Oppvaskfiller av tr\u00e5d er laget av slitesterke metalltr\u00e5dmaterialer som effektivt fjerner rust, oljeflekker og annet smuss. [&hellip;]<\/p>\n","protected":false},"featured_media":6085,"comment_status":"open","ping_status":"closed","template":"","meta":{"site-sidebar-layout":"default","site-content-layout":"","ast-site-content-layout":"default","site-content-style":"default","site-sidebar-style":"default","ast-global-header-display":"","ast-banner-title-visibility":"","ast-main-header-display":"","ast-hfb-above-header-display":"","ast-hfb-below-header-display":"","ast-hfb-mobile-header-display":"","site-post-title":"","ast-breadcrumbs-content":"","ast-featured-img":"","footer-sml-layout":"","theme-transparent-header-meta":"default","adv-header-id-meta":"","stick-header-meta":"","header-above-stick-meta":"","header-main-stick-meta":"","header-below-stick-meta":"","astra-migrate-meta-layouts":"set","ast-page-background-enabled":"default","ast-page-background-meta":{"desktop":{"background-color":"var(--ast-global-color-4)","background-image":"","background-repeat":"repeat","background-position":"center center","background-size":"auto","background-attachment":"scroll","background-type":"","background-media":"","overlay-type":"","overlay-color":"","overlay-opacity":"","overlay-gradient":""},"tablet":{"background-color":"","background-image":"","background-repeat":"repeat","background-position":"center center","background-size":"auto","background-attachment":"scroll","background-type":"","background-media":"","overlay-type":"","overlay-color":"","overlay-opacity":"","overlay-gradient":""},"mobile":{"background-color":"","background-image":"","background-repeat":"repeat","background-position":"center center","background-size":"auto","background-attachment":"scroll","background-type":"","background-media":"","overlay-type":"","overlay-color":"","overlay-opacity":"","overlay-gradient":""}},"ast-content-background-meta":{"desktop":{"background-color":"var(--ast-global-color-5)","background-image":"","background-repeat":"repeat","background-position":"center center","background-size":"auto","background-attachment":"scroll","background-type":"","background-media":"","overlay-type":"","overlay-color":"","overlay-opacity":"","overlay-gradient":""},"tablet":{"background-color":"var(--ast-global-color-5)","background-image":"","background-repeat":"repeat","background-position":"center center","background-size":"auto","background-attachment":"scroll","background-type":"","background-media":"","overlay-type":"","overlay-color":"","overlay-opacity":"","overlay-gradient":""},"mobile":{"background-color":"var(--ast-global-color-5)","background-image":"","background-repeat":"repeat","background-position":"center center","background-size":"auto","background-attachment":"scroll","background-type":"","background-media":"","overlay-type":"","overlay-color":"","overlay-opacity":"","overlay-gradient":""}}},"product_brand":[],"product_cat":[1001],"product_tag":[],"class_list":{"0":"post-6089","1":"product","2":"type-product","3":"status-publish","4":"has-post-thumbnail","6":"product_cat-husholdningsartikler","7":"desktop-align-left","8":"tablet-align-left","9":"mobile-align-left","11":"first","12":"instock","13":"shipping-taxable","14":"purchasable","15":"product-type-simple"},"_links":{"self":[{"href":"https:\/\/keluvo.com\/no\/wp-json\/wp\/v2\/product\/6089","targetHints":{"allow":["GET"]}}],"collection":[{"href":"https:\/\/keluvo.com\/no\/wp-json\/wp\/v2\/product"}],"about":[{"href":"https:\/\/keluvo.com\/no\/wp-json\/wp\/v2\/types\/product"}],"replies":[{"embeddable":true,"href":"https:\/\/keluvo.com\/no\/wp-json\/wp\/v2\/comments?post=6089"}],"wp:featuredmedia":[{"embeddable":true,"href":"https:\/\/keluvo.com\/no\/wp-json\/wp\/v2\/media\/6085"}],"wp:attachment":[{"href":"https:\/\/keluvo.com\/no\/wp-json\/wp\/v2\/media?parent=6089"}],"wp:term":[{"taxonomy":"product_brand","embeddable":true,"href":"https:\/\/keluvo.com\/no\/wp-json\/wp\/v2\/product_brand?post=6089"},{"taxonomy":"product_cat","embeddable":true,"href":"https:\/\/keluvo.com\/no\/wp-json\/wp\/v2\/product_cat?post=6089"},{"taxonomy":"product_tag","embeddable":true,"href":"https:\/\/keluvo.com\/no\/wp-json\/wp\/v2\/product_tag?post=6089"}],"curies":[{"name":"wp","href":"https:\/\/api.w.org\/{rel}","templated":true}]}}