{"id":60873,"date":"2025-12-04T17:54:39","date_gmt":"2025-12-04T15:54:39","guid":{"rendered":"https:\/\/keluvo.com\/no\/produkt\/360-graders-roterende-nettbrett-og-telefonstativ\/"},"modified":"2025-12-15T18:09:45","modified_gmt":"2025-12-15T16:09:45","slug":"360-graders-roterende-nettbrett-og-telefonstativ","status":"publish","type":"product","link":"https:\/\/keluvo.com\/no\/produkt\/360-graders-roterende-nettbrett-og-telefonstativ\/","title":{"rendered":"360-graders roterende nettbrett- og telefonstativ"},"content":{"rendered":"<div class=\"flex max-w-full flex-col grow\">\n<div class=\"min-h-8 text-message relative flex w-full flex-col items-end gap-2 text-start break-words whitespace-normal [.text-message+&amp;]:mt-1\" dir=\"auto\" data-message-author-role=\"assistant\" data-message-id=\"75aa9da3-6f06-4a11-94a6-53a83f6e09ad\" data-message-model-slug=\"gpt-5-1\">\n<div class=\"flex w-full flex-col gap-1 empty:hidden first:pt-[1px]\">\n<div class=\"markdown prose dark:prose-invert w-full break-words light markdown-new-styling\">\n<p style=\"text-align: center;\" data-start=\"0\" data-end=\"115\"><strong>Nyt H\u00e5ndfri Komfort Hvor Som Helst Med Et Stativ Som Roterer 360\u00b0 Og Holder Enheten Akkurat Der Du Vil Ha Den. \ud83d\udd04\ud83d\udcf1<\/strong><\/p>\n<p style=\"text-align: center;\" data-start=\"117\" data-end=\"405\">Dette roterende nettbrett- og telefonstativet gj\u00f8r det enklere \u00e5 se p\u00e5, lage mat, lese og ringe videosamtaler ved \u00e5 holde enheten stabil og i perfekt vinkel. Den fleksible basen passer p\u00e5 skrivebord, senger, bord og trange steder, noe som gir deg total frihet til \u00e5 slappe av uten \u00e5 anstrenge nakken eller hendene.<\/p>\n<p data-start=\"117\" data-end=\"405\"><img fetchpriority=\"high\" decoding=\"async\" class=\" wp-image-43825 aligncenter\" src=\"https:\/\/keluvo.com\/template\/wp-content\/uploads\/sites\/5\/2025\/12\/f2f7fa8ad4da6735a4d1f4c64b76dad8440ca627.webp\" alt=\"\" width=\"406\" height=\"721\" \/><\/p>\n<h2 style=\"text-align: center;\" data-start=\"412\" data-end=\"432\">\u2b50 Hovedfordeler<\/h2>\n<p data-start=\"435\" data-end=\"510\">\ud83d\udd04 360 \u00b0 Rotasjon &#8211; Juster Enheten Din Til Hvilken Som Helst Visningsvinkel Uten Problemer.<\/p>\n<p data-start=\"513\" data-end=\"621\">\ud83d\udcaa Stabil Design Med To Armer &#8211; Den Nedre Armen Gir Styrke; Den \u00d8vre Armen Beveger Seg Jevnt For Presis Posisjonering.<\/p>\n<p data-start=\"624\" data-end=\"687\">\ud83d\udcf1 Universell Passform &#8211; Holder Alle Telefoner Og Nettbrett Sikkert.<\/p>\n<p data-start=\"690\" data-end=\"769\">\ud83d\udecf\ufe0f Monter Hvor Som Helst &#8211; Ideell For Sengerammer, Skrivebord, Bord Eller Benkeplater.<\/p>\n<p data-start=\"772\" data-end=\"851\">\u2728 Sklisikker Base &#8211; Holder Seg P\u00e5 Plass Uten \u00c5 Skrape Eller Skade Overflater.<\/p>\n<p data-start=\"854\" data-end=\"939\">\ud83e\uddd8 Komfortabel Visning &#8211; Perfekt For Serier, Oppskrifter, Trenings\u00f8kter Og Videosamtaler.<\/p>\n<p data-start=\"942\" data-end=\"1048\">\ud83e\uddf2 Sterk + Fleksibel &#8211; PP + Jernarm Holder Seg Fast Uten \u00c5 Vingle, Men B\u00f8yes Lett For Omplassering.<\/p>\n<p data-start=\"942\" data-end=\"1048\"><img decoding=\"async\" class=\"size-full wp-image-43826 aligncenter\" src=\"https:\/\/keluvo.com\/template\/wp-content\/uploads\/sites\/5\/2025\/12\/4f02edfda17d40b2f3aec024e1fb685e70871d66-800.avif\" alt=\"\" \/><\/p>\n<h2 style=\"text-align: center;\" data-start=\"1055\" data-end=\"1073\">\ud83e\uddfe Slik Bruker Du<\/h2>\n<ol data-start=\"1074\" data-end=\"1448\">\n<li data-start=\"1074\" data-end=\"1181\">\n<p data-start=\"1077\" data-end=\"1181\">Den Fleksible Spiralbasen P\u00e5 En Stabil Overflate, For Eksempel En Sengeramme, Bordkant Eller Et Skrivebord.<\/p>\n<\/li>\n<li data-start=\"1182\" data-end=\"1239\">\n<p data-start=\"1185\" data-end=\"1239\">Juster Den Nedre Armen For Balanse Og Total H\u00f8yde.<\/p>\n<\/li>\n<li data-start=\"1240\" data-end=\"1309\">\n<p data-start=\"1243\" data-end=\"1309\">Plasser Den Roterende \u00d8vre Armen For \u00c5 Stille Inn Den Ideelle Visningsvinkelen.<\/p>\n<\/li>\n<li data-start=\"1310\" data-end=\"1364\">\n<p data-start=\"1313\" data-end=\"1364\">Sett Telefonen Eller Nettbrettet I Det Sikre Grepet.<\/p>\n<\/li>\n<li data-start=\"1365\" data-end=\"1448\">\n<p data-start=\"1368\" data-end=\"1448\">Roter Eller Juster N\u00e5r Som Helst For H\u00e5ndfri Visning, Matlaging, Trenings\u00f8kter Eller Samtaler.<\/p>\n<\/li>\n<\/ol>\n<h2 style=\"text-align: center;\" data-start=\"1455\" data-end=\"1478\">\ud83d\udccc Produktdetaljer<\/h2>\n<ul data-start=\"1479\" data-end=\"1865\">\n<li data-start=\"1540\" data-end=\"1580\">\n<p data-start=\"1542\" data-end=\"1580\">Rotasjon: 360\u00b0 Justering I Hele Omr\u00e5det<\/p>\n<\/li>\n<li data-start=\"1581\" data-end=\"1654\">\n<p data-start=\"1583\" data-end=\"1654\">Armdesign: Dobbel Arm (Stabil Underarm + Fleksibel Roterende Overarm)<\/p>\n<\/li>\n<li data-start=\"1655\" data-end=\"1679\">\n<p data-start=\"1657\" data-end=\"1679\">Materialer: PP + Jern<\/p>\n<\/li>\n<li data-start=\"1680\" data-end=\"1726\">\n<p data-start=\"1682\" data-end=\"1726\">Kompatibilitet: Alle Smarttelefoner Og Nettbrett<\/p>\n<\/li>\n<li data-start=\"1727\" data-end=\"1795\">\n<p data-start=\"1729\" data-end=\"1795\">Funksjoner: Sklisikker Base, Ripefritt Feste, Plassbesparende Design<\/p>\n<\/li>\n<li data-start=\"1796\" data-end=\"1865\">\n<p data-start=\"1798\" data-end=\"1865\">Egnet For: Senger, Skrivebord, Bord, Kj\u00f8kken, Treningsomr\u00e5der, Sofaer<\/p>\n<\/li>\n<\/ul>\n<h2 style=\"text-align: center;\" data-start=\"1872\" data-end=\"1896\">\ud83c\udf81 Pakken inkluderer<\/h2>\n<ul data-start=\"1897\" data-end=\"1945\" data-is-last-node=\"\" data-is-only-node=\"\">\n<li data-start=\"1897\" data-end=\"1945\" data-is-last-node=\"\">\n<p data-start=\"1899\" data-end=\"1945\" data-is-last-node=\"\">1, 2x 360-Graders Roterende Nettbrett- Og Telefonstativ.<\/p>\n<\/li>\n<\/ul>\n<\/div>\n<\/div>\n<\/div>\n<\/div>\n","protected":false},"excerpt":{"rendered":"<p>Nyt H\u00e5ndfri Komfort Hvor Som Helst Med Et Stativ Som Roterer 360\u00b0 Og Holder Enheten Akkurat Der Du Vil Ha [&hellip;]<\/p>\n","protected":false},"featured_media":60869,"comment_status":"open","ping_status":"closed","template":"","meta":{"site-sidebar-layout":"default","site-content-layout":"","ast-site-content-layout":"default","site-content-style":"default","site-sidebar-style":"default","ast-global-header-display":"","ast-banner-title-visibility":"","ast-main-header-display":"","ast-hfb-above-header-display":"","ast-hfb-below-header-display":"","ast-hfb-mobile-header-display":"","site-post-title":"","ast-breadcrumbs-content":"","ast-featured-img":"","footer-sml-layout":"","theme-transparent-header-meta":"default","adv-header-id-meta":"","stick-header-meta":"","header-above-stick-meta":"","header-main-stick-meta":"","header-below-stick-meta":"","astra-migrate-meta-layouts":"set","ast-page-background-enabled":"default","ast-page-background-meta":{"desktop":{"background-color":"var(--ast-global-color-4)","background-image":"","background-repeat":"repeat","background-position":"center center","background-size":"auto","background-attachment":"scroll","background-type":"","background-media":"","overlay-type":"","overlay-color":"","overlay-opacity":"","overlay-gradient":""},"tablet":{"background-color":"","background-image":"","background-repeat":"repeat","background-position":"center center","background-size":"auto","background-attachment":"scroll","background-type":"","background-media":"","overlay-type":"","overlay-color":"","overlay-opacity":"","overlay-gradient":""},"mobile":{"background-color":"","background-image":"","background-repeat":"repeat","background-position":"center center","background-size":"auto","background-attachment":"scroll","background-type":"","background-media":"","overlay-type":"","overlay-color":"","overlay-opacity":"","overlay-gradient":""}},"ast-content-background-meta":{"desktop":{"background-color":"var(--ast-global-color-5)","background-image":"","background-repeat":"repeat","background-position":"center center","background-size":"auto","background-attachment":"scroll","background-type":"","background-media":"","overlay-type":"","overlay-color":"","overlay-opacity":"","overlay-gradient":""},"tablet":{"background-color":"var(--ast-global-color-5)","background-image":"","background-repeat":"repeat","background-position":"center center","background-size":"auto","background-attachment":"scroll","background-type":"","background-media":"","overlay-type":"","overlay-color":"","overlay-opacity":"","overlay-gradient":""},"mobile":{"background-color":"var(--ast-global-color-5)","background-image":"","background-repeat":"repeat","background-position":"center center","background-size":"auto","background-attachment":"scroll","background-type":"","background-media":"","overlay-type":"","overlay-color":"","overlay-opacity":"","overlay-gradient":""}}},"product_brand":[],"product_cat":[1001,993],"product_tag":[],"class_list":{"0":"post-60873","1":"product","2":"type-product","3":"status-publish","4":"has-post-thumbnail","6":"product_cat-husholdningsartikler","7":"product_cat-skotoy-tilbehor","8":"pa_55046_olwmalej-1-stk","9":"pa_55046_olwmalej-2-stk","10":"pa_55046_v4n3grbk-hvit","11":"pa_55046_v4n3grbk-svart","12":"desktop-align-left","13":"tablet-align-left","14":"mobile-align-left","16":"first","17":"instock","18":"shipping-taxable","19":"purchasable","20":"product-type-variable","21":"has-default-attributes"},"_links":{"self":[{"href":"https:\/\/keluvo.com\/no\/wp-json\/wp\/v2\/product\/60873","targetHints":{"allow":["GET"]}}],"collection":[{"href":"https:\/\/keluvo.com\/no\/wp-json\/wp\/v2\/product"}],"about":[{"href":"https:\/\/keluvo.com\/no\/wp-json\/wp\/v2\/types\/product"}],"replies":[{"embeddable":true,"href":"https:\/\/keluvo.com\/no\/wp-json\/wp\/v2\/comments?post=60873"}],"wp:featuredmedia":[{"embeddable":true,"href":"https:\/\/keluvo.com\/no\/wp-json\/wp\/v2\/media\/60869"}],"wp:attachment":[{"href":"https:\/\/keluvo.com\/no\/wp-json\/wp\/v2\/media?parent=60873"}],"wp:term":[{"taxonomy":"product_brand","embeddable":true,"href":"https:\/\/keluvo.com\/no\/wp-json\/wp\/v2\/product_brand?post=60873"},{"taxonomy":"product_cat","embeddable":true,"href":"https:\/\/keluvo.com\/no\/wp-json\/wp\/v2\/product_cat?post=60873"},{"taxonomy":"product_tag","embeddable":true,"href":"https:\/\/keluvo.com\/no\/wp-json\/wp\/v2\/product_tag?post=60873"}],"curies":[{"name":"wp","href":"https:\/\/api.w.org\/{rel}","templated":true}]}}