{"id":60839,"date":"2025-12-04T17:51:30","date_gmt":"2025-12-04T15:51:30","guid":{"rendered":"https:\/\/keluvo.com\/no\/produkt\/led-band-for-kjaeledyr\/"},"modified":"2025-12-15T18:10:17","modified_gmt":"2025-12-15T16:10:17","slug":"led-band-for-kjaeledyr","status":"publish","type":"product","link":"https:\/\/keluvo.com\/no\/produkt\/led-band-for-kjaeledyr\/","title":{"rendered":"LED-b\u00e5nd for kj\u00e6ledyr"},"content":{"rendered":"<div class=\"flex max-w-full flex-col grow\">\n<div class=\"min-h-8 text-message relative flex w-full flex-col items-end gap-2 text-start break-words whitespace-normal [.text-message+&amp;]:mt-1\" dir=\"auto\" data-message-author-role=\"assistant\" data-message-id=\"7c23ed16-eb7d-4c82-a602-89d9f182c96a\" data-message-model-slug=\"gpt-5-1\">\n<div class=\"flex w-full flex-col gap-1 empty:hidden first:pt-[1px]\">\n<div class=\"markdown prose dark:prose-invert w-full break-words light markdown-new-styling\">\n<p style=\"text-align: center;\" data-start=\"0\" data-end=\"105\"><strong>Hold Kj\u00e6ledyret Ditt Trygt Og Synlig N\u00e5r Du G\u00e5r Tur Om Natten Med Et Lyssterkt, Brukervennlig LED-B\u00e5nd Som Kan Trekkes Inn. \ud83d\udca1\ud83d\udc15<\/strong><\/p>\n<p style=\"text-align: center;\" data-start=\"107\" data-end=\"353\">Dette LED-b\u00e5ndet gir god synlighet, jevn kontroll og en behagelig turopplevelse for b\u00e5de deg og kj\u00e6ledyret ditt. Slitesterke materialer, et innebygd lys og et uttrekkbart design gj\u00f8r det perfekt for hunder og katter i alle st\u00f8rrelser opp til 35 kg.<\/p>\n<p data-start=\"107\" data-end=\"353\"><img fetchpriority=\"high\" decoding=\"async\" class=\" wp-image-43797 aligncenter\" src=\"https:\/\/keluvo.com\/template\/wp-content\/uploads\/sites\/5\/2025\/12\/61fff771b39983b92247f69d06ca96e6a6468677.gif\" alt=\"\" width=\"511\" height=\"409\" \/><\/p>\n<h2 style=\"text-align: center;\" data-start=\"360\" data-end=\"380\"><strong>Hovedfordeler<\/strong><\/h2>\n<p data-start=\"383\" data-end=\"473\">\ud83d\udca1 Innebygd LED-lys \u2013 Lyser opp stien din og \u00f8ker synligheten opptil 5 meter.<\/p>\n<p data-start=\"476\" data-end=\"563\">\ud83d\udc15 Uttrekkbart design \u2013 Gir kj\u00e6ledyret ditt frihet samtidig som du har full kontroll.<\/p>\n<p data-start=\"566\" data-end=\"647\">\ud83e\uddf5 Slitesterke materialer \u2013 Laget av sterk ABS og nylon for langvarig bruk.<\/p>\n<p data-start=\"650\" data-end=\"716\">\ud83c\udfa8 Morsomme fargealternativer \u2013 Velg mellom oransje, lilla eller gr\u00f8nn.<\/p>\n<p data-start=\"719\" data-end=\"805\">\ud83d\udc3e For kj\u00e6ledyr opp til 35 kg \u2013 Passer for sm\u00e5, mellomstore og store hunder, samt katter.<\/p>\n<p data-start=\"808\" data-end=\"885\">\u270b Komfortabel h\u00e5ndtering \u2013 Smidig inntrekkings- og l\u00e5sesystem for enkel kontroll.<\/p>\n<p data-start=\"808\" data-end=\"885\"><img decoding=\"async\" class=\"size-full wp-image-43796 aligncenter\" src=\"https:\/\/keluvo.com\/template\/wp-content\/uploads\/sites\/5\/2025\/12\/598714b0a44e130f30d5435ec52fe959e39f40b7.avif\" alt=\"\" \/><\/p>\n<h2 style=\"text-align: center;\" data-start=\"892\" data-end=\"910\"><strong>Slik Bruker Du Det<\/strong><\/h2>\n<ol data-start=\"911\" data-end=\"1238\">\n<li data-start=\"911\" data-end=\"970\">\n<p data-start=\"914\" data-end=\"970\">Fest b\u00e5ndklemmen til kj\u00e6ledyrets halsb\u00e5nd eller sele.<\/p>\n<\/li>\n<li data-start=\"971\" data-end=\"1036\">\n<p data-start=\"974\" data-end=\"1036\">Sl\u00e5 p\u00e5 LED-lyset for synlighet under turer i svakt lys.<\/p>\n<\/li>\n<li data-start=\"1037\" data-end=\"1104\">\n<p data-start=\"1040\" data-end=\"1104\">Trykk p\u00e5 knappen for \u00e5 la b\u00e5ndet forlenges eller trekkes inn etter behov.<\/p>\n<\/li>\n<li data-start=\"1105\" data-end=\"1180\">\n<p data-start=\"1108\" data-end=\"1180\">Bruk l\u00e5sebryteren for \u00e5 holde b\u00e5ndet p\u00e5 en fast lengde n\u00e5r det er n\u00f8dvendig.<\/p>\n<\/li>\n<li data-start=\"1181\" data-end=\"1238\">\n<p data-start=\"1184\" data-end=\"1238\">Sl\u00e5 av LED-lyset etter turen for \u00e5 spare batteri.<\/p>\n<\/li>\n<\/ol>\n<h2 style=\"text-align: center;\" data-start=\"1245\" data-end=\"1268\"><strong>Produktdetaljer<\/strong><\/h2>\n<ul data-start=\"1269\" data-end=\"1567\">\n<li data-start=\"1301\" data-end=\"1327\">\n<p data-start=\"1303\" data-end=\"1327\">Materialer: ABS + Nylon<\/p>\n<\/li>\n<li data-start=\"1328\" data-end=\"1374\">\n<p data-start=\"1330\" data-end=\"1338\">St\u00f8rrelse: <span style=\"font-size: 16px;\">5 m (300 g)<\/span><\/p>\n<\/li>\n<li data-start=\"1416\" data-end=\"1446\">\n<p data-start=\"1418\" data-end=\"1446\">Synlighet: Opptil 5 meter<\/p>\n<\/li>\n<li data-start=\"1447\" data-end=\"1488\">\n<p data-start=\"1449\" data-end=\"1488\">Egnet for: Katter og hunder opp til 35 kg<\/p>\n<\/li>\n<li data-start=\"1489\" data-end=\"1567\">\n<p data-start=\"1491\" data-end=\"1567\">Funksjoner: LED-belysning, uttrekkbar design, jevn kontroll, komfortabelt grep<\/p>\n<\/li>\n<\/ul>\n<h2 style=\"text-align: center;\" data-start=\"1574\" data-end=\"1598\"><strong>Pakken inkluderer<\/strong><\/h2>\n<ul data-start=\"1599\" data-end=\"1618\" data-is-last-node=\"\" data-is-only-node=\"\">\n<li data-start=\"1599\" data-end=\"1618\" data-is-last-node=\"\">\n<p data-start=\"1601\" data-end=\"1618\" data-is-last-node=\"\">1x LED-kj\u00e6ledyrb\u00e5nd.<\/p>\n<\/li>\n<\/ul>\n<\/div>\n<\/div>\n<\/div>\n<\/div>\n","protected":false},"excerpt":{"rendered":"<p>Hold Kj\u00e6ledyret Ditt Trygt Og Synlig N\u00e5r Du G\u00e5r Tur Om Natten Med Et Lyssterkt, Brukervennlig LED-B\u00e5nd Som Kan Trekkes [&hellip;]<\/p>\n","protected":false},"featured_media":60835,"comment_status":"open","ping_status":"closed","template":"","meta":{"site-sidebar-layout":"default","site-content-layout":"","ast-site-content-layout":"default","site-content-style":"default","site-sidebar-style":"default","ast-global-header-display":"","ast-banner-title-visibility":"","ast-main-header-display":"","ast-hfb-above-header-display":"","ast-hfb-below-header-display":"","ast-hfb-mobile-header-display":"","site-post-title":"","ast-breadcrumbs-content":"","ast-featured-img":"","footer-sml-layout":"","theme-transparent-header-meta":"default","adv-header-id-meta":"","stick-header-meta":"","header-above-stick-meta":"","header-main-stick-meta":"","header-below-stick-meta":"","astra-migrate-meta-layouts":"set","ast-page-background-enabled":"default","ast-page-background-meta":{"desktop":{"background-color":"var(--ast-global-color-4)","background-image":"","background-repeat":"repeat","background-position":"center center","background-size":"auto","background-attachment":"scroll","background-type":"","background-media":"","overlay-type":"","overlay-color":"","overlay-opacity":"","overlay-gradient":""},"tablet":{"background-color":"","background-image":"","background-repeat":"repeat","background-position":"center center","background-size":"auto","background-attachment":"scroll","background-type":"","background-media":"","overlay-type":"","overlay-color":"","overlay-opacity":"","overlay-gradient":""},"mobile":{"background-color":"","background-image":"","background-repeat":"repeat","background-position":"center center","background-size":"auto","background-attachment":"scroll","background-type":"","background-media":"","overlay-type":"","overlay-color":"","overlay-opacity":"","overlay-gradient":""}},"ast-content-background-meta":{"desktop":{"background-color":"var(--ast-global-color-5)","background-image":"","background-repeat":"repeat","background-position":"center center","background-size":"auto","background-attachment":"scroll","background-type":"","background-media":"","overlay-type":"","overlay-color":"","overlay-opacity":"","overlay-gradient":""},"tablet":{"background-color":"var(--ast-global-color-5)","background-image":"","background-repeat":"repeat","background-position":"center center","background-size":"auto","background-attachment":"scroll","background-type":"","background-media":"","overlay-type":"","overlay-color":"","overlay-opacity":"","overlay-gradient":""},"mobile":{"background-color":"var(--ast-global-color-5)","background-image":"","background-repeat":"repeat","background-position":"center center","background-size":"auto","background-attachment":"scroll","background-type":"","background-media":"","overlay-type":"","overlay-color":"","overlay-opacity":"","overlay-gradient":""}}},"product_brand":[],"product_cat":[997],"product_tag":[],"class_list":{"0":"post-60839","1":"product","2":"type-product","3":"status-publish","4":"has-post-thumbnail","6":"product_cat-husdyrprodukter","7":"pa_54961_io4wwup3-gronn","8":"pa_54961_io4wwup3-lilla","9":"pa_54961_io4wwup3-oransje","10":"desktop-align-left","11":"tablet-align-left","12":"mobile-align-left","14":"first","15":"instock","16":"shipping-taxable","17":"purchasable","18":"product-type-variable"},"_links":{"self":[{"href":"https:\/\/keluvo.com\/no\/wp-json\/wp\/v2\/product\/60839","targetHints":{"allow":["GET"]}}],"collection":[{"href":"https:\/\/keluvo.com\/no\/wp-json\/wp\/v2\/product"}],"about":[{"href":"https:\/\/keluvo.com\/no\/wp-json\/wp\/v2\/types\/product"}],"replies":[{"embeddable":true,"href":"https:\/\/keluvo.com\/no\/wp-json\/wp\/v2\/comments?post=60839"}],"wp:featuredmedia":[{"embeddable":true,"href":"https:\/\/keluvo.com\/no\/wp-json\/wp\/v2\/media\/60835"}],"wp:attachment":[{"href":"https:\/\/keluvo.com\/no\/wp-json\/wp\/v2\/media?parent=60839"}],"wp:term":[{"taxonomy":"product_brand","embeddable":true,"href":"https:\/\/keluvo.com\/no\/wp-json\/wp\/v2\/product_brand?post=60839"},{"taxonomy":"product_cat","embeddable":true,"href":"https:\/\/keluvo.com\/no\/wp-json\/wp\/v2\/product_cat?post=60839"},{"taxonomy":"product_tag","embeddable":true,"href":"https:\/\/keluvo.com\/no\/wp-json\/wp\/v2\/product_tag?post=60839"}],"curies":[{"name":"wp","href":"https:\/\/api.w.org\/{rel}","templated":true}]}}