{"id":60786,"date":"2025-12-04T17:47:23","date_gmt":"2025-12-04T15:47:23","guid":{"rendered":"https:\/\/keluvo.com\/no\/produkt\/lim-for-metallstoping-85-ml\/"},"modified":"2025-12-15T18:08:27","modified_gmt":"2025-12-15T16:08:27","slug":"lim-for-metallstoping-85-ml","status":"publish","type":"product","link":"https:\/\/keluvo.com\/no\/produkt\/lim-for-metallstoping-85-ml\/","title":{"rendered":"Lim for metallst\u00f8ping (85 ml)"},"content":{"rendered":"<p style=\"text-align: center;\" data-start=\"0\" data-end=\"93\"><strong>Reparer Metall Og T\u00f8ffe Materialer Med Et Sterkt, Langvarig Lim Som Fester Som Jern. \ud83d\ude97\ud83d\udd29<\/strong><\/p>\n<p style=\"text-align: center;\" data-start=\"95\" data-end=\"374\">Dette limet for metallst\u00f8ping gir et sterkt feste som fikser sprekker, hull og skadede overflater med hurtigherdende kraft. Det fungerer p\u00e5 metall, tre, keramikk, betong og mer, noe som gj\u00f8r det ideelt for reparasjoner i hjemmet, bilreparasjoner, verkstedprosjekter og tungt vedlikehold.<\/p>\n<p data-start=\"95\" data-end=\"374\"><img fetchpriority=\"high\" decoding=\"async\" class=\"size-full wp-image-43753 aligncenter\" src=\"https:\/\/keluvo.com\/template\/wp-content\/uploads\/sites\/5\/2025\/12\/10226-ezgif.com-video-to-webp-converter-1.webp\" alt=\"\" width=\"500\" height=\"500\" \/><\/p>\n<h2 style=\"text-align: center;\" data-start=\"381\" data-end=\"401\">\u2b50 Hovedfordeler<\/h2>\n<p data-start=\"404\" data-end=\"512\">\ud83d\udd29 H\u00f8yfast liming &#8211; skaper et ubrytelig feste p\u00e5 metall, tre, keramikk og andre harde materialer.<\/p>\n<p data-start=\"515\" data-end=\"588\">\ud83d\udd25 Varmebestandig &#8211; T\u00e5ler temperaturer opp til 150 \u00b0C n\u00e5r den er herdet.<\/p>\n<p data-start=\"591\" data-end=\"675\">\ud83d\udd52 Rask herding &#8211; Tykk, dryppfri formel herder p\u00e5 f\u00e5 minutter for raske reparasjoner.<\/p>\n<p data-start=\"678\" data-end=\"762\">\ud83e\uddf1 Gap-fyllingsformel &#8211; Fyller sprekker, porer, sandhull og ujevne overflater.<\/p>\n<p data-start=\"765\" data-end=\"857\">\ud83d\udee0\ufe0f Enkel p\u00e5f\u00f8ring &#8211; Leveres med trykkstang, skrape og sandpapir for jevne reparasjoner.<\/p>\n<p data-start=\"860\" data-end=\"967\">\ud83d\ude97 Allsidig bruk &#8211; Perfekt for st\u00f8pejern, st\u00e5l, drivstofftanker, r\u00f8rleggerarbeid, betongsprekker og mer.<\/p>\n<p data-start=\"970\" data-end=\"1054\">\ud83e\uddfc Slitesterk finish &#8211; N\u00e5r det er herdet, blir det hardt som jern for langvarige resultater.<\/p>\n<p data-start=\"970\" data-end=\"1054\"><img decoding=\"async\" class=\"size-full wp-image-43752 aligncenter\" src=\"https:\/\/keluvo.com\/template\/wp-content\/uploads\/sites\/5\/2025\/12\/10227-ezgif.com-video-to-webp-converter-1.webp\" alt=\"\" width=\"500\" height=\"500\" \/><\/p>\n<h2 style=\"text-align: center;\" data-start=\"1061\" data-end=\"1079\">\ud83e\uddfe Slik Bruker Du Det<\/h2>\n<ol data-start=\"1080\" data-end=\"1432\">\n<li data-start=\"1080\" data-end=\"1173\">\n<p data-start=\"1083\" data-end=\"1173\">\u00c5pne limet og bruk trykkstangen til \u00e5 presse ut A-lim og B-lim.<\/p>\n<\/li>\n<li data-start=\"1174\" data-end=\"1225\">\n<p data-start=\"1177\" data-end=\"1225\">Bland begge delene grundig til de er helt blandet.<\/p>\n<\/li>\n<li data-start=\"1226\" data-end=\"1307\">\n<p data-start=\"1229\" data-end=\"1307\">Bruk skrapen til \u00e5 p\u00e5f\u00f8re limet jevnt p\u00e5 sprekken eller det skadede omr\u00e5det.<\/p>\n<\/li>\n<li data-start=\"1308\" data-end=\"1340\">\n<p data-start=\"1311\" data-end=\"1340\">La limet herde.<\/p>\n<\/li>\n<li data-start=\"1341\" data-end=\"1432\">\n<p data-start=\"1344\" data-end=\"1432\">N\u00e5r det er helt herdet, polerer du overflaten med det medf\u00f8lgende sandpapiret for \u00e5 f\u00e5 en jevn finish.<\/p>\n<\/li>\n<\/ol>\n<h2 style=\"text-align: center;\" data-start=\"1439\" data-end=\"1462\">\ud83d\udccc Produktdetaljer<\/h2>\n<ul data-start=\"1463\" data-end=\"1874\">\n<li data-start=\"1504\" data-end=\"1523\">\n<p data-start=\"1506\" data-end=\"1523\">Innhold: 85 ml<\/p>\n<\/li>\n<li data-start=\"1524\" data-end=\"1632\">\n<p data-start=\"1526\" data-end=\"1539\">Komponenter:<\/p>\n<ul data-start=\"1542\" data-end=\"1632\">\n<li data-start=\"1542\" data-end=\"1589\">\n<p data-start=\"1544\" data-end=\"1589\">A lim: epoksyharpiks + polymerharpiks<\/p>\n<\/li>\n<li data-start=\"1592\" data-end=\"1632\">\n<p data-start=\"1594\" data-end=\"1632\">B lim: herder + tilsetningsstoffer<\/p>\n<\/li>\n<\/ul>\n<\/li>\n<li data-start=\"1633\" data-end=\"1665\">\n<p data-start=\"1635\" data-end=\"1665\">Varmebestandighet: opp til 150 \u00b0C<\/p>\n<\/li>\n<li data-start=\"1666\" data-end=\"1768\">\n<p data-start=\"1668\" data-end=\"1768\">Egnet for: metallst\u00f8pegods, st\u00e5l, jern, drivstofftanker, r\u00f8rleggerarbeid, betongsprekker, bildeler<\/p>\n<\/li>\n<\/ul>\n<h2 style=\"text-align: center;\" data-start=\"1881\" data-end=\"1905\">\ud83c\udf81 Pakken inneholder<\/h2>\n<ul data-start=\"1906\" data-end=\"1985\" data-is-last-node=\"\" data-is-only-node=\"\">\n<li data-start=\"1906\" data-end=\"1936\">\n<p data-start=\"1908\" data-end=\"1936\">1x metallst\u00f8plim<\/p>\n<\/li>\n<li data-start=\"1937\" data-end=\"1953\">\n<p data-start=\"1939\" data-end=\"1953\">1x trykkstang<\/p>\n<\/li>\n<li data-start=\"1954\" data-end=\"1969\">\n<p data-start=\"1956\" data-end=\"1969\">1x skrape<\/p>\n<\/li>\n<li data-start=\"1970\" data-end=\"1985\" data-is-last-node=\"\">\n<p data-start=\"1972\" data-end=\"1985\" data-is-last-node=\"\">1x sandpapir.<\/p>\n<\/li>\n<\/ul>\n","protected":false},"excerpt":{"rendered":"<p>Reparer Metall Og T\u00f8ffe Materialer Med Et Sterkt, Langvarig Lim Som Fester Som Jern. \ud83d\ude97\ud83d\udd29 Dette limet for metallst\u00f8ping gir [&hellip;]<\/p>\n","protected":false},"featured_media":60782,"comment_status":"open","ping_status":"closed","template":"","meta":{"site-sidebar-layout":"default","site-content-layout":"","ast-site-content-layout":"default","site-content-style":"default","site-sidebar-style":"default","ast-global-header-display":"","ast-banner-title-visibility":"","ast-main-header-display":"","ast-hfb-above-header-display":"","ast-hfb-below-header-display":"","ast-hfb-mobile-header-display":"","site-post-title":"","ast-breadcrumbs-content":"","ast-featured-img":"","footer-sml-layout":"","theme-transparent-header-meta":"default","adv-header-id-meta":"","stick-header-meta":"","header-above-stick-meta":"","header-main-stick-meta":"","header-below-stick-meta":"","astra-migrate-meta-layouts":"set","ast-page-background-enabled":"default","ast-page-background-meta":{"desktop":{"background-color":"var(--ast-global-color-4)","background-image":"","background-repeat":"repeat","background-position":"center center","background-size":"auto","background-attachment":"scroll","background-type":"","background-media":"","overlay-type":"","overlay-color":"","overlay-opacity":"","overlay-gradient":""},"tablet":{"background-color":"","background-image":"","background-repeat":"repeat","background-position":"center center","background-size":"auto","background-attachment":"scroll","background-type":"","background-media":"","overlay-type":"","overlay-color":"","overlay-opacity":"","overlay-gradient":""},"mobile":{"background-color":"","background-image":"","background-repeat":"repeat","background-position":"center center","background-size":"auto","background-attachment":"scroll","background-type":"","background-media":"","overlay-type":"","overlay-color":"","overlay-opacity":"","overlay-gradient":""}},"ast-content-background-meta":{"desktop":{"background-color":"var(--ast-global-color-5)","background-image":"","background-repeat":"repeat","background-position":"center center","background-size":"auto","background-attachment":"scroll","background-type":"","background-media":"","overlay-type":"","overlay-color":"","overlay-opacity":"","overlay-gradient":""},"tablet":{"background-color":"var(--ast-global-color-5)","background-image":"","background-repeat":"repeat","background-position":"center center","background-size":"auto","background-attachment":"scroll","background-type":"","background-media":"","overlay-type":"","overlay-color":"","overlay-opacity":"","overlay-gradient":""},"mobile":{"background-color":"var(--ast-global-color-5)","background-image":"","background-repeat":"repeat","background-position":"center center","background-size":"auto","background-attachment":"scroll","background-type":"","background-media":"","overlay-type":"","overlay-color":"","overlay-opacity":"","overlay-gradient":""}}},"product_brand":[],"product_cat":[15],"product_tag":[],"class_list":{"0":"post-60786","1":"product","2":"type-product","3":"status-publish","4":"has-post-thumbnail","6":"product_cat-uncategorized","7":"desktop-align-left","8":"tablet-align-left","9":"mobile-align-left","11":"first","12":"instock","13":"shipping-taxable","14":"purchasable","15":"product-type-simple"},"_links":{"self":[{"href":"https:\/\/keluvo.com\/no\/wp-json\/wp\/v2\/product\/60786","targetHints":{"allow":["GET"]}}],"collection":[{"href":"https:\/\/keluvo.com\/no\/wp-json\/wp\/v2\/product"}],"about":[{"href":"https:\/\/keluvo.com\/no\/wp-json\/wp\/v2\/types\/product"}],"replies":[{"embeddable":true,"href":"https:\/\/keluvo.com\/no\/wp-json\/wp\/v2\/comments?post=60786"}],"wp:featuredmedia":[{"embeddable":true,"href":"https:\/\/keluvo.com\/no\/wp-json\/wp\/v2\/media\/60782"}],"wp:attachment":[{"href":"https:\/\/keluvo.com\/no\/wp-json\/wp\/v2\/media?parent=60786"}],"wp:term":[{"taxonomy":"product_brand","embeddable":true,"href":"https:\/\/keluvo.com\/no\/wp-json\/wp\/v2\/product_brand?post=60786"},{"taxonomy":"product_cat","embeddable":true,"href":"https:\/\/keluvo.com\/no\/wp-json\/wp\/v2\/product_cat?post=60786"},{"taxonomy":"product_tag","embeddable":true,"href":"https:\/\/keluvo.com\/no\/wp-json\/wp\/v2\/product_tag?post=60786"}],"curies":[{"name":"wp","href":"https:\/\/api.w.org\/{rel}","templated":true}]}}