{"id":60739,"date":"2025-12-04T17:45:14","date_gmt":"2025-12-04T15:45:14","guid":{"rendered":"https:\/\/keluvo.com\/no\/produkt\/3-i-1-holder-for-ladekabel\/"},"modified":"2025-12-15T18:09:41","modified_gmt":"2025-12-15T16:09:41","slug":"3-i-1-holder-for-ladekabel","status":"publish","type":"product","link":"https:\/\/keluvo.com\/no\/produkt\/3-i-1-holder-for-ladekabel\/","title":{"rendered":"3-i-1-holder for ladekabel"},"content":{"rendered":"<p style=\"text-align: center;\" data-start=\"0\" data-end=\"77\"><strong>Lad alle enhetene dine med \u00e9n kabel som ogs\u00e5 fungerer som en telefonholder. \ud83d\udd0c<\/strong><\/p>\n<p style=\"text-align: center;\" data-start=\"79\" data-end=\"328\">Denne 3-i-1-ladekabelholderen holder orden p\u00e5 kablene dine, sparer plass og lar deg lade flere typer enheter uten \u00e5 b\u00e6re p\u00e5 ekstra ledninger. Den trekkes enkelt inn, st\u00f8tter hurtiglading og fungerer til og med som et stativ for \u00e5 se p\u00e5 videoer h\u00e5ndfritt.<\/p>\n<p data-start=\"79\" data-end=\"328\"><img fetchpriority=\"high\" decoding=\"async\" class=\" wp-image-43703 aligncenter\" src=\"https:\/\/keluvo.com\/template\/wp-content\/uploads\/sites\/5\/2025\/12\/76269f63-37c1-48f7-9e72-da8093b76244.gif\" alt=\"\" width=\"501\" height=\"501\" \/><\/p>\n<h2 style=\"text-align: center;\" data-start=\"335\" data-end=\"355\"><strong>Hovedfordeler<\/strong><\/h2>\n<p data-start=\"358\" data-end=\"439\">\ud83d\udd0c \u00c9n kabel for alle enheter &#8211; Fungerer med Lightning, Micro USB og Type-C.<\/p>\n<p data-start=\"442\" data-end=\"510\">\u26a1 Hurtiglading &#8211; Opptil 3A utgang for rask og sikker lading.<\/p>\n<p data-start=\"513\" data-end=\"581\">\ud83d\udd04 Rask dataoverf\u00f8ring &#8211; USB 2.0 st\u00f8tter hastigheter p\u00e5 opptil 480 Mbps.<\/p>\n<p data-start=\"584\" data-end=\"660\">\ud83c\udf92 B\u00e6rbar og uttrekkbar &#8211; Ingen sammenfiltrede kabler, lett \u00e5 ta med seg hvor som helst.<\/p>\n<p data-start=\"663\" data-end=\"739\">\ud83d\udcf1 Innebygd telefonholder &#8211; Perfekt for \u00e5 se p\u00e5 film eller videosamtaler.<\/p>\n<p data-start=\"742\" data-end=\"817\">\ud83c\udfe1 Perfekt for bil, kontor, hjem og reise &#8211; \u00e9n kabel dekker alle behov.<\/p>\n<p data-start=\"742\" data-end=\"817\"><img decoding=\"async\" class=\" wp-image-43702 aligncenter\" src=\"https:\/\/keluvo.com\/template\/wp-content\/uploads\/sites\/5\/2025\/12\/0a3a526e-ecdc-4fbb-be47-cc9a97bd66f3.gif\" alt=\"\" width=\"501\" height=\"501\" \/><\/p>\n<h2 style=\"text-align: center;\" data-start=\"824\" data-end=\"842\"><strong>Slik Bruker Du Den<\/strong><\/h2>\n<ol data-start=\"843\" data-end=\"1183\">\n<li data-start=\"843\" data-end=\"913\">\n<p data-start=\"846\" data-end=\"913\">Trekk forsiktig i kabelendene for \u00e5 forlenge den til \u00f8nsket lengde.<\/p>\n<\/li>\n<li data-start=\"914\" data-end=\"957\">\n<p data-start=\"917\" data-end=\"957\">Plugg USB-enden inn i en ladeport.<\/p>\n<\/li>\n<li data-start=\"958\" data-end=\"1039\">\n<p data-start=\"961\" data-end=\"1039\">Velg kontakten som passer til enheten din (Lightning, Micro eller Type-C).<\/p>\n<\/li>\n<li data-start=\"1040\" data-end=\"1114\">\n<p data-start=\"1043\" data-end=\"1114\">For bruk av telefonholder \u00e5pner du bakre stativ og plasserer telefonen p\u00e5 den.<\/p>\n<\/li>\n<li data-start=\"1115\" data-end=\"1183\">\n<p data-start=\"1118\" data-end=\"1183\">Etter bruk trekker du i begge ender igjen for \u00e5 trekke kabelen tilbake for oppbevaring.<\/p>\n<\/li>\n<\/ol>\n<h2 style=\"text-align: center;\" data-start=\"1190\" data-end=\"1213\"><strong>Produktdetaljer<\/strong><\/h2>\n<ul data-start=\"1214\" data-end=\"1599\">\n<li data-start=\"1261\" data-end=\"1309\">\n<p data-start=\"1263\" data-end=\"1309\">Materiale: Aluminiumslegering + kobberkjerne + TPE<\/p>\n<\/li>\n<li data-start=\"1310\" data-end=\"1334\">\n<p data-start=\"1312\" data-end=\"1334\">St\u00f8rrelse: 7 x 5 x 2,3 cm<\/p>\n<\/li>\n<li data-start=\"1335\" data-end=\"1351\">\n<p data-start=\"1337\" data-end=\"1351\">Vekt: 47 g<\/p>\n<\/li>\n<li data-start=\"1352\" data-end=\"1372\">\n<p data-start=\"1354\" data-end=\"1372\">Ledningslengde: 1 m<\/p>\n<\/li>\n<li data-start=\"1373\" data-end=\"1430\">\n<p data-start=\"1375\" data-end=\"1430\">Kontakttyper: Lightning 8-pin \/ Micro USB \/ Type-C<\/p>\n<\/li>\n<li data-start=\"1431\" data-end=\"1459\">\n<p data-start=\"1433\" data-end=\"1459\">Ladehastighet: Opp til 3A<\/p>\n<\/li>\n<li data-start=\"1460\" data-end=\"1499\">\n<p data-start=\"1462\" data-end=\"1499\">Dataoverf\u00f8ringshastighet: Opp til 480 Mbps<\/p>\n<\/li>\n<li data-start=\"1500\" data-end=\"1541\">\n<p data-start=\"1502\" data-end=\"1541\">Ekstra funksjon: Innebygd telefonholder<\/p>\n<\/li>\n<\/ul>\n<h2 style=\"text-align: center;\" data-start=\"1606\" data-end=\"1630\"><strong>Pakken inkluderer<\/strong><\/h2>\n<ul data-start=\"1631\" data-end=\"1677\" data-is-last-node=\"\" data-is-only-node=\"\">\n<li data-start=\"1631\" data-end=\"1677\" data-is-last-node=\"\">\n<p data-start=\"1633\" data-end=\"1677\" data-is-last-node=\"\">1x 3-i-1 ladekabelholder.<\/p>\n<\/li>\n<\/ul>\n","protected":false},"excerpt":{"rendered":"<p>Lad alle enhetene dine med \u00e9n kabel som ogs\u00e5 fungerer som en telefonholder. \ud83d\udd0c Denne 3-i-1-ladekabelholderen holder orden p\u00e5 kablene [&hellip;]<\/p>\n","protected":false},"featured_media":60735,"comment_status":"open","ping_status":"closed","template":"","meta":{"site-sidebar-layout":"default","site-content-layout":"","ast-site-content-layout":"default","site-content-style":"default","site-sidebar-style":"default","ast-global-header-display":"","ast-banner-title-visibility":"","ast-main-header-display":"","ast-hfb-above-header-display":"","ast-hfb-below-header-display":"","ast-hfb-mobile-header-display":"","site-post-title":"","ast-breadcrumbs-content":"","ast-featured-img":"","footer-sml-layout":"","theme-transparent-header-meta":"default","adv-header-id-meta":"","stick-header-meta":"","header-above-stick-meta":"","header-main-stick-meta":"","header-below-stick-meta":"","astra-migrate-meta-layouts":"set","ast-page-background-enabled":"default","ast-page-background-meta":{"desktop":{"background-color":"var(--ast-global-color-4)","background-image":"","background-repeat":"repeat","background-position":"center center","background-size":"auto","background-attachment":"scroll","background-type":"","background-media":"","overlay-type":"","overlay-color":"","overlay-opacity":"","overlay-gradient":""},"tablet":{"background-color":"","background-image":"","background-repeat":"repeat","background-position":"center center","background-size":"auto","background-attachment":"scroll","background-type":"","background-media":"","overlay-type":"","overlay-color":"","overlay-opacity":"","overlay-gradient":""},"mobile":{"background-color":"","background-image":"","background-repeat":"repeat","background-position":"center center","background-size":"auto","background-attachment":"scroll","background-type":"","background-media":"","overlay-type":"","overlay-color":"","overlay-opacity":"","overlay-gradient":""}},"ast-content-background-meta":{"desktop":{"background-color":"var(--ast-global-color-5)","background-image":"","background-repeat":"repeat","background-position":"center center","background-size":"auto","background-attachment":"scroll","background-type":"","background-media":"","overlay-type":"","overlay-color":"","overlay-opacity":"","overlay-gradient":""},"tablet":{"background-color":"var(--ast-global-color-5)","background-image":"","background-repeat":"repeat","background-position":"center center","background-size":"auto","background-attachment":"scroll","background-type":"","background-media":"","overlay-type":"","overlay-color":"","overlay-opacity":"","overlay-gradient":""},"mobile":{"background-color":"var(--ast-global-color-5)","background-image":"","background-repeat":"repeat","background-position":"center center","background-size":"auto","background-attachment":"scroll","background-type":"","background-media":"","overlay-type":"","overlay-color":"","overlay-opacity":"","overlay-gradient":""}}},"product_brand":[],"product_cat":[15],"product_tag":[],"class_list":{"0":"post-60739","1":"product","2":"type-product","3":"status-publish","4":"has-post-thumbnail","6":"product_cat-uncategorized","7":"pa_54832_4w0690gk-bla","8":"pa_54832_4w0690gk-gronn","9":"pa_54832_4w0690gk-lilla","10":"pa_54832_4w0690gk-rod","11":"pa_54832_4w0690gk-rosa","12":"pa_54832_4w0690gk-svart","13":"pa_54832_i4osxeqo-1-stk","14":"pa_54832_i4osxeqo-2-stk","15":"pa_54832_i4osxeqo-3-stk","16":"desktop-align-left","17":"tablet-align-left","18":"mobile-align-left","20":"first","21":"instock","22":"shipping-taxable","23":"purchasable","24":"product-type-variable","25":"has-default-attributes"},"_links":{"self":[{"href":"https:\/\/keluvo.com\/no\/wp-json\/wp\/v2\/product\/60739","targetHints":{"allow":["GET"]}}],"collection":[{"href":"https:\/\/keluvo.com\/no\/wp-json\/wp\/v2\/product"}],"about":[{"href":"https:\/\/keluvo.com\/no\/wp-json\/wp\/v2\/types\/product"}],"replies":[{"embeddable":true,"href":"https:\/\/keluvo.com\/no\/wp-json\/wp\/v2\/comments?post=60739"}],"wp:featuredmedia":[{"embeddable":true,"href":"https:\/\/keluvo.com\/no\/wp-json\/wp\/v2\/media\/60735"}],"wp:attachment":[{"href":"https:\/\/keluvo.com\/no\/wp-json\/wp\/v2\/media?parent=60739"}],"wp:term":[{"taxonomy":"product_brand","embeddable":true,"href":"https:\/\/keluvo.com\/no\/wp-json\/wp\/v2\/product_brand?post=60739"},{"taxonomy":"product_cat","embeddable":true,"href":"https:\/\/keluvo.com\/no\/wp-json\/wp\/v2\/product_cat?post=60739"},{"taxonomy":"product_tag","embeddable":true,"href":"https:\/\/keluvo.com\/no\/wp-json\/wp\/v2\/product_tag?post=60739"}],"curies":[{"name":"wp","href":"https:\/\/api.w.org\/{rel}","templated":true}]}}