{"id":6073,"date":"2024-11-28T14:24:54","date_gmt":"2024-11-28T12:24:54","guid":{"rendered":"https:\/\/keluvo.com\/no\/produkt\/blokker-som-skifter-ansikt\/"},"modified":"2024-11-29T12:38:12","modified_gmt":"2024-11-29T10:38:12","slug":"blokker-som-skifter-ansikt","status":"publish","type":"product","link":"https:\/\/keluvo.com\/no\/produkt\/blokker-som-skifter-ansikt\/","title":{"rendered":"Blokker som skifter ansikt"},"content":{"rendered":"<h2 style=\"text-align: center;\"><strong>Kreativt og l\u00e6rerikt spill<\/strong><\/h2>\n<p style=\"text-align: center;\">Spillet med klosser som skifter ansikt er designet for \u00e5 forbedre barns fantasi og kognitive ferdigheter. Spillerne setter sammen treklosser for \u00e5 gjenskape morsomme ansikter p\u00e5 kortene, noe som stimulerer hukommelse, logisk tenkning og h\u00e5nd-\u00f8ye-koordinasjon. Dette interaktive spillet oppmuntrer til kreativitet og gir barna uendelig mye moro.<\/p>\n<p><img decoding=\"async\" class=\"size-medium wp-image-3982 aligncenter\" src=\"https:\/\/keluvo.com\/template\/wp-content\/uploads\/sites\/5\/2024\/11\/9f1b7856-d1ae-46f2-acae-daf744024777.webp\" alt=\"\" \/><\/p>\n<h2 style=\"text-align: center;\"><strong>Holdbare og trygge materialer<\/strong><\/h2>\n<p style=\"text-align: center;\">Klossene er laget av tre av h\u00f8y kvalitet og er glatte og trygge for sm\u00e5 barn. Hver brikke er n\u00f8ye utformet for \u00e5 passe sm\u00e5 hender, noe som sikrer enkel h\u00e5ndtering. Materialene er giftfrie og holdbare, noe som gj\u00f8r spillet egnet for gjentatt lek for barn fra 3 \u00e5r og oppover.<\/p>\n<p><img decoding=\"async\" class=\"alignnone size-medium wp-image-3984 aligncenter\" src=\"https:\/\/keluvo.com\/template\/wp-content\/uploads\/sites\/5\/2024\/11\/f83cbf8b-82a4-45ea-9ded-38cb3a4681d7.webp\" alt=\"\" \/><\/p>\n","protected":false},"excerpt":{"rendered":"<p>Kreativt og l\u00e6rerikt spill Spillet med klosser som skifter ansikt er designet for \u00e5 forbedre barns fantasi og kognitive ferdigheter. [&hellip;]<\/p>\n","protected":false},"featured_media":6069,"comment_status":"open","ping_status":"closed","template":"","meta":{"site-sidebar-layout":"default","site-content-layout":"","ast-site-content-layout":"default","site-content-style":"default","site-sidebar-style":"default","ast-global-header-display":"","ast-banner-title-visibility":"","ast-main-header-display":"","ast-hfb-above-header-display":"","ast-hfb-below-header-display":"","ast-hfb-mobile-header-display":"","site-post-title":"","ast-breadcrumbs-content":"","ast-featured-img":"","footer-sml-layout":"","theme-transparent-header-meta":"default","adv-header-id-meta":"","stick-header-meta":"","header-above-stick-meta":"","header-main-stick-meta":"","header-below-stick-meta":"","astra-migrate-meta-layouts":"set","ast-page-background-enabled":"default","ast-page-background-meta":{"desktop":{"background-color":"var(--ast-global-color-4)","background-image":"","background-repeat":"repeat","background-position":"center center","background-size":"auto","background-attachment":"scroll","background-type":"","background-media":"","overlay-type":"","overlay-color":"","overlay-opacity":"","overlay-gradient":""},"tablet":{"background-color":"","background-image":"","background-repeat":"repeat","background-position":"center center","background-size":"auto","background-attachment":"scroll","background-type":"","background-media":"","overlay-type":"","overlay-color":"","overlay-opacity":"","overlay-gradient":""},"mobile":{"background-color":"","background-image":"","background-repeat":"repeat","background-position":"center center","background-size":"auto","background-attachment":"scroll","background-type":"","background-media":"","overlay-type":"","overlay-color":"","overlay-opacity":"","overlay-gradient":""}},"ast-content-background-meta":{"desktop":{"background-color":"var(--ast-global-color-5)","background-image":"","background-repeat":"repeat","background-position":"center center","background-size":"auto","background-attachment":"scroll","background-type":"","background-media":"","overlay-type":"","overlay-color":"","overlay-opacity":"","overlay-gradient":""},"tablet":{"background-color":"var(--ast-global-color-5)","background-image":"","background-repeat":"repeat","background-position":"center center","background-size":"auto","background-attachment":"scroll","background-type":"","background-media":"","overlay-type":"","overlay-color":"","overlay-opacity":"","overlay-gradient":""},"mobile":{"background-color":"var(--ast-global-color-5)","background-image":"","background-repeat":"repeat","background-position":"center center","background-size":"auto","background-attachment":"scroll","background-type":"","background-media":"","overlay-type":"","overlay-color":"","overlay-opacity":"","overlay-gradient":""}}},"product_brand":[],"product_cat":[990],"product_tag":[],"class_list":{"0":"post-6073","1":"product","2":"type-product","3":"status-publish","4":"has-post-thumbnail","6":"product_cat-leker-barne-og-babyprodukter","7":"desktop-align-left","8":"tablet-align-left","9":"mobile-align-left","11":"first","12":"instock","13":"shipping-taxable","14":"purchasable","15":"product-type-simple"},"_links":{"self":[{"href":"https:\/\/keluvo.com\/no\/wp-json\/wp\/v2\/product\/6073","targetHints":{"allow":["GET"]}}],"collection":[{"href":"https:\/\/keluvo.com\/no\/wp-json\/wp\/v2\/product"}],"about":[{"href":"https:\/\/keluvo.com\/no\/wp-json\/wp\/v2\/types\/product"}],"replies":[{"embeddable":true,"href":"https:\/\/keluvo.com\/no\/wp-json\/wp\/v2\/comments?post=6073"}],"wp:featuredmedia":[{"embeddable":true,"href":"https:\/\/keluvo.com\/no\/wp-json\/wp\/v2\/media\/6069"}],"wp:attachment":[{"href":"https:\/\/keluvo.com\/no\/wp-json\/wp\/v2\/media?parent=6073"}],"wp:term":[{"taxonomy":"product_brand","embeddable":true,"href":"https:\/\/keluvo.com\/no\/wp-json\/wp\/v2\/product_brand?post=6073"},{"taxonomy":"product_cat","embeddable":true,"href":"https:\/\/keluvo.com\/no\/wp-json\/wp\/v2\/product_cat?post=6073"},{"taxonomy":"product_tag","embeddable":true,"href":"https:\/\/keluvo.com\/no\/wp-json\/wp\/v2\/product_tag?post=6073"}],"curies":[{"name":"wp","href":"https:\/\/api.w.org\/{rel}","templated":true}]}}