{"id":60697,"date":"2025-12-04T17:42:29","date_gmt":"2025-12-04T15:42:29","guid":{"rendered":"https:\/\/keluvo.com\/no\/produkt\/gule-klebrig-feller\/"},"modified":"2025-12-22T18:10:43","modified_gmt":"2025-12-22T16:10:43","slug":"gule-klebrig-feller","status":"publish","type":"product","link":"https:\/\/keluvo.com\/no\/produkt\/gule-klebrig-feller\/","title":{"rendered":"Gule klebrig feller"},"content":{"rendered":"<p style=\"text-align: center;\" data-start=\"0\" data-end=\"91\"><strong>Stopp Flygende Skadedyr Raskt Med Sterke, Langvarige Klebrig Feller Som Virker I Over 30 Dager. \ud83c\udf3c\ud83d\udc1b<\/strong><\/p>\n<p style=\"text-align: center;\" data-start=\"93\" data-end=\"353\">Disse gule, klebrige fellene tiltrekker seg og fanger fluer, mygg, hvitfluer, trips og andre insekter i samme \u00f8yeblikk som de lander. Med en bred dobbeltsidig overflate og trygt, giftfritt lim bidrar de til \u00e5 beskytte planter, hjem og kj\u00f8kken uten spray eller kjemikalier.<\/p>\n<p data-start=\"93\" data-end=\"353\"><img fetchpriority=\"high\" decoding=\"async\" class=\"size-full wp-image-43672 aligncenter\" src=\"https:\/\/keluvo.com\/template\/wp-content\/uploads\/sites\/5\/2025\/12\/10224-ezgif.com-video-to-webp-converter-1.webp\" alt=\"\" width=\"500\" height=\"500\" \/><\/p>\n<h2 style=\"text-align: center;\" data-start=\"360\" data-end=\"380\">\u2b50 Hovedfordeler<\/h2>\n<p data-start=\"383\" data-end=\"464\">\ud83e\udeb0 \u00d8yeblikkelig fangstkraft &#8211; Lim med h\u00f8y viskositet fanger insekter ved kontakt.<\/p>\n<p data-start=\"467\" data-end=\"545\">\ud83c\udf3c St\u00f8rre dekning &#8211; Blomsterformet design \u00f8ker overflatearealet med 40%.<\/p>\n<p data-start=\"548\" data-end=\"633\">\ud83c\udf15 Knallgul tiltrekningskraft &#8211; Dobbeltsidig farge tiltrekker seg fototaktiske skadedyr raskt.<\/p>\n<p data-start=\"636\" data-end=\"715\">\ud83d\udca7 Vanntett og UV-bestandig &#8211; Fungerer innend\u00f8rs og i fuktige eller solrike omr\u00e5der.<\/p>\n<p data-start=\"718\" data-end=\"799\">\ud83d\udc76 100% trygg &#8211; Giftfri, luktfri, fri for plantevernmidler og kj\u00e6ledyr-\/barnevennlig.<\/p>\n<p data-start=\"802\" data-end=\"886\">\ud83c\udf31 Beskytter plantene dine &#8211; Perfekt for potteplanter, hager og drivhus.<\/p>\n<p data-start=\"889\" data-end=\"973\">\ud83c\udfe1 Flerbruk &#8211; Passer perfekt til kj\u00f8kken, balkonger, restauranter, g\u00e5rder og kontorer.<\/p>\n<p data-start=\"976\" data-end=\"1060\">\ud83d\udcb8 Kostnadseffektiv &#8211; Hver felle varer i 1 m\u00e5ned; 15 feller per pakke sparer deg for penger.<\/p>\n<p data-start=\"1063\" data-end=\"1130\">\u2728 Enkelt oppsett &#8211; Trekk av, plasser og glem &#8211; ikke behov for vedlikehold.<\/p>\n<p data-start=\"1063\" data-end=\"1130\"><img decoding=\"async\" class=\"size-full wp-image-43673 aligncenter\" src=\"https:\/\/keluvo.com\/template\/wp-content\/uploads\/sites\/5\/2025\/12\/24ef351894c1f499810e8b3a985a9d3605ed0204-800.avif\" alt=\"\" \/><\/p>\n<h2 style=\"text-align: center;\" data-start=\"1137\" data-end=\"1155\">\ud83e\uddfe Slik Bruker Du<\/h2>\n<ol data-start=\"1156\" data-end=\"1629\">\n<li data-start=\"1156\" data-end=\"1212\">\n<p data-start=\"1159\" data-end=\"1212\">Dra av den hvite beskyttelsesfilmen fra begge sider.<\/p>\n<\/li>\n<li data-start=\"1213\" data-end=\"1294\">\n<p data-start=\"1216\" data-end=\"1294\">Sett fellen i pottejord eller heng den opp i n\u00e6rheten av omr\u00e5det med insekter.<\/p>\n<\/li>\n<li data-start=\"1295\" data-end=\"1384\">\n<p data-start=\"1298\" data-end=\"1384\">Plasser flere feller rundt vinduer, planter, s\u00f8ppelkasser eller kj\u00f8kken for bedre resultater.<\/p>\n<\/li>\n<li data-start=\"1385\" data-end=\"1457\">\n<p data-start=\"1388\" data-end=\"1457\">Bytt ut fellen hver 30. dag eller n\u00e5r den er helt dekket av insekter.<\/p>\n<\/li>\n<li data-start=\"1458\" data-end=\"1629\">\n<p data-start=\"1461\" data-end=\"1479\">For fruktfluer:<\/p>\n<ul data-start=\"1483\" data-end=\"1629\">\n<li data-start=\"1483\" data-end=\"1532\">\n<p data-start=\"1485\" data-end=\"1532\">Fyll en kopp med eplecidereddik eller juice.<\/p>\n<\/li>\n<li data-start=\"1536\" data-end=\"1576\">\n<p data-start=\"1538\" data-end=\"1576\">Sett en klebrig felle i koppen.<\/p>\n<\/li>\n<li data-start=\"1580\" data-end=\"1629\">\n<p data-start=\"1582\" data-end=\"1629\">Plasser den rundt p\u00e5 kj\u00f8kkenet for \u00e5 tiltrekke fluer raskt.<\/p>\n<\/li>\n<\/ul>\n<\/li>\n<\/ol>\n<h2 style=\"text-align: center;\" data-start=\"1636\" data-end=\"1659\">\ud83d\udccc Produktdetaljer<\/h2>\n<ul data-start=\"1660\" data-end=\"2154\">\n<li data-start=\"1698\" data-end=\"1754\">\n<p data-start=\"1700\" data-end=\"1754\">Lim: Dobbeltsidig fangstlim med h\u00f8y viskositet<\/p>\n<\/li>\n<li data-start=\"1755\" data-end=\"1804\">\n<p data-start=\"1757\" data-end=\"1804\">Design: Blomsterformet (40% mer overflateareal)<\/p>\n<\/li>\n<li data-start=\"1805\" data-end=\"1850\">\n<p data-start=\"1807\" data-end=\"1850\">Sikker: Giftfri, luktfri, fri for plantevernmidler<\/p>\n<\/li>\n<li data-start=\"1851\" data-end=\"1915\">\n<p data-start=\"1853\" data-end=\"1915\">Slitestyrke: Fungerer i -10 \u00b0C til 60 \u00b0C, UV-bestandig, vanntett<\/p>\n<\/li>\n<li data-start=\"1916\" data-end=\"1997\">\n<p data-start=\"1918\" data-end=\"1997\">Anbefalt bruk: Innend\u00f8rs planter, gr\u00f8nnsakshager, kj\u00f8kken, balkonger, g\u00e5rder<\/p>\n<\/li>\n<li data-start=\"1998\" data-end=\"2100\">\n<p data-start=\"2000\" data-end=\"2100\">M\u00e5l skadedyr: Soppmygg, bladlus, hvite fluer, trips, bladminerere, fruktfluer, husfluer, m\u00f8ll<\/p>\n<\/li>\n<li data-start=\"2101\" data-end=\"2132\">\n<p data-start=\"2103\" data-end=\"2132\">Levetid: 30+ dager per felle<\/p>\n<\/li>\n<li data-start=\"2101\" data-end=\"2132\">Stil: Sommerfugl, fugl, blomst<\/li>\n<\/ul>\n<h2 style=\"text-align: center;\" data-start=\"2161\" data-end=\"2185\">\ud83c\udf81 Pakken inneholder<\/h2>\n<ul data-start=\"2186\" data-end=\"2212\" data-is-last-node=\"\" data-is-only-node=\"\">\n<li data-start=\"2186\" data-end=\"2212\" data-is-last-node=\"\">\n<p data-start=\"2188\" data-end=\"2212\" data-is-last-node=\"\">15, 30, 60x gule klebrig feller.<\/p>\n<\/li>\n<\/ul>\n","protected":false},"excerpt":{"rendered":"<p>Stopp Flygende Skadedyr Raskt Med Sterke, Langvarige Klebrig Feller Som Virker I Over 30 Dager. \ud83c\udf3c\ud83d\udc1b Disse gule, klebrige fellene [&hellip;]<\/p>\n","protected":false},"featured_media":60693,"comment_status":"open","ping_status":"closed","template":"","meta":{"site-sidebar-layout":"default","site-content-layout":"","ast-site-content-layout":"default","site-content-style":"default","site-sidebar-style":"default","ast-global-header-display":"","ast-banner-title-visibility":"","ast-main-header-display":"","ast-hfb-above-header-display":"","ast-hfb-below-header-display":"","ast-hfb-mobile-header-display":"","site-post-title":"","ast-breadcrumbs-content":"","ast-featured-img":"","footer-sml-layout":"","theme-transparent-header-meta":"default","adv-header-id-meta":"","stick-header-meta":"","header-above-stick-meta":"","header-main-stick-meta":"","header-below-stick-meta":"","astra-migrate-meta-layouts":"set","ast-page-background-enabled":"default","ast-page-background-meta":{"desktop":{"background-color":"var(--ast-global-color-4)","background-image":"","background-repeat":"repeat","background-position":"center center","background-size":"auto","background-attachment":"scroll","background-type":"","background-media":"","overlay-type":"","overlay-color":"","overlay-opacity":"","overlay-gradient":""},"tablet":{"background-color":"","background-image":"","background-repeat":"repeat","background-position":"center center","background-size":"auto","background-attachment":"scroll","background-type":"","background-media":"","overlay-type":"","overlay-color":"","overlay-opacity":"","overlay-gradient":""},"mobile":{"background-color":"","background-image":"","background-repeat":"repeat","background-position":"center center","background-size":"auto","background-attachment":"scroll","background-type":"","background-media":"","overlay-type":"","overlay-color":"","overlay-opacity":"","overlay-gradient":""}},"ast-content-background-meta":{"desktop":{"background-color":"var(--ast-global-color-5)","background-image":"","background-repeat":"repeat","background-position":"center center","background-size":"auto","background-attachment":"scroll","background-type":"","background-media":"","overlay-type":"","overlay-color":"","overlay-opacity":"","overlay-gradient":""},"tablet":{"background-color":"var(--ast-global-color-5)","background-image":"","background-repeat":"repeat","background-position":"center center","background-size":"auto","background-attachment":"scroll","background-type":"","background-media":"","overlay-type":"","overlay-color":"","overlay-opacity":"","overlay-gradient":""},"mobile":{"background-color":"var(--ast-global-color-5)","background-image":"","background-repeat":"repeat","background-position":"center center","background-size":"auto","background-attachment":"scroll","background-type":"","background-media":"","overlay-type":"","overlay-color":"","overlay-opacity":"","overlay-gradient":""}}},"product_brand":[],"product_cat":[996],"product_tag":[],"class_list":{"0":"post-60697","1":"product","2":"type-product","3":"status-publish","4":"has-post-thumbnail","6":"product_cat-verktoy","7":"pa_54698_3cxi4ut6-blomst","8":"pa_54698_3cxi4ut6-fugl","9":"pa_54698_3cxi4ut6-sommerfugl","10":"pa_54698_jiumwi92-15-stk","11":"pa_54698_jiumwi92-30-stk","12":"pa_54698_jiumwi92-60-stk","13":"desktop-align-left","14":"tablet-align-left","15":"mobile-align-left","17":"first","18":"instock","19":"shipping-taxable","20":"purchasable","21":"product-type-variable","22":"has-default-attributes"},"_links":{"self":[{"href":"https:\/\/keluvo.com\/no\/wp-json\/wp\/v2\/product\/60697","targetHints":{"allow":["GET"]}}],"collection":[{"href":"https:\/\/keluvo.com\/no\/wp-json\/wp\/v2\/product"}],"about":[{"href":"https:\/\/keluvo.com\/no\/wp-json\/wp\/v2\/types\/product"}],"replies":[{"embeddable":true,"href":"https:\/\/keluvo.com\/no\/wp-json\/wp\/v2\/comments?post=60697"}],"wp:featuredmedia":[{"embeddable":true,"href":"https:\/\/keluvo.com\/no\/wp-json\/wp\/v2\/media\/60693"}],"wp:attachment":[{"href":"https:\/\/keluvo.com\/no\/wp-json\/wp\/v2\/media?parent=60697"}],"wp:term":[{"taxonomy":"product_brand","embeddable":true,"href":"https:\/\/keluvo.com\/no\/wp-json\/wp\/v2\/product_brand?post=60697"},{"taxonomy":"product_cat","embeddable":true,"href":"https:\/\/keluvo.com\/no\/wp-json\/wp\/v2\/product_cat?post=60697"},{"taxonomy":"product_tag","embeddable":true,"href":"https:\/\/keluvo.com\/no\/wp-json\/wp\/v2\/product_tag?post=60697"}],"curies":[{"name":"wp","href":"https:\/\/api.w.org\/{rel}","templated":true}]}}