{"id":60646,"date":"2025-12-04T17:37:01","date_gmt":"2025-12-04T15:37:01","guid":{"rendered":"https:\/\/keluvo.com\/no\/produkt\/oppbevaringsboks-til-armlenet-i-bilen\/"},"modified":"2025-12-05T18:49:52","modified_gmt":"2025-12-05T16:49:52","slug":"oppbevaringsboks-til-armlenet-i-bilen","status":"publish","type":"product","link":"https:\/\/keluvo.com\/no\/produkt\/oppbevaringsboks-til-armlenet-i-bilen\/","title":{"rendered":"Oppbevaringsboks til armlenet i bilen"},"content":{"rendered":"<p style=\"text-align: center;\" data-start=\"0\" data-end=\"64\"><strong>Hold Bilen Ren, Organisert Og Ryddig Til Enhver Tid. \ud83d\ude97\ud83e\udd64<\/strong><\/p>\n<p style=\"text-align: center;\" data-start=\"66\" data-end=\"308\">Denne oppbevaringsboksen til bilens armlener skaper ekstra plass til alt det viktigste, og gir deg to separate rom og sammenleggbare koppholdere. Den hjelper deg med \u00e5 oppbevare b\u00e5de store og sm\u00e5 ting p\u00e5 en ryddig m\u00e5te, slik at alt er innen rekkevidde mens du kj\u00f8rer.<\/p>\n<p data-start=\"66\" data-end=\"308\"><img fetchpriority=\"high\" decoding=\"async\" class=\"size-full wp-image-43646 aligncenter\" src=\"https:\/\/keluvo.com\/template\/wp-content\/uploads\/sites\/5\/2025\/12\/10223-ezgif.com-video-to-webp-converter-1.webp\" alt=\"\" width=\"500\" height=\"500\" \/><\/p>\n<h2 style=\"text-align: center;\" data-start=\"315\" data-end=\"335\"><strong>Hovedfordeler<\/strong><\/h2>\n<p data-start=\"338\" data-end=\"458\">\ud83d\udce6 To oppbevaringsrom &#8211; Stort rom for lommet\u00f8rkl\u00e6r\/snacks og et mindre rom for telefoner, briller, lommeb\u00f8ker og mer.<\/p>\n<p data-start=\"461\" data-end=\"561\">\ud83e\udd64 Sammenleggbare koppholdere &#8211; Leveres med 2 koppholdere som kan brettes opp n\u00e5r de ikke trengs for \u00e5 spare plass.<\/p>\n<p data-start=\"564\" data-end=\"645\">\ud83d\udd04 Justerbar design &#8211; Koppholderen kan roteres 180\u00b0 for perfekt posisjon.<\/p>\n<p data-start=\"648\" data-end=\"740\">\ud83e\udea2 Enkel stroppinstallasjon &#8211; Justerbar stropp passer sikkert uten \u00e5 skade bilen din.<\/p>\n<p data-start=\"743\" data-end=\"831\">\ud83d\ude97 Bred kompatibilitet &#8211; Passer til de fleste biler, bobiler, jeeper og vogner med armlener.<\/p>\n<p data-start=\"834\" data-end=\"911\">\ud83e\uddfc Holder bilen ryddig &#8211; Ingen flere l\u00f8se gjenstander som ruller rundt i konsollen.<\/p>\n<p data-start=\"834\" data-end=\"911\"><img decoding=\"async\" class=\"size-full wp-image-43648 aligncenter\" src=\"https:\/\/keluvo.com\/template\/wp-content\/uploads\/sites\/5\/2025\/12\/ac74fc34d500c4aa95f7e0b8d6fb0c6cf7aebd67bf1d3fcc482c4a1401a50264-800.avif\" alt=\"\" \/><\/p>\n<h2 style=\"text-align: center;\" data-start=\"918\" data-end=\"936\"><strong>Slik Bruker Du Den<\/strong><\/h2>\n<ol data-start=\"937\" data-end=\"1272\">\n<li data-start=\"937\" data-end=\"989\">\n<p data-start=\"940\" data-end=\"989\">Juster stroppen slik at den passer til bilens armleneboks.<\/p>\n<\/li>\n<li data-start=\"990\" data-end=\"1039\">\n<p data-start=\"993\" data-end=\"1039\">Plasser oppbevaringsboksen p\u00e5 toppen av armlenet.<\/p>\n<\/li>\n<li data-start=\"1040\" data-end=\"1086\">\n<p data-start=\"1043\" data-end=\"1086\">Fest stroppen godt med spennen.<\/p>\n<\/li>\n<li data-start=\"1087\" data-end=\"1134\">\n<p data-start=\"1090\" data-end=\"1134\">Oppbevar store gjenstander i hovedrommet.<\/p>\n<\/li>\n<li data-start=\"1135\" data-end=\"1193\">\n<p data-start=\"1138\" data-end=\"1193\">\u00c5pne de sammenleggbare koppholderne ved behov og brett dem tilbake for \u00e5 spare plass.<\/p>\n<\/li>\n<\/ol>\n<h2 style=\"text-align: center;\" data-start=\"1279\" data-end=\"1302\"><strong>Produktdetaljer<\/strong><\/h2>\n<ul data-start=\"1303\" data-end=\"1630\">\n<li data-start=\"1345\" data-end=\"1397\">\n<p data-start=\"1347\" data-end=\"1397\">St\u00f8rrelse: 17,5 x 11,5 x 11,5 cm<\/p>\n<\/li>\n<li data-start=\"1398\" data-end=\"1438\">\n<p data-start=\"1400\" data-end=\"1438\">To uavhengige oppbevaringsrom<\/p>\n<\/li>\n<li data-start=\"1439\" data-end=\"1469\">\n<p data-start=\"1441\" data-end=\"1469\">Brettbar dobbel koppholder<\/p>\n<\/li>\n<li data-start=\"1470\" data-end=\"1499\">\n<p data-start=\"1472\" data-end=\"1499\">Rotasjon av koppholder: 180\u00b0<\/p>\n<\/li>\n<li data-start=\"1500\" data-end=\"1558\">\n<p data-start=\"1502\" data-end=\"1558\">Stroppinstallasjon med plastspenne + elastiske b\u00e5nd<\/p>\n<\/li>\n<li data-start=\"1559\" data-end=\"1630\">\n<p data-start=\"1561\" data-end=\"1630\">Passer til de fleste bilmodeller med armlenekonsoller (ikke for arml\u00f8se konsoller)<\/p>\n<\/li>\n<\/ul>\n<h2 style=\"text-align: center;\" data-start=\"1637\" data-end=\"1661\"><strong>Pakken inkluderer<\/strong><\/h2>\n<ul data-start=\"1662\" data-end=\"1707\" data-is-last-node=\"\" data-is-only-node=\"\">\n<li data-start=\"1662\" data-end=\"1707\" data-is-last-node=\"\">\n<p data-start=\"1664\" data-end=\"1707\" data-is-last-node=\"\">1x oppbevaringsboks for bilarmlener.<\/p>\n<\/li>\n<\/ul>\n","protected":false},"excerpt":{"rendered":"<p>Hold Bilen Ren, Organisert Og Ryddig Til Enhver Tid. \ud83d\ude97\ud83e\udd64 Denne oppbevaringsboksen til bilens armlener skaper ekstra plass til alt [&hellip;]<\/p>\n","protected":false},"featured_media":60642,"comment_status":"open","ping_status":"closed","template":"","meta":{"site-sidebar-layout":"default","site-content-layout":"","ast-site-content-layout":"default","site-content-style":"default","site-sidebar-style":"default","ast-global-header-display":"","ast-banner-title-visibility":"","ast-main-header-display":"","ast-hfb-above-header-display":"","ast-hfb-below-header-display":"","ast-hfb-mobile-header-display":"","site-post-title":"","ast-breadcrumbs-content":"","ast-featured-img":"","footer-sml-layout":"","theme-transparent-header-meta":"default","adv-header-id-meta":"","stick-header-meta":"","header-above-stick-meta":"","header-main-stick-meta":"","header-below-stick-meta":"","astra-migrate-meta-layouts":"set","ast-page-background-enabled":"default","ast-page-background-meta":{"desktop":{"background-color":"var(--ast-global-color-4)","background-image":"","background-repeat":"repeat","background-position":"center center","background-size":"auto","background-attachment":"scroll","background-type":"","background-media":"","overlay-type":"","overlay-color":"","overlay-opacity":"","overlay-gradient":""},"tablet":{"background-color":"","background-image":"","background-repeat":"repeat","background-position":"center center","background-size":"auto","background-attachment":"scroll","background-type":"","background-media":"","overlay-type":"","overlay-color":"","overlay-opacity":"","overlay-gradient":""},"mobile":{"background-color":"","background-image":"","background-repeat":"repeat","background-position":"center center","background-size":"auto","background-attachment":"scroll","background-type":"","background-media":"","overlay-type":"","overlay-color":"","overlay-opacity":"","overlay-gradient":""}},"ast-content-background-meta":{"desktop":{"background-color":"var(--ast-global-color-5)","background-image":"","background-repeat":"repeat","background-position":"center center","background-size":"auto","background-attachment":"scroll","background-type":"","background-media":"","overlay-type":"","overlay-color":"","overlay-opacity":"","overlay-gradient":""},"tablet":{"background-color":"var(--ast-global-color-5)","background-image":"","background-repeat":"repeat","background-position":"center center","background-size":"auto","background-attachment":"scroll","background-type":"","background-media":"","overlay-type":"","overlay-color":"","overlay-opacity":"","overlay-gradient":""},"mobile":{"background-color":"var(--ast-global-color-5)","background-image":"","background-repeat":"repeat","background-position":"center center","background-size":"auto","background-attachment":"scroll","background-type":"","background-media":"","overlay-type":"","overlay-color":"","overlay-opacity":"","overlay-gradient":""}}},"product_brand":[],"product_cat":[998],"product_tag":[],"class_list":{"0":"post-60646","1":"product","2":"type-product","3":"status-publish","4":"has-post-thumbnail","6":"product_cat-bilprodukter","7":"pa_54646_zvay03hq-beige","8":"pa_54646_zvay03hq-svart","9":"desktop-align-left","10":"tablet-align-left","11":"mobile-align-left","13":"first","14":"instock","15":"shipping-taxable","16":"purchasable","17":"product-type-variable"},"_links":{"self":[{"href":"https:\/\/keluvo.com\/no\/wp-json\/wp\/v2\/product\/60646","targetHints":{"allow":["GET"]}}],"collection":[{"href":"https:\/\/keluvo.com\/no\/wp-json\/wp\/v2\/product"}],"about":[{"href":"https:\/\/keluvo.com\/no\/wp-json\/wp\/v2\/types\/product"}],"replies":[{"embeddable":true,"href":"https:\/\/keluvo.com\/no\/wp-json\/wp\/v2\/comments?post=60646"}],"wp:featuredmedia":[{"embeddable":true,"href":"https:\/\/keluvo.com\/no\/wp-json\/wp\/v2\/media\/60642"}],"wp:attachment":[{"href":"https:\/\/keluvo.com\/no\/wp-json\/wp\/v2\/media?parent=60646"}],"wp:term":[{"taxonomy":"product_brand","embeddable":true,"href":"https:\/\/keluvo.com\/no\/wp-json\/wp\/v2\/product_brand?post=60646"},{"taxonomy":"product_cat","embeddable":true,"href":"https:\/\/keluvo.com\/no\/wp-json\/wp\/v2\/product_cat?post=60646"},{"taxonomy":"product_tag","embeddable":true,"href":"https:\/\/keluvo.com\/no\/wp-json\/wp\/v2\/product_tag?post=60646"}],"curies":[{"name":"wp","href":"https:\/\/api.w.org\/{rel}","templated":true}]}}