{"id":60606,"date":"2025-12-04T17:34:40","date_gmt":"2025-12-04T15:34:40","guid":{"rendered":"https:\/\/keluvo.com\/no\/produkt\/dekorativ-trykkpenn-med-dyr\/"},"modified":"2025-12-05T18:48:21","modified_gmt":"2025-12-05T16:48:21","slug":"dekorativ-trykkpenn-med-dyr","status":"publish","type":"product","link":"https:\/\/keluvo.com\/no\/produkt\/dekorativ-trykkpenn-med-dyr\/","title":{"rendered":"Dekorativ trykkpenn med dyr"},"content":{"rendered":"<p style=\"text-align: center;\" data-start=\"0\" data-end=\"66\"><strong>Legg til s\u00f8te m\u00f8nstre p\u00e5 notater, kort og planleggere p\u00e5 f\u00e5 sekunder. \ud83d\udc3e\ud83d\udd8a<\/strong><\/p>\n<p style=\"text-align: center;\" data-start=\"68\" data-end=\"283\">Denne dekorative dyrepressennen gj\u00f8r hver side morsommere med tegneserieb\u00e5nd som er enkle \u00e5 p\u00e5f\u00f8re. Hvert tema inneholder mange forskjellige design, noe som gir deg uendelige m\u00e5ter \u00e5 tilpasse h\u00e5ndarbeid, b\u00f8ker og daglig planlegging.<\/p>\n<p data-start=\"68\" data-end=\"283\"><img fetchpriority=\"high\" decoding=\"async\" class=\"size-full wp-image-43611 aligncenter\" src=\"https:\/\/keluvo.com\/template\/wp-content\/uploads\/sites\/5\/2025\/12\/871c4b2c-76ab-400d-86ae-3b66d4585559.gif\" alt=\"\" width=\"480\" height=\"480\" \/><\/p>\n<h2 style=\"text-align: center;\" data-start=\"290\" data-end=\"310\"><strong>Hovedfordeler<\/strong><\/h2>\n<p data-start=\"313\" data-end=\"408\">\ud83d\udc3e Mange s\u00f8te temaer &#8211; 12 unike temaer, hvert fylt med forskjellige m\u00f8nstre og tegneserier.<\/p>\n<p data-start=\"411\" data-end=\"495\">\ud83c\udfa8 \u00d8yeblikkelig dekorasjon &#8211; Trykk, glid, og m\u00f8nsteret vises rent og skarpt.<\/p>\n<p data-start=\"498\" data-end=\"601\">\ud83d\udcd8 Perfekt for planleggere og h\u00e5ndverk &#8211; Flott for tidsskrifter, dagb\u00f8ker, kort, utklippsb\u00f8ker og notatb\u00f8ker.<\/p>\n<p data-start=\"604\" data-end=\"674\">\u2728 Enkel \u00e5 bruke &#8211; Fungerer som en penn, men bruker tape-stil design.<\/p>\n<p data-start=\"677\" data-end=\"761\">\ud83c\udf81 Flott gaveid\u00e9 &#8211; Ideell til barn, venner og alle som elsker skrivesaker.<\/p>\n<p data-start=\"764\" data-end=\"848\">\ud83d\udc6f Del moroa &#8211; Bytt tema med venner og gj\u00f8r stilen din personlig sammen.<\/p>\n<p data-start=\"764\" data-end=\"848\"><img decoding=\"async\" class=\"size-full wp-image-43612 aligncenter\" src=\"https:\/\/keluvo.com\/template\/wp-content\/uploads\/sites\/5\/2025\/12\/5f4de4d4-b83d-48cc-90e0-8260c5eec16b.gif\" alt=\"\" width=\"480\" height=\"480\" \/><\/p>\n<h2 style=\"text-align: center;\" data-start=\"855\" data-end=\"873\"><strong>Slik bruker du den<\/strong><\/h2>\n<ol data-start=\"874\" data-end=\"1123\">\n<li data-start=\"874\" data-end=\"913\">\n<p data-start=\"877\" data-end=\"913\">Velg det m\u00f8nstertemaet du vil ha.<\/p>\n<\/li>\n<li data-start=\"914\" data-end=\"976\">\n<p data-start=\"917\" data-end=\"976\">Plasser pennespissen p\u00e5 papiret der du vil ha designet.<\/p>\n<\/li>\n<li data-start=\"977\" data-end=\"1024\">\n<p data-start=\"980\" data-end=\"1024\">Trykk forsiktig og skyv over overflaten.<\/p>\n<\/li>\n<li data-start=\"1025\" data-end=\"1079\">\n<p data-start=\"1028\" data-end=\"1079\">L\u00f8ft pennen for \u00e5 avsl\u00f8re det rene, trykte m\u00f8nsteret.<\/p>\n<\/li>\n<li data-start=\"1080\" data-end=\"1123\">\n<p data-start=\"1083\" data-end=\"1123\">Gjenta etter behov for \u00e5 dekorere sidene dine.<\/p>\n<\/li>\n<\/ol>\n<h2 style=\"text-align: center;\" data-start=\"1130\" data-end=\"1153\"><strong>Produktdetaljer<\/strong><\/h2>\n<ul data-start=\"1154\" data-end=\"1460\">\n<li data-start=\"1228\" data-end=\"1256\">\n<p data-start=\"1230\" data-end=\"1256\">Materiale: ABS + PC + POM<\/p>\n<\/li>\n<li data-start=\"1257\" data-end=\"1306\">\n<p data-start=\"1259\" data-end=\"1306\">St\u00f8rrelse: 11 x 2,7 x 2 cm<\/p>\n<\/li>\n<li data-start=\"1307\" data-end=\"1352\">\n<p data-start=\"1309\" data-end=\"1352\">Tape-designst\u00f8rrelse: 6 mm<\/p>\n<\/li>\n<li data-start=\"1353\" data-end=\"1406\">\n<p data-start=\"1355\" data-end=\"1406\">12 temaer tilgjengelig (hvert med flere m\u00f8nstre)<\/p>\n<\/li>\n<li data-start=\"1407\" data-end=\"1428\">\n<p data-start=\"1409\" data-end=\"1428\">Blisteremballasje<\/p>\n<\/li>\n<li data-start=\"1429\" data-end=\"1460\">\n<p data-start=\"1431\" data-end=\"1460\">Lett og lett \u00e5 b\u00e6re<\/p>\n<\/li>\n<li data-start=\"1429\" data-end=\"1460\">B\u00e5ndlengde: 4 m<\/li>\n<\/ul>\n<h2 style=\"text-align: center;\" data-start=\"1467\" data-end=\"1491\"><strong>Pakken inneholder<\/strong><\/h2>\n<ul data-start=\"1492\" data-end=\"1525\" data-is-last-node=\"\" data-is-only-node=\"\">\n<li data-start=\"1492\" data-end=\"1525\" data-is-last-node=\"\">\n<p data-start=\"1494\" data-end=\"1525\" data-is-last-node=\"\">1x trykkpenn med dekorative dyr.<\/p>\n<\/li>\n<\/ul>\n","protected":false},"excerpt":{"rendered":"<p>Legg til s\u00f8te m\u00f8nstre p\u00e5 notater, kort og planleggere p\u00e5 f\u00e5 sekunder. \ud83d\udc3e\ud83d\udd8a Denne dekorative dyrepressennen gj\u00f8r hver side morsommere [&hellip;]<\/p>\n","protected":false},"featured_media":60602,"comment_status":"open","ping_status":"closed","template":"","meta":{"site-sidebar-layout":"default","site-content-layout":"","ast-site-content-layout":"default","site-content-style":"default","site-sidebar-style":"default","ast-global-header-display":"","ast-banner-title-visibility":"","ast-main-header-display":"","ast-hfb-above-header-display":"","ast-hfb-below-header-display":"","ast-hfb-mobile-header-display":"","site-post-title":"","ast-breadcrumbs-content":"","ast-featured-img":"","footer-sml-layout":"","theme-transparent-header-meta":"default","adv-header-id-meta":"","stick-header-meta":"","header-above-stick-meta":"","header-main-stick-meta":"","header-below-stick-meta":"","astra-migrate-meta-layouts":"set","ast-page-background-enabled":"default","ast-page-background-meta":{"desktop":{"background-color":"var(--ast-global-color-4)","background-image":"","background-repeat":"repeat","background-position":"center center","background-size":"auto","background-attachment":"scroll","background-type":"","background-media":"","overlay-type":"","overlay-color":"","overlay-opacity":"","overlay-gradient":""},"tablet":{"background-color":"","background-image":"","background-repeat":"repeat","background-position":"center center","background-size":"auto","background-attachment":"scroll","background-type":"","background-media":"","overlay-type":"","overlay-color":"","overlay-opacity":"","overlay-gradient":""},"mobile":{"background-color":"","background-image":"","background-repeat":"repeat","background-position":"center center","background-size":"auto","background-attachment":"scroll","background-type":"","background-media":"","overlay-type":"","overlay-color":"","overlay-opacity":"","overlay-gradient":""}},"ast-content-background-meta":{"desktop":{"background-color":"var(--ast-global-color-5)","background-image":"","background-repeat":"repeat","background-position":"center center","background-size":"auto","background-attachment":"scroll","background-type":"","background-media":"","overlay-type":"","overlay-color":"","overlay-opacity":"","overlay-gradient":""},"tablet":{"background-color":"var(--ast-global-color-5)","background-image":"","background-repeat":"repeat","background-position":"center center","background-size":"auto","background-attachment":"scroll","background-type":"","background-media":"","overlay-type":"","overlay-color":"","overlay-opacity":"","overlay-gradient":""},"mobile":{"background-color":"var(--ast-global-color-5)","background-image":"","background-repeat":"repeat","background-position":"center center","background-size":"auto","background-attachment":"scroll","background-type":"","background-media":"","overlay-type":"","overlay-color":"","overlay-opacity":"","overlay-gradient":""}}},"product_brand":[],"product_cat":[990],"product_tag":[],"class_list":{"0":"post-60606","1":"product","2":"type-product","3":"status-publish","4":"has-post-thumbnail","6":"product_cat-leker-barne-og-babyprodukter","7":"pa_54642_6o1hki7x-alfabetet","8":"pa_54642_6o1hki7x-ballon","9":"pa_54642_6o1hki7x-blomst","10":"pa_54642_6o1hki7x-hjerte","11":"pa_54642_6o1hki7x-kaffe","12":"pa_54642_6o1hki7x-katt","13":"pa_54642_6o1hki7x-kirsebaer","14":"pa_54642_6o1hki7x-panda","15":"pa_54642_6o1hki7x-sett-med-12-stk","16":"pa_54642_6o1hki7x-sitron","17":"pa_54642_6o1hki7x-stjerne","18":"pa_54642_6o1hki7x-tumblur","19":"pa_54642_6o1hki7x-vannmelon","20":"desktop-align-left","21":"tablet-align-left","22":"mobile-align-left","24":"first","25":"instock","26":"shipping-taxable","27":"purchasable","28":"product-type-variable"},"_links":{"self":[{"href":"https:\/\/keluvo.com\/no\/wp-json\/wp\/v2\/product\/60606","targetHints":{"allow":["GET"]}}],"collection":[{"href":"https:\/\/keluvo.com\/no\/wp-json\/wp\/v2\/product"}],"about":[{"href":"https:\/\/keluvo.com\/no\/wp-json\/wp\/v2\/types\/product"}],"replies":[{"embeddable":true,"href":"https:\/\/keluvo.com\/no\/wp-json\/wp\/v2\/comments?post=60606"}],"wp:featuredmedia":[{"embeddable":true,"href":"https:\/\/keluvo.com\/no\/wp-json\/wp\/v2\/media\/60602"}],"wp:attachment":[{"href":"https:\/\/keluvo.com\/no\/wp-json\/wp\/v2\/media?parent=60606"}],"wp:term":[{"taxonomy":"product_brand","embeddable":true,"href":"https:\/\/keluvo.com\/no\/wp-json\/wp\/v2\/product_brand?post=60606"},{"taxonomy":"product_cat","embeddable":true,"href":"https:\/\/keluvo.com\/no\/wp-json\/wp\/v2\/product_cat?post=60606"},{"taxonomy":"product_tag","embeddable":true,"href":"https:\/\/keluvo.com\/no\/wp-json\/wp\/v2\/product_tag?post=60606"}],"curies":[{"name":"wp","href":"https:\/\/api.w.org\/{rel}","templated":true}]}}