{"id":60585,"date":"2025-12-04T17:31:38","date_gmt":"2025-12-04T15:31:38","guid":{"rendered":"https:\/\/keluvo.com\/no\/produkt\/loftetape-for-ansikt-og-hals\/"},"modified":"2025-12-15T18:23:58","modified_gmt":"2025-12-15T16:23:58","slug":"loftetape-for-ansikt-og-hals","status":"publish","type":"product","link":"https:\/\/keluvo.com\/no\/produkt\/loftetape-for-ansikt-og-hals\/","title":{"rendered":"L\u00f8ftetape for ansikt og hals"},"content":{"rendered":"<div class=\"flex max-w-full flex-col grow\">\n<div class=\"min-h-8 text-message relative flex w-full flex-col items-end gap-2 text-start break-words whitespace-normal [.text-message+&amp;]:mt-1\" dir=\"auto\" data-message-author-role=\"assistant\" data-message-id=\"950f4cfb-63d0-4573-8e83-9fdb9d6b16e9\" data-message-model-slug=\"gpt-5-1\">\n<div class=\"flex w-full flex-col gap-1 empty:hidden first:pt-[1px]\">\n<div class=\"markdown prose dark:prose-invert w-full break-words light markdown-new-styling\">\n<p style=\"text-align: center;\" data-start=\"0\" data-end=\"89\"><strong>Ansiktet Og Halsen Ser Umiddelbart Strammere, Glattere Og Yngre Ut \u2014 Alt P\u00e5 Bare Noen Sekunder. \ud83d\udc69\u200d\ud83e\uddb0<\/strong><\/p>\n<p style=\"text-align: center;\" data-start=\"91\" data-end=\"314\">Dette L\u00f8ftetape for ansikt og hals gir deg et raskt, naturlig utseende l\u00f8ft uten kirurgi, anstrengelser eller kompliserte verkt\u00f8y. Enten det er til daglig bruk eller en spesiell begivenhet, hjelper den deg med \u00e5 forme et fastere ansikt og hals slik at du kan f\u00f8le deg selvsikker n\u00e5r som helst.<\/p>\n<p data-start=\"91\" data-end=\"314\"><img fetchpriority=\"high\" decoding=\"async\" class=\"size-full wp-image-43601 aligncenter\" src=\"https:\/\/keluvo.com\/template\/wp-content\/uploads\/sites\/5\/2025\/12\/10222-ezgif.com-video-to-webp-converter-1.webp\" alt=\"\" width=\"500\" height=\"500\" \/><\/p>\n<h2 style=\"text-align: center;\" data-start=\"321\" data-end=\"341\">\u2b50 Hovedfordeler<\/h2>\n<p data-start=\"344\" data-end=\"413\">\u2728 \u00d8yeblikkelig l\u00f8ft \u2013 Strammer opp halsen, haken og ansiktet p\u00e5 sekunder.<\/p>\n<p data-start=\"416\" data-end=\"498\">\ud83e\udef6 Naturlig utseende \u2013 Ultratynn og gjennomsiktig tape som smelter inn i alle hudtoner.<\/p>\n<p data-start=\"501\" data-end=\"572\">\ud83d\ude4c Enkel \u00e5 bruke \u2013 P\u00e5f\u00f8res p\u00e5 f\u00e5 minutter uten behov for ferdigheter eller verkt\u00f8y.<\/p>\n<p data-start=\"575\" data-end=\"651\">\ud83d\udc69\u200d\ud83e\uddb0 Flerbruk \u2013 Fungerer p\u00e5 hals, hake, kinn, \u00f8yenbryn og mer.<\/p>\n<p data-start=\"654\" data-end=\"737\">\ud83d\udca7 Langvarig hold \u2013 Svetteresistent medisinsk lim holder seg fast i timevis.<\/p>\n<p data-start=\"740\" data-end=\"814\">\ud83c\udf3f Hudvennlig \u2013 Allergivennlige materialer som er trygge for alle hudtyper.<\/p>\n<p data-start=\"817\" data-end=\"899\">\ud83d\udc84 Perfekt for enhver anledning \u2013 Ideell for daglig bruk, bilder, arrangementer eller sminke.<\/p>\n<p data-start=\"817\" data-end=\"899\"><img decoding=\"async\" class=\"size-full wp-image-43599 aligncenter\" src=\"https:\/\/keluvo.com\/template\/wp-content\/uploads\/sites\/5\/2025\/12\/e53ac16e58ae26ac0544b64e875fe3938967d644.jpg\" alt=\"\" width=\"1080\" height=\"1080\" \/><\/p>\n<h2 style=\"text-align: center;\" data-start=\"906\" data-end=\"924\">\ud83e\uddfe Slik Bruker Du Den<\/h2>\n<ol data-start=\"925\" data-end=\"1182\">\n<li data-start=\"925\" data-end=\"954\">\n<p data-start=\"928\" data-end=\"954\">Rengj\u00f8r og t\u00f8rk huden.<\/p>\n<\/li>\n<li data-start=\"955\" data-end=\"1036\">\n<p data-start=\"958\" data-end=\"1036\">Strekk forsiktig ut omr\u00e5det du vil l\u00f8fte (hals, hake, kinn, \u00f8yenbryn osv.).<\/p>\n<\/li>\n<li data-start=\"1037\" data-end=\"1076\">\n<p data-start=\"1040\" data-end=\"1076\">Fest teipen godt p\u00e5 huden.<\/p>\n<\/li>\n<li data-start=\"1077\" data-end=\"1138\">\n<p data-start=\"1080\" data-end=\"1138\">Skjul teipen bak h\u00e5ret eller bland den under sminke.<\/p>\n<\/li>\n<li data-start=\"1139\" data-end=\"1182\">\n<p data-start=\"1142\" data-end=\"1182\">Nyt det l\u00f8ftede, glatte resultatet hele dagen.<\/p>\n<\/li>\n<\/ol>\n<h2 style=\"text-align: center;\" data-start=\"1189\" data-end=\"1212\">\ud83d\udccc Produktdetaljer<\/h2>\n<ul data-start=\"1213\" data-end=\"1517\">\n<li data-start=\"1255\" data-end=\"1308\">\n<p data-start=\"1257\" data-end=\"1308\">Materiale: Elastisk stoff + lim av medisinsk kvalitet<\/p>\n<\/li>\n<li data-start=\"1309\" data-end=\"1332\">\n<p data-start=\"1311\" data-end=\"1332\">Holdbarhet: 3 \u00e5r<\/p>\n<\/li>\n<li data-start=\"1357\" data-end=\"1394\">\n<p data-start=\"1359\" data-end=\"1394\">Ultratynn og gjennomsiktig design<\/p>\n<\/li>\n<li data-start=\"1395\" data-end=\"1424\">\n<p data-start=\"1397\" data-end=\"1424\">Sterkt, langvarig hold<\/p>\n<\/li>\n<li data-start=\"1425\" data-end=\"1469\">\n<p data-start=\"1427\" data-end=\"1469\">Hypoallergen, sk\u00e5nsom mot sensitiv hud<\/p>\n<\/li>\n<li data-start=\"1470\" data-end=\"1517\">\n<p data-start=\"1472\" data-end=\"1517\">Velegnet for hals, hake, kinn og \u00f8yenbryn<\/p>\n<\/li>\n<\/ul>\n<h2 style=\"text-align: center;\" data-start=\"1524\" data-end=\"1548\">\ud83c\udf81 Pakken inneholder<\/h2>\n<ul data-start=\"1549\" data-end=\"1577\" data-is-last-node=\"\" data-is-only-node=\"\">\n<li data-start=\"1549\" data-end=\"1577\" data-is-last-node=\"\">\n<p data-start=\"1551\" data-end=\"1577\" data-is-last-node=\"\">20, 40x l\u00f8fteb\u00e5nd for ansikt og hals.<\/p>\n<\/li>\n<\/ul>\n<\/div>\n<\/div>\n<\/div>\n<\/div>\n","protected":false},"excerpt":{"rendered":"<p>Ansiktet Og Halsen Ser Umiddelbart Strammere, Glattere Og Yngre Ut \u2014 Alt P\u00e5 Bare Noen Sekunder. \ud83d\udc69\u200d\ud83e\uddb0 Dette L\u00f8ftetape for [&hellip;]<\/p>\n","protected":false},"featured_media":60581,"comment_status":"open","ping_status":"closed","template":"","meta":{"site-sidebar-layout":"default","site-content-layout":"","ast-site-content-layout":"default","site-content-style":"default","site-sidebar-style":"default","ast-global-header-display":"","ast-banner-title-visibility":"","ast-main-header-display":"","ast-hfb-above-header-display":"","ast-hfb-below-header-display":"","ast-hfb-mobile-header-display":"","site-post-title":"","ast-breadcrumbs-content":"","ast-featured-img":"","footer-sml-layout":"","theme-transparent-header-meta":"default","adv-header-id-meta":"","stick-header-meta":"","header-above-stick-meta":"","header-main-stick-meta":"","header-below-stick-meta":"","astra-migrate-meta-layouts":"set","ast-page-background-enabled":"default","ast-page-background-meta":{"desktop":{"background-color":"var(--ast-global-color-4)","background-image":"","background-repeat":"repeat","background-position":"center center","background-size":"auto","background-attachment":"scroll","background-type":"","background-media":"","overlay-type":"","overlay-color":"","overlay-opacity":"","overlay-gradient":""},"tablet":{"background-color":"","background-image":"","background-repeat":"repeat","background-position":"center center","background-size":"auto","background-attachment":"scroll","background-type":"","background-media":"","overlay-type":"","overlay-color":"","overlay-opacity":"","overlay-gradient":""},"mobile":{"background-color":"","background-image":"","background-repeat":"repeat","background-position":"center center","background-size":"auto","background-attachment":"scroll","background-type":"","background-media":"","overlay-type":"","overlay-color":"","overlay-opacity":"","overlay-gradient":""}},"ast-content-background-meta":{"desktop":{"background-color":"var(--ast-global-color-5)","background-image":"","background-repeat":"repeat","background-position":"center center","background-size":"auto","background-attachment":"scroll","background-type":"","background-media":"","overlay-type":"","overlay-color":"","overlay-opacity":"","overlay-gradient":""},"tablet":{"background-color":"var(--ast-global-color-5)","background-image":"","background-repeat":"repeat","background-position":"center center","background-size":"auto","background-attachment":"scroll","background-type":"","background-media":"","overlay-type":"","overlay-color":"","overlay-opacity":"","overlay-gradient":""},"mobile":{"background-color":"var(--ast-global-color-5)","background-image":"","background-repeat":"repeat","background-position":"center center","background-size":"auto","background-attachment":"scroll","background-type":"","background-media":"","overlay-type":"","overlay-color":"","overlay-opacity":"","overlay-gradient":""}}},"product_brand":[],"product_cat":[992],"product_tag":[],"class_list":{"0":"post-60585","1":"product","2":"type-product","3":"status-publish","4":"has-post-thumbnail","6":"product_cat-skjonnhets-og-hygieneprodukter","7":"pa_54628_6opfoti3-20-stk","8":"pa_54628_6opfoti3-40-stk","9":"pa_54628_n34u9xfv-a","10":"pa_54628_n34u9xfv-b","11":"desktop-align-left","12":"tablet-align-left","13":"mobile-align-left","15":"first","16":"instock","17":"shipping-taxable","18":"purchasable","19":"product-type-variable","20":"has-default-attributes"},"_links":{"self":[{"href":"https:\/\/keluvo.com\/no\/wp-json\/wp\/v2\/product\/60585","targetHints":{"allow":["GET"]}}],"collection":[{"href":"https:\/\/keluvo.com\/no\/wp-json\/wp\/v2\/product"}],"about":[{"href":"https:\/\/keluvo.com\/no\/wp-json\/wp\/v2\/types\/product"}],"replies":[{"embeddable":true,"href":"https:\/\/keluvo.com\/no\/wp-json\/wp\/v2\/comments?post=60585"}],"wp:featuredmedia":[{"embeddable":true,"href":"https:\/\/keluvo.com\/no\/wp-json\/wp\/v2\/media\/60581"}],"wp:attachment":[{"href":"https:\/\/keluvo.com\/no\/wp-json\/wp\/v2\/media?parent=60585"}],"wp:term":[{"taxonomy":"product_brand","embeddable":true,"href":"https:\/\/keluvo.com\/no\/wp-json\/wp\/v2\/product_brand?post=60585"},{"taxonomy":"product_cat","embeddable":true,"href":"https:\/\/keluvo.com\/no\/wp-json\/wp\/v2\/product_cat?post=60585"},{"taxonomy":"product_tag","embeddable":true,"href":"https:\/\/keluvo.com\/no\/wp-json\/wp\/v2\/product_tag?post=60585"}],"curies":[{"name":"wp","href":"https:\/\/api.w.org\/{rel}","templated":true}]}}