{"id":60146,"date":"2025-12-01T18:49:01","date_gmt":"2025-12-01T16:49:01","guid":{"rendered":"https:\/\/keluvo.com\/no\/produkt\/oppbevaringsskillevegg-for-kjoleskap\/"},"modified":"2025-12-08T12:08:16","modified_gmt":"2025-12-08T10:08:16","slug":"oppbevaringsskillevegg-for-kjoleskap","status":"publish","type":"product","link":"https:\/\/keluvo.com\/no\/produkt\/oppbevaringsskillevegg-for-kjoleskap\/","title":{"rendered":"Oppbevaringsskillevegg for kj\u00f8leskap"},"content":{"rendered":"<p style=\"text-align: center;\" data-start=\"327\" data-end=\"369\"><strong>Organiser Ethvert Kj\u00f8leskap P\u00e5 Sekunder. \ud83c\udfe0\u00a0<\/strong><\/p>\n<p style=\"text-align: center;\" data-start=\"370\" data-end=\"727\">Disse kj\u00f8leskapsdelerne skyves p\u00e5 plass og skiller \u00f8yeblikkelig gjenstander inne i kj\u00f8leskapsd\u00f8ren, skuffer, spiskammer og oppbevaringsbokser. De passer til de fleste kj\u00f8leskapsst\u00f8rrelser og er ogs\u00e5 perfekte til kj\u00f8kken, bad, kommoder og kontorskuffer. De er sterke, holdbare og enkle \u00e5 rengj\u00f8re, og hjelper deg med \u00e5 maksimere plassen og holde alt synlig og organisert.<\/p>\n<p data-start=\"370\" data-end=\"727\"><img fetchpriority=\"high\" decoding=\"async\" class=\"size-full wp-image-43347 aligncenter\" src=\"https:\/\/keluvo.com\/template\/wp-content\/uploads\/sites\/5\/2025\/11\/102217-ezgif.com-video-to-webp-converter.webp\" alt=\"\" width=\"500\" height=\"500\" \/><\/p>\n<h2 style=\"text-align: center;\" data-start=\"734\" data-end=\"754\"><strong>Hovedfordeler<\/strong><\/h2>\n<p data-start=\"755\" data-end=\"1392\">\ud83d\udce6 Plassbesparende &#8211; Oppretter seksjoner for \u00e5 lagre mat pent og bruke hver tomme av plassen.<\/p>\n<p data-start=\"755\" data-end=\"1392\">\ud83e\udd5a Flerbruksbruk &#8211; Perfekt for egg, flasker, snacks, gr\u00f8nnsaker, ost, krydder og mer.<\/p>\n<p data-start=\"755\" data-end=\"1392\">\ud83e\uddfc Rent og ryddig\u00a0&#8211; Hindrer at gjenstander forskyver seg og gj\u00f8r alt lettere tilgjengelig.<\/p>\n<p data-start=\"755\" data-end=\"1392\">\u2699\ufe0f Justerbar passform &#8211; Skyv for \u00e5 stille inn riktig avstand for forskjellige gjenstander og lommest\u00f8rrelser.<\/p>\n<p data-start=\"755\" data-end=\"1392\">\ud83d\udcaa Slitesterkt materiale &#8211; Sterk PP-konstruksjon som holder seg stabil selv ved tung bruk.<\/p>\n<p data-start=\"755\" data-end=\"1392\">\ud83e\uddfd Enkel \u00e5 rengj\u00f8re &#8211; Glatt overflate som kan t\u00f8rkes av eller skylles under vann.<\/p>\n<p data-start=\"755\" data-end=\"1392\">\ud83c\udfe0 Kan brukes hvor som helst &#8211; Passer perfekt til kj\u00f8leskap, spiskammer, skuffer, skap og kontoroppbevaring.<\/p>\n<p data-start=\"755\" data-end=\"1392\"><img decoding=\"async\" class=\"size-full wp-image-43343 aligncenter\" src=\"https:\/\/keluvo.com\/template\/wp-content\/uploads\/sites\/5\/2025\/11\/e72ef79ff402f5ec0cbcbe0a8be5c20e-700.jpg\" alt=\"\" width=\"1080\" height=\"1080\" \/><\/p>\n<h2 style=\"text-align: center;\" data-start=\"1399\" data-end=\"1417\"><strong>Slik Bruker Du Det<\/strong><\/h2>\n<ol data-start=\"1418\" data-end=\"1711\">\n<li data-start=\"1418\" data-end=\"1490\">\n<p data-start=\"1421\" data-end=\"1490\">Velg kj\u00f8leskapslomme, hylle eller beholder du vil organisere.<\/p>\n<\/li>\n<li data-start=\"1491\" data-end=\"1552\">\n<p data-start=\"1494\" data-end=\"1552\">Skyv skilleveggen for \u00e5 justere bredden slik at den passer til varene dine.<\/p>\n<\/li>\n<li data-start=\"1553\" data-end=\"1605\">\n<p data-start=\"1556\" data-end=\"1605\">Klem eller plasser den i lommen eller beholderen.<\/p>\n<\/li>\n<li data-start=\"1606\" data-end=\"1665\">\n<p data-start=\"1609\" data-end=\"1665\">Legg til varene dine og nyt en ryddig, lett tilgjengelig layout.<\/p>\n<\/li>\n<li data-start=\"1666\" data-end=\"1711\">\n<p data-start=\"1669\" data-end=\"1711\">Fjern n\u00e5r som helst og plasser p\u00e5 nytt etter behov.<\/p>\n<\/li>\n<\/ol>\n<h2 style=\"text-align: center;\" data-start=\"1718\" data-end=\"1741\"><strong>Produktdetaljer<\/strong><\/h2>\n<ul data-start=\"1742\" data-end=\"1949\">\n<li data-start=\"1783\" data-end=\"1799\">\n<p data-start=\"1785\" data-end=\"1799\">Materiale: PP<\/p>\n<\/li>\n<li data-start=\"1817\" data-end=\"1839\">\n<p data-start=\"1819\" data-end=\"1839\">St\u00f8rrelse: 7,7 x 5,5 cm<\/p>\n<\/li>\n<li data-start=\"1840\" data-end=\"1900\">\n<p data-start=\"1842\" data-end=\"1900\">Kompatibilitet: Passer til de fleste kj\u00f8leskap og oppbevaringsbokser<\/p>\n<\/li>\n<li data-start=\"1901\" data-end=\"1949\">\n<p data-start=\"1903\" data-end=\"1949\">Funksjoner: Justerbar, slitesterk, enkel \u00e5 rengj\u00f8re<\/p>\n<\/li>\n<\/ul>\n<h2 style=\"text-align: center;\" data-start=\"1956\" data-end=\"1980\"><strong>Pakken inneholder<\/strong><\/h2>\n<ul data-start=\"1981\" data-end=\"2058\">\n<li data-start=\"1981\" data-end=\"2058\">\n<p data-start=\"1983\" data-end=\"2058\">10, 20x kj\u00f8leskapsskillevegger.<\/p>\n<\/li>\n<\/ul>\n","protected":false},"excerpt":{"rendered":"<p>Organiser Ethvert Kj\u00f8leskap P\u00e5 Sekunder. \ud83c\udfe0\u00a0 Disse kj\u00f8leskapsdelerne skyves p\u00e5 plass og skiller \u00f8yeblikkelig gjenstander inne i kj\u00f8leskapsd\u00f8ren, skuffer, spiskammer [&hellip;]<\/p>\n","protected":false},"featured_media":60142,"comment_status":"open","ping_status":"closed","template":"","meta":{"site-sidebar-layout":"default","site-content-layout":"","ast-site-content-layout":"default","site-content-style":"default","site-sidebar-style":"default","ast-global-header-display":"","ast-banner-title-visibility":"","ast-main-header-display":"","ast-hfb-above-header-display":"","ast-hfb-below-header-display":"","ast-hfb-mobile-header-display":"","site-post-title":"","ast-breadcrumbs-content":"","ast-featured-img":"","footer-sml-layout":"","theme-transparent-header-meta":"default","adv-header-id-meta":"","stick-header-meta":"","header-above-stick-meta":"","header-main-stick-meta":"","header-below-stick-meta":"","astra-migrate-meta-layouts":"set","ast-page-background-enabled":"default","ast-page-background-meta":{"desktop":{"background-color":"var(--ast-global-color-4)","background-image":"","background-repeat":"repeat","background-position":"center center","background-size":"auto","background-attachment":"scroll","background-type":"","background-media":"","overlay-type":"","overlay-color":"","overlay-opacity":"","overlay-gradient":""},"tablet":{"background-color":"","background-image":"","background-repeat":"repeat","background-position":"center center","background-size":"auto","background-attachment":"scroll","background-type":"","background-media":"","overlay-type":"","overlay-color":"","overlay-opacity":"","overlay-gradient":""},"mobile":{"background-color":"","background-image":"","background-repeat":"repeat","background-position":"center center","background-size":"auto","background-attachment":"scroll","background-type":"","background-media":"","overlay-type":"","overlay-color":"","overlay-opacity":"","overlay-gradient":""}},"ast-content-background-meta":{"desktop":{"background-color":"var(--ast-global-color-5)","background-image":"","background-repeat":"repeat","background-position":"center center","background-size":"auto","background-attachment":"scroll","background-type":"","background-media":"","overlay-type":"","overlay-color":"","overlay-opacity":"","overlay-gradient":""},"tablet":{"background-color":"var(--ast-global-color-5)","background-image":"","background-repeat":"repeat","background-position":"center center","background-size":"auto","background-attachment":"scroll","background-type":"","background-media":"","overlay-type":"","overlay-color":"","overlay-opacity":"","overlay-gradient":""},"mobile":{"background-color":"var(--ast-global-color-5)","background-image":"","background-repeat":"repeat","background-position":"center center","background-size":"auto","background-attachment":"scroll","background-type":"","background-media":"","overlay-type":"","overlay-color":"","overlay-opacity":"","overlay-gradient":""}}},"product_brand":[],"product_cat":[1001],"product_tag":[],"class_list":{"0":"post-60146","1":"product","2":"type-product","3":"status-publish","4":"has-post-thumbnail","6":"product_cat-husholdningsartikler","7":"pa_54279_z4gde47c-10-stk","8":"pa_54279_z4gde47c-20-stk","9":"desktop-align-left","10":"tablet-align-left","11":"mobile-align-left","13":"first","14":"instock","15":"shipping-taxable","16":"purchasable","17":"product-type-variable"},"_links":{"self":[{"href":"https:\/\/keluvo.com\/no\/wp-json\/wp\/v2\/product\/60146","targetHints":{"allow":["GET"]}}],"collection":[{"href":"https:\/\/keluvo.com\/no\/wp-json\/wp\/v2\/product"}],"about":[{"href":"https:\/\/keluvo.com\/no\/wp-json\/wp\/v2\/types\/product"}],"replies":[{"embeddable":true,"href":"https:\/\/keluvo.com\/no\/wp-json\/wp\/v2\/comments?post=60146"}],"wp:featuredmedia":[{"embeddable":true,"href":"https:\/\/keluvo.com\/no\/wp-json\/wp\/v2\/media\/60142"}],"wp:attachment":[{"href":"https:\/\/keluvo.com\/no\/wp-json\/wp\/v2\/media?parent=60146"}],"wp:term":[{"taxonomy":"product_brand","embeddable":true,"href":"https:\/\/keluvo.com\/no\/wp-json\/wp\/v2\/product_brand?post=60146"},{"taxonomy":"product_cat","embeddable":true,"href":"https:\/\/keluvo.com\/no\/wp-json\/wp\/v2\/product_cat?post=60146"},{"taxonomy":"product_tag","embeddable":true,"href":"https:\/\/keluvo.com\/no\/wp-json\/wp\/v2\/product_tag?post=60146"}],"curies":[{"name":"wp","href":"https:\/\/api.w.org\/{rel}","templated":true}]}}