{"id":60110,"date":"2025-12-01T18:47:18","date_gmt":"2025-12-01T16:47:18","guid":{"rendered":"https:\/\/keluvo.com\/no\/produkt\/trykk-pa-flaskeapneren\/"},"modified":"2025-12-02T21:05:12","modified_gmt":"2025-12-02T19:05:12","slug":"trykk-pa-flaskeapneren","status":"publish","type":"product","link":"https:\/\/keluvo.com\/no\/produkt\/trykk-pa-flaskeapneren\/","title":{"rendered":"Trykk p\u00e5 flaske\u00e5pneren"},"content":{"rendered":"<p style=\"text-align: center;\" data-start=\"233\" data-end=\"268\"><strong>En Smartere M\u00e5te \u00c5 \u00c5pne Flasker P\u00e5. \ud83c\udf7a\ud83c\udf7e<\/strong><\/p>\n<p style=\"text-align: center;\" data-start=\"269\" data-end=\"530\">Bare plasser \u00e5pneren p\u00e5 toppen av flasken, trykk ned, og korken spretter av &#8211; ingen vridning, ingen \u00f8mme h\u00e5ndledd og ingen \u00f8delagte korker. Den fj\u00e6rbelastede mekanismen gj\u00f8r flaske\u00e5pningen rask og tilfredsstillende, og den elegante designen ser flott ut i ethvert hjemmebaroppsett.<\/p>\n<p data-start=\"269\" data-end=\"530\"><img fetchpriority=\"high\" decoding=\"async\" class=\"size-full wp-image-43356 aligncenter\" src=\"https:\/\/keluvo.com\/template\/wp-content\/uploads\/sites\/5\/2025\/12\/d738043e46fc3fceb76749cbd1586c24.gif\" alt=\"\" width=\"480\" height=\"480\" \/><\/p>\n<h2 style=\"text-align: center;\" data-start=\"537\" data-end=\"557\"><strong>Hovedfordeler<\/strong><\/h2>\n<p data-start=\"558\" data-end=\"1086\">\ud83c\udf7a Trykk for \u00e5 \u00e5pne &#8211; Fjern korkene umiddelbart med et enkelt trykk nedover.<\/p>\n<p data-start=\"558\" data-end=\"1086\">\ud83e\uddf2 Holder korkene intakte &#8211; Perfekt for samlere som vil ha korker uten bulker.<\/p>\n<p data-start=\"558\" data-end=\"1086\">\ud83d\udc4c Ingen belastning p\u00e5 h\u00e5ndleddet &#8211; \u00c5pner flere flasker uten problemer p\u00e5 fester eller sammenkomster.<\/p>\n<p data-start=\"558\" data-end=\"1086\">\ud83c\udf81 Flott gaveid\u00e9 &#8211; Ideell for \u00f8lelskere, hobbybartendere og fans av h\u00e5ndverks\u00f8l.<\/p>\n<p data-start=\"558\" data-end=\"1086\">\ud83c\udfe1 Stilig design &#8211; Moderne utseende med flere fargealternativer som passer til enhver bar eller ethvert kj\u00f8kken.<\/p>\n<p data-start=\"558\" data-end=\"1086\">\ud83c\udf89 Morsom og enkel \u00e5 bruke &#8211; Gj\u00f8r det enkelt, raskt og tilfredsstillende \u00e5 \u00e5pne flasker.<\/p>\n<p data-start=\"558\" data-end=\"1086\"><img decoding=\"async\" class=\"size-full wp-image-43355 aligncenter\" src=\"https:\/\/keluvo.com\/template\/wp-content\/uploads\/sites\/5\/2025\/12\/383aa662b941be3dc3d0379f5eb711c0.avif\" alt=\"\" \/><\/p>\n<h2 style=\"text-align: center;\" data-start=\"1093\" data-end=\"1111\"><strong>Slik Bruker Du Den<\/strong><\/h2>\n<ol data-start=\"1112\" data-end=\"1332\">\n<li data-start=\"1112\" data-end=\"1166\">\n<p data-start=\"1115\" data-end=\"1166\">Plasser trykkflaske\u00e5pneren over flaskekorken.<\/p>\n<\/li>\n<li data-start=\"1167\" data-end=\"1234\">\n<p data-start=\"1170\" data-end=\"1234\">Trykk rett ned til du kjenner at \u00e5pneren slipper korken.<\/p>\n<\/li>\n<li data-start=\"1235\" data-end=\"1309\">\n<p data-start=\"1238\" data-end=\"1309\">L\u00f8ft \u00e5pneren &#8211; korken vil v\u00e6re inne i \u00e5pneren, helt intakt.<\/p>\n<\/li>\n<li data-start=\"1310\" data-end=\"1332\">\n<p data-start=\"1313\" data-end=\"1332\">Nyt drinken!<\/p>\n<\/li>\n<\/ol>\n<h2 style=\"text-align: center;\" data-start=\"1339\" data-end=\"1362\"><strong>Produktdetaljer<\/strong><\/h2>\n<ul data-start=\"1363\" data-end=\"1643\">\n<li data-start=\"1400\" data-end=\"1440\">\n<p data-start=\"1402\" data-end=\"1440\">Mekanisme: Fj\u00e6rbelastet trykkfunksjon<\/p>\n<\/li>\n<li data-start=\"1441\" data-end=\"1507\">\n<p data-start=\"1443\" data-end=\"1507\">Funksjon: Fjerner flaskekorker uten \u00e5 b\u00f8ye eller skade dem<\/p>\n<\/li>\n<li data-start=\"1508\" data-end=\"1567\">\n<p data-start=\"1510\" data-end=\"1567\">Design: Elegant, moderne stil med flere fargealternativer<\/p>\n<\/li>\n<li data-start=\"1568\" data-end=\"1643\">\n<p data-start=\"1570\" data-end=\"1643\">Ideal for: Hjemmebarer, fester, bartendere, samlere og hverdagsbruk<\/p>\n<\/li>\n<\/ul>\n<h2 style=\"text-align: center;\" data-start=\"1650\" data-end=\"1674\"><strong>Pakken inkluderer<\/strong><\/h2>\n<ul data-start=\"1675\" data-end=\"1701\">\n<li data-start=\"1675\" data-end=\"1701\">\n<p data-start=\"1677\" data-end=\"1701\">1x trykkflaske\u00e5pner.<\/p>\n<\/li>\n<\/ul>\n","protected":false},"excerpt":{"rendered":"<p>En Smartere M\u00e5te \u00c5 \u00c5pne Flasker P\u00e5. \ud83c\udf7a\ud83c\udf7e Bare plasser \u00e5pneren p\u00e5 toppen av flasken, trykk ned, og korken spretter [&hellip;]<\/p>\n","protected":false},"featured_media":60106,"comment_status":"open","ping_status":"closed","template":"","meta":{"site-sidebar-layout":"default","site-content-layout":"","ast-site-content-layout":"default","site-content-style":"default","site-sidebar-style":"default","ast-global-header-display":"","ast-banner-title-visibility":"","ast-main-header-display":"","ast-hfb-above-header-display":"","ast-hfb-below-header-display":"","ast-hfb-mobile-header-display":"","site-post-title":"","ast-breadcrumbs-content":"","ast-featured-img":"","footer-sml-layout":"","theme-transparent-header-meta":"default","adv-header-id-meta":"","stick-header-meta":"","header-above-stick-meta":"","header-main-stick-meta":"","header-below-stick-meta":"","astra-migrate-meta-layouts":"set","ast-page-background-enabled":"default","ast-page-background-meta":{"desktop":{"background-color":"var(--ast-global-color-4)","background-image":"","background-repeat":"repeat","background-position":"center center","background-size":"auto","background-attachment":"scroll","background-type":"","background-media":"","overlay-type":"","overlay-color":"","overlay-opacity":"","overlay-gradient":""},"tablet":{"background-color":"","background-image":"","background-repeat":"repeat","background-position":"center center","background-size":"auto","background-attachment":"scroll","background-type":"","background-media":"","overlay-type":"","overlay-color":"","overlay-opacity":"","overlay-gradient":""},"mobile":{"background-color":"","background-image":"","background-repeat":"repeat","background-position":"center center","background-size":"auto","background-attachment":"scroll","background-type":"","background-media":"","overlay-type":"","overlay-color":"","overlay-opacity":"","overlay-gradient":""}},"ast-content-background-meta":{"desktop":{"background-color":"var(--ast-global-color-5)","background-image":"","background-repeat":"repeat","background-position":"center center","background-size":"auto","background-attachment":"scroll","background-type":"","background-media":"","overlay-type":"","overlay-color":"","overlay-opacity":"","overlay-gradient":""},"tablet":{"background-color":"var(--ast-global-color-5)","background-image":"","background-repeat":"repeat","background-position":"center center","background-size":"auto","background-attachment":"scroll","background-type":"","background-media":"","overlay-type":"","overlay-color":"","overlay-opacity":"","overlay-gradient":""},"mobile":{"background-color":"var(--ast-global-color-5)","background-image":"","background-repeat":"repeat","background-position":"center center","background-size":"auto","background-attachment":"scroll","background-type":"","background-media":"","overlay-type":"","overlay-color":"","overlay-opacity":"","overlay-gradient":""}}},"product_brand":[],"product_cat":[996],"product_tag":[],"class_list":{"0":"post-60110","1":"product","2":"type-product","3":"status-publish","4":"has-post-thumbnail","6":"product_cat-verktoy","7":"pa_54255_kf08ihjf-a","8":"pa_54255_kf08ihjf-b","9":"pa_54255_kf08ihjf-c","10":"pa_54255_kf08ihjf-d","11":"pa_54255_owi84fun-gronn","12":"pa_54255_owi84fun-solv","13":"pa_54255_owi84fun-svart","14":"desktop-align-left","15":"tablet-align-left","16":"mobile-align-left","18":"first","19":"instock","20":"shipping-taxable","21":"purchasable","22":"product-type-variable","23":"has-default-attributes"},"_links":{"self":[{"href":"https:\/\/keluvo.com\/no\/wp-json\/wp\/v2\/product\/60110","targetHints":{"allow":["GET"]}}],"collection":[{"href":"https:\/\/keluvo.com\/no\/wp-json\/wp\/v2\/product"}],"about":[{"href":"https:\/\/keluvo.com\/no\/wp-json\/wp\/v2\/types\/product"}],"replies":[{"embeddable":true,"href":"https:\/\/keluvo.com\/no\/wp-json\/wp\/v2\/comments?post=60110"}],"wp:featuredmedia":[{"embeddable":true,"href":"https:\/\/keluvo.com\/no\/wp-json\/wp\/v2\/media\/60106"}],"wp:attachment":[{"href":"https:\/\/keluvo.com\/no\/wp-json\/wp\/v2\/media?parent=60110"}],"wp:term":[{"taxonomy":"product_brand","embeddable":true,"href":"https:\/\/keluvo.com\/no\/wp-json\/wp\/v2\/product_brand?post=60110"},{"taxonomy":"product_cat","embeddable":true,"href":"https:\/\/keluvo.com\/no\/wp-json\/wp\/v2\/product_cat?post=60110"},{"taxonomy":"product_tag","embeddable":true,"href":"https:\/\/keluvo.com\/no\/wp-json\/wp\/v2\/product_tag?post=60110"}],"curies":[{"name":"wp","href":"https:\/\/api.w.org\/{rel}","templated":true}]}}