{"id":60061,"date":"2025-12-01T18:43:12","date_gmt":"2025-12-01T16:43:12","guid":{"rendered":"https:\/\/keluvo.com\/no\/produkt\/konturmaler-2\/"},"modified":"2025-12-08T12:08:55","modified_gmt":"2025-12-08T10:08:55","slug":"konturmaler-2","status":"publish","type":"product","link":"https:\/\/keluvo.com\/no\/produkt\/konturmaler-2\/","title":{"rendered":"Konturm\u00e5ler"},"content":{"rendered":"<p style=\"text-align: center;\" data-start=\"172\" data-end=\"235\"><strong>F\u00e5 Perfekte M\u00e5l For Selv De Mest Komplekse Former. \ud83d\udccf<\/strong><\/p>\n<p style=\"text-align: center;\" data-start=\"236\" data-end=\"506\">Denne konturm\u00e5leren er utviklet for \u00e5 hjelpe deg med \u00e5 raskt kopiere kurver, hj\u00f8rner og unike profiler uten \u00e5 gjette eller tegne for h\u00e5nd. Den er ideell for gulvlegging, flislegging, trebearbeiding eller andre gj\u00f8r-det-selv-jobber, og s\u00f8rger for rene, n\u00f8yaktige kutt med langt mindre innsats. Bare trykk, spor og skj\u00e6r.<\/p>\n<p data-start=\"236\" data-end=\"506\"><img fetchpriority=\"high\" decoding=\"async\" class=\"size-full wp-image-43302 aligncenter\" src=\"https:\/\/keluvo.com\/template\/wp-content\/uploads\/sites\/5\/2025\/11\/102215-ezgif.com-video-to-webp-converter.webp\" alt=\"\" width=\"500\" height=\"500\" \/><\/p>\n<h2 style=\"text-align: center;\" data-start=\"513\" data-end=\"533\"><strong>Hovedfordeler<\/strong><\/h2>\n<p data-start=\"534\" data-end=\"1084\">\ud83d\udccf Perfekt duplisering av former &#8211; Kopierer komplekse former umiddelbart for n\u00f8yaktig skj\u00e6ring.<\/p>\n<p data-start=\"534\" data-end=\"1084\">\u26a1 Sparer tid og krefter &#8211; Ingen behov for pappmaler eller manuell sporing.<\/p>\n<p data-start=\"534\" data-end=\"1084\">\ud83e\uddf0 Bredt bruksomr\u00e5de &#8211; Perfekt for fliser, laminat, tepper, r\u00f8r, rammer, kanaler og mer.<\/p>\n<p data-start=\"534\" data-end=\"1084\">\ud83c\udfaf Presis og n\u00f8yaktig &#8211; sikrer at kuttene passer n\u00f8yaktig til objektets profil.<\/p>\n<p data-start=\"534\" data-end=\"1084\">\ud83d\ude4c Enkel \u00e5 bruke for alle &#8211; Bare trykk m\u00e5leren p\u00e5 objektet, s\u00e5 formes formen umiddelbart.<\/p>\n<p data-start=\"534\" data-end=\"1084\">\ud83d\udcaa Slitesterk konstruksjon &#8211; Laget for \u00e5 t\u00e5le hyppig bruk i profesjonelle prosjekter og gj\u00f8r-det-selv-prosjekter.<\/p>\n<p data-start=\"534\" data-end=\"1084\"><img decoding=\"async\" class=\"size-full wp-image-43306 aligncenter\" src=\"https:\/\/keluvo.com\/template\/wp-content\/uploads\/sites\/5\/2025\/11\/36246e6ad842c1f08680ba57e9661bab19345397-700.avif\" alt=\"\" \/><\/p>\n<h2 style=\"text-align: center;\" data-start=\"1091\" data-end=\"1109\"><strong>Slik Bruker Du Den<\/strong><\/h2>\n<ol data-start=\"1110\" data-end=\"1435\">\n<li data-start=\"1110\" data-end=\"1184\">\n<p data-start=\"1113\" data-end=\"1184\">Plasser konturm\u00e5leren mot gjenstanden eller formen du skal kopiere.<\/p>\n<\/li>\n<li data-start=\"1185\" data-end=\"1242\">\n<p data-start=\"1188\" data-end=\"1242\">Trykk stiftene godt for \u00e5 matche gjenstandens profil.<\/p>\n<\/li>\n<li data-start=\"1243\" data-end=\"1315\">\n<p data-start=\"1246\" data-end=\"1315\">Fjern m\u00e5leren forsiktig mens du holder formen l\u00e5st p\u00e5 plass.<\/p>\n<\/li>\n<li data-start=\"1316\" data-end=\"1384\">\n<p data-start=\"1319\" data-end=\"1384\">Overf\u00f8r omrisset til fliser, tre, laminat eller annet materiale.<\/p>\n<\/li>\n<li data-start=\"1385\" data-end=\"1435\">\n<p data-start=\"1388\" data-end=\"1435\">Skj\u00e6r langs den sporede formen for perfekt passform.<\/p>\n<\/li>\n<\/ol>\n<h2 style=\"text-align: center;\" data-start=\"1442\" data-end=\"1465\"><strong>Produktdetaljer<\/strong><\/h2>\n<ul data-start=\"1466\" data-end=\"1766\">\n<li data-start=\"1498\" data-end=\"1549\">\n<p data-start=\"1500\" data-end=\"1549\">Form\u00e5l: Formduplisering for n\u00f8yaktig skj\u00e6ring<\/p>\n<\/li>\n<li data-start=\"1550\" data-end=\"1653\">\n<p data-start=\"1552\" data-end=\"1653\">Egnede for: Fliser, laminat, teppe, r\u00f8rmontering, trebearbeiding, karosseri, metallarbeid, DIY-prosjekter<\/p>\n<\/li>\n<li data-start=\"1654\" data-end=\"1701\">\n<p data-start=\"1656\" data-end=\"1701\">Materiale: Holdbar konstruksjon av h\u00f8y kvalitet<\/p>\n<\/li>\n<li data-start=\"1702\" data-end=\"1766\">\n<p data-start=\"1704\" data-end=\"1766\">Funksjoner: N\u00f8yaktig m\u00e5ling, multifunksjonell, enkel \u00e5 bruke<\/p>\n<\/li>\n<li data-start=\"1702\" data-end=\"1766\">St\u00f8rrelser: 12,7 cm, 25,5 cm<\/li>\n<\/ul>\n<h2 style=\"text-align: center;\" data-start=\"1773\" data-end=\"1797\"><strong>Pakken inneholder<\/strong><\/h2>\n<ul data-start=\"1798\" data-end=\"1819\">\n<li data-start=\"1798\" data-end=\"1819\">\n<p data-start=\"1800\" data-end=\"1819\">1x konturm\u00e5ler.<\/p>\n<\/li>\n<\/ul>\n","protected":false},"excerpt":{"rendered":"<p>F\u00e5 Perfekte M\u00e5l For Selv De Mest Komplekse Former. \ud83d\udccf Denne konturm\u00e5leren er utviklet for \u00e5 hjelpe deg med \u00e5 [&hellip;]<\/p>\n","protected":false},"featured_media":60057,"comment_status":"open","ping_status":"closed","template":"","meta":{"site-sidebar-layout":"default","site-content-layout":"","ast-site-content-layout":"default","site-content-style":"default","site-sidebar-style":"default","ast-global-header-display":"","ast-banner-title-visibility":"","ast-main-header-display":"","ast-hfb-above-header-display":"","ast-hfb-below-header-display":"","ast-hfb-mobile-header-display":"","site-post-title":"","ast-breadcrumbs-content":"","ast-featured-img":"","footer-sml-layout":"","theme-transparent-header-meta":"default","adv-header-id-meta":"","stick-header-meta":"","header-above-stick-meta":"","header-main-stick-meta":"","header-below-stick-meta":"","astra-migrate-meta-layouts":"set","ast-page-background-enabled":"default","ast-page-background-meta":{"desktop":{"background-color":"var(--ast-global-color-4)","background-image":"","background-repeat":"repeat","background-position":"center center","background-size":"auto","background-attachment":"scroll","background-type":"","background-media":"","overlay-type":"","overlay-color":"","overlay-opacity":"","overlay-gradient":""},"tablet":{"background-color":"","background-image":"","background-repeat":"repeat","background-position":"center center","background-size":"auto","background-attachment":"scroll","background-type":"","background-media":"","overlay-type":"","overlay-color":"","overlay-opacity":"","overlay-gradient":""},"mobile":{"background-color":"","background-image":"","background-repeat":"repeat","background-position":"center center","background-size":"auto","background-attachment":"scroll","background-type":"","background-media":"","overlay-type":"","overlay-color":"","overlay-opacity":"","overlay-gradient":""}},"ast-content-background-meta":{"desktop":{"background-color":"var(--ast-global-color-5)","background-image":"","background-repeat":"repeat","background-position":"center center","background-size":"auto","background-attachment":"scroll","background-type":"","background-media":"","overlay-type":"","overlay-color":"","overlay-opacity":"","overlay-gradient":""},"tablet":{"background-color":"var(--ast-global-color-5)","background-image":"","background-repeat":"repeat","background-position":"center center","background-size":"auto","background-attachment":"scroll","background-type":"","background-media":"","overlay-type":"","overlay-color":"","overlay-opacity":"","overlay-gradient":""},"mobile":{"background-color":"var(--ast-global-color-5)","background-image":"","background-repeat":"repeat","background-position":"center center","background-size":"auto","background-attachment":"scroll","background-type":"","background-media":"","overlay-type":"","overlay-color":"","overlay-opacity":"","overlay-gradient":""}}},"product_brand":[],"product_cat":[996],"product_tag":[],"class_list":{"0":"post-60061","1":"product","2":"type-product","3":"status-publish","4":"has-post-thumbnail","6":"product_cat-verktoy","7":"pa_54182_0j5ehd6f-bla","8":"pa_54182_0j5ehd6f-gronn","9":"pa_54182_0j5ehd6f-rod","10":"pa_54182_cvbivpzp-127-cm","11":"pa_54182_cvbivpzp-255-cm","12":"desktop-align-left","13":"tablet-align-left","14":"mobile-align-left","16":"first","17":"instock","18":"shipping-taxable","19":"purchasable","20":"product-type-variable","21":"has-default-attributes"},"_links":{"self":[{"href":"https:\/\/keluvo.com\/no\/wp-json\/wp\/v2\/product\/60061","targetHints":{"allow":["GET"]}}],"collection":[{"href":"https:\/\/keluvo.com\/no\/wp-json\/wp\/v2\/product"}],"about":[{"href":"https:\/\/keluvo.com\/no\/wp-json\/wp\/v2\/types\/product"}],"replies":[{"embeddable":true,"href":"https:\/\/keluvo.com\/no\/wp-json\/wp\/v2\/comments?post=60061"}],"wp:featuredmedia":[{"embeddable":true,"href":"https:\/\/keluvo.com\/no\/wp-json\/wp\/v2\/media\/60057"}],"wp:attachment":[{"href":"https:\/\/keluvo.com\/no\/wp-json\/wp\/v2\/media?parent=60061"}],"wp:term":[{"taxonomy":"product_brand","embeddable":true,"href":"https:\/\/keluvo.com\/no\/wp-json\/wp\/v2\/product_brand?post=60061"},{"taxonomy":"product_cat","embeddable":true,"href":"https:\/\/keluvo.com\/no\/wp-json\/wp\/v2\/product_cat?post=60061"},{"taxonomy":"product_tag","embeddable":true,"href":"https:\/\/keluvo.com\/no\/wp-json\/wp\/v2\/product_tag?post=60061"}],"curies":[{"name":"wp","href":"https:\/\/api.w.org\/{rel}","templated":true}]}}