{"id":60045,"date":"2025-12-01T18:41:47","date_gmt":"2025-12-01T16:41:47","guid":{"rendered":"https:\/\/keluvo.com\/no\/produkt\/begerskjaerer\/"},"modified":"2025-12-08T12:09:08","modified_gmt":"2025-12-08T10:09:08","slug":"begerskjaerer","status":"publish","type":"product","link":"https:\/\/keluvo.com\/no\/produkt\/begerskjaerer\/","title":{"rendered":"Begerskj\u00e6rer"},"content":{"rendered":"<p style=\"text-align: center;\" data-start=\"0\" data-end=\"58\"><strong>Skj\u00e6r Frukt Og Gr\u00f8nnsaker I Skiver P\u00e5 Sekunder Uten Anstrengelse. \ud83c\udf4e<\/strong><\/p>\n<p style=\"text-align: center;\" data-start=\"60\" data-end=\"291\">Denne koppskiveren gj\u00f8r matlagingen raskere, enklere og mye morsommere. De skarpe bladene i rustfritt st\u00e5l kutter frukt og gr\u00f8nnsaker i jevne skiver med ett raskt trykk &#8211; perfekt til matlaging, snacks, baking eller dekorering av retter.<\/p>\n<p data-start=\"60\" data-end=\"291\"><img fetchpriority=\"high\" decoding=\"async\" class=\"size-full wp-image-43293 aligncenter\" src=\"https:\/\/keluvo.com\/template\/wp-content\/uploads\/sites\/5\/2025\/11\/102213-ezgif.com-video-to-webp-converter-2-1.webp\" alt=\"\" width=\"500\" height=\"500\" \/><\/p>\n<h2 style=\"text-align: center;\" data-start=\"298\" data-end=\"318\"><strong>Hovedfordeler<\/strong><\/h2>\n<p data-start=\"319\" data-end=\"926\">\ud83c\udf4e Rask og jevn kutting &#8211; Skarpe blader i rustfritt st\u00e5l skaper rene, jevne skiver hver gang.<\/p>\n<p data-start=\"319\" data-end=\"926\">\u23f1\ufe0f Sparer tid og krefter &#8211; Designet for rask tilberedning av m\u00e5ltider hjemme eller p\u00e5 et restaurantkj\u00f8kken.<\/p>\n<p data-start=\"319\" data-end=\"926\">\ud83e\udd5d Fungerer p\u00e5 mange matvarer &#8211; Ideell til epler, jordb\u00e6r, bananer, sopp, mango, ananas, egg og mer.<\/p>\n<p data-start=\"319\" data-end=\"926\">\ud83d\udc4c Enkel \u00e5 bruke &#8211; Bare plasser maten inni og trykk; ingen ferdigheter trengs.<\/p>\n<p data-start=\"319\" data-end=\"926\">\ud83d\udcaa Holdbar konstruksjon &#8211; Laget av sterk ABS-plast og rustfritt st\u00e5l for langvarig daglig bruk.<\/p>\n<p data-start=\"319\" data-end=\"926\">\ud83c\udf81 Flott gaveid\u00e9 &#8211; En praktisk kj\u00f8kkengave til alle som elsker \u00e5 lage mat eller tilberede ferske snacks.<\/p>\n<p data-start=\"319\" data-end=\"926\"><img decoding=\"async\" class=\"size-full wp-image-43294 aligncenter\" src=\"https:\/\/keluvo.com\/template\/wp-content\/uploads\/sites\/5\/2025\/11\/759d1e23c4174c1055f006e0010da47436fe6596-700.avif\" alt=\"\" \/><\/p>\n<h2 style=\"text-align: center;\" data-start=\"933\" data-end=\"951\"><strong>Slik Bruker Du Den<\/strong><\/h2>\n<ol data-start=\"952\" data-end=\"1157\">\n<li data-start=\"952\" data-end=\"1009\">\n<p data-start=\"955\" data-end=\"1009\">Plasser frukten eller gr\u00f8nnsaken i koppskj\u00e6reren.<\/p>\n<\/li>\n<li data-start=\"1010\" data-end=\"1060\">\n<p data-start=\"1013\" data-end=\"1060\">Trykk godt ned for \u00e5 skj\u00e6re den i jevne skiver.<\/p>\n<\/li>\n<li data-start=\"1061\" data-end=\"1122\">\n<p data-start=\"1064\" data-end=\"1122\">L\u00f8ft skj\u00e6reren og ta ut de perfekt oppsk\u00e5rne bitene.<\/p>\n<\/li>\n<li data-start=\"1123\" data-end=\"1157\">\n<p data-start=\"1126\" data-end=\"1157\">Skyll og t\u00f8rk etter hver gang du har brukt den.<\/p>\n<\/li>\n<\/ol>\n<h2 style=\"text-align: center;\" data-start=\"1164\" data-end=\"1187\"><strong>Produktdetaljer<\/strong><\/h2>\n<ul data-start=\"1188\" data-end=\"1438\">\n<li data-start=\"1217\" data-end=\"1256\">\n<p data-start=\"1219\" data-end=\"1256\">Materiale: ABS + rustfritt st\u00e5l<\/p>\n<\/li>\n<li data-start=\"1257\" data-end=\"1299\">\n<p data-start=\"1259\" data-end=\"1299\">St\u00f8rrelse: 10,6 x 7,6 cm<\/p>\n<\/li>\n<li data-start=\"1300\" data-end=\"1363\">\n<p data-start=\"1302\" data-end=\"1363\">Funksjoner: Skiver frukt og gr\u00f8nnsaker raskt og jevnt<\/p>\n<\/li>\n<li data-start=\"1364\" data-end=\"1438\">\n<p data-start=\"1366\" data-end=\"1438\">Egnet for: Epler, jordb\u00e6r, bananer, sopp, egg og mer<\/p>\n<\/li>\n<\/ul>\n<h2 style=\"text-align: center;\" data-start=\"1445\" data-end=\"1469\"><strong>Pakken inkluderer<\/strong><\/h2>\n<ul data-start=\"1470\" data-end=\"1494\">\n<li data-start=\"1470\" data-end=\"1494\">\n<p data-start=\"1472\" data-end=\"1494\">1, 2x koppskiver.<\/p>\n<\/li>\n<\/ul>\n","protected":false},"excerpt":{"rendered":"<p>Skj\u00e6r Frukt Og Gr\u00f8nnsaker I Skiver P\u00e5 Sekunder Uten Anstrengelse. \ud83c\udf4e Denne koppskiveren gj\u00f8r matlagingen raskere, enklere og mye morsommere. [&hellip;]<\/p>\n","protected":false},"featured_media":60041,"comment_status":"open","ping_status":"closed","template":"","meta":{"site-sidebar-layout":"default","site-content-layout":"","ast-site-content-layout":"default","site-content-style":"default","site-sidebar-style":"default","ast-global-header-display":"","ast-banner-title-visibility":"","ast-main-header-display":"","ast-hfb-above-header-display":"","ast-hfb-below-header-display":"","ast-hfb-mobile-header-display":"","site-post-title":"","ast-breadcrumbs-content":"","ast-featured-img":"","footer-sml-layout":"","theme-transparent-header-meta":"default","adv-header-id-meta":"","stick-header-meta":"","header-above-stick-meta":"","header-main-stick-meta":"","header-below-stick-meta":"","astra-migrate-meta-layouts":"set","ast-page-background-enabled":"default","ast-page-background-meta":{"desktop":{"background-color":"var(--ast-global-color-4)","background-image":"","background-repeat":"repeat","background-position":"center center","background-size":"auto","background-attachment":"scroll","background-type":"","background-media":"","overlay-type":"","overlay-color":"","overlay-opacity":"","overlay-gradient":""},"tablet":{"background-color":"","background-image":"","background-repeat":"repeat","background-position":"center center","background-size":"auto","background-attachment":"scroll","background-type":"","background-media":"","overlay-type":"","overlay-color":"","overlay-opacity":"","overlay-gradient":""},"mobile":{"background-color":"","background-image":"","background-repeat":"repeat","background-position":"center center","background-size":"auto","background-attachment":"scroll","background-type":"","background-media":"","overlay-type":"","overlay-color":"","overlay-opacity":"","overlay-gradient":""}},"ast-content-background-meta":{"desktop":{"background-color":"var(--ast-global-color-5)","background-image":"","background-repeat":"repeat","background-position":"center center","background-size":"auto","background-attachment":"scroll","background-type":"","background-media":"","overlay-type":"","overlay-color":"","overlay-opacity":"","overlay-gradient":""},"tablet":{"background-color":"var(--ast-global-color-5)","background-image":"","background-repeat":"repeat","background-position":"center center","background-size":"auto","background-attachment":"scroll","background-type":"","background-media":"","overlay-type":"","overlay-color":"","overlay-opacity":"","overlay-gradient":""},"mobile":{"background-color":"var(--ast-global-color-5)","background-image":"","background-repeat":"repeat","background-position":"center center","background-size":"auto","background-attachment":"scroll","background-type":"","background-media":"","overlay-type":"","overlay-color":"","overlay-opacity":"","overlay-gradient":""}}},"product_brand":[],"product_cat":[1001],"product_tag":[],"class_list":{"0":"post-60045","1":"product","2":"type-product","3":"status-publish","4":"has-post-thumbnail","6":"product_cat-husholdningsartikler","7":"pa_54177_73q3mz5h-1-stk","8":"pa_54177_73q3mz5h-2-stk","9":"desktop-align-left","10":"tablet-align-left","11":"mobile-align-left","13":"first","14":"instock","15":"shipping-taxable","16":"purchasable","17":"product-type-variable"},"_links":{"self":[{"href":"https:\/\/keluvo.com\/no\/wp-json\/wp\/v2\/product\/60045","targetHints":{"allow":["GET"]}}],"collection":[{"href":"https:\/\/keluvo.com\/no\/wp-json\/wp\/v2\/product"}],"about":[{"href":"https:\/\/keluvo.com\/no\/wp-json\/wp\/v2\/types\/product"}],"replies":[{"embeddable":true,"href":"https:\/\/keluvo.com\/no\/wp-json\/wp\/v2\/comments?post=60045"}],"wp:featuredmedia":[{"embeddable":true,"href":"https:\/\/keluvo.com\/no\/wp-json\/wp\/v2\/media\/60041"}],"wp:attachment":[{"href":"https:\/\/keluvo.com\/no\/wp-json\/wp\/v2\/media?parent=60045"}],"wp:term":[{"taxonomy":"product_brand","embeddable":true,"href":"https:\/\/keluvo.com\/no\/wp-json\/wp\/v2\/product_brand?post=60045"},{"taxonomy":"product_cat","embeddable":true,"href":"https:\/\/keluvo.com\/no\/wp-json\/wp\/v2\/product_cat?post=60045"},{"taxonomy":"product_tag","embeddable":true,"href":"https:\/\/keluvo.com\/no\/wp-json\/wp\/v2\/product_tag?post=60045"}],"curies":[{"name":"wp","href":"https:\/\/api.w.org\/{rel}","templated":true}]}}