{"id":60024,"date":"2025-12-01T18:40:24","date_gmt":"2025-12-01T16:40:24","guid":{"rendered":"https:\/\/keluvo.com\/no\/produkt\/vannflaske-og-pilleholder\/"},"modified":"2025-12-25T18:55:17","modified_gmt":"2025-12-25T16:55:17","slug":"vannflaske-og-pilleholder","status":"publish","type":"product","link":"https:\/\/keluvo.com\/no\/produkt\/vannflaske-og-pilleholder\/","title":{"rendered":"Vannflaske og pilleholder"},"content":{"rendered":"<p style=\"text-align: center;\" data-start=\"0\" data-end=\"62\"><strong>Ha alltid vannet og de daglige pillene p\u00e5 ett enkelt sted. \ud83d\udca7\ud83d\udc8a<\/strong><\/p>\n<p style=\"text-align: center;\" data-start=\"64\" data-end=\"316\">Denne vannflasken og pilleorganisatoren er en enkel og praktisk m\u00e5te \u00e5 holde deg hydrert og aldri glemme de daglige tablettene dine. Med et innebygd 7-dagers pillerom og en slitesterk 600 ml vannflaske, er den perfekt for reiser, treningsstudio, fotturer eller hverdagsbruk.<\/p>\n<p data-start=\"64\" data-end=\"316\"><img decoding=\"async\" class=\"size-full wp-image-43279 aligncenter\" src=\"https:\/\/keluvo.com\/template\/wp-content\/uploads\/sites\/5\/2025\/11\/03b753b5-db00-4f6f-ba44-45c0d48c7117.gif\" alt=\"\" \/><\/p>\n<h2 style=\"text-align: center;\" data-start=\"323\" data-end=\"343\"><strong>Hovedfordeler<\/strong><\/h2>\n<p data-start=\"344\" data-end=\"879\">\ud83d\udca7 Vann + piller i en flaske &#8211; B\u00e6r tabletter og vann sammen for rask, stressfri daglig bruk.<\/p>\n<p data-start=\"344\" data-end=\"879\">\ud83d\udc8a 7-dagers pillearrang\u00f8r &#8211; Inkluderer syv pillebokser festet til flasken for \u00e5 holde de ukentlige dosene dine organisert.<\/p>\n<p data-start=\"344\" data-end=\"879\">\ud83d\udd10 Sikkert snapplokk &#8211; Holder pillene trygt l\u00e5st inne i vesken din uten \u00e5 s\u00f8le.<\/p>\n<p data-start=\"344\" data-end=\"879\">\ud83c\udfc3 Perfekt for p\u00e5 farten &#8211; Lett design med snor gj\u00f8r den perfekt for sport, reiser og utend\u00f8rsaktiviteter.<\/p>\n<p data-start=\"344\" data-end=\"879\">\ud83c\udf31 Sikker og milj\u00f8vennlig &#8211; Laget av BPA-fri PP + PC-materialer for trygg daglig hydrering.<\/p>\n<p data-start=\"344\" data-end=\"879\"><img fetchpriority=\"high\" decoding=\"async\" class=\"size-full wp-image-43274 aligncenter\" src=\"https:\/\/keluvo.com\/template\/wp-content\/uploads\/sites\/5\/2025\/11\/97c326a534914977ce099056115e3d5df6885be0.jpg\" alt=\"\" width=\"1080\" height=\"668\" \/><\/p>\n<h2 style=\"text-align: center;\" data-start=\"886\" data-end=\"904\"><strong>Slik bruker du den<\/strong><\/h2>\n<ol data-start=\"905\" data-end=\"1244\">\n<li data-start=\"905\" data-end=\"974\">\n<p data-start=\"908\" data-end=\"974\">Skli ut pilleorganisatoren ved hjelp av det innebygde finger\u00e5pningen.<\/p>\n<\/li>\n<li data-start=\"975\" data-end=\"1042\">\n<p data-start=\"978\" data-end=\"1042\">Fyll hvert rom med dine daglige tabletter eller vitaminer.<\/p>\n<\/li>\n<li data-start=\"1043\" data-end=\"1117\">\n<p data-start=\"1046\" data-end=\"1117\">Skyv pilleholderen tilbake i flasken til den l\u00e5ses p\u00e5 plass.<\/p>\n<\/li>\n<li data-start=\"1118\" data-end=\"1173\">\n<p data-start=\"1121\" data-end=\"1173\">Fyll flasken med vann eller juice (opptil 600 ml).<\/p>\n<\/li>\n<li data-start=\"1174\" data-end=\"1244\">\n<p data-start=\"1177\" data-end=\"1244\">Bruk snoren til \u00e5 b\u00e6re den og ta pillene dine n\u00e5r du trenger det.<\/p>\n<\/li>\n<\/ol>\n<h2 style=\"text-align: center;\" data-start=\"1251\" data-end=\"1274\"><strong>Produktdetaljer<\/strong><\/h2>\n<ul data-start=\"1275\" data-end=\"1526\">\n<li data-start=\"1325\" data-end=\"1361\">\n<p data-start=\"1327\" data-end=\"1361\">Materiale: PP + PC (BPA-fri)<\/p>\n<\/li>\n<li data-start=\"1362\" data-end=\"1385\">\n<p data-start=\"1364\" data-end=\"1385\">Kapasitet: 600 ml<\/p>\n<\/li>\n<li data-start=\"1386\" data-end=\"1406\">\n<p data-start=\"1388\" data-end=\"1406\">Vekt: 150 g<\/p>\n<\/li>\n<li data-start=\"1407\" data-end=\"1433\">\n<p data-start=\"1409\" data-end=\"1433\">St\u00f8rrelse: 8 x 23,5 cm<\/p>\n<\/li>\n<li data-start=\"1434\" data-end=\"1526\">\n<p data-start=\"1436\" data-end=\"1526\">Funksjoner: 7-dagers pilleholder, sikkert sn\u00e4ppelokk, avtakbart pilleetui, n\u00f8kkelb\u00e5ndfeste<\/p>\n<\/li>\n<\/ul>\n<h2 style=\"text-align: center;\" data-start=\"1533\" data-end=\"1557\"><strong>Pakken inkluderer<\/strong><\/h2>\n<ul data-start=\"1558\" data-end=\"1607\">\n<li data-start=\"1558\" data-end=\"1607\">\n<p data-start=\"1560\" data-end=\"1607\">1x vannflaske med innebygd pilleholder.<\/p>\n<\/li>\n<\/ul>\n","protected":false},"excerpt":{"rendered":"<p>Ha alltid vannet og de daglige pillene p\u00e5 ett enkelt sted. \ud83d\udca7\ud83d\udc8a Denne vannflasken og pilleorganisatoren er en enkel og [&hellip;]<\/p>\n","protected":false},"featured_media":60020,"comment_status":"open","ping_status":"closed","template":"","meta":{"site-sidebar-layout":"default","site-content-layout":"","ast-site-content-layout":"default","site-content-style":"default","site-sidebar-style":"default","ast-global-header-display":"","ast-banner-title-visibility":"","ast-main-header-display":"","ast-hfb-above-header-display":"","ast-hfb-below-header-display":"","ast-hfb-mobile-header-display":"","site-post-title":"","ast-breadcrumbs-content":"","ast-featured-img":"","footer-sml-layout":"","theme-transparent-header-meta":"default","adv-header-id-meta":"","stick-header-meta":"","header-above-stick-meta":"","header-main-stick-meta":"","header-below-stick-meta":"","astra-migrate-meta-layouts":"set","ast-page-background-enabled":"default","ast-page-background-meta":{"desktop":{"background-color":"var(--ast-global-color-4)","background-image":"","background-repeat":"repeat","background-position":"center center","background-size":"auto","background-attachment":"scroll","background-type":"","background-media":"","overlay-type":"","overlay-color":"","overlay-opacity":"","overlay-gradient":""},"tablet":{"background-color":"","background-image":"","background-repeat":"repeat","background-position":"center center","background-size":"auto","background-attachment":"scroll","background-type":"","background-media":"","overlay-type":"","overlay-color":"","overlay-opacity":"","overlay-gradient":""},"mobile":{"background-color":"","background-image":"","background-repeat":"repeat","background-position":"center center","background-size":"auto","background-attachment":"scroll","background-type":"","background-media":"","overlay-type":"","overlay-color":"","overlay-opacity":"","overlay-gradient":""}},"ast-content-background-meta":{"desktop":{"background-color":"var(--ast-global-color-5)","background-image":"","background-repeat":"repeat","background-position":"center center","background-size":"auto","background-attachment":"scroll","background-type":"","background-media":"","overlay-type":"","overlay-color":"","overlay-opacity":"","overlay-gradient":""},"tablet":{"background-color":"var(--ast-global-color-5)","background-image":"","background-repeat":"repeat","background-position":"center center","background-size":"auto","background-attachment":"scroll","background-type":"","background-media":"","overlay-type":"","overlay-color":"","overlay-opacity":"","overlay-gradient":""},"mobile":{"background-color":"var(--ast-global-color-5)","background-image":"","background-repeat":"repeat","background-position":"center center","background-size":"auto","background-attachment":"scroll","background-type":"","background-media":"","overlay-type":"","overlay-color":"","overlay-opacity":"","overlay-gradient":""}}},"product_brand":[],"product_cat":[991],"product_tag":[],"class_list":{"0":"post-60024","1":"product","2":"type-product","3":"status-publish","4":"has-post-thumbnail","6":"product_cat-helseprodukter","7":"pa_54126_l7448mq6-bla","8":"pa_54126_l7448mq6-gul","9":"pa_54126_l7448mq6-rod","10":"pa_54126_l7448mq6-rosenrod","11":"pa_54126_l7448mq6-svart","12":"desktop-align-left","13":"tablet-align-left","14":"mobile-align-left","16":"first","17":"instock","18":"shipping-taxable","19":"purchasable","20":"product-type-variable"},"_links":{"self":[{"href":"https:\/\/keluvo.com\/no\/wp-json\/wp\/v2\/product\/60024","targetHints":{"allow":["GET"]}}],"collection":[{"href":"https:\/\/keluvo.com\/no\/wp-json\/wp\/v2\/product"}],"about":[{"href":"https:\/\/keluvo.com\/no\/wp-json\/wp\/v2\/types\/product"}],"replies":[{"embeddable":true,"href":"https:\/\/keluvo.com\/no\/wp-json\/wp\/v2\/comments?post=60024"}],"wp:featuredmedia":[{"embeddable":true,"href":"https:\/\/keluvo.com\/no\/wp-json\/wp\/v2\/media\/60020"}],"wp:attachment":[{"href":"https:\/\/keluvo.com\/no\/wp-json\/wp\/v2\/media?parent=60024"}],"wp:term":[{"taxonomy":"product_brand","embeddable":true,"href":"https:\/\/keluvo.com\/no\/wp-json\/wp\/v2\/product_brand?post=60024"},{"taxonomy":"product_cat","embeddable":true,"href":"https:\/\/keluvo.com\/no\/wp-json\/wp\/v2\/product_cat?post=60024"},{"taxonomy":"product_tag","embeddable":true,"href":"https:\/\/keluvo.com\/no\/wp-json\/wp\/v2\/product_tag?post=60024"}],"curies":[{"name":"wp","href":"https:\/\/api.w.org\/{rel}","templated":true}]}}