{"id":60006,"date":"2025-12-01T18:38:56","date_gmt":"2025-12-01T16:38:56","guid":{"rendered":"https:\/\/keluvo.com\/no\/produkt\/handholdt-mini-elektrisk-symaskin\/"},"modified":"2025-12-22T18:09:05","modified_gmt":"2025-12-22T16:09:05","slug":"handholdt-mini-elektrisk-symaskin","status":"publish","type":"product","link":"https:\/\/keluvo.com\/no\/produkt\/handholdt-mini-elektrisk-symaskin\/","title":{"rendered":"H\u00e5ndholdt mini elektrisk symaskin"},"content":{"rendered":"<p style=\"text-align: center\" data-start=\"0\" data-end=\"55\"><strong>Sy hva som helst, hvor som helst &#8211; raskt, enkelt og h\u00e5ndholdt. \ud83e\uddf5<\/strong><\/p>\n<p style=\"text-align: center\" data-start=\"57\" data-end=\"329\">Denne h\u00e5ndholdte elektriske minisymaskinen gir deg rask s\u00f8m p\u00e5 stedet uten \u00e5 m\u00e5tte dra frem en stor symaskin. Den er perfekt for klesreparasjoner, DIY-h\u00e5ndverk, gardiner, putevar og mer &#8211; noe som gj\u00f8r sying enkelt for nybegynnere og praktisk for travle brukere.<\/p>\n<p data-start=\"57\" data-end=\"329\"><img fetchpriority=\"high\" decoding=\"async\" class=\" wp-image-43262 aligncenter\" src=\"https:\/\/keluvo.com\/template\/wp-content\/uploads\/sites\/5\/2025\/11\/6a7296f4d068f7588ae5d93127d82b4ff23f1f5f.gif\" alt=\"\" width=\"500\" height=\"500\" \/><\/p>\n<h2 style=\"text-align: center\" data-start=\"336\" data-end=\"356\"><strong>Hovedfordeler<\/strong><\/h2>\n<p data-start=\"357\" data-end=\"857\">\ud83e\uddf5 B\u00e6rbar og lett &#8211; Bruk den med en h\u00e5nd, ta den med hvor som helst og fiks tekstiler p\u00e5 stedet.<\/p>\n<p data-start=\"357\" data-end=\"857\">\u26a1 Rask tr\u00e5dl\u00f8s drift &#8211; Batteridrevet for ekte grip-og-g\u00e5-s\u00f8m uten kabler.<\/p>\n<p data-start=\"357\" data-end=\"857\">\ud83c\udf92 Perfekt for reparasjoner &#8211; Fiks bukser, skjorter, gardiner, vesker og leker uten \u00e5 ta dem av.<\/p>\n<p data-start=\"357\" data-end=\"857\">\ud83c\udfa8 Perfekt for DIY-prosjekter &#8211; Ideell for sm\u00e5 h\u00e5ndverk, dekorasjoner og kreativ sying.<\/p>\n<p data-start=\"357\" data-end=\"857\">\ud83d\udcaa Sterk ytelse &#8211; Gir rene, faste sting p\u00e5 flere stoffer som denim, bomull, lin og mer.<\/p>\n<p data-start=\"357\" data-end=\"857\"><img decoding=\"async\" class=\" wp-image-43261 aligncenter\" src=\"https:\/\/keluvo.com\/template\/wp-content\/uploads\/sites\/5\/2025\/11\/a59da12803215b52aacee9a28f19aa4bb6751d16.webp\" alt=\"\" width=\"500\" height=\"500\" \/><\/p>\n<h2 style=\"text-align: center\" data-start=\"864\" data-end=\"882\"><strong>Slik bruker du den<\/strong><\/h2>\n<ol data-start=\"883\" data-end=\"1474\">\n<li data-start=\"883\" data-end=\"974\">\n<p data-start=\"886\" data-end=\"974\">Sett inn 4x AA-batterier i rommet p\u00e5 undersiden (batterier medf\u00f8lger ikke).<\/p>\n<\/li>\n<li data-start=\"975\" data-end=\"1071\">\n<p data-start=\"978\" data-end=\"1071\">Sett inn spolen: Trekk av spoleholderen og skyv spolen p\u00e5 tr\u00e5dholderen.<\/p>\n<\/li>\n<li data-start=\"1072\" data-end=\"1263\">\n<p data-start=\"1075\" data-end=\"1100\">Tre maskinen:<\/p>\n<ul data-start=\"1104\" data-end=\"1263\">\n<li data-start=\"1104\" data-end=\"1162\">\n<p data-start=\"1106\" data-end=\"1162\">Trekk tr\u00e5den gjennom den f\u00f8rste f\u00f8ringen p\u00e5 n\u00e5learmen.<\/p>\n<\/li>\n<li data-start=\"1166\" data-end=\"1206\">\n<p data-start=\"1168\" data-end=\"1206\">Skyv den gjennom spennplatene.<\/p>\n<\/li>\n<li data-start=\"1210\" data-end=\"1263\">\n<p data-start=\"1212\" data-end=\"1263\">F\u00f8r den gjennom den andre f\u00f8ringen n\u00e6r n\u00e5len.<\/p>\n<\/li>\n<\/ul>\n<\/li>\n<li data-start=\"1264\" data-end=\"1474\">\n<p data-start=\"1267\" data-end=\"1286\">Begynn \u00e5 sy:<\/p>\n<ul data-start=\"1290\" data-end=\"1474\">\n<li data-start=\"1290\" data-end=\"1345\">\n<p data-start=\"1292\" data-end=\"1345\">Hold stoffet med venstre h\u00e5nd for \u00e5 stramme det forsiktig.<\/p>\n<\/li>\n<li data-start=\"1349\" data-end=\"1403\">\n<p data-start=\"1351\" data-end=\"1403\">Sl\u00e5 p\u00e5 str\u00f8mbryteren for \u00e5 begynne \u00e5 sy fra venstre mot h\u00f8yre.<\/p>\n<\/li>\n<\/ul>\n<\/li>\n<\/ol>\n<h2 style=\"text-align: center\" data-start=\"1481\" data-end=\"1504\"><strong>Produktdetaljer<\/strong><\/h2>\n<ul data-start=\"1505\" data-end=\"1862\">\n<li data-start=\"1561\" data-end=\"1600\">\n<p data-start=\"1563\" data-end=\"1600\">Maskinst\u00f8rrelse: 21 x 6,5 x 3,5 cm<\/p>\n<\/li>\n<li data-start=\"1601\" data-end=\"1644\">\n<p data-start=\"1603\" data-end=\"1644\">St\u00f8rrelse p\u00e5 sysett: 21 x 27,5 x 2,8 cm<\/p>\n<\/li>\n<li data-start=\"1645\" data-end=\"1691\">\n<p data-start=\"1647\" data-end=\"1691\">Spenning: 4 x AA-batterier (medf\u00f8lger ikke)<\/p>\n<\/li>\n<li data-start=\"1692\" data-end=\"1805\">\n<p data-start=\"1694\" data-end=\"1805\">Egnet for: Reparasjoner av kl\u00e6r, gardiner, putevar, masker, forkl\u00e6r, h\u00e5ndverk, sm\u00e5 leker og reparasjoner p\u00e5 farten<\/p>\n<\/li>\n<li data-start=\"1806\" data-end=\"1862\">\n<p data-start=\"1808\" data-end=\"1862\">Materiale: Slitesterk konstruksjon med fin utf\u00f8relse<\/p>\n<\/li>\n<\/ul>\n<h2 style=\"text-align: center\" data-start=\"1869\" data-end=\"1893\"><strong>Pakken inkluderer<\/strong><\/h2>\n<ul data-start=\"1894\" data-end=\"2028\">\n<li data-start=\"1894\" data-end=\"1925\">\n<p data-start=\"1896\" data-end=\"1925\">Alternativ A: 1x h\u00e5ndholdt symaskin<\/p>\n<\/li>\n<li data-start=\"1894\" data-end=\"1925\">\n<p data-start=\"1896\" data-end=\"1925\">Alternativ B: 1x sysett<\/p>\n<\/li>\n<li data-start=\"1894\" data-end=\"1925\">Alternativ C: 1x h\u00e5ndholdt symaskin, 1x sysett.<\/li>\n<\/ul>\n","protected":false},"excerpt":{"rendered":"<p>Sy hva som helst, hvor som helst &#8211; raskt, enkelt og h\u00e5ndholdt. \ud83e\uddf5 Denne h\u00e5ndholdte elektriske minisymaskinen gir deg rask [&hellip;]<\/p>\n","protected":false},"featured_media":60002,"comment_status":"open","ping_status":"closed","template":"","meta":{"site-sidebar-layout":"default","site-content-layout":"","ast-site-content-layout":"default","site-content-style":"default","site-sidebar-style":"default","ast-global-header-display":"","ast-banner-title-visibility":"","ast-main-header-display":"","ast-hfb-above-header-display":"","ast-hfb-below-header-display":"","ast-hfb-mobile-header-display":"","site-post-title":"","ast-breadcrumbs-content":"","ast-featured-img":"","footer-sml-layout":"","theme-transparent-header-meta":"default","adv-header-id-meta":"","stick-header-meta":"","header-above-stick-meta":"","header-main-stick-meta":"","header-below-stick-meta":"","astra-migrate-meta-layouts":"set","ast-page-background-enabled":"default","ast-page-background-meta":{"desktop":{"background-color":"var(--ast-global-color-4)","background-image":"","background-repeat":"repeat","background-position":"center center","background-size":"auto","background-attachment":"scroll","background-type":"","background-media":"","overlay-type":"","overlay-color":"","overlay-opacity":"","overlay-gradient":""},"tablet":{"background-color":"","background-image":"","background-repeat":"repeat","background-position":"center center","background-size":"auto","background-attachment":"scroll","background-type":"","background-media":"","overlay-type":"","overlay-color":"","overlay-opacity":"","overlay-gradient":""},"mobile":{"background-color":"","background-image":"","background-repeat":"repeat","background-position":"center center","background-size":"auto","background-attachment":"scroll","background-type":"","background-media":"","overlay-type":"","overlay-color":"","overlay-opacity":"","overlay-gradient":""}},"ast-content-background-meta":{"desktop":{"background-color":"var(--ast-global-color-5)","background-image":"","background-repeat":"repeat","background-position":"center center","background-size":"auto","background-attachment":"scroll","background-type":"","background-media":"","overlay-type":"","overlay-color":"","overlay-opacity":"","overlay-gradient":""},"tablet":{"background-color":"var(--ast-global-color-5)","background-image":"","background-repeat":"repeat","background-position":"center center","background-size":"auto","background-attachment":"scroll","background-type":"","background-media":"","overlay-type":"","overlay-color":"","overlay-opacity":"","overlay-gradient":""},"mobile":{"background-color":"var(--ast-global-color-5)","background-image":"","background-repeat":"repeat","background-position":"center center","background-size":"auto","background-attachment":"scroll","background-type":"","background-media":"","overlay-type":"","overlay-color":"","overlay-opacity":"","overlay-gradient":""}}},"product_brand":[],"product_cat":[1001,996],"product_tag":[],"class_list":{"0":"post-60006","1":"product","2":"type-product","3":"status-publish","4":"has-post-thumbnail","6":"product_cat-husholdningsartikler","7":"product_cat-verktoy","8":"pa_54098_ybmak85z-a","9":"pa_54098_ybmak85z-b","10":"pa_54098_ybmak85z-c","11":"desktop-align-left","12":"tablet-align-left","13":"mobile-align-left","15":"first","16":"instock","17":"shipping-taxable","18":"purchasable","19":"product-type-variable"},"_links":{"self":[{"href":"https:\/\/keluvo.com\/no\/wp-json\/wp\/v2\/product\/60006","targetHints":{"allow":["GET"]}}],"collection":[{"href":"https:\/\/keluvo.com\/no\/wp-json\/wp\/v2\/product"}],"about":[{"href":"https:\/\/keluvo.com\/no\/wp-json\/wp\/v2\/types\/product"}],"replies":[{"embeddable":true,"href":"https:\/\/keluvo.com\/no\/wp-json\/wp\/v2\/comments?post=60006"}],"wp:featuredmedia":[{"embeddable":true,"href":"https:\/\/keluvo.com\/no\/wp-json\/wp\/v2\/media\/60002"}],"wp:attachment":[{"href":"https:\/\/keluvo.com\/no\/wp-json\/wp\/v2\/media?parent=60006"}],"wp:term":[{"taxonomy":"product_brand","embeddable":true,"href":"https:\/\/keluvo.com\/no\/wp-json\/wp\/v2\/product_brand?post=60006"},{"taxonomy":"product_cat","embeddable":true,"href":"https:\/\/keluvo.com\/no\/wp-json\/wp\/v2\/product_cat?post=60006"},{"taxonomy":"product_tag","embeddable":true,"href":"https:\/\/keluvo.com\/no\/wp-json\/wp\/v2\/product_tag?post=60006"}],"curies":[{"name":"wp","href":"https:\/\/api.w.org\/{rel}","templated":true}]}}