{"id":59886,"date":"2025-12-01T18:30:04","date_gmt":"2025-12-01T16:30:04","guid":{"rendered":"https:\/\/keluvo.com\/no\/produkt\/magnetiske-kabelklemmer\/"},"modified":"2025-12-08T12:08:38","modified_gmt":"2025-12-08T10:08:38","slug":"magnetiske-kabelklemmer","status":"publish","type":"product","link":"https:\/\/keluvo.com\/no\/produkt\/magnetiske-kabelklemmer\/","title":{"rendered":"Magnetiske kabelklemmer"},"content":{"rendered":"<p style=\"text-align: center;\" data-start=\"0\" data-end=\"54\"><strong>Hold Kablene Organisert Og Alltid Innen Rekkevidde. \ud83d\udd0c<\/strong><\/p>\n<p style=\"text-align: center;\" data-start=\"56\" data-end=\"271\">Disse magnetiske kabelklemmene forhindrer at kablene dine faller bak nattbordet, sengen, skrivebordet eller bilen. De holder kablene godt p\u00e5 plass og gj\u00f8r det enkelt \u00e5 ta tak i den du trenger uten \u00e5 lete eller vikle dem ut.<\/p>\n<p data-start=\"56\" data-end=\"271\"><img fetchpriority=\"high\" decoding=\"async\" class=\"size-full wp-image-43169 aligncenter\" src=\"https:\/\/keluvo.com\/template\/wp-content\/uploads\/sites\/5\/2025\/11\/10229-ezgif.com-video-to-webp-converter-3-1.webp\" alt=\"\" width=\"600\" height=\"600\" \/><\/p>\n<h2 style=\"text-align: center;\" data-start=\"278\" data-end=\"298\">\u2b50 Hovedfordeler<\/h2>\n<p data-start=\"299\" data-end=\"810\">\ud83e\uddf2 Sterkt magnetisk grep &#8211; Holder kablene sikkert p\u00e5 plass og forhindrer at de sklir eller faller ned.<\/p>\n<p data-start=\"299\" data-end=\"810\">\ud83d\udd0c Passer til de fleste kabler &#8211; Fungerer med telefonladere, USB-kabler, hodetelefoner, str\u00f8mkabler og mer.<\/p>\n<p data-start=\"299\" data-end=\"810\">\ud83d\udc4c Enh\u00e5ndsbruk &#8211; Magnetisk \u00e5pne-og-lukke-design gj\u00f8r at du kan sette inn eller ta ut kabler umiddelbart.<\/p>\n<p data-start=\"299\" data-end=\"810\">\ud83c\udfe0 Festes hvor som helst &#8211; Selvklebende bakside som festes p\u00e5 skrivebord, nattbord, vegger, fliser, glass eller bilinteri\u00f8r.<\/p>\n<p data-start=\"299\" data-end=\"810\">\ud83d\udcaa Slitesterk konstruksjon &#8211; Laget av ABS av h\u00f8y kvalitet med sterkt klebemiddel og kraftige magneter.<\/p>\n<p data-start=\"299\" data-end=\"810\"><img decoding=\"async\" class=\"size-full wp-image-43168 aligncenter\" src=\"https:\/\/keluvo.com\/template\/wp-content\/uploads\/sites\/5\/2025\/11\/9aa1b7f1-f191-495a-8401-307eb17d9a1b.gif\" alt=\"\" width=\"480\" height=\"480\" \/><\/p>\n<h2 style=\"text-align: center;\" data-start=\"817\" data-end=\"835\">\ud83d\udd27 Slik Bruker Du Den<\/h2>\n<ol data-start=\"836\" data-end=\"1140\">\n<li data-start=\"836\" data-end=\"898\">\n<p data-start=\"839\" data-end=\"898\">Rengj\u00f8r overflaten der du vil plassere kabelklemmen.<\/p>\n<\/li>\n<li data-start=\"899\" data-end=\"934\">\n<p data-start=\"902\" data-end=\"934\">Trekk av den selvklebende baksiden.<\/p>\n<\/li>\n<li data-start=\"935\" data-end=\"982\">\n<p data-start=\"938\" data-end=\"982\">Fest klemmen godt p\u00e5 en flat overflate.<\/p>\n<\/li>\n<li data-start=\"983\" data-end=\"1059\">\n<p data-start=\"986\" data-end=\"1059\">Trykk magneten \u00e5pen, sett inn kabelen og la magneten smekke igjen.<\/p>\n<\/li>\n<li data-start=\"1060\" data-end=\"1140\">\n<p data-start=\"1063\" data-end=\"1140\">Trekk kabelen ut n\u00e5r som helst med \u00e9n h\u00e5nd &#8211; den holder seg p\u00e5 plass og faller aldri ned.<\/p>\n<\/li>\n<\/ol>\n<h2 style=\"text-align: center;\" data-start=\"1147\" data-end=\"1170\">\ud83d\udccf Produktdetaljer<\/h2>\n<ul data-start=\"1171\" data-end=\"1530\">\n<li data-start=\"1210\" data-end=\"1259\">\n<p data-start=\"1212\" data-end=\"1259\">Materiale: ABS av h\u00f8y kvalitet + kraftige magneter<\/p>\n<\/li>\n<li data-start=\"1260\" data-end=\"1301\">\n<p data-start=\"1262\" data-end=\"1301\">Kabel\u00e5pningsdiameter: 7 mm<\/p>\n<\/li>\n<li data-start=\"1302\" data-end=\"1393\">\n<p data-start=\"1304\" data-end=\"1393\">Egnet for: Telefonladere, USB-kabler, str\u00f8mledninger, hodetelefonledninger, datakabler<\/p>\n<\/li>\n<li data-start=\"1394\" data-end=\"1448\">\n<p data-start=\"1396\" data-end=\"1448\">Installasjon: Selvklebende bakside (ingen verkt\u00f8y kreves)<\/p>\n<\/li>\n<li data-start=\"1449\" data-end=\"1530\">\n<p data-start=\"1451\" data-end=\"1530\">Fungerer p\u00e5: Tre, glass, metall, fliser, plast, vegger, nattbord, bilens dashbord<\/p>\n<\/li>\n<\/ul>\n<h2 style=\"text-align: center;\" data-start=\"1537\" data-end=\"1561\">\ud83d\udce6 Pakken inneholder<\/h2>\n<ul data-start=\"1562\" data-end=\"1595\">\n<li data-start=\"1562\" data-end=\"1595\">\n<p data-start=\"1564\" data-end=\"1595\">6, 12, 18, 24x magnetiske kabelklemmer<\/p>\n<\/li>\n<li data-start=\"1562\" data-end=\"1595\">\n<p data-start=\"1564\" data-end=\"1595\">6, 12, 18, 24x selvklebende teip.<\/p>\n<\/li>\n<\/ul>\n","protected":false},"excerpt":{"rendered":"<p>Hold Kablene Organisert Og Alltid Innen Rekkevidde. \ud83d\udd0c Disse magnetiske kabelklemmene forhindrer at kablene dine faller bak nattbordet, sengen, skrivebordet [&hellip;]<\/p>\n","protected":false},"featured_media":59882,"comment_status":"open","ping_status":"closed","template":"","meta":{"site-sidebar-layout":"default","site-content-layout":"","ast-site-content-layout":"default","site-content-style":"default","site-sidebar-style":"default","ast-global-header-display":"","ast-banner-title-visibility":"","ast-main-header-display":"","ast-hfb-above-header-display":"","ast-hfb-below-header-display":"","ast-hfb-mobile-header-display":"","site-post-title":"","ast-breadcrumbs-content":"","ast-featured-img":"","footer-sml-layout":"","theme-transparent-header-meta":"default","adv-header-id-meta":"","stick-header-meta":"","header-above-stick-meta":"","header-main-stick-meta":"","header-below-stick-meta":"","astra-migrate-meta-layouts":"set","ast-page-background-enabled":"default","ast-page-background-meta":{"desktop":{"background-color":"var(--ast-global-color-4)","background-image":"","background-repeat":"repeat","background-position":"center center","background-size":"auto","background-attachment":"scroll","background-type":"","background-media":"","overlay-type":"","overlay-color":"","overlay-opacity":"","overlay-gradient":""},"tablet":{"background-color":"","background-image":"","background-repeat":"repeat","background-position":"center center","background-size":"auto","background-attachment":"scroll","background-type":"","background-media":"","overlay-type":"","overlay-color":"","overlay-opacity":"","overlay-gradient":""},"mobile":{"background-color":"","background-image":"","background-repeat":"repeat","background-position":"center center","background-size":"auto","background-attachment":"scroll","background-type":"","background-media":"","overlay-type":"","overlay-color":"","overlay-opacity":"","overlay-gradient":""}},"ast-content-background-meta":{"desktop":{"background-color":"var(--ast-global-color-5)","background-image":"","background-repeat":"repeat","background-position":"center center","background-size":"auto","background-attachment":"scroll","background-type":"","background-media":"","overlay-type":"","overlay-color":"","overlay-opacity":"","overlay-gradient":""},"tablet":{"background-color":"var(--ast-global-color-5)","background-image":"","background-repeat":"repeat","background-position":"center center","background-size":"auto","background-attachment":"scroll","background-type":"","background-media":"","overlay-type":"","overlay-color":"","overlay-opacity":"","overlay-gradient":""},"mobile":{"background-color":"var(--ast-global-color-5)","background-image":"","background-repeat":"repeat","background-position":"center center","background-size":"auto","background-attachment":"scroll","background-type":"","background-media":"","overlay-type":"","overlay-color":"","overlay-opacity":"","overlay-gradient":""}}},"product_brand":[],"product_cat":[998,1001,993],"product_tag":[],"class_list":{"0":"post-59886","1":"product","2":"type-product","3":"status-publish","4":"has-post-thumbnail","6":"product_cat-bilprodukter","7":"product_cat-husholdningsartikler","8":"product_cat-skotoy-tilbehor","9":"pa_54042_b0j9pusb-bla","10":"pa_54042_b0j9pusb-hvit","11":"pa_54042_b0j9pusb-lilla","12":"pa_54042_b0j9pusb-oransje","13":"pa_54042_b0j9pusb-svart","14":"pa_54042_pdesxlrn-6-stk","15":"pa_54042_pdesxlrn-12-stk","16":"pa_54042_pdesxlrn-18-stk","17":"pa_54042_pdesxlrn-24-stk","18":"desktop-align-left","19":"tablet-align-left","20":"mobile-align-left","22":"first","23":"instock","24":"shipping-taxable","25":"purchasable","26":"product-type-variable","27":"has-default-attributes"},"_links":{"self":[{"href":"https:\/\/keluvo.com\/no\/wp-json\/wp\/v2\/product\/59886","targetHints":{"allow":["GET"]}}],"collection":[{"href":"https:\/\/keluvo.com\/no\/wp-json\/wp\/v2\/product"}],"about":[{"href":"https:\/\/keluvo.com\/no\/wp-json\/wp\/v2\/types\/product"}],"replies":[{"embeddable":true,"href":"https:\/\/keluvo.com\/no\/wp-json\/wp\/v2\/comments?post=59886"}],"wp:featuredmedia":[{"embeddable":true,"href":"https:\/\/keluvo.com\/no\/wp-json\/wp\/v2\/media\/59882"}],"wp:attachment":[{"href":"https:\/\/keluvo.com\/no\/wp-json\/wp\/v2\/media?parent=59886"}],"wp:term":[{"taxonomy":"product_brand","embeddable":true,"href":"https:\/\/keluvo.com\/no\/wp-json\/wp\/v2\/product_brand?post=59886"},{"taxonomy":"product_cat","embeddable":true,"href":"https:\/\/keluvo.com\/no\/wp-json\/wp\/v2\/product_cat?post=59886"},{"taxonomy":"product_tag","embeddable":true,"href":"https:\/\/keluvo.com\/no\/wp-json\/wp\/v2\/product_tag?post=59886"}],"curies":[{"name":"wp","href":"https:\/\/api.w.org\/{rel}","templated":true}]}}