{"id":59856,"date":"2025-12-01T18:27:20","date_gmt":"2025-12-01T16:27:20","guid":{"rendered":"https:\/\/keluvo.com\/no\/produkt\/hatteorganisator\/"},"modified":"2025-12-08T12:08:36","modified_gmt":"2025-12-08T10:08:36","slug":"hatteorganisator","status":"publish","type":"product","link":"https:\/\/keluvo.com\/no\/produkt\/hatteorganisator\/","title":{"rendered":"Hatteorganisator"},"content":{"rendered":"<p style=\"text-align: center;\" data-start=\"0\" data-end=\"95\"><strong>Hold hattene dine organisert, synlige og lett tilgjengelige med denne smarte vertikale hatteorganisatoren. \ud83e\udde2<\/strong><\/p>\n<p style=\"text-align: center;\" data-start=\"97\" data-end=\"350\">Denne hatteorganisatoren gir deg en enkel m\u00e5te \u00e5 oppbevare og vise frem hattene dine p\u00e5 uten \u00e5 ta opp plass. Med to monteringsmetoder, et sikkert knappedesign og en sterk selvklebende bakside holder den hattene dine ryddige, beskyttet og klare til bruk n\u00e5r som helst.<\/p>\n<p data-start=\"97\" data-end=\"350\"><img fetchpriority=\"high\" decoding=\"async\" class=\"size-full wp-image-43088 aligncenter\" src=\"https:\/\/keluvo.com\/template\/wp-content\/uploads\/sites\/5\/2025\/11\/10225-ezgif.com-video-to-webp-converter-3-2.webp\" alt=\"\" width=\"500\" height=\"889\" \/><\/p>\n<h2 style=\"text-align: center;\" data-start=\"357\" data-end=\"377\"><strong>Hovedfordeler<\/strong><\/h2>\n<p data-start=\"378\" data-end=\"941\">\ud83e\udde2 Plassbesparende vertikal oppbevaring &#8211; holder hattene i en ren linje uten \u00e5 stable eller knuse dem.<\/p>\n<p data-start=\"378\" data-end=\"941\">\ud83e\ude9d To installasjonsalternativer &#8211; Fest den p\u00e5 glatte vegger eller skru den inn i ujevne overflater.<\/p>\n<p data-start=\"378\" data-end=\"941\">\ud83d\udd18 Sikker knappholder &#8211; Bruker hattens \u00f8verste knapp til \u00e5 henge hver hatt trygt og pent.<\/p>\n<p data-start=\"378\" data-end=\"941\">\u2b55 Oppgradert rund bajonett &#8211; Forhindrer at hattene sklir av selv n\u00e5r de flyttes eller st\u00f8tes.<\/p>\n<p data-start=\"378\" data-end=\"941\">\ud83d\udcaa Sterk belastningskapasitet &#8211; Selvklebende bakside kan holde opptil 9 kg (ca. 20 hatter).<\/p>\n<p data-start=\"378\" data-end=\"941\">\ud83c\udfe0 Passer overalt &#8211; Perfekt for vegger, skap, bak d\u00f8rer, skap og mer.<\/p>\n<p data-start=\"378\" data-end=\"941\"><img decoding=\"async\" class=\"size-full wp-image-43085 aligncenter\" src=\"https:\/\/keluvo.com\/template\/wp-content\/uploads\/sites\/5\/2025\/11\/6a25c65a4035fd7a6a2bd95fad8d8de9f8a47701-800.jpg\" alt=\"\" width=\"1080\" height=\"1080\" \/><\/p>\n<h2 style=\"text-align: center;\" data-start=\"948\" data-end=\"966\"><strong>Slik bruker du den<\/strong><\/h2>\n<ol data-start=\"967\" data-end=\"1301\">\n<li data-start=\"967\" data-end=\"1060\">\n<p data-start=\"970\" data-end=\"1060\">Velg installasjonsmetode: selvklebende for glatte vegger eller skruer for ujevne overflater.<\/p>\n<\/li>\n<li data-start=\"1061\" data-end=\"1139\">\n<p data-start=\"1064\" data-end=\"1139\">Rengj\u00f8r overflaten f\u00f8r du limer eller klargj\u00f8r veggen for skruemontering.<\/p>\n<\/li>\n<li data-start=\"1140\" data-end=\"1174\">\n<p data-start=\"1143\" data-end=\"1174\">Monter organisatoren sikkert.<\/p>\n<\/li>\n<li data-start=\"1175\" data-end=\"1244\">\n<p data-start=\"1178\" data-end=\"1244\">Fest hver hatt ved \u00e5 plassere den \u00f8verste knappen i det avrundede sporet.<\/p>\n<\/li>\n<li data-start=\"1245\" data-end=\"1301\">\n<p data-start=\"1248\" data-end=\"1301\">Heng opp til 20 hatter og nyt et ryddig, organisert rom.<\/p>\n<\/li>\n<\/ol>\n<h2 style=\"text-align: center;\" data-start=\"1308\" data-end=\"1331\"><strong>Produktdetaljer<\/strong><\/h2>\n<ul data-start=\"1332\" data-end=\"1635\">\n<li data-start=\"1364\" data-end=\"1393\">\n<p data-start=\"1366\" data-end=\"1393\">Materiale: Slitesterk plast<\/p>\n<\/li>\n<li data-start=\"1394\" data-end=\"1417\">\n<p data-start=\"1396\" data-end=\"1417\">St\u00f8rrelse: 35 x 6 x 5 cm<\/p>\n<\/li>\n<li data-start=\"1443\" data-end=\"1474\">\n<p data-start=\"1445\" data-end=\"1474\">Lastekapasitet: Opp til 9 kg<\/p>\n<\/li>\n<li data-start=\"1475\" data-end=\"1577\">\n<p data-start=\"1477\" data-end=\"1577\">Funksjoner: Selvklebende bakside, mulighet for skruemontering, rund bajonettdesign, vertikalt opphengssystem<\/p>\n<\/li>\n<li data-start=\"1578\" data-end=\"1635\">\n<p data-start=\"1580\" data-end=\"1635\">Egnet for: Hatter, caps, snapbacks, visir med mer<\/p>\n<\/li>\n<\/ul>\n<h2 style=\"text-align: center;\" data-start=\"1642\" data-end=\"1666\"><strong>Pakken inkluderer<\/strong><\/h2>\n<ul data-start=\"1667\" data-end=\"1750\">\n<li data-start=\"1667\" data-end=\"1688\">\n<p data-start=\"1669\" data-end=\"1688\">1x hatteholder<\/p>\n<\/li>\n<li data-start=\"1689\" data-end=\"1750\">\n<p data-start=\"1691\" data-end=\"1750\">2x skruer.<\/p>\n<\/li>\n<\/ul>\n","protected":false},"excerpt":{"rendered":"<p>Hold hattene dine organisert, synlige og lett tilgjengelige med denne smarte vertikale hatteorganisatoren. \ud83e\udde2 Denne hatteorganisatoren gir deg en enkel [&hellip;]<\/p>\n","protected":false},"featured_media":59852,"comment_status":"open","ping_status":"closed","template":"","meta":{"site-sidebar-layout":"default","site-content-layout":"","ast-site-content-layout":"default","site-content-style":"default","site-sidebar-style":"default","ast-global-header-display":"","ast-banner-title-visibility":"","ast-main-header-display":"","ast-hfb-above-header-display":"","ast-hfb-below-header-display":"","ast-hfb-mobile-header-display":"","site-post-title":"","ast-breadcrumbs-content":"","ast-featured-img":"","footer-sml-layout":"","theme-transparent-header-meta":"default","adv-header-id-meta":"","stick-header-meta":"","header-above-stick-meta":"","header-main-stick-meta":"","header-below-stick-meta":"","astra-migrate-meta-layouts":"set","ast-page-background-enabled":"default","ast-page-background-meta":{"desktop":{"background-color":"var(--ast-global-color-4)","background-image":"","background-repeat":"repeat","background-position":"center center","background-size":"auto","background-attachment":"scroll","background-type":"","background-media":"","overlay-type":"","overlay-color":"","overlay-opacity":"","overlay-gradient":""},"tablet":{"background-color":"","background-image":"","background-repeat":"repeat","background-position":"center center","background-size":"auto","background-attachment":"scroll","background-type":"","background-media":"","overlay-type":"","overlay-color":"","overlay-opacity":"","overlay-gradient":""},"mobile":{"background-color":"","background-image":"","background-repeat":"repeat","background-position":"center center","background-size":"auto","background-attachment":"scroll","background-type":"","background-media":"","overlay-type":"","overlay-color":"","overlay-opacity":"","overlay-gradient":""}},"ast-content-background-meta":{"desktop":{"background-color":"var(--ast-global-color-5)","background-image":"","background-repeat":"repeat","background-position":"center center","background-size":"auto","background-attachment":"scroll","background-type":"","background-media":"","overlay-type":"","overlay-color":"","overlay-opacity":"","overlay-gradient":""},"tablet":{"background-color":"var(--ast-global-color-5)","background-image":"","background-repeat":"repeat","background-position":"center center","background-size":"auto","background-attachment":"scroll","background-type":"","background-media":"","overlay-type":"","overlay-color":"","overlay-opacity":"","overlay-gradient":""},"mobile":{"background-color":"var(--ast-global-color-5)","background-image":"","background-repeat":"repeat","background-position":"center center","background-size":"auto","background-attachment":"scroll","background-type":"","background-media":"","overlay-type":"","overlay-color":"","overlay-opacity":"","overlay-gradient":""}}},"product_brand":[],"product_cat":[1001],"product_tag":[],"class_list":{"0":"post-59856","1":"product","2":"type-product","3":"status-publish","4":"has-post-thumbnail","6":"product_cat-husholdningsartikler","7":"pa_53959_ihjeglgq-hvit","8":"pa_53959_ihjeglgq-svart","9":"desktop-align-left","10":"tablet-align-left","11":"mobile-align-left","13":"first","14":"instock","15":"shipping-taxable","16":"purchasable","17":"product-type-variable"},"_links":{"self":[{"href":"https:\/\/keluvo.com\/no\/wp-json\/wp\/v2\/product\/59856","targetHints":{"allow":["GET"]}}],"collection":[{"href":"https:\/\/keluvo.com\/no\/wp-json\/wp\/v2\/product"}],"about":[{"href":"https:\/\/keluvo.com\/no\/wp-json\/wp\/v2\/types\/product"}],"replies":[{"embeddable":true,"href":"https:\/\/keluvo.com\/no\/wp-json\/wp\/v2\/comments?post=59856"}],"wp:featuredmedia":[{"embeddable":true,"href":"https:\/\/keluvo.com\/no\/wp-json\/wp\/v2\/media\/59852"}],"wp:attachment":[{"href":"https:\/\/keluvo.com\/no\/wp-json\/wp\/v2\/media?parent=59856"}],"wp:term":[{"taxonomy":"product_brand","embeddable":true,"href":"https:\/\/keluvo.com\/no\/wp-json\/wp\/v2\/product_brand?post=59856"},{"taxonomy":"product_cat","embeddable":true,"href":"https:\/\/keluvo.com\/no\/wp-json\/wp\/v2\/product_cat?post=59856"},{"taxonomy":"product_tag","embeddable":true,"href":"https:\/\/keluvo.com\/no\/wp-json\/wp\/v2\/product_tag?post=59856"}],"curies":[{"name":"wp","href":"https:\/\/api.w.org\/{rel}","templated":true}]}}