{"id":59274,"date":"2025-11-27T17:35:43","date_gmt":"2025-11-27T15:35:43","guid":{"rendered":"https:\/\/keluvo.com\/no\/produkt\/vinapnersett\/"},"modified":"2025-12-25T18:50:02","modified_gmt":"2025-12-25T16:50:02","slug":"vinapnersett","status":"publish","type":"product","link":"https:\/\/keluvo.com\/no\/produkt\/vinapnersett\/","title":{"rendered":"Vin\u00e5pnersett"},"content":{"rendered":"<p style=\"text-align: center;\" data-start=\"0\" data-end=\"69\"><strong>\u00c5pne en hvilken som helst vinflaske p\u00e5 sekunder med et enkelt trykk, pump og pop. \ud83c\udf77<\/strong><\/p>\n<p style=\"text-align: center;\" data-start=\"71\" data-end=\"324\">Dette vin\u00e5pnersettet bruker lufttrykk for \u00e5 fjerne korker enkelt &#8211; ingen vridning, trekking eller \u00f8delagte korkbiter. Settet inkluderer alt du trenger for en jevn vinopplevelse, enten du \u00e5pner en flaske hjemme, er vert for gjester eller gir den perfekte gaven.<\/p>\n<p data-start=\"71\" data-end=\"324\"><img fetchpriority=\"high\" decoding=\"async\" class=\"size-full wp-image-42709 aligncenter\" src=\"https:\/\/keluvo.com\/template\/wp-content\/uploads\/sites\/5\/2025\/11\/10228-ezgif.com-video-to-webp-converter-1-1.webp\" alt=\"\" width=\"500\" height=\"500\" \/><\/p>\n<h2 style=\"text-align: center;\" data-start=\"331\" data-end=\"351\"><strong>Hovedfordeler<\/strong><\/h2>\n<p data-start=\"352\" data-end=\"854\">\ud83c\udf77 Uanstrengt fjerning av kork &#8211; \u00c5pne hvilken som helst vinflaske p\u00e5 bare noen f\u00e5 pump.<\/p>\n<p data-start=\"352\" data-end=\"854\">\ud83d\udca8 Lufttrykksteknologi &#8211; Fjerner korker trygt uten \u00e5 vri eller skade dem.<\/p>\n<p data-start=\"352\" data-end=\"854\">\ud83e\udea1 Presisjonsn\u00e5ldesign &#8211; Sikrer ren fjerning uten korkrester.<\/p>\n<p data-start=\"352\" data-end=\"854\">\ud83d\udc8e Slitesterke materialer &#8211; Laget med h\u00f8yfast ABS og f\u00f8rsteklasses aluminiumslegering.<\/p>\n<p data-start=\"352\" data-end=\"854\">\ud83c\udf81 Komplett vinsett &#8211; Inkluderer opplukker, foliesk\u00e6rer, propp og lufter.<\/p>\n<p data-start=\"352\" data-end=\"854\">\ud83d\udcab Perfekt som gave &#8211; Leveres i en elegant gaveeske og er perfekt for vinelskere.<\/p>\n<p data-start=\"352\" data-end=\"854\"><img decoding=\"async\" class=\"size-full wp-image-42710 aligncenter\" src=\"https:\/\/keluvo.com\/template\/wp-content\/uploads\/sites\/5\/2025\/11\/1e7a36df-25b5-449f-817c-7204d65e67a1.gif\" alt=\"\" width=\"480\" height=\"480\" \/><\/p>\n<h2 style=\"text-align: center;\" data-start=\"861\" data-end=\"879\"><strong>Slik bruker du den<\/strong><\/h2>\n<ol data-start=\"880\" data-end=\"1254\">\n<li data-start=\"880\" data-end=\"945\">\n<p data-start=\"883\" data-end=\"945\">Bruk folieskj\u00e6reren til \u00e5 fjerne folieforseglingen fra flasken.<\/p>\n<\/li>\n<li data-start=\"946\" data-end=\"1041\">\n<p data-start=\"949\" data-end=\"1041\">Sett n\u00e5len rett inn i midten av korken, og s\u00f8rg for at den g\u00e5r helt gjennom.<\/p>\n<\/li>\n<li data-start=\"1042\" data-end=\"1109\">\n<p data-start=\"1045\" data-end=\"1109\">Pumpe \u00e5pneren opp og ned 3-7 ganger til korken spretter ut.<\/p>\n<\/li>\n<li data-start=\"1110\" data-end=\"1175\">\n<p data-start=\"1113\" data-end=\"1175\">Skyv plasthylsen for \u00e5 l\u00f8sne korken fra n\u00e5len.<\/p>\n<\/li>\n<li data-start=\"1176\" data-end=\"1254\">\n<p data-start=\"1179\" data-end=\"1254\">Bruk vinlufteren for jevn skjenking og proppen for \u00e5 holde vinen frisk.<\/p>\n<\/li>\n<\/ol>\n<h2 style=\"text-align: center;\" data-start=\"1261\" data-end=\"1284\"><strong>Produktdetaljer<\/strong><\/h2>\n<ul data-start=\"1285\" data-end=\"1599\">\n<li data-start=\"1311\" data-end=\"1357\">\n<p data-start=\"1313\" data-end=\"1357\">Materialer: Aluminiumslegering + ABS St\u00f8rrelse av matvarekvalitet: Som vist p\u00e5 produktbildene<\/p>\n<\/li>\n<li data-start=\"1382\" data-end=\"1418\">\n<p data-start=\"1384\" data-end=\"1418\">Teknologi: Fjerning av lufttrykkskork<\/p>\n<\/li>\n<li data-start=\"1419\" data-end=\"1460\">\n<p data-start=\"1421\" data-end=\"1460\">Inkluderer: Vin\u00e5pner, foliesk\u00e6rer, vakuumstopper, vinlufter, gaveeske<\/p>\n<\/li>\n<li data-start=\"1461\" data-end=\"1541\">\n<p data-start=\"1463\" data-end=\"1541\">Bruk: Hjem, fester, barer, profesjonell service, gaver<\/p>\n<\/li>\n<li data-start=\"1542\" data-end=\"1599\">\n<p data-start=\"1544\" data-end=\"1599\">Bruk: Hjem, fester, barer, profesjonell service, gaver<\/p>\n<\/li>\n<\/ul>\n<h2 style=\"text-align: center;\" data-start=\"1606\" data-end=\"1630\"><strong>Pakken inkluderer<\/strong><\/h2>\n<ul data-start=\"1631\" data-end=\"1729\">\n<li data-start=\"1631\" data-end=\"1649\">\n<p data-start=\"1633\" data-end=\"1649\">1x vin\u00e5pner<\/p>\n<\/li>\n<li data-start=\"1650\" data-end=\"1669\">\n<p data-start=\"1652\" data-end=\"1669\">1x vinstopper<\/p>\n<\/li>\n<li data-start=\"1670\" data-end=\"1688\">\n<p data-start=\"1672\" data-end=\"1688\">1x folieskj\u00e6rer<\/p>\n<\/li>\n<li data-start=\"1689\" data-end=\"1715\">\n<p data-start=\"1691\" data-end=\"1715\">1x vinlufter<\/p>\n<\/li>\n<li data-start=\"1716\" data-end=\"1729\">\n<p data-start=\"1718\" data-end=\"1729\">1x gaveeske.<\/p>\n<\/li>\n<\/ul>\n","protected":false},"excerpt":{"rendered":"<p>\u00c5pne en hvilken som helst vinflaske p\u00e5 sekunder med et enkelt trykk, pump og pop. \ud83c\udf77 Dette vin\u00e5pnersettet bruker lufttrykk [&hellip;]<\/p>\n","protected":false},"featured_media":59270,"comment_status":"open","ping_status":"closed","template":"","meta":{"site-sidebar-layout":"default","site-content-layout":"","ast-site-content-layout":"default","site-content-style":"default","site-sidebar-style":"default","ast-global-header-display":"","ast-banner-title-visibility":"","ast-main-header-display":"","ast-hfb-above-header-display":"","ast-hfb-below-header-display":"","ast-hfb-mobile-header-display":"","site-post-title":"","ast-breadcrumbs-content":"","ast-featured-img":"","footer-sml-layout":"","theme-transparent-header-meta":"default","adv-header-id-meta":"","stick-header-meta":"","header-above-stick-meta":"","header-main-stick-meta":"","header-below-stick-meta":"","astra-migrate-meta-layouts":"set","ast-page-background-enabled":"default","ast-page-background-meta":{"desktop":{"background-color":"var(--ast-global-color-4)","background-image":"","background-repeat":"repeat","background-position":"center center","background-size":"auto","background-attachment":"scroll","background-type":"","background-media":"","overlay-type":"","overlay-color":"","overlay-opacity":"","overlay-gradient":""},"tablet":{"background-color":"","background-image":"","background-repeat":"repeat","background-position":"center center","background-size":"auto","background-attachment":"scroll","background-type":"","background-media":"","overlay-type":"","overlay-color":"","overlay-opacity":"","overlay-gradient":""},"mobile":{"background-color":"","background-image":"","background-repeat":"repeat","background-position":"center center","background-size":"auto","background-attachment":"scroll","background-type":"","background-media":"","overlay-type":"","overlay-color":"","overlay-opacity":"","overlay-gradient":""}},"ast-content-background-meta":{"desktop":{"background-color":"var(--ast-global-color-5)","background-image":"","background-repeat":"repeat","background-position":"center center","background-size":"auto","background-attachment":"scroll","background-type":"","background-media":"","overlay-type":"","overlay-color":"","overlay-opacity":"","overlay-gradient":""},"tablet":{"background-color":"var(--ast-global-color-5)","background-image":"","background-repeat":"repeat","background-position":"center center","background-size":"auto","background-attachment":"scroll","background-type":"","background-media":"","overlay-type":"","overlay-color":"","overlay-opacity":"","overlay-gradient":""},"mobile":{"background-color":"var(--ast-global-color-5)","background-image":"","background-repeat":"repeat","background-position":"center center","background-size":"auto","background-attachment":"scroll","background-type":"","background-media":"","overlay-type":"","overlay-color":"","overlay-opacity":"","overlay-gradient":""}}},"product_brand":[],"product_cat":[1001],"product_tag":[],"class_list":{"0":"post-59274","1":"product","2":"type-product","3":"status-publish","4":"has-post-thumbnail","6":"product_cat-husholdningsartikler","7":"pa_53813_vg5cp102-bla","8":"pa_53813_vg5cp102-gronn","9":"pa_53813_vg5cp102-gull","10":"pa_53813_vg5cp102-lilla","11":"pa_53813_vg5cp102-rod","12":"pa_53813_vg5cp102-solv","13":"pa_53813_vg5cp102-svart","14":"desktop-align-left","15":"tablet-align-left","16":"mobile-align-left","18":"first","19":"instock","20":"shipping-taxable","21":"purchasable","22":"product-type-variable"},"_links":{"self":[{"href":"https:\/\/keluvo.com\/no\/wp-json\/wp\/v2\/product\/59274","targetHints":{"allow":["GET"]}}],"collection":[{"href":"https:\/\/keluvo.com\/no\/wp-json\/wp\/v2\/product"}],"about":[{"href":"https:\/\/keluvo.com\/no\/wp-json\/wp\/v2\/types\/product"}],"replies":[{"embeddable":true,"href":"https:\/\/keluvo.com\/no\/wp-json\/wp\/v2\/comments?post=59274"}],"wp:featuredmedia":[{"embeddable":true,"href":"https:\/\/keluvo.com\/no\/wp-json\/wp\/v2\/media\/59270"}],"wp:attachment":[{"href":"https:\/\/keluvo.com\/no\/wp-json\/wp\/v2\/media?parent=59274"}],"wp:term":[{"taxonomy":"product_brand","embeddable":true,"href":"https:\/\/keluvo.com\/no\/wp-json\/wp\/v2\/product_brand?post=59274"},{"taxonomy":"product_cat","embeddable":true,"href":"https:\/\/keluvo.com\/no\/wp-json\/wp\/v2\/product_cat?post=59274"},{"taxonomy":"product_tag","embeddable":true,"href":"https:\/\/keluvo.com\/no\/wp-json\/wp\/v2\/product_tag?post=59274"}],"curies":[{"name":"wp","href":"https:\/\/api.w.org\/{rel}","templated":true}]}}