{"id":59258,"date":"2025-11-27T17:34:23","date_gmt":"2025-11-27T15:34:23","guid":{"rendered":"https:\/\/keluvo.com\/no\/produkt\/flytende-plantenaering\/"},"modified":"2025-11-28T00:20:30","modified_gmt":"2025-11-27T22:20:30","slug":"flytende-plantenaering","status":"publish","type":"product","link":"https:\/\/keluvo.com\/no\/produkt\/flytende-plantenaering\/","title":{"rendered":"Flytende planten\u00e6ring"},"content":{"rendered":"<p style=\"text-align: center;\" data-start=\"0\" data-end=\"67\"><strong>Gi Plantene Dine \u00d8yeblikkelig N\u00e6ring For Raskere Og Sunnere Vekst. \ud83c\udf31<\/strong><\/p>\n<p style=\"text-align: center;\" data-start=\"69\" data-end=\"342\">Dette flytende planten\u00e6ringsstoffet leverer hurtigvirkende n\u00e6ring direkte til jord eller vann, og hjelper planter \u00e5 vokse seg sterkere, gr\u00f8nnere og mer motstandsdyktige mot stress. Den sprer seg jevnt, virker raskt og passer til alle typer planter &#8211; fra hagetr\u00e6r til sm\u00e5 potteplanter.<\/p>\n<p data-start=\"69\" data-end=\"342\"><img decoding=\"async\" class=\"size-full wp-image-42699 aligncenter\" src=\"https:\/\/keluvo.com\/template\/wp-content\/uploads\/sites\/5\/2025\/11\/10227-ezgif.com-video-to-webp-converter-1-1.webp\" alt=\"\" \/><\/p>\n<h2 style=\"text-align: center;\" data-start=\"349\" data-end=\"369\">\u2b50 Hovedfordeler<\/h2>\n<p data-start=\"370\" data-end=\"974\">\ud83c\udf3f Rask n\u00e6ringsabsorpsjon \u2013 Penetrerer jorda umiddelbart for \u00e5 gi plantene rask tilgang til n\u00e6ringsstoffer.<\/p>\n<p data-start=\"370\" data-end=\"974\">\ud83c\udf40 Sunnere, sterkere planter \u2013 Forbedrer pH-balansen i jorda og \u00f8ker plantens generelle vitalitet.<\/p>\n<p data-start=\"370\" data-end=\"974\">\ud83c\udf31 St\u00f8tter rotvekst \u2013 Forbedrer n\u00e6ringsopptaket og bygger sterkere rotsystemer.<\/p>\n<p data-start=\"370\" data-end=\"974\">\u2744\ufe0f \u00d8ker motstandsdyktigheten \u2013 Hjelper plantene med \u00e5 t\u00e5le kulde, t\u00f8rke og insekter.<\/p>\n<p data-start=\"370\" data-end=\"974\">\ud83c\udf3c Bedre blomstring og vekst \u2013 Fremmer spiring, tidlig blomstring, pollinering og full utvikling.<\/p>\n<p data-start=\"370\" data-end=\"974\">\ud83c\udfe1 Passer for alle planter \u2013 Fungerer for tr\u00e6r, bonsai, potteplanter, landskapsplanter, gr\u00f8nnsaker og hydroponiske planter.<\/p>\n<p data-start=\"370\" data-end=\"974\"><img decoding=\"async\" class=\"size-full wp-image-42700 aligncenter\" src=\"https:\/\/keluvo.com\/template\/wp-content\/uploads\/sites\/5\/2025\/11\/5962cb6da9c3c43b5e35f900a63d0e485771620b140e4f77ce7e80c5c92e3781-800.avif\" alt=\"\" \/><\/p>\n<h2 style=\"text-align: center;\" data-start=\"981\" data-end=\"999\">\ud83d\udd27 Slik Bruker Du Det<\/h2>\n<p data-start=\"1000\" data-end=\"1022\"><strong>Jorddyrking<\/strong><\/p>\n<ol data-start=\"1023\" data-end=\"1120\">\n<li data-start=\"1023\" data-end=\"1080\">\n<p data-start=\"1026\" data-end=\"1080\">Utl\u00f8s 10 ml med 250 ml vann (forhold 1:25).<\/p>\n<\/li>\n<li data-start=\"1081\" data-end=\"1120\">\n<p data-start=\"1084\" data-end=\"1120\">Vann r\u00f8ttene hver 7.-10. dag.<\/p>\n<\/li>\n<\/ol>\n<p data-start=\"1122\" data-end=\"1150\"><strong>Hydroponisk dyrking<\/strong><\/p>\n<ol data-start=\"1151\" data-end=\"1247\">\n<li data-start=\"1151\" data-end=\"1208\">\n<p data-start=\"1154\" data-end=\"1208\">Utl\u00f8s 10 ml med 500 ml vann (forhold 1:50).<\/p>\n<\/li>\n<li data-start=\"1209\" data-end=\"1247\">\n<p data-start=\"1212\" data-end=\"1247\">Tilsett n\u00e6ringsstoffer hver 10.-15. dag.<\/p>\n<\/li>\n<\/ol>\n<p data-start=\"1249\" data-end=\"1264\"><strong>Fr\u00f8planter<\/strong><\/p>\n<ol data-start=\"1265\" data-end=\"1343\">\n<li data-start=\"1265\" data-end=\"1303\">\n<p data-start=\"1268\" data-end=\"1303\">Utspedd 1000 ganger med vann.<\/p>\n<\/li>\n<li data-start=\"1304\" data-end=\"1343\">\n<p data-start=\"1307\" data-end=\"1343\">Vanne jorden hver 20.-30. dag.<\/p>\n<\/li>\n<\/ol>\n<p data-start=\"1345\" data-end=\"1364\"><strong>Potteplanter<\/strong><\/p>\n<ol data-start=\"1365\" data-end=\"1484\">\n<li data-start=\"1365\" data-end=\"1386\">\n<p data-start=\"1368\" data-end=\"1386\">Skru av korken.<\/p>\n<\/li>\n<li data-start=\"1387\" data-end=\"1433\">\n<p data-start=\"1390\" data-end=\"1433\">Plasser flasken opp ned i jorden.<\/p>\n<\/li>\n<li data-start=\"1434\" data-end=\"1484\">\n<p data-start=\"1437\" data-end=\"1484\">N\u00e6ringsstoffene frigj\u00f8res sakte av seg selv.<\/p>\n<\/li>\n<\/ol>\n<h2 style=\"text-align: center;\" data-start=\"1491\" data-end=\"1514\">\ud83d\udccf Produktdetaljer<\/h2>\n<ul data-start=\"1515\" data-end=\"1847\">\n<li data-start=\"1515\" data-end=\"1550\">\n<p data-start=\"1517\" data-end=\"1550\">Materiale: Spor av planten\u00e6ringsstoffer<\/p>\n<\/li>\n<li data-start=\"1551\" data-end=\"1573\">\n<p data-start=\"1553\" data-end=\"1573\">Nettoinhold: 38 ml<\/p>\n<\/li>\n<li data-start=\"1574\" data-end=\"1599\">\n<p data-start=\"1576\" data-end=\"1599\">Lengde: Ca. 13 cm<\/p>\n<\/li>\n<li data-start=\"1653\" data-end=\"1756\">\n<p data-start=\"1655\" data-end=\"1756\">Egnet for: Landbruksvekster, hageplanter, bonsai, landskapsplanter og innend\u00f8rs potteplanter<\/p>\n<\/li>\n<li data-start=\"1757\" data-end=\"1847\">\n<p data-start=\"1759\" data-end=\"1847\">Fordeler: Rotvekst, n\u00e6ringsopptak, jordforbedring, spiring, blomstringsst\u00f8tte<\/p>\n<\/li>\n<\/ul>\n<h2 style=\"text-align: center;\" data-start=\"1854\" data-end=\"1878\">\ud83d\udce6 Pakken inkluderer<\/h2>\n<ul data-start=\"1879\" data-end=\"1920\">\n<li data-start=\"1879\" data-end=\"1920\">\n<p data-start=\"1881\" data-end=\"1920\">1, 3, 5x flaske med flytende planten\u00e6ring.<\/p>\n<\/li>\n<\/ul>\n","protected":false},"excerpt":{"rendered":"<p>Gi Plantene Dine \u00d8yeblikkelig N\u00e6ring For Raskere Og Sunnere Vekst. \ud83c\udf31 Dette flytende planten\u00e6ringsstoffet leverer hurtigvirkende n\u00e6ring direkte til jord [&hellip;]<\/p>\n","protected":false},"featured_media":59254,"comment_status":"open","ping_status":"closed","template":"","meta":{"site-sidebar-layout":"default","site-content-layout":"","ast-site-content-layout":"default","site-content-style":"default","site-sidebar-style":"default","ast-global-header-display":"","ast-banner-title-visibility":"","ast-main-header-display":"","ast-hfb-above-header-display":"","ast-hfb-below-header-display":"","ast-hfb-mobile-header-display":"","site-post-title":"","ast-breadcrumbs-content":"","ast-featured-img":"","footer-sml-layout":"","theme-transparent-header-meta":"default","adv-header-id-meta":"","stick-header-meta":"","header-above-stick-meta":"","header-main-stick-meta":"","header-below-stick-meta":"","astra-migrate-meta-layouts":"set","ast-page-background-enabled":"default","ast-page-background-meta":{"desktop":{"background-color":"var(--ast-global-color-4)","background-image":"","background-repeat":"repeat","background-position":"center center","background-size":"auto","background-attachment":"scroll","background-type":"","background-media":"","overlay-type":"","overlay-color":"","overlay-opacity":"","overlay-gradient":""},"tablet":{"background-color":"","background-image":"","background-repeat":"repeat","background-position":"center center","background-size":"auto","background-attachment":"scroll","background-type":"","background-media":"","overlay-type":"","overlay-color":"","overlay-opacity":"","overlay-gradient":""},"mobile":{"background-color":"","background-image":"","background-repeat":"repeat","background-position":"center center","background-size":"auto","background-attachment":"scroll","background-type":"","background-media":"","overlay-type":"","overlay-color":"","overlay-opacity":"","overlay-gradient":""}},"ast-content-background-meta":{"desktop":{"background-color":"var(--ast-global-color-5)","background-image":"","background-repeat":"repeat","background-position":"center center","background-size":"auto","background-attachment":"scroll","background-type":"","background-media":"","overlay-type":"","overlay-color":"","overlay-opacity":"","overlay-gradient":""},"tablet":{"background-color":"var(--ast-global-color-5)","background-image":"","background-repeat":"repeat","background-position":"center center","background-size":"auto","background-attachment":"scroll","background-type":"","background-media":"","overlay-type":"","overlay-color":"","overlay-opacity":"","overlay-gradient":""},"mobile":{"background-color":"var(--ast-global-color-5)","background-image":"","background-repeat":"repeat","background-position":"center center","background-size":"auto","background-attachment":"scroll","background-type":"","background-media":"","overlay-type":"","overlay-color":"","overlay-opacity":"","overlay-gradient":""}}},"product_brand":[],"product_cat":[1001],"product_tag":[],"class_list":{"0":"post-59258","1":"product","2":"type-product","3":"status-publish","4":"has-post-thumbnail","6":"product_cat-husholdningsartikler","7":"pa_53798_f3ly0dzr-1-stk","8":"pa_53798_f3ly0dzr-3-stk","9":"pa_53798_f3ly0dzr-5-stk","10":"desktop-align-left","11":"tablet-align-left","12":"mobile-align-left","14":"first","15":"instock","16":"shipping-taxable","17":"purchasable","18":"product-type-variable"},"_links":{"self":[{"href":"https:\/\/keluvo.com\/no\/wp-json\/wp\/v2\/product\/59258","targetHints":{"allow":["GET"]}}],"collection":[{"href":"https:\/\/keluvo.com\/no\/wp-json\/wp\/v2\/product"}],"about":[{"href":"https:\/\/keluvo.com\/no\/wp-json\/wp\/v2\/types\/product"}],"replies":[{"embeddable":true,"href":"https:\/\/keluvo.com\/no\/wp-json\/wp\/v2\/comments?post=59258"}],"wp:featuredmedia":[{"embeddable":true,"href":"https:\/\/keluvo.com\/no\/wp-json\/wp\/v2\/media\/59254"}],"wp:attachment":[{"href":"https:\/\/keluvo.com\/no\/wp-json\/wp\/v2\/media?parent=59258"}],"wp:term":[{"taxonomy":"product_brand","embeddable":true,"href":"https:\/\/keluvo.com\/no\/wp-json\/wp\/v2\/product_brand?post=59258"},{"taxonomy":"product_cat","embeddable":true,"href":"https:\/\/keluvo.com\/no\/wp-json\/wp\/v2\/product_cat?post=59258"},{"taxonomy":"product_tag","embeddable":true,"href":"https:\/\/keluvo.com\/no\/wp-json\/wp\/v2\/product_tag?post=59258"}],"curies":[{"name":"wp","href":"https:\/\/api.w.org\/{rel}","templated":true}]}}