{"id":59242,"date":"2025-11-27T17:33:12","date_gmt":"2025-11-27T15:33:12","guid":{"rendered":"https:\/\/keluvo.com\/no\/produkt\/hodeboyle-med-refleksball-for-boksing\/"},"modified":"2025-12-01T15:18:08","modified_gmt":"2025-12-01T13:18:08","slug":"hodeboyle-med-refleksball-for-boksing","status":"publish","type":"product","link":"https:\/\/keluvo.com\/no\/produkt\/hodeboyle-med-refleksball-for-boksing\/","title":{"rendered":"Hodeb\u00f8yle med refleksball for boksing"},"content":{"rendered":"<p style=\"text-align: center;\" data-start=\"0\" data-end=\"68\"><strong>Forbedre hastighet, koordinasjon og reflekser n\u00e5r som helst og hvor som helst. \ud83e\udd4a<\/strong><\/p>\n<p style=\"text-align: center;\" data-start=\"70\" data-end=\"299\">Dette refleksballhodeb\u00e5ndet for boksing hjelper deg med \u00e5 trene raskere reaksjonstid, skjerpe h\u00e5nd-\u00f8ye-koordinasjon og bygge styrke i overkroppen uten \u00e5 trenge et treningsstudio. Den er lett, b\u00e6rbar og perfekt for boksere p\u00e5 alle ferdighetsniv\u00e5er.<\/p>\n<p data-start=\"70\" data-end=\"299\"><img fetchpriority=\"high\" decoding=\"async\" class=\" wp-image-42670 aligncenter\" src=\"https:\/\/keluvo.com\/template\/wp-content\/uploads\/sites\/5\/2025\/11\/f3a5fe13-aa16-42b1-9671-c0b19d2500c2.gif\" alt=\"\" width=\"500\" height=\"500\" \/><\/p>\n<h2 style=\"text-align: center;\" data-start=\"306\" data-end=\"326\"><strong>Hovedfordeler<\/strong><\/h2>\n<p data-start=\"327\" data-end=\"878\">\u26a1 Forbedrer reflekser &#8211; Styrker h\u00e5nd-\u00f8ye-koordinasjonen og \u00f8ker reaksjonshastigheten.<\/p>\n<p data-start=\"327\" data-end=\"878\">\ud83e\udd4a Bygger styrke &#8211; Hjelper med \u00e5 tone armene, skuldrene og overkroppen med hvert slag.<\/p>\n<p data-start=\"327\" data-end=\"878\">\ud83c\udf88 Lett refleksball &#8211; Laget av slitesterk nylon og PU for sikker og effektiv trening.<\/p>\n<p data-start=\"327\" data-end=\"878\">\ud83e\uddf3 B\u00e6rbar og kompakt &#8211; Lett \u00e5 ha med seg i vesken for trening hvor som helst.<\/p>\n<p data-start=\"327\" data-end=\"878\">\ud83c\udfe1 Bruk den hvor som helst &#8211; Perfekt for hjemmet, treningsstudioet, pauser p\u00e5 kontoret, utend\u00f8rs trenings\u00f8kter eller reiser.<\/p>\n<p data-start=\"327\" data-end=\"878\">\ud83c\udfaf Flott for alle ferdighetsniv\u00e5er &#8211; Nyttig for nybegynnere og profesjonelle for \u00e5 forbedre timing og n\u00f8yaktighet.<\/p>\n<p data-start=\"327\" data-end=\"878\"><img decoding=\"async\" class=\" wp-image-42669 aligncenter\" src=\"https:\/\/keluvo.com\/template\/wp-content\/uploads\/sites\/5\/2025\/11\/5da9e915-608d-4e71-9207-f13115c8c920.gif\" alt=\"\" width=\"500\" height=\"500\" \/><\/p>\n<h2 style=\"text-align: center;\" data-start=\"885\" data-end=\"903\"><strong>Slik Bruker Du Den<\/strong><\/h2>\n<ol data-start=\"904\" data-end=\"1227\">\n<li data-start=\"904\" data-end=\"960\">\n<p data-start=\"907\" data-end=\"960\">Sett p\u00e5 hodeb\u00e5ndet og juster det for en sikker passform.<\/p>\n<\/li>\n<li data-start=\"961\" data-end=\"1027\">\n<p data-start=\"964\" data-end=\"1027\">Fest refleksballen til den elastiske snoren p\u00e5 panneb\u00e5ndet.<\/p>\n<\/li>\n<li data-start=\"1028\" data-end=\"1104\">\n<p data-start=\"1031\" data-end=\"1104\">St\u00e5 komfortabelt og sl\u00e5 ballen lett for \u00e5 bli vant til rytmen.<\/p>\n<\/li>\n<li data-start=\"1105\" data-end=\"1165\">\n<p data-start=\"1108\" data-end=\"1165\">\u00d8k hastigheten og kraften etter hvert som koordinasjonen din forbedres.<\/p>\n<\/li>\n<li data-start=\"1166\" data-end=\"1227\">\n<p data-start=\"1169\" data-end=\"1227\">\u00d8v regelmessig for \u00e5 \u00f8ke reflekser, timing og smidighet.<\/p>\n<\/li>\n<\/ol>\n<h2 style=\"text-align: center;\" data-start=\"1234\" data-end=\"1257\"><strong>Produktdetaljer<\/strong><\/h2>\n<ul data-start=\"1258\" data-end=\"1493\">\n<li data-start=\"1258\" data-end=\"1282\">\n<p data-start=\"1260\" data-end=\"1282\">Materiale: Nylon + PU<\/p>\n<\/li>\n<li data-start=\"1283\" data-end=\"1323\">\n<p data-start=\"1285\" data-end=\"1323\">Produktst\u00f8rrelse: 25 x 3,8 cm og ballen 6 cm<\/p>\n<\/li>\n<li data-start=\"1324\" data-end=\"1386\">\n<p data-start=\"1326\" data-end=\"1386\">Bruk: Refleks trening, boksetrening, forbedring av smidighet<\/p>\n<\/li>\n<li data-start=\"1387\" data-end=\"1448\">\n<p data-start=\"1389\" data-end=\"1448\">Egnet for: Hjem, treningsstudio, kontor, utend\u00f8rstrening, reise<\/p>\n<\/li>\n<li data-start=\"1449\" data-end=\"1493\">\n<p data-start=\"1451\" data-end=\"1493\">Ferdighetsniv\u00e5: Nybegynnere og viderekomne boksere<\/p>\n<\/li>\n<\/ul>\n<h2 style=\"text-align: center;\" data-start=\"1500\" data-end=\"1524\"><strong>Pakken inneholder<\/strong><\/h2>\n<ul data-start=\"1525\" data-end=\"1561\">\n<li data-start=\"1525\" data-end=\"1561\">\n<p data-start=\"1527\" data-end=\"1561\">1x reflekshodeb\u00e5nd, ball og pose eller<\/p>\n<\/li>\n<li data-start=\"1525\" data-end=\"1561\">Sett med 1x reflekshodeb\u00e5nd, 2x baller og 1x pose.<\/li>\n<\/ul>\n","protected":false},"excerpt":{"rendered":"<p>Forbedre hastighet, koordinasjon og reflekser n\u00e5r som helst og hvor som helst. \ud83e\udd4a Dette refleksballhodeb\u00e5ndet for boksing hjelper deg med [&hellip;]<\/p>\n","protected":false},"featured_media":59238,"comment_status":"open","ping_status":"closed","template":"","meta":{"site-sidebar-layout":"default","site-content-layout":"","ast-site-content-layout":"default","site-content-style":"default","site-sidebar-style":"default","ast-global-header-display":"","ast-banner-title-visibility":"","ast-main-header-display":"","ast-hfb-above-header-display":"","ast-hfb-below-header-display":"","ast-hfb-mobile-header-display":"","site-post-title":"","ast-breadcrumbs-content":"","ast-featured-img":"","footer-sml-layout":"","theme-transparent-header-meta":"default","adv-header-id-meta":"","stick-header-meta":"","header-above-stick-meta":"","header-main-stick-meta":"","header-below-stick-meta":"","astra-migrate-meta-layouts":"set","ast-page-background-enabled":"default","ast-page-background-meta":{"desktop":{"background-color":"var(--ast-global-color-4)","background-image":"","background-repeat":"repeat","background-position":"center center","background-size":"auto","background-attachment":"scroll","background-type":"","background-media":"","overlay-type":"","overlay-color":"","overlay-opacity":"","overlay-gradient":""},"tablet":{"background-color":"","background-image":"","background-repeat":"repeat","background-position":"center center","background-size":"auto","background-attachment":"scroll","background-type":"","background-media":"","overlay-type":"","overlay-color":"","overlay-opacity":"","overlay-gradient":""},"mobile":{"background-color":"","background-image":"","background-repeat":"repeat","background-position":"center center","background-size":"auto","background-attachment":"scroll","background-type":"","background-media":"","overlay-type":"","overlay-color":"","overlay-opacity":"","overlay-gradient":""}},"ast-content-background-meta":{"desktop":{"background-color":"var(--ast-global-color-5)","background-image":"","background-repeat":"repeat","background-position":"center center","background-size":"auto","background-attachment":"scroll","background-type":"","background-media":"","overlay-type":"","overlay-color":"","overlay-opacity":"","overlay-gradient":""},"tablet":{"background-color":"var(--ast-global-color-5)","background-image":"","background-repeat":"repeat","background-position":"center center","background-size":"auto","background-attachment":"scroll","background-type":"","background-media":"","overlay-type":"","overlay-color":"","overlay-opacity":"","overlay-gradient":""},"mobile":{"background-color":"var(--ast-global-color-5)","background-image":"","background-repeat":"repeat","background-position":"center center","background-size":"auto","background-attachment":"scroll","background-type":"","background-media":"","overlay-type":"","overlay-color":"","overlay-opacity":"","overlay-gradient":""}}},"product_brand":[],"product_cat":[999],"product_tag":[],"class_list":{"0":"post-59242","1":"product","2":"type-product","3":"status-publish","4":"has-post-thumbnail","6":"product_cat-sportsutstyr","7":"pa_53772_dfd1m3pe-rod","8":"pa_53772_dfd1m3pe-sett-med-2-stk","9":"pa_53772_dfd1m3pe-svart","10":"desktop-align-left","11":"tablet-align-left","12":"mobile-align-left","14":"first","15":"instock","16":"shipping-taxable","17":"purchasable","18":"product-type-variable"},"_links":{"self":[{"href":"https:\/\/keluvo.com\/no\/wp-json\/wp\/v2\/product\/59242","targetHints":{"allow":["GET"]}}],"collection":[{"href":"https:\/\/keluvo.com\/no\/wp-json\/wp\/v2\/product"}],"about":[{"href":"https:\/\/keluvo.com\/no\/wp-json\/wp\/v2\/types\/product"}],"replies":[{"embeddable":true,"href":"https:\/\/keluvo.com\/no\/wp-json\/wp\/v2\/comments?post=59242"}],"wp:featuredmedia":[{"embeddable":true,"href":"https:\/\/keluvo.com\/no\/wp-json\/wp\/v2\/media\/59238"}],"wp:attachment":[{"href":"https:\/\/keluvo.com\/no\/wp-json\/wp\/v2\/media?parent=59242"}],"wp:term":[{"taxonomy":"product_brand","embeddable":true,"href":"https:\/\/keluvo.com\/no\/wp-json\/wp\/v2\/product_brand?post=59242"},{"taxonomy":"product_cat","embeddable":true,"href":"https:\/\/keluvo.com\/no\/wp-json\/wp\/v2\/product_cat?post=59242"},{"taxonomy":"product_tag","embeddable":true,"href":"https:\/\/keluvo.com\/no\/wp-json\/wp\/v2\/product_tag?post=59242"}],"curies":[{"name":"wp","href":"https:\/\/api.w.org\/{rel}","templated":true}]}}