{"id":59096,"date":"2025-11-27T11:53:41","date_gmt":"2025-11-27T09:53:41","guid":{"rendered":"https:\/\/keluvo.com\/no\/produkt\/skjeggdekorasjoner\/"},"modified":"2025-12-01T15:18:16","modified_gmt":"2025-12-01T13:18:16","slug":"skjeggdekorasjoner","status":"publish","type":"product","link":"https:\/\/keluvo.com\/no\/produkt\/skjeggdekorasjoner\/","title":{"rendered":"Skjeggdekorasjoner"},"content":{"rendered":"<p style=\"text-align: center;\" data-start=\"0\" data-end=\"87\"><strong>Gi Skjegget Ditt En Morsom, Fargerik Og Festlig Sjarm Med Disse Dekorasjonene Som Er Enkle \u00c5 Klippe Fast. \ud83c\udf84<\/strong><\/p>\n<p style=\"text-align: center;\" data-start=\"89\" data-end=\"344\">Disse skjeggdekorasjonene er den perfekte m\u00e5ten \u00e5 skille seg ut p\u00e5 h\u00f8ytidsfester, temaarrangementer eller enhver anledning der du vil legge til en leken preg. Lette, fargerike og enkle \u00e5 feste, de gir \u00f8yeblikkelig personlighet og h\u00f8ytids\u00e5nd til utseendet ditt.<\/p>\n<p data-start=\"89\" data-end=\"344\"><img fetchpriority=\"high\" decoding=\"async\" class=\"size-full wp-image-42954 aligncenter\" src=\"https:\/\/keluvo.com\/template\/wp-content\/uploads\/sites\/5\/2025\/11\/102214-ezgif.com-video-to-webp-converter-2.webp\" alt=\"\" width=\"500\" height=\"500\" \/><\/p>\n<h2 style=\"text-align: center;\" data-start=\"351\" data-end=\"371\">\u2b50 Hovedfordeler<\/h2>\n<p data-start=\"372\" data-end=\"823\">\ud83c\udf84 Festlig og morsom &#8211; Lyse farger og sjarmerende bjelledesign gj\u00f8r skjegget ditt pop.<\/p>\n<p data-start=\"372\" data-end=\"823\">\ud83e\udde9 Allsidig for enhver begivenhet &#8211; Flott til jul, fester, kostymer, bilder og mer.<\/p>\n<p data-start=\"372\" data-end=\"823\">\u2728 Lett og behagelig &#8211; Laget av slitesterk plast som ikke vil trekke eller irritere skjegget ditt.<\/p>\n<p data-start=\"372\" data-end=\"823\">\ud83c\udf81 Unik dekorasjon &#8211; En enkel m\u00e5te \u00e5 skille seg ut og gi glede til antrekket ditt.<\/p>\n<p data-start=\"372\" data-end=\"823\">\ud83d\udccf Perfekt liten st\u00f8rrelse &#8211; Kompakte klips gir stil uten \u00e5 f\u00f8les tunge eller klumpete.<\/p>\n<p data-start=\"372\" data-end=\"823\"><img decoding=\"async\" class=\"size-full wp-image-42955 aligncenter\" src=\"https:\/\/keluvo.com\/template\/wp-content\/uploads\/sites\/5\/2025\/11\/4843c240-a087-4cb4-a8f0-1a6b045a0d2f.gif\" alt=\"\" width=\"600\" height=\"600\" \/><\/p>\n<h2 style=\"text-align: center;\" data-start=\"830\" data-end=\"848\">\ud83d\udd27 Hvordan Bruke<\/h2>\n<ol data-start=\"849\" data-end=\"1087\">\n<li data-start=\"849\" data-end=\"893\">\n<p data-start=\"852\" data-end=\"893\">Velg din favorittklips fra settet.<\/p>\n<\/li>\n<li data-start=\"894\" data-end=\"967\">\n<p data-start=\"897\" data-end=\"967\">Bare \u00e5pne den lille l\u00e5sen og fest den forsiktig til skjeggh\u00e5ret.<\/p>\n<\/li>\n<li data-start=\"968\" data-end=\"1045\">\n<p data-start=\"971\" data-end=\"1045\">Juster plasseringen for det beste utseendet &#8211; legg til en eller dekorer hele skjegget.<\/p>\n<\/li>\n<li data-start=\"1046\" data-end=\"1087\">\n<p data-start=\"1049\" data-end=\"1087\">Fjern ved \u00e5 l\u00f8sne klippet forsiktig etter bruk.<\/p>\n<\/li>\n<\/ol>\n<h2 style=\"text-align: center;\" data-start=\"1094\" data-end=\"1117\">\ud83d\udccf Produktdetaljer<\/h2>\n<ul data-start=\"1118\" data-end=\"1385\">\n<li data-start=\"1172\" data-end=\"1206\">\n<p data-start=\"1174\" data-end=\"1206\">Materiale: Plast av h\u00f8y kvalitet<\/p>\n<\/li>\n<li data-start=\"1207\" data-end=\"1241\">\n<p data-start=\"1209\" data-end=\"1241\">Stil: Amerikansk festlig design<\/p>\n<\/li>\n<li data-start=\"1242\" data-end=\"1271\">\n<p data-start=\"1244\" data-end=\"1271\">St\u00f8rrelse: 5 cm (L) x 2 cm (B)<\/p>\n<\/li>\n<li data-start=\"1272\" data-end=\"1331\">\n<p data-start=\"1274\" data-end=\"1331\">Funksjoner: Festlig, lett, gjenbrukbar, flerfunksjonell<\/p>\n<\/li>\n<\/ul>\n<h2 style=\"text-align: center;\" data-start=\"1392\" data-end=\"1416\">\ud83d\udce6 Pakken inkluderer<\/h2>\n<ul data-start=\"1491\" data-end=\"1565\">\n<li data-start=\"1491\" data-end=\"1526\">\n<p data-start=\"1493\" data-end=\"1526\">Alternativ A: 12, 24x kuleklemmer eller<\/p>\n<\/li>\n<li data-start=\"1527\" data-end=\"1565\">\n<p data-start=\"1529\" data-end=\"1565\">Alternativ B: 12, 24x bjelleklemmer.<\/p>\n<\/li>\n<\/ul>\n","protected":false},"excerpt":{"rendered":"<p>Gi Skjegget Ditt En Morsom, Fargerik Og Festlig Sjarm Med Disse Dekorasjonene Som Er Enkle \u00c5 Klippe Fast. \ud83c\udf84 Disse [&hellip;]<\/p>\n","protected":false},"featured_media":59092,"comment_status":"open","ping_status":"closed","template":"","meta":{"site-sidebar-layout":"default","site-content-layout":"","ast-site-content-layout":"default","site-content-style":"default","site-sidebar-style":"default","ast-global-header-display":"","ast-banner-title-visibility":"","ast-main-header-display":"","ast-hfb-above-header-display":"","ast-hfb-below-header-display":"","ast-hfb-mobile-header-display":"","site-post-title":"","ast-breadcrumbs-content":"","ast-featured-img":"","footer-sml-layout":"","theme-transparent-header-meta":"default","adv-header-id-meta":"","stick-header-meta":"","header-above-stick-meta":"","header-main-stick-meta":"","header-below-stick-meta":"","astra-migrate-meta-layouts":"set","ast-page-background-enabled":"default","ast-page-background-meta":{"desktop":{"background-color":"var(--ast-global-color-4)","background-image":"","background-repeat":"repeat","background-position":"center center","background-size":"auto","background-attachment":"scroll","background-type":"","background-media":"","overlay-type":"","overlay-color":"","overlay-opacity":"","overlay-gradient":""},"tablet":{"background-color":"","background-image":"","background-repeat":"repeat","background-position":"center center","background-size":"auto","background-attachment":"scroll","background-type":"","background-media":"","overlay-type":"","overlay-color":"","overlay-opacity":"","overlay-gradient":""},"mobile":{"background-color":"","background-image":"","background-repeat":"repeat","background-position":"center center","background-size":"auto","background-attachment":"scroll","background-type":"","background-media":"","overlay-type":"","overlay-color":"","overlay-opacity":"","overlay-gradient":""}},"ast-content-background-meta":{"desktop":{"background-color":"var(--ast-global-color-5)","background-image":"","background-repeat":"repeat","background-position":"center center","background-size":"auto","background-attachment":"scroll","background-type":"","background-media":"","overlay-type":"","overlay-color":"","overlay-opacity":"","overlay-gradient":""},"tablet":{"background-color":"var(--ast-global-color-5)","background-image":"","background-repeat":"repeat","background-position":"center center","background-size":"auto","background-attachment":"scroll","background-type":"","background-media":"","overlay-type":"","overlay-color":"","overlay-opacity":"","overlay-gradient":""},"mobile":{"background-color":"var(--ast-global-color-5)","background-image":"","background-repeat":"repeat","background-position":"center center","background-size":"auto","background-attachment":"scroll","background-type":"","background-media":"","overlay-type":"","overlay-color":"","overlay-opacity":"","overlay-gradient":""}}},"product_brand":[],"product_cat":[993],"product_tag":[],"class_list":{"0":"post-59096","1":"product","2":"type-product","3":"status-publish","4":"has-post-thumbnail","6":"product_cat-skotoy-tilbehor","7":"pa_53869_y26i2vxs-a","8":"pa_53869_y26i2vxs-b","9":"pa_53869_z5lmrgki-12-stk","10":"pa_53869_z5lmrgki-24-stk","11":"desktop-align-left","12":"tablet-align-left","13":"mobile-align-left","15":"first","16":"instock","17":"shipping-taxable","18":"purchasable","19":"product-type-variable","20":"has-default-attributes"},"_links":{"self":[{"href":"https:\/\/keluvo.com\/no\/wp-json\/wp\/v2\/product\/59096","targetHints":{"allow":["GET"]}}],"collection":[{"href":"https:\/\/keluvo.com\/no\/wp-json\/wp\/v2\/product"}],"about":[{"href":"https:\/\/keluvo.com\/no\/wp-json\/wp\/v2\/types\/product"}],"replies":[{"embeddable":true,"href":"https:\/\/keluvo.com\/no\/wp-json\/wp\/v2\/comments?post=59096"}],"wp:featuredmedia":[{"embeddable":true,"href":"https:\/\/keluvo.com\/no\/wp-json\/wp\/v2\/media\/59092"}],"wp:attachment":[{"href":"https:\/\/keluvo.com\/no\/wp-json\/wp\/v2\/media?parent=59096"}],"wp:term":[{"taxonomy":"product_brand","embeddable":true,"href":"https:\/\/keluvo.com\/no\/wp-json\/wp\/v2\/product_brand?post=59096"},{"taxonomy":"product_cat","embeddable":true,"href":"https:\/\/keluvo.com\/no\/wp-json\/wp\/v2\/product_cat?post=59096"},{"taxonomy":"product_tag","embeddable":true,"href":"https:\/\/keluvo.com\/no\/wp-json\/wp\/v2\/product_tag?post=59096"}],"curies":[{"name":"wp","href":"https:\/\/api.w.org\/{rel}","templated":true}]}}