{"id":59082,"date":"2025-11-27T11:52:37","date_gmt":"2025-11-27T09:52:37","guid":{"rendered":"https:\/\/keluvo.com\/no\/produkt\/gjennomsiktig-automatisk-paraply\/"},"modified":"2025-12-01T15:18:19","modified_gmt":"2025-12-01T13:18:19","slug":"gjennomsiktig-automatisk-paraply","status":"publish","type":"product","link":"https:\/\/keluvo.com\/no\/produkt\/gjennomsiktig-automatisk-paraply\/","title":{"rendered":"Gjennomsiktig automatisk paraply"},"content":{"rendered":"<p style=\"text-align: center;\" data-start=\"0\" data-end=\"95\"><strong>Hold deg stilig, t\u00f8rr og beskyttet med en vakkert designet automatisk, gjennomsiktig paraply. \ud83c\udf27\ufe0f\u2614<\/strong><\/p>\n<p style=\"text-align: center;\" data-start=\"97\" data-end=\"363\">Denne gjennomsiktige, automatiske paraplyen kombinerer eleganse og praktiske egenskaper i ett fantastisk tilbeh\u00f8r. Med sin glassmaleridesign, vindtette konstruksjon og automatiske system med \u00e9n knapp holder den deg beskyttet samtidig som den gir et unikt kunstnerisk preg til ethvert antrekk.<\/p>\n<p data-start=\"97\" data-end=\"363\"><img fetchpriority=\"high\" decoding=\"async\" class=\"size-full wp-image-42948 aligncenter\" src=\"https:\/\/keluvo.com\/template\/wp-content\/uploads\/sites\/5\/2025\/11\/102213-ezgif.com-video-to-webp-converter-1-1.webp\" alt=\"\" width=\"500\" height=\"889\" \/><\/p>\n<h2 style=\"text-align: center;\" data-start=\"370\" data-end=\"390\"><strong>Hovedfordeler<\/strong><\/h2>\n<p data-start=\"391\" data-end=\"927\">\ud83c\udfa8 Vakkert glassmaleridesign &#8211; H\u00e5ndmalt stil skaper et unikt og i\u00f8ynefallende utseende.<\/p>\n<p data-start=\"391\" data-end=\"927\">\ud83d\udca8 Vindtett fleksibilitet &#8211; \u00c5tte glassfiberribber b\u00f8yer seg uten \u00e5 knekke og spretter tilbake i form.<\/p>\n<p data-start=\"391\" data-end=\"927\">\ud83c\udf27\ufe0f Automatisk \u00e5pning og lukking &#8211; En knapp \u00e5pner og lukker paraplyen umiddelbart for rask beskyttelse.<\/p>\n<p data-start=\"391\" data-end=\"927\">\ud83d\udc8e Slitesterk konstruksjon &#8211; Laget av metall, ABS og vanntett oljet papir for langvarig ytelse.<\/p>\n<p data-start=\"391\" data-end=\"927\">\ud83c\udf81 Perfekt som gave &#8211; En gjennomtenkt og stilig gave til venner, barn, kolleger eller kj\u00e6re.<\/p>\n<p data-start=\"391\" data-end=\"927\"><img decoding=\"async\" class=\"size-full wp-image-42952 aligncenter\" src=\"https:\/\/keluvo.com\/template\/wp-content\/uploads\/sites\/5\/2025\/11\/1907c5c893f1afcf1f7cdc72ff7f73d88e195a6a-900.webp\" alt=\"\" width=\"800\" height=\"800\" \/><\/p>\n<h2 style=\"text-align: center;\" data-start=\"934\" data-end=\"952\"><strong>Slik Bruker Du Den<\/strong><\/h2>\n<ol data-start=\"953\" data-end=\"1214\">\n<li data-start=\"953\" data-end=\"1025\">\n<p data-start=\"956\" data-end=\"1025\">Trykk p\u00e5 den automatiske knappen \u00e9n gang for \u00e5 \u00e5pne paraplyen umiddelbart.<\/p>\n<\/li>\n<li data-start=\"1026\" data-end=\"1084\">\n<p data-start=\"1029\" data-end=\"1084\">Hold godt fast og nyt full regn- og solbeskyttelse.<\/p>\n<\/li>\n<li data-start=\"1085\" data-end=\"1148\">\n<p data-start=\"1088\" data-end=\"1148\">Trykk p\u00e5 knappen igjen for \u00e5 lukke paraplyen uten problemer.<\/p>\n<\/li>\n<li data-start=\"1149\" data-end=\"1214\">\n<p data-start=\"1152\" data-end=\"1214\">Brett den sammen og oppbevar den i en veske, ryggsekk eller bil for hverdagsbruk.<\/p>\n<\/li>\n<\/ol>\n<h2 style=\"text-align: center;\" data-start=\"1221\" data-end=\"1244\"><strong>Produktdetaljer<\/strong><\/h2>\n<ul data-start=\"1245\" data-end=\"1550\">\n<li data-start=\"1245\" data-end=\"1295\">\n<p data-start=\"1247\" data-end=\"1295\">Materiale: Metall + ABS + vanntett oljet papir<\/p>\n<\/li>\n<li data-start=\"1296\" data-end=\"1346\">\n<p data-start=\"1298\" data-end=\"1346\">St\u00f8rrelse (utfoldet): 100 x 54 cm<\/p>\n<\/li>\n<li data-start=\"1347\" data-end=\"1404\">\n<p data-start=\"1349\" data-end=\"1404\">St\u00f8rrelse (brettet): 30 x 8 x 8 cm<\/p>\n<\/li>\n<li data-start=\"1405\" data-end=\"1447\">\n<p data-start=\"1407\" data-end=\"1447\">Struktur: 8 vindtette glassfiberribber<\/p>\n<\/li>\n<li data-start=\"1448\" data-end=\"1508\">\n<p data-start=\"1450\" data-end=\"1508\">Stil: Gjennomsiktig med vintage glassmaleri design<\/p>\n<\/li>\n<li data-start=\"1509\" data-end=\"1550\">\n<p data-start=\"1511\" data-end=\"1550\">Funksjon: Automatisk \u00e5pne\/lukke-system<\/p>\n<\/li>\n<\/ul>\n<h2 style=\"text-align: center;\" data-start=\"1557\" data-end=\"1581\"><strong>Pakken inkluderer<\/strong><\/h2>\n<ul data-start=\"1582\" data-end=\"1618\">\n<li data-start=\"1582\" data-end=\"1618\">\n<p data-start=\"1584\" data-end=\"1618\">1x gjennomsiktig automatisk paraply.<\/p>\n<\/li>\n<\/ul>\n","protected":false},"excerpt":{"rendered":"<p>Hold deg stilig, t\u00f8rr og beskyttet med en vakkert designet automatisk, gjennomsiktig paraply. \ud83c\udf27\ufe0f\u2614 Denne gjennomsiktige, automatiske paraplyen kombinerer eleganse [&hellip;]<\/p>\n","protected":false},"featured_media":59078,"comment_status":"open","ping_status":"closed","template":"","meta":{"site-sidebar-layout":"default","site-content-layout":"","ast-site-content-layout":"default","site-content-style":"default","site-sidebar-style":"default","ast-global-header-display":"","ast-banner-title-visibility":"","ast-main-header-display":"","ast-hfb-above-header-display":"","ast-hfb-below-header-display":"","ast-hfb-mobile-header-display":"","site-post-title":"","ast-breadcrumbs-content":"","ast-featured-img":"","footer-sml-layout":"","theme-transparent-header-meta":"default","adv-header-id-meta":"","stick-header-meta":"","header-above-stick-meta":"","header-main-stick-meta":"","header-below-stick-meta":"","astra-migrate-meta-layouts":"set","ast-page-background-enabled":"default","ast-page-background-meta":{"desktop":{"background-color":"var(--ast-global-color-4)","background-image":"","background-repeat":"repeat","background-position":"center center","background-size":"auto","background-attachment":"scroll","background-type":"","background-media":"","overlay-type":"","overlay-color":"","overlay-opacity":"","overlay-gradient":""},"tablet":{"background-color":"","background-image":"","background-repeat":"repeat","background-position":"center center","background-size":"auto","background-attachment":"scroll","background-type":"","background-media":"","overlay-type":"","overlay-color":"","overlay-opacity":"","overlay-gradient":""},"mobile":{"background-color":"","background-image":"","background-repeat":"repeat","background-position":"center center","background-size":"auto","background-attachment":"scroll","background-type":"","background-media":"","overlay-type":"","overlay-color":"","overlay-opacity":"","overlay-gradient":""}},"ast-content-background-meta":{"desktop":{"background-color":"var(--ast-global-color-5)","background-image":"","background-repeat":"repeat","background-position":"center center","background-size":"auto","background-attachment":"scroll","background-type":"","background-media":"","overlay-type":"","overlay-color":"","overlay-opacity":"","overlay-gradient":""},"tablet":{"background-color":"var(--ast-global-color-5)","background-image":"","background-repeat":"repeat","background-position":"center center","background-size":"auto","background-attachment":"scroll","background-type":"","background-media":"","overlay-type":"","overlay-color":"","overlay-opacity":"","overlay-gradient":""},"mobile":{"background-color":"var(--ast-global-color-5)","background-image":"","background-repeat":"repeat","background-position":"center center","background-size":"auto","background-attachment":"scroll","background-type":"","background-media":"","overlay-type":"","overlay-color":"","overlay-opacity":"","overlay-gradient":""}}},"product_brand":[],"product_cat":[993],"product_tag":[],"class_list":{"0":"post-59082","1":"product","2":"type-product","3":"status-publish","4":"has-post-thumbnail","6":"product_cat-skotoy-tilbehor","7":"desktop-align-left","8":"tablet-align-left","9":"mobile-align-left","11":"first","12":"instock","13":"shipping-taxable","14":"purchasable","15":"product-type-simple"},"_links":{"self":[{"href":"https:\/\/keluvo.com\/no\/wp-json\/wp\/v2\/product\/59082","targetHints":{"allow":["GET"]}}],"collection":[{"href":"https:\/\/keluvo.com\/no\/wp-json\/wp\/v2\/product"}],"about":[{"href":"https:\/\/keluvo.com\/no\/wp-json\/wp\/v2\/types\/product"}],"replies":[{"embeddable":true,"href":"https:\/\/keluvo.com\/no\/wp-json\/wp\/v2\/comments?post=59082"}],"wp:featuredmedia":[{"embeddable":true,"href":"https:\/\/keluvo.com\/no\/wp-json\/wp\/v2\/media\/59078"}],"wp:attachment":[{"href":"https:\/\/keluvo.com\/no\/wp-json\/wp\/v2\/media?parent=59082"}],"wp:term":[{"taxonomy":"product_brand","embeddable":true,"href":"https:\/\/keluvo.com\/no\/wp-json\/wp\/v2\/product_brand?post=59082"},{"taxonomy":"product_cat","embeddable":true,"href":"https:\/\/keluvo.com\/no\/wp-json\/wp\/v2\/product_cat?post=59082"},{"taxonomy":"product_tag","embeddable":true,"href":"https:\/\/keluvo.com\/no\/wp-json\/wp\/v2\/product_tag?post=59082"}],"curies":[{"name":"wp","href":"https:\/\/api.w.org\/{rel}","templated":true}]}}