{"id":59073,"date":"2025-11-27T11:51:59","date_gmt":"2025-11-27T09:51:59","guid":{"rendered":"https:\/\/keluvo.com\/no\/produkt\/baseball-treningssett\/"},"modified":"2025-12-01T15:17:46","modified_gmt":"2025-12-01T13:17:46","slug":"baseball-treningssett","status":"publish","type":"product","link":"https:\/\/keluvo.com\/no\/produkt\/baseball-treningssett\/","title":{"rendered":"Baseball-treningssett"},"content":{"rendered":"<p style=\"text-align: center;\" data-start=\"0\" data-end=\"102\"><strong>Hjelp Barna Med \u00c5 Bygge Slagferdigheter, Koordinasjon Og Selvtillit Med Morsom, Automatisk Baseballtrening. \ud83c\udfcf<\/strong><\/p>\n<p style=\"text-align: center;\" data-start=\"104\" data-end=\"372\">Dette baseballtreningssettet gir unge spillere en spennende og enkel m\u00e5te \u00e5 forbedre svingen sin p\u00e5. Med en fjernstyrt avfyringsenhet, uttrekkbart balltre og kontinuerlig ballutl\u00f8sning kan barna \u00f8ve trygt hjemme mens de bygger styrke, timing og h\u00e5nd-\u00f8ye-koordinasjon.<\/p>\n<p data-start=\"104\" data-end=\"372\"><img fetchpriority=\"high\" decoding=\"async\" class=\"size-full wp-image-42940 aligncenter\" src=\"https:\/\/keluvo.com\/template\/wp-content\/uploads\/sites\/5\/2025\/11\/102212-ezgif.com-video-to-webp-converter-1-1.webp\" alt=\"\" width=\"500\" height=\"500\" \/><\/p>\n<h2 style=\"text-align: center;\" data-start=\"379\" data-end=\"399\">\u2b50 Hovedfordeler<\/h2>\n<p data-start=\"400\" data-end=\"958\">\ud83c\udfcf Forbedrer slagferdighetene &#8211; perfekt for gutter og jenter som l\u00e6rer \u00e5 svinge med bedre n\u00f8yaktighet.<\/p>\n<p data-start=\"400\" data-end=\"958\">\ud83c\udfaf Bygger h\u00e5nd-\u00f8ye-koordinasjon &#8211; Hvert sprett hjelper barna \u00e5 time treffene sine mer effektivt.<\/p>\n<p data-start=\"400\" data-end=\"958\">\u2699\ufe0f Automatisk utl\u00f8ser &#8211; Trykk p\u00e5 knappen p\u00e5 balltreet, og en ball spretter opp etter 3 sekunder.<\/p>\n<p data-start=\"400\" data-end=\"958\">\ud83d\udd04 Uttrekkbart balltre &#8211; Kan justeres fra 34 cm til 57 cm for komfort, vekst og enkel oppbevaring.<\/p>\n<p data-start=\"400\" data-end=\"958\">\ud83c\udf92 Lett og slitesterk &#8211; Laget av ABS-plast av h\u00f8y kvalitet for langvarig trening.<\/p>\n<p data-start=\"400\" data-end=\"958\">\u26be Kontinuerlig spilling &#8211; Har plass til 5 baller for \u00e5 svinge etter hverandre uten \u00e5 stoppe.<\/p>\n<p data-start=\"400\" data-end=\"958\"><img decoding=\"async\" class=\"size-full wp-image-42944 aligncenter\" src=\"https:\/\/keluvo.com\/template\/wp-content\/uploads\/sites\/5\/2025\/11\/S026d89708cd941a0999c07fd90949585U.jpg_960x960q75.jpg_.avif\" alt=\"\" width=\"800\" height=\"800\" \/><\/p>\n<h2 style=\"text-align: center;\" data-start=\"965\" data-end=\"983\">\ud83d\udd27 Slik Bruker Du Det.<\/h2>\n<ol data-start=\"984\" data-end=\"1375\">\n<li data-start=\"1068\" data-end=\"1114\">\n<p data-start=\"1071\" data-end=\"1114\">Legg opptil 3 baller i utl\u00f8seren.<\/p>\n<\/li>\n<li data-start=\"1115\" data-end=\"1160\">\n<p data-start=\"1118\" data-end=\"1160\">Forleng balltreet til \u00f8nsket lengde.<\/p>\n<\/li>\n<li data-start=\"1161\" data-end=\"1219\">\n<p data-start=\"1164\" data-end=\"1219\">Trykk p\u00e5 knappen p\u00e5 balltreet for \u00e5 aktivere avfyringsenheten.<\/p>\n<\/li>\n<li data-start=\"1220\" data-end=\"1303\">\n<p data-start=\"1223\" data-end=\"1303\">Etter 3 sekunders forsinkelse vil ballen sprette 1,2-1,3 meter h\u00f8yt &#8211; sving for \u00e5 treffe!<\/p>\n<\/li>\n<li data-start=\"1304\" data-end=\"1375\">\n<p data-start=\"1307\" data-end=\"1375\">Gjenta for kontinuerlig trening ettersom hvert trykk utl\u00f8ser neste ball.<\/p>\n<\/li>\n<\/ol>\n<h2 style=\"text-align: center;\" data-start=\"1382\" data-end=\"1405\">\ud83d\udccf Produktdetaljer<\/h2>\n<ul data-start=\"1406\" data-end=\"1759\">\n<li data-start=\"1452\" data-end=\"1517\">\n<p data-start=\"1454\" data-end=\"1517\">Balltreets lengde: 57 cm utstrakt, 34 cm innfelt<\/p>\n<\/li>\n<li data-start=\"1518\" data-end=\"1556\">\n<p data-start=\"1520\" data-end=\"1556\">Materiale: ABS-plast av h\u00f8y kvalitet<\/p>\n<\/li>\n<li data-start=\"1557\" data-end=\"1587\">\n<p data-start=\"1559\" data-end=\"1587\">Kapasitet: 5 baller<\/p>\n<\/li>\n<li data-start=\"1588\" data-end=\"1646\">\n<p data-start=\"1590\" data-end=\"1646\">Kasterh\u00f8yde: Skyter baller ca. 1,2\u20131,3 meter<\/p>\n<\/li>\n<li data-start=\"1647\" data-end=\"1689\">\n<p data-start=\"1649\" data-end=\"1689\">Kraft: Manuell<\/p>\n<\/li>\n<li data-start=\"1690\" data-end=\"1759\">\n<p data-start=\"1692\" data-end=\"1759\">Ferdigheter utvikles: Svingtiming, h\u00e5nd-\u00f8ye-koordinasjon, motoriske ferdigheter<\/p>\n<\/li>\n<\/ul>\n<h2 style=\"text-align: center;\" data-start=\"1766\" data-end=\"1790\">\ud83d\udce6 Pakken inneholder<\/h2>\n<ul data-start=\"1791\" data-end=\"1884\">\n<li data-start=\"1791\" data-end=\"1821\">\n<p data-start=\"1793\" data-end=\"1821\">1x uttrekkbart balltre<\/p>\n<\/li>\n<li data-start=\"1822\" data-end=\"1864\">\n<p data-start=\"1824\" data-end=\"1864\">1x baseballkaster<\/p>\n<\/li>\n<li data-start=\"1865\" data-end=\"1884\">\n<p data-start=\"1867\" data-end=\"1884\">3x treningsballer.<\/p>\n<\/li>\n<\/ul>\n","protected":false},"excerpt":{"rendered":"<p>Hjelp Barna Med \u00c5 Bygge Slagferdigheter, Koordinasjon Og Selvtillit Med Morsom, Automatisk Baseballtrening. \ud83c\udfcf Dette baseballtreningssettet gir unge spillere en [&hellip;]<\/p>\n","protected":false},"featured_media":59070,"comment_status":"open","ping_status":"closed","template":"","meta":{"site-sidebar-layout":"default","site-content-layout":"","ast-site-content-layout":"default","site-content-style":"default","site-sidebar-style":"default","ast-global-header-display":"","ast-banner-title-visibility":"","ast-main-header-display":"","ast-hfb-above-header-display":"","ast-hfb-below-header-display":"","ast-hfb-mobile-header-display":"","site-post-title":"","ast-breadcrumbs-content":"","ast-featured-img":"","footer-sml-layout":"","theme-transparent-header-meta":"default","adv-header-id-meta":"","stick-header-meta":"","header-above-stick-meta":"","header-main-stick-meta":"","header-below-stick-meta":"","astra-migrate-meta-layouts":"set","ast-page-background-enabled":"default","ast-page-background-meta":{"desktop":{"background-color":"var(--ast-global-color-4)","background-image":"","background-repeat":"repeat","background-position":"center center","background-size":"auto","background-attachment":"scroll","background-type":"","background-media":"","overlay-type":"","overlay-color":"","overlay-opacity":"","overlay-gradient":""},"tablet":{"background-color":"","background-image":"","background-repeat":"repeat","background-position":"center center","background-size":"auto","background-attachment":"scroll","background-type":"","background-media":"","overlay-type":"","overlay-color":"","overlay-opacity":"","overlay-gradient":""},"mobile":{"background-color":"","background-image":"","background-repeat":"repeat","background-position":"center center","background-size":"auto","background-attachment":"scroll","background-type":"","background-media":"","overlay-type":"","overlay-color":"","overlay-opacity":"","overlay-gradient":""}},"ast-content-background-meta":{"desktop":{"background-color":"var(--ast-global-color-5)","background-image":"","background-repeat":"repeat","background-position":"center center","background-size":"auto","background-attachment":"scroll","background-type":"","background-media":"","overlay-type":"","overlay-color":"","overlay-opacity":"","overlay-gradient":""},"tablet":{"background-color":"var(--ast-global-color-5)","background-image":"","background-repeat":"repeat","background-position":"center center","background-size":"auto","background-attachment":"scroll","background-type":"","background-media":"","overlay-type":"","overlay-color":"","overlay-opacity":"","overlay-gradient":""},"mobile":{"background-color":"var(--ast-global-color-5)","background-image":"","background-repeat":"repeat","background-position":"center center","background-size":"auto","background-attachment":"scroll","background-type":"","background-media":"","overlay-type":"","overlay-color":"","overlay-opacity":"","overlay-gradient":""}}},"product_brand":[],"product_cat":[990,999],"product_tag":[],"class_list":{"0":"post-59073","1":"product","2":"type-product","3":"status-publish","4":"has-post-thumbnail","6":"product_cat-leker-barne-og-babyprodukter","7":"product_cat-sportsutstyr","8":"desktop-align-left","9":"tablet-align-left","10":"mobile-align-left","12":"first","13":"instock","14":"shipping-taxable","15":"purchasable","16":"product-type-simple"},"_links":{"self":[{"href":"https:\/\/keluvo.com\/no\/wp-json\/wp\/v2\/product\/59073","targetHints":{"allow":["GET"]}}],"collection":[{"href":"https:\/\/keluvo.com\/no\/wp-json\/wp\/v2\/product"}],"about":[{"href":"https:\/\/keluvo.com\/no\/wp-json\/wp\/v2\/types\/product"}],"replies":[{"embeddable":true,"href":"https:\/\/keluvo.com\/no\/wp-json\/wp\/v2\/comments?post=59073"}],"wp:featuredmedia":[{"embeddable":true,"href":"https:\/\/keluvo.com\/no\/wp-json\/wp\/v2\/media\/59070"}],"wp:attachment":[{"href":"https:\/\/keluvo.com\/no\/wp-json\/wp\/v2\/media?parent=59073"}],"wp:term":[{"taxonomy":"product_brand","embeddable":true,"href":"https:\/\/keluvo.com\/no\/wp-json\/wp\/v2\/product_brand?post=59073"},{"taxonomy":"product_cat","embeddable":true,"href":"https:\/\/keluvo.com\/no\/wp-json\/wp\/v2\/product_cat?post=59073"},{"taxonomy":"product_tag","embeddable":true,"href":"https:\/\/keluvo.com\/no\/wp-json\/wp\/v2\/product_tag?post=59073"}],"curies":[{"name":"wp","href":"https:\/\/api.w.org\/{rel}","templated":true}]}}