{"id":59046,"date":"2025-11-27T11:50:09","date_gmt":"2025-11-27T09:50:09","guid":{"rendered":"https:\/\/keluvo.com\/no\/produkt\/pedagogisk-smarttelefonleke-for-barn\/"},"modified":"2025-11-27T13:30:00","modified_gmt":"2025-11-27T11:30:00","slug":"pedagogisk-smarttelefonleke-for-barn","status":"publish","type":"product","link":"https:\/\/keluvo.com\/no\/produkt\/pedagogisk-smarttelefonleke-for-barn\/","title":{"rendered":"Pedagogisk smarttelefonleke for barn"},"content":{"rendered":"<p style=\"text-align: center;\" data-start=\"0\" data-end=\"83\"><strong>En Morsom Og L\u00e6rerik Smarttelefonleke Som Hjelper Barn Med \u00c5 L\u00e6re, Skape Og Utforske. \ud83d\udcf1<\/strong><\/p>\n<p style=\"text-align: center;\" data-start=\"85\" data-end=\"374\">Denne pedagogiske smarttelefonleken gir barn en trygg og leken m\u00e5te \u00e5 bruke teknologi p\u00e5, samtidig som de l\u00e6rer viktige ferdigheter. Med ber\u00f8ringsskjerm, to kameraer, historier, spill og tegneverkt\u00f8y holder den barna underholdt samtidig som den l\u00e6rer dem spr\u00e5k, kreativitet, probleml\u00f8sning og global bevissthet.<\/p>\n<p data-start=\"85\" data-end=\"374\"><img fetchpriority=\"high\" decoding=\"async\" class=\"size-full wp-image-42917 aligncenter\" src=\"https:\/\/keluvo.com\/template\/wp-content\/uploads\/sites\/5\/2025\/11\/102210-ezgif.com-video-to-webp-converter-1-1.webp\" alt=\"\" width=\"500\" height=\"889\" \/><\/p>\n<h2 style=\"text-align: center;\" data-start=\"381\" data-end=\"401\">\u2b50 Hovedfordeler<\/h2>\n<p data-start=\"402\" data-end=\"1058\">\ud83d\udcf8 To kameraer for bilder og videoer &#8211; barna kan ta selfies, spille inn videoer og leke kreativt.<\/p>\n<p data-start=\"402\" data-end=\"1058\">\ud83d\udcda L\u00e6ringsfunksjoner inkludert &#8211; ABC-l\u00e6ring, fabelhistorier, dyr og verdens landemerker.<\/p>\n<p data-start=\"402\" data-end=\"1058\">\ud83c\udfae Games &amp; doodling &#8211; 8 puslespill og et tegnebrett \u00f8ker probleml\u00f8sing og kreativitet.<\/p>\n<p data-start=\"402\" data-end=\"1058\">\ud83e\udd84 S\u00f8t enhj\u00f8rningsdesign &#8211; Leveres med et morsomt silikonetui som beskytter enheten mot fall.<\/p>\n<p data-start=\"402\" data-end=\"1058\">\ud83d\udd0b Lang batterilevetid &#8211; 800 mAh batteri for timevis med l\u00e6ring og lek.<\/p>\n<p data-start=\"402\" data-end=\"1058\">\ud83c\udf92 B\u00e6rbar og barnevennlig &#8211; Inkluderer en snor som gj\u00f8r det enkelt \u00e5 ta den med seg overalt.<\/p>\n<p data-start=\"402\" data-end=\"1058\">\ud83c\udf81 Perfekt gave &#8211; Ideell til bursdager, jul og barn i alderen 3-14 \u00e5r som elsker tekniske leker.<\/p>\n<p data-start=\"402\" data-end=\"1058\"><img decoding=\"async\" class=\"size-full wp-image-42919 aligncenter\" src=\"https:\/\/keluvo.com\/template\/wp-content\/uploads\/sites\/5\/2025\/11\/7ff5942babfebb704f6e436464864294ba01e787-800.avif\" alt=\"\" \/><\/p>\n<h2 style=\"text-align: center;\" data-start=\"1065\" data-end=\"1083\">\ud83d\udd27 Slik Bruker Du Den<\/h2>\n<ol data-start=\"1084\" data-end=\"1470\">\n<li data-start=\"1084\" data-end=\"1129\">\n<p data-start=\"1087\" data-end=\"1129\">Lad telefonen helt opp f\u00f8r f\u00f8rste gangs bruk.<\/p>\n<\/li>\n<li data-start=\"1130\" data-end=\"1180\">\n<p data-start=\"1133\" data-end=\"1180\">Sl\u00e5 p\u00e5 enheten og utforsk startmenyen.<\/p>\n<\/li>\n<li data-start=\"1181\" data-end=\"1267\">\n<p data-start=\"1184\" data-end=\"1267\">Trykk p\u00e5 ikoner for \u00e5 f\u00e5 tilgang til l\u00e6ringsspill, historier, musikk, tegninger eller kamerafunksjoner.<\/p>\n<\/li>\n<li data-start=\"1268\" data-end=\"1327\">\n<p data-start=\"1271\" data-end=\"1327\">Bruk de doble kameraene til \u00e5 ta selfies eller spille inn videoer.<\/p>\n<\/li>\n<li data-start=\"1328\" data-end=\"1388\">\n<p data-start=\"1331\" data-end=\"1388\">Koble til hodetelefoner ved hjelp av 3,5 mm-kontakten for stille lek.<\/p>\n<\/li>\n<li data-start=\"1389\" data-end=\"1470\">\n<p data-start=\"1392\" data-end=\"1470\">Bruk snoren til \u00e5 b\u00e6re telefonen trygt n\u00e5r du er p\u00e5 reise eller leker utend\u00f8rs.<\/p>\n<\/li>\n<\/ol>\n<h2 style=\"text-align: center;\" data-start=\"1477\" data-end=\"1500\">\ud83d\udccf Produktdetaljer<\/h2>\n<ul data-start=\"1501\" data-end=\"2015\">\n<li data-start=\"1501\" data-end=\"1532\">\n<p data-start=\"1503\" data-end=\"1532\">Skjerm: 2,8&#8243; HD-ber\u00f8ringsskjerm<\/p>\n<\/li>\n<li data-start=\"1533\" data-end=\"1572\">\n<p data-start=\"1535\" data-end=\"1572\">Kameraer: To kameraer med 300 000 piksler<\/p>\n<\/li>\n<li data-start=\"1573\" data-end=\"1605\">\n<p data-start=\"1575\" data-end=\"1605\">Batteri: 800 mAh oppladbart<\/p>\n<\/li>\n<li data-start=\"1606\" data-end=\"1653\">\n<p data-start=\"1608\" data-end=\"1653\">Etui: Slitesterk silikon med enhj\u00f8rningsm\u00f8nster<\/p>\n<\/li>\n<li data-start=\"1654\" data-end=\"1947\">\n<p data-start=\"1656\" data-end=\"1676\">Funksjoner inkluderer:<\/p>\n<ul data-start=\"1679\" data-end=\"1947\">\n<li data-start=\"1679\" data-end=\"1722\">\n<p data-start=\"1681\" data-end=\"1722\">Kamera, videoopptaker, lydopptak<\/p>\n<\/li>\n<li data-start=\"1725\" data-end=\"1749\">\n<p data-start=\"1727\" data-end=\"1749\">Musikk og videospiller<\/p>\n<\/li>\n<li data-start=\"1752\" data-end=\"1797\">\n<p data-start=\"1754\" data-end=\"1797\">ABC-l\u00e6ring, historier, dyr, landemerker<\/p>\n<\/li>\n<li data-start=\"1800\" data-end=\"1818\">\n<p data-start=\"1802\" data-end=\"1818\">8 puslespill<\/p>\n<\/li>\n<li data-start=\"1821\" data-end=\"1838\">\n<p data-start=\"1823\" data-end=\"1838\">Tegnebrett<\/p>\n<\/li>\n<li data-start=\"1841\" data-end=\"1878\">\n<p data-start=\"1843\" data-end=\"1878\">V\u00e5penklokke, kalender, kalkulator<\/p>\n<\/li>\n<li data-start=\"1881\" data-end=\"1917\">\n<p data-start=\"1883\" data-end=\"1917\">Stoppeklokke, lommelykt, skritteller<\/p>\n<\/li>\n<li data-start=\"1920\" data-end=\"1947\">\n<p data-start=\"1922\" data-end=\"1947\">Verkt\u00f8ykassetemaer og mer<\/p>\n<\/li>\n<\/ul>\n<\/li>\n<li data-start=\"1948\" data-end=\"1976\">\n<p data-start=\"1950\" data-end=\"1976\">Passende alder: 3-14 \u00e5r<\/p>\n<\/li>\n<li data-start=\"1977\" data-end=\"2015\">\n<p data-start=\"1979\" data-end=\"2015\">Tilkobling: 3,5 mm hodetelefonkontakt<\/p>\n<\/li>\n<\/ul>\n<h2 style=\"text-align: center;\" data-start=\"2022\" data-end=\"2046\">\ud83d\udce6 Pakken inkluderer<\/h2>\n<ul data-start=\"2047\" data-end=\"2154\">\n<li data-start=\"2047\" data-end=\"2085\">\n<p data-start=\"2049\" data-end=\"2085\">1x pedagogisk smarttelefonleke for barn<\/p>\n<\/li>\n<li data-start=\"2086\" data-end=\"2117\">\n<p data-start=\"2088\" data-end=\"2117\">1x beskyttelsesetui i silikon<\/p>\n<\/li>\n<li data-start=\"2118\" data-end=\"2132\">\n<p data-start=\"2120\" data-end=\"2132\">1x n\u00f8kkelb\u00e5nd<\/p>\n<\/li>\n<li data-start=\"2133\" data-end=\"2154\">\n<p data-start=\"2135\" data-end=\"2154\">1x ladekabel<\/p>\n<\/li>\n<\/ul>\n","protected":false},"excerpt":{"rendered":"<p>En Morsom Og L\u00e6rerik Smarttelefonleke Som Hjelper Barn Med \u00c5 L\u00e6re, Skape Og Utforske. \ud83d\udcf1 Denne pedagogiske smarttelefonleken gir barn [&hellip;]<\/p>\n","protected":false},"featured_media":59042,"comment_status":"open","ping_status":"closed","template":"","meta":{"site-sidebar-layout":"default","site-content-layout":"","ast-site-content-layout":"default","site-content-style":"default","site-sidebar-style":"default","ast-global-header-display":"","ast-banner-title-visibility":"","ast-main-header-display":"","ast-hfb-above-header-display":"","ast-hfb-below-header-display":"","ast-hfb-mobile-header-display":"","site-post-title":"","ast-breadcrumbs-content":"","ast-featured-img":"","footer-sml-layout":"","theme-transparent-header-meta":"default","adv-header-id-meta":"","stick-header-meta":"","header-above-stick-meta":"","header-main-stick-meta":"","header-below-stick-meta":"","astra-migrate-meta-layouts":"set","ast-page-background-enabled":"default","ast-page-background-meta":{"desktop":{"background-color":"var(--ast-global-color-4)","background-image":"","background-repeat":"repeat","background-position":"center center","background-size":"auto","background-attachment":"scroll","background-type":"","background-media":"","overlay-type":"","overlay-color":"","overlay-opacity":"","overlay-gradient":""},"tablet":{"background-color":"","background-image":"","background-repeat":"repeat","background-position":"center center","background-size":"auto","background-attachment":"scroll","background-type":"","background-media":"","overlay-type":"","overlay-color":"","overlay-opacity":"","overlay-gradient":""},"mobile":{"background-color":"","background-image":"","background-repeat":"repeat","background-position":"center center","background-size":"auto","background-attachment":"scroll","background-type":"","background-media":"","overlay-type":"","overlay-color":"","overlay-opacity":"","overlay-gradient":""}},"ast-content-background-meta":{"desktop":{"background-color":"var(--ast-global-color-5)","background-image":"","background-repeat":"repeat","background-position":"center center","background-size":"auto","background-attachment":"scroll","background-type":"","background-media":"","overlay-type":"","overlay-color":"","overlay-opacity":"","overlay-gradient":""},"tablet":{"background-color":"var(--ast-global-color-5)","background-image":"","background-repeat":"repeat","background-position":"center center","background-size":"auto","background-attachment":"scroll","background-type":"","background-media":"","overlay-type":"","overlay-color":"","overlay-opacity":"","overlay-gradient":""},"mobile":{"background-color":"var(--ast-global-color-5)","background-image":"","background-repeat":"repeat","background-position":"center center","background-size":"auto","background-attachment":"scroll","background-type":"","background-media":"","overlay-type":"","overlay-color":"","overlay-opacity":"","overlay-gradient":""}}},"product_brand":[],"product_cat":[990],"product_tag":[],"class_list":{"0":"post-59046","1":"product","2":"type-product","3":"status-publish","4":"has-post-thumbnail","6":"product_cat-leker-barne-og-babyprodukter","7":"pa_53844_okuqiqiq-bla","8":"pa_53844_okuqiqiq-rosa","9":"desktop-align-left","10":"tablet-align-left","11":"mobile-align-left","13":"first","14":"instock","15":"shipping-taxable","16":"purchasable","17":"product-type-variable"},"_links":{"self":[{"href":"https:\/\/keluvo.com\/no\/wp-json\/wp\/v2\/product\/59046","targetHints":{"allow":["GET"]}}],"collection":[{"href":"https:\/\/keluvo.com\/no\/wp-json\/wp\/v2\/product"}],"about":[{"href":"https:\/\/keluvo.com\/no\/wp-json\/wp\/v2\/types\/product"}],"replies":[{"embeddable":true,"href":"https:\/\/keluvo.com\/no\/wp-json\/wp\/v2\/comments?post=59046"}],"wp:featuredmedia":[{"embeddable":true,"href":"https:\/\/keluvo.com\/no\/wp-json\/wp\/v2\/media\/59042"}],"wp:attachment":[{"href":"https:\/\/keluvo.com\/no\/wp-json\/wp\/v2\/media?parent=59046"}],"wp:term":[{"taxonomy":"product_brand","embeddable":true,"href":"https:\/\/keluvo.com\/no\/wp-json\/wp\/v2\/product_brand?post=59046"},{"taxonomy":"product_cat","embeddable":true,"href":"https:\/\/keluvo.com\/no\/wp-json\/wp\/v2\/product_cat?post=59046"},{"taxonomy":"product_tag","embeddable":true,"href":"https:\/\/keluvo.com\/no\/wp-json\/wp\/v2\/product_tag?post=59046"}],"curies":[{"name":"wp","href":"https:\/\/api.w.org\/{rel}","templated":true}]}}