{"id":58955,"date":"2025-11-27T11:34:09","date_gmt":"2025-11-27T09:34:09","guid":{"rendered":"https:\/\/keluvo.com\/no\/produkt\/underlegg-til-juletre\/"},"modified":"2025-11-27T11:34:15","modified_gmt":"2025-11-27T09:34:15","slug":"underlegg-til-juletre","status":"publish","type":"product","link":"https:\/\/keluvo.com\/no\/produkt\/underlegg-til-juletre\/","title":{"rendered":"Underlegg til juletre"},"content":{"rendered":"<p style=\"text-align: center\" data-start=\"0\" data-end=\"87\"><strong>Beskytt bordene dine med festlig stil ved hjelp av disse sjarmerende juletreunderleggene. \ud83c\udf84<\/strong><\/p>\n<p style=\"text-align: center\" data-start=\"89\" data-end=\"322\">Disse bordsk\u00e5nerne med h\u00f8ytidstema beskytter overflatene dine mot varme og riper, samtidig som de gir hjemmet ditt et muntert juletouch. De er lette, slitesterke og allsidige, og er perfekte for drinker, varme retter og sesongens dekorasjoner.<\/p>\n<p data-start=\"89\" data-end=\"322\"><img fetchpriority=\"high\" decoding=\"async\" class=\"size-full wp-image-42843 aligncenter\" src=\"https:\/\/keluvo.com\/template\/wp-content\/uploads\/sites\/5\/2025\/11\/10226-ezgif.com-video-to-webp-converter-2-1.webp\" alt=\"\" width=\"500\" height=\"889\" \/><\/p>\n<h2 style=\"text-align: center\" data-start=\"329\" data-end=\"349\"><strong>Hovedfordeler<\/strong><\/h2>\n<p data-start=\"350\" data-end=\"861\">\ud83c\udf84 Design med h\u00f8ytidstema &#8211; Juletreformer gir festlig jubel til ethvert bord.<\/p>\n<p data-start=\"350\" data-end=\"861\">\ud83d\udd25 Varmebestandig beskyttelse &#8211; Holder trygt varme retter, panner og gryteretter.<\/p>\n<p data-start=\"350\" data-end=\"861\">\ud83c\udf79 Perfekt for drinker &#8211; Fungerer som hverdagsunderlag for kopper, krus og glass.<\/p>\n<p data-start=\"350\" data-end=\"861\">\ud83e\udeb6 Slitesterk og lett &#8211; Laget av sterk plast som ikke riper opp overflater.<\/p>\n<p data-start=\"350\" data-end=\"861\">\ud83c\udf81 Flott gaveid\u00e9 &#8211; En morsom og funksjonell str\u00f8mpepose til venner og familie.<\/p>\n<p data-start=\"350\" data-end=\"861\">\ud83c\udfe0 Dekor til to form\u00e5l &#8211; Kan brukes som underlegg eller som borddekorasjon.<\/p>\n<p data-start=\"350\" data-end=\"861\"><img decoding=\"async\" class=\"size-full wp-image-42845 aligncenter\" src=\"https:\/\/keluvo.com\/template\/wp-content\/uploads\/sites\/5\/2025\/11\/f60dfb7512432b239631e8ad3859dab9244fa3b5-700.avif\" alt=\"\" \/><\/p>\n<h2 style=\"text-align: center\" data-start=\"868\" data-end=\"886\"><strong>Slik Bruker Du Det<\/strong><\/h2>\n<ol data-start=\"887\" data-end=\"1192\">\n<li data-start=\"887\" data-end=\"971\">\n<p data-start=\"890\" data-end=\"971\">Plasser et underlegg under kopper, krus eller glass for \u00e5 beskytte mot drypp og varme.<\/p>\n<\/li>\n<li data-start=\"972\" data-end=\"1049\">\n<p data-start=\"975\" data-end=\"1049\">Bruk st\u00f8rre treformede bordsk\u00e5nere under varme tallerkener, panner eller serveringssk\u00e5ler.<\/p>\n<\/li>\n<li data-start=\"1050\" data-end=\"1120\">\n<p data-start=\"1053\" data-end=\"1120\">plasser settet p\u00e5 bordet for \u00e5 skape en festlig vinterdekorasjon.<\/p>\n<\/li>\n<li data-start=\"1121\" data-end=\"1192\">\n<p data-start=\"1124\" data-end=\"1192\">skyll eller t\u00f8rk av etter bruk, og oppbevar til neste h\u00f8ytid.<\/p>\n<\/li>\n<\/ol>\n<h2 style=\"text-align: center\" data-start=\"1199\" data-end=\"1222\"><strong>Produktdetaljer<\/strong><\/h2>\n<ul data-start=\"1223\" data-end=\"1550\">\n<li data-start=\"1272\" data-end=\"1301\">\n<p data-start=\"1274\" data-end=\"1301\">Materiale: Slitesterk plast<\/p>\n<\/li>\n<li data-start=\"1302\" data-end=\"1343\">\n<p data-start=\"1304\" data-end=\"1343\">Design: Festlige juletreformer<\/p>\n<\/li>\n<li data-start=\"1344\" data-end=\"1399\">\n<p data-start=\"1346\" data-end=\"1399\">Funksjoner: Varmebestandig, flerbruks, lettvekt<\/p>\n<\/li>\n<li data-start=\"1400\" data-end=\"1495\">\n<p data-start=\"1402\" data-end=\"1409\">St\u00f8rrelse: <span style=\"font-size: 16px\">Juletre bordsk\u00e5ner: 25 cm (H) x 12 cm (B), <\/span><span style=\"font-size: 16px\">Enkelt bordsk\u00e5ner: 8-12 cm\u00a0<\/span><\/p>\n<\/li>\n<li data-start=\"1496\" data-end=\"1550\">\n<p data-start=\"1498\" data-end=\"1550\">Bruk: Drikke, varme retter, dekor, ferieunderholdning<\/p>\n<\/li>\n<li data-start=\"1496\" data-end=\"1550\">1 sett = 4 bordsk\u00e5nere<\/li>\n<\/ul>\n<h2 style=\"text-align: center\" data-start=\"1557\" data-end=\"1581\"><strong>Pakken Inneholder<\/strong><\/h2>\n<ul data-start=\"1582\" data-end=\"1653\">\n<li data-start=\"1582\" data-end=\"1653\">\n<p data-start=\"1584\" data-end=\"1653\">1, 2x sett\/er med juletrebordsk\u00e5nere.<\/p>\n<\/li>\n<\/ul>\n","protected":false},"excerpt":{"rendered":"<p>Beskytt bordene dine med festlig stil ved hjelp av disse sjarmerende juletreunderleggene. \ud83c\udf84 Disse bordsk\u00e5nerne med h\u00f8ytidstema beskytter overflatene dine [&hellip;]<\/p>\n","protected":false},"featured_media":58951,"comment_status":"open","ping_status":"closed","template":"","meta":{"site-sidebar-layout":"default","site-content-layout":"","ast-site-content-layout":"default","site-content-style":"default","site-sidebar-style":"default","ast-global-header-display":"","ast-banner-title-visibility":"","ast-main-header-display":"","ast-hfb-above-header-display":"","ast-hfb-below-header-display":"","ast-hfb-mobile-header-display":"","site-post-title":"","ast-breadcrumbs-content":"","ast-featured-img":"","footer-sml-layout":"","theme-transparent-header-meta":"default","adv-header-id-meta":"","stick-header-meta":"","header-above-stick-meta":"","header-main-stick-meta":"","header-below-stick-meta":"","astra-migrate-meta-layouts":"set","ast-page-background-enabled":"default","ast-page-background-meta":{"desktop":{"background-color":"var(--ast-global-color-4)","background-image":"","background-repeat":"repeat","background-position":"center center","background-size":"auto","background-attachment":"scroll","background-type":"","background-media":"","overlay-type":"","overlay-color":"","overlay-opacity":"","overlay-gradient":""},"tablet":{"background-color":"","background-image":"","background-repeat":"repeat","background-position":"center center","background-size":"auto","background-attachment":"scroll","background-type":"","background-media":"","overlay-type":"","overlay-color":"","overlay-opacity":"","overlay-gradient":""},"mobile":{"background-color":"","background-image":"","background-repeat":"repeat","background-position":"center center","background-size":"auto","background-attachment":"scroll","background-type":"","background-media":"","overlay-type":"","overlay-color":"","overlay-opacity":"","overlay-gradient":""}},"ast-content-background-meta":{"desktop":{"background-color":"var(--ast-global-color-5)","background-image":"","background-repeat":"repeat","background-position":"center center","background-size":"auto","background-attachment":"scroll","background-type":"","background-media":"","overlay-type":"","overlay-color":"","overlay-opacity":"","overlay-gradient":""},"tablet":{"background-color":"var(--ast-global-color-5)","background-image":"","background-repeat":"repeat","background-position":"center center","background-size":"auto","background-attachment":"scroll","background-type":"","background-media":"","overlay-type":"","overlay-color":"","overlay-opacity":"","overlay-gradient":""},"mobile":{"background-color":"var(--ast-global-color-5)","background-image":"","background-repeat":"repeat","background-position":"center center","background-size":"auto","background-attachment":"scroll","background-type":"","background-media":"","overlay-type":"","overlay-color":"","overlay-opacity":"","overlay-gradient":""}}},"product_brand":[],"product_cat":[1001],"product_tag":[],"class_list":{"0":"post-58955","1":"product","2":"type-product","3":"status-publish","4":"has-post-thumbnail","6":"product_cat-husholdningsartikler","7":"pa_52077_7zd0rucw-1-sett","8":"pa_52077_7zd0rucw-2-sett","9":"desktop-align-left","10":"tablet-align-left","11":"mobile-align-left","13":"first","14":"instock","15":"shipping-taxable","16":"purchasable","17":"product-type-variable"},"_links":{"self":[{"href":"https:\/\/keluvo.com\/no\/wp-json\/wp\/v2\/product\/58955","targetHints":{"allow":["GET"]}}],"collection":[{"href":"https:\/\/keluvo.com\/no\/wp-json\/wp\/v2\/product"}],"about":[{"href":"https:\/\/keluvo.com\/no\/wp-json\/wp\/v2\/types\/product"}],"replies":[{"embeddable":true,"href":"https:\/\/keluvo.com\/no\/wp-json\/wp\/v2\/comments?post=58955"}],"wp:featuredmedia":[{"embeddable":true,"href":"https:\/\/keluvo.com\/no\/wp-json\/wp\/v2\/media\/58951"}],"wp:attachment":[{"href":"https:\/\/keluvo.com\/no\/wp-json\/wp\/v2\/media?parent=58955"}],"wp:term":[{"taxonomy":"product_brand","embeddable":true,"href":"https:\/\/keluvo.com\/no\/wp-json\/wp\/v2\/product_brand?post=58955"},{"taxonomy":"product_cat","embeddable":true,"href":"https:\/\/keluvo.com\/no\/wp-json\/wp\/v2\/product_cat?post=58955"},{"taxonomy":"product_tag","embeddable":true,"href":"https:\/\/keluvo.com\/no\/wp-json\/wp\/v2\/product_tag?post=58955"}],"curies":[{"name":"wp","href":"https:\/\/api.w.org\/{rel}","templated":true}]}}