{"id":58913,"date":"2025-11-27T11:31:43","date_gmt":"2025-11-27T09:31:43","guid":{"rendered":"https:\/\/keluvo.com\/no\/produkt\/led-julelysstripe\/"},"modified":"2025-11-27T11:32:00","modified_gmt":"2025-11-27T09:32:00","slug":"led-julelysstripe","status":"publish","type":"product","link":"https:\/\/keluvo.com\/no\/produkt\/led-julelysstripe\/","title":{"rendered":"LED-julelysstripe"},"content":{"rendered":"<p style=\"text-align: center\" data-start=\"0\" data-end=\"87\"><strong>Tilf\u00f8r en varm og festlig gl\u00f8d til ethvert rom med denne lyse LED-julelysstripen. \ud83c\udf84\ud83c\udf85<\/strong><\/p>\n<p style=\"text-align: center\" data-start=\"89\" data-end=\"320\">Denne LED-julelysstripen er perfekt for \u00e5 skape en koselig h\u00f8ytidsatmosf\u00e6re hjemme. Den drives av USB og er enkel \u00e5 sl\u00e5 av og p\u00e5, og gir fargerik, magisk belysning til juletr\u00e6r, kranser, soverom og ferieutstillinger.<\/p>\n<p data-start=\"89\" data-end=\"320\"><img fetchpriority=\"high\" decoding=\"async\" class=\"size-full wp-image-42819 aligncenter\" src=\"https:\/\/keluvo.com\/template\/wp-content\/uploads\/sites\/5\/2025\/11\/10224-ezgif.com-video-to-webp-converter-1-2.webp\" alt=\"\" width=\"500\" height=\"500\" \/><\/p>\n<h2 style=\"text-align: center\" data-start=\"327\" data-end=\"347\"><strong>Hovedfordeler<\/strong><\/h2>\n<p data-start=\"348\" data-end=\"782\">\ud83c\udf84 Lys festlig belysning &#8211; Skaper en varm, munter feriestemning \u00f8yeblikkelig.<\/p>\n<p data-start=\"348\" data-end=\"782\">\u2728 USB-drevet &#8211; Ingen batterier trengs; koble den til en hvilken som helst USB-port for kontinuerlig belysning.<\/p>\n<p data-start=\"348\" data-end=\"782\">\ud83e\uddd2 Enkel \u00e5 bruke &#8211; Enkel av\/p\u00e5-bryter for rask kontroll.<\/p>\n<p data-start=\"348\" data-end=\"782\">\ud83c\udfe0 Perfekt for alle dekorasjoner &#8211; Flott til tr\u00e6r, hjemmeinnredning, fester, vinduer og DIY-prosjekter.<\/p>\n<p data-start=\"348\" data-end=\"782\">\ud83c\udf1f Lett og fleksibel &#8211; Lett \u00e5 henge, vikle, vri eller forme rundt alle overflater.<\/p>\n<p data-start=\"348\" data-end=\"782\"><img decoding=\"async\" class=\"size-full wp-image-42818 aligncenter\" src=\"https:\/\/keluvo.com\/template\/wp-content\/uploads\/sites\/5\/2025\/11\/ab7824eea30af5ac0b1c0a7bd3626d074a3660fc-800.avif\" alt=\"\" \/><\/p>\n<h2 style=\"text-align: center\" data-start=\"789\" data-end=\"807\"><strong>Slik bruker du den<\/strong><\/h2>\n<ol data-start=\"808\" data-end=\"1090\">\n<li data-start=\"808\" data-end=\"886\">\n<p data-start=\"811\" data-end=\"886\">Koble USB-kabelen til en hvilken som helst USB-port (adapter, str\u00f8mbank, b\u00e6rbar PC osv.)<\/p>\n<\/li>\n<li data-start=\"887\" data-end=\"936\">\n<p data-start=\"890\" data-end=\"936\">Bruk av\/p\u00e5-bryteren for \u00e5 sl\u00e5 p\u00e5 lysene.<\/p>\n<\/li>\n<li data-start=\"937\" data-end=\"988\">\n<p data-start=\"940\" data-end=\"988\">Trykk p\u00e5 bryteren igjen for \u00e5 sl\u00e5 av lysene.<\/p>\n<\/li>\n<li data-start=\"989\" data-end=\"1090\">\n<p data-start=\"992\" data-end=\"1090\">Plasser eller vikle stripen rundt juletreet ditt, dekorasjoner eller et hvilket som helst omr\u00e5de du \u00f8nsker \u00e5 lyse opp.<\/p>\n<\/li>\n<\/ol>\n<h2 style=\"text-align: center\" data-start=\"1097\" data-end=\"1120\"><strong>Produktdetaljer<\/strong><\/h2>\n<ul data-start=\"1121\" data-end=\"1398\">\n<li data-start=\"1209\" data-end=\"1236\">\n<p data-start=\"1211\" data-end=\"1236\">Str\u00f8mkilde: USB-kabel<\/p>\n<\/li>\n<li data-start=\"1237\" data-end=\"1255\">\n<p data-start=\"1239\" data-end=\"1255\">Bryter: P\u00e5\/av<\/p>\n<\/li>\n<li data-start=\"1256\" data-end=\"1284\">\n<p data-start=\"1258\" data-end=\"1284\">Type: Juleartikler<\/p>\n<\/li>\n<li data-start=\"1304\" data-end=\"1398\">\n<p data-start=\"1306\" data-end=\"1398\">Bruk: Juledekorasjon, hjemmeinnredning, juletr\u00e6r, kranser, arrangementer, personlig dekorasjon<\/p>\n<\/li>\n<li data-start=\"1304\" data-end=\"1398\">Lengde: 1,5 m, 3 m<\/li>\n<\/ul>\n<h2 style=\"text-align: center\" data-start=\"1405\" data-end=\"1429\"><strong>Pakken inkluderer<\/strong><\/h2>\n<ul data-start=\"1430\" data-end=\"1460\">\n<li data-start=\"1430\" data-end=\"1460\">\n<p data-start=\"1432\" data-end=\"1460\">1x LED-julelysstripe.<\/p>\n<\/li>\n<\/ul>\n","protected":false},"excerpt":{"rendered":"<p>Tilf\u00f8r en varm og festlig gl\u00f8d til ethvert rom med denne lyse LED-julelysstripen. \ud83c\udf84\ud83c\udf85 Denne LED-julelysstripen er perfekt for \u00e5 [&hellip;]<\/p>\n","protected":false},"featured_media":58909,"comment_status":"open","ping_status":"closed","template":"","meta":{"site-sidebar-layout":"default","site-content-layout":"","ast-site-content-layout":"default","site-content-style":"default","site-sidebar-style":"default","ast-global-header-display":"","ast-banner-title-visibility":"","ast-main-header-display":"","ast-hfb-above-header-display":"","ast-hfb-below-header-display":"","ast-hfb-mobile-header-display":"","site-post-title":"","ast-breadcrumbs-content":"","ast-featured-img":"","footer-sml-layout":"","theme-transparent-header-meta":"default","adv-header-id-meta":"","stick-header-meta":"","header-above-stick-meta":"","header-main-stick-meta":"","header-below-stick-meta":"","astra-migrate-meta-layouts":"set","ast-page-background-enabled":"default","ast-page-background-meta":{"desktop":{"background-color":"var(--ast-global-color-4)","background-image":"","background-repeat":"repeat","background-position":"center center","background-size":"auto","background-attachment":"scroll","background-type":"","background-media":"","overlay-type":"","overlay-color":"","overlay-opacity":"","overlay-gradient":""},"tablet":{"background-color":"","background-image":"","background-repeat":"repeat","background-position":"center center","background-size":"auto","background-attachment":"scroll","background-type":"","background-media":"","overlay-type":"","overlay-color":"","overlay-opacity":"","overlay-gradient":""},"mobile":{"background-color":"","background-image":"","background-repeat":"repeat","background-position":"center center","background-size":"auto","background-attachment":"scroll","background-type":"","background-media":"","overlay-type":"","overlay-color":"","overlay-opacity":"","overlay-gradient":""}},"ast-content-background-meta":{"desktop":{"background-color":"var(--ast-global-color-5)","background-image":"","background-repeat":"repeat","background-position":"center center","background-size":"auto","background-attachment":"scroll","background-type":"","background-media":"","overlay-type":"","overlay-color":"","overlay-opacity":"","overlay-gradient":""},"tablet":{"background-color":"var(--ast-global-color-5)","background-image":"","background-repeat":"repeat","background-position":"center center","background-size":"auto","background-attachment":"scroll","background-type":"","background-media":"","overlay-type":"","overlay-color":"","overlay-opacity":"","overlay-gradient":""},"mobile":{"background-color":"var(--ast-global-color-5)","background-image":"","background-repeat":"repeat","background-position":"center center","background-size":"auto","background-attachment":"scroll","background-type":"","background-media":"","overlay-type":"","overlay-color":"","overlay-opacity":"","overlay-gradient":""}}},"product_brand":[],"product_cat":[1001,993],"product_tag":[],"class_list":{"0":"post-58913","1":"product","2":"type-product","3":"status-publish","4":"has-post-thumbnail","6":"product_cat-husholdningsartikler","7":"product_cat-skotoy-tilbehor","8":"pa_50742_7o1lnfkg-1-5-m","9":"pa_50742_7o1lnfkg-3-m","10":"pa_50742_c4ynu5l5-a","11":"pa_50742_c4ynu5l5-b","12":"pa_50742_c4ynu5l5-c","13":"desktop-align-left","14":"tablet-align-left","15":"mobile-align-left","17":"first","18":"instock","19":"shipping-taxable","20":"purchasable","21":"product-type-variable","22":"has-default-attributes"},"_links":{"self":[{"href":"https:\/\/keluvo.com\/no\/wp-json\/wp\/v2\/product\/58913","targetHints":{"allow":["GET"]}}],"collection":[{"href":"https:\/\/keluvo.com\/no\/wp-json\/wp\/v2\/product"}],"about":[{"href":"https:\/\/keluvo.com\/no\/wp-json\/wp\/v2\/types\/product"}],"replies":[{"embeddable":true,"href":"https:\/\/keluvo.com\/no\/wp-json\/wp\/v2\/comments?post=58913"}],"wp:featuredmedia":[{"embeddable":true,"href":"https:\/\/keluvo.com\/no\/wp-json\/wp\/v2\/media\/58909"}],"wp:attachment":[{"href":"https:\/\/keluvo.com\/no\/wp-json\/wp\/v2\/media?parent=58913"}],"wp:term":[{"taxonomy":"product_brand","embeddable":true,"href":"https:\/\/keluvo.com\/no\/wp-json\/wp\/v2\/product_brand?post=58913"},{"taxonomy":"product_cat","embeddable":true,"href":"https:\/\/keluvo.com\/no\/wp-json\/wp\/v2\/product_cat?post=58913"},{"taxonomy":"product_tag","embeddable":true,"href":"https:\/\/keluvo.com\/no\/wp-json\/wp\/v2\/product_tag?post=58913"}],"curies":[{"name":"wp","href":"https:\/\/api.w.org\/{rel}","templated":true}]}}