{"id":5881,"date":"2024-11-25T19:58:50","date_gmt":"2024-11-25T17:58:50","guid":{"rendered":"https:\/\/keluvo.com\/no\/produkt\/tegneseriematte-for-kjaeledyr\/"},"modified":"2024-11-25T19:59:20","modified_gmt":"2024-11-25T17:59:20","slug":"tegneseriematte-for-kjaeledyr","status":"publish","type":"product","link":"https:\/\/keluvo.com\/no\/produkt\/tegneseriematte-for-kjaeledyr\/","title":{"rendered":"Tegneseriematte for kj\u00e6ledyr"},"content":{"rendered":"<h2 style=\"text-align: center\"><strong>Mykt og komfortabelt materiale<\/strong><\/h2>\n<p style=\"text-align: center\">Den tegneseriefilmatiserte matten er laget av 100 % bomull, noe som gir en myk og behagelig overflate for kj\u00e6ledyret ditt. Det pustende materialet s\u00f8rger for komfort i alle \u00e5rstider, slik at din pelskledde venn kan slappe av enten den tar seg en lur eller slapper av.<\/p>\n<p><img decoding=\"async\" class=\"alignnone size-medium wp-image-4097 aligncenter\" src=\"https:\/\/keluvo.com\/template\/wp-content\/uploads\/sites\/5\/2024\/11\/65a49eff-f6f3-49a6-bcc2-aad968dbc19f.webp\" alt=\"\" \/><\/p>\n<h2 style=\"text-align: center\"><strong>S\u00f8t og allsidig design<\/strong><\/h2>\n<p style=\"text-align: center\">Den sjarmerende designen med tegneserietema gir kj\u00e6ledyrets rom en leken touch. Matten passer til alle \u00e5rstider og er ideell for bruk i kenneler, p\u00e5 gulvet eller som reisetilbeh\u00f8r for kj\u00e6ledyrets komfort.<\/p>\n<p><img decoding=\"async\" class=\"alignnone size-medium wp-image-4100 aligncenter\" src=\"https:\/\/keluvo.com\/template\/wp-content\/uploads\/sites\/5\/2024\/11\/dad4723c-939e-4b07-ae59-3fc6a28a3e17.webp\" alt=\"\" \/><\/p>\n","protected":false},"excerpt":{"rendered":"<p>Mykt og komfortabelt materiale Den tegneseriefilmatiserte matten er laget av 100 % bomull, noe som gir en myk og behagelig [&hellip;]<\/p>\n","protected":false},"featured_media":5877,"comment_status":"open","ping_status":"closed","template":"","meta":{"site-sidebar-layout":"default","site-content-layout":"","ast-site-content-layout":"default","site-content-style":"default","site-sidebar-style":"default","ast-global-header-display":"","ast-banner-title-visibility":"","ast-main-header-display":"","ast-hfb-above-header-display":"","ast-hfb-below-header-display":"","ast-hfb-mobile-header-display":"","site-post-title":"","ast-breadcrumbs-content":"","ast-featured-img":"","footer-sml-layout":"","theme-transparent-header-meta":"default","adv-header-id-meta":"","stick-header-meta":"","header-above-stick-meta":"","header-main-stick-meta":"","header-below-stick-meta":"","astra-migrate-meta-layouts":"set","ast-page-background-enabled":"default","ast-page-background-meta":{"desktop":{"background-color":"var(--ast-global-color-4)","background-image":"","background-repeat":"repeat","background-position":"center center","background-size":"auto","background-attachment":"scroll","background-type":"","background-media":"","overlay-type":"","overlay-color":"","overlay-opacity":"","overlay-gradient":""},"tablet":{"background-color":"","background-image":"","background-repeat":"repeat","background-position":"center center","background-size":"auto","background-attachment":"scroll","background-type":"","background-media":"","overlay-type":"","overlay-color":"","overlay-opacity":"","overlay-gradient":""},"mobile":{"background-color":"","background-image":"","background-repeat":"repeat","background-position":"center center","background-size":"auto","background-attachment":"scroll","background-type":"","background-media":"","overlay-type":"","overlay-color":"","overlay-opacity":"","overlay-gradient":""}},"ast-content-background-meta":{"desktop":{"background-color":"var(--ast-global-color-5)","background-image":"","background-repeat":"repeat","background-position":"center center","background-size":"auto","background-attachment":"scroll","background-type":"","background-media":"","overlay-type":"","overlay-color":"","overlay-opacity":"","overlay-gradient":""},"tablet":{"background-color":"var(--ast-global-color-5)","background-image":"","background-repeat":"repeat","background-position":"center center","background-size":"auto","background-attachment":"scroll","background-type":"","background-media":"","overlay-type":"","overlay-color":"","overlay-opacity":"","overlay-gradient":""},"mobile":{"background-color":"var(--ast-global-color-5)","background-image":"","background-repeat":"repeat","background-position":"center center","background-size":"auto","background-attachment":"scroll","background-type":"","background-media":"","overlay-type":"","overlay-color":"","overlay-opacity":"","overlay-gradient":""}}},"product_brand":[],"product_cat":[997],"product_tag":[],"class_list":{"0":"post-5881","1":"product","2":"type-product","3":"status-publish","4":"has-post-thumbnail","6":"product_cat-husdyrprodukter","7":"pa_4nz6ipk9-35-cm","8":"pa_4nz6ipk9-40-cm","9":"pa_4nz6ipk9-45-cm","10":"pa_vrlsjz8n-beige","11":"pa_vrlsjz8n-bla","12":"pa_vrlsjz8n-hvit","13":"desktop-align-left","14":"tablet-align-left","15":"mobile-align-left","17":"first","18":"instock","19":"shipping-taxable","20":"purchasable","21":"product-type-variable"},"_links":{"self":[{"href":"https:\/\/keluvo.com\/no\/wp-json\/wp\/v2\/product\/5881","targetHints":{"allow":["GET"]}}],"collection":[{"href":"https:\/\/keluvo.com\/no\/wp-json\/wp\/v2\/product"}],"about":[{"href":"https:\/\/keluvo.com\/no\/wp-json\/wp\/v2\/types\/product"}],"replies":[{"embeddable":true,"href":"https:\/\/keluvo.com\/no\/wp-json\/wp\/v2\/comments?post=5881"}],"wp:featuredmedia":[{"embeddable":true,"href":"https:\/\/keluvo.com\/no\/wp-json\/wp\/v2\/media\/5877"}],"wp:attachment":[{"href":"https:\/\/keluvo.com\/no\/wp-json\/wp\/v2\/media?parent=5881"}],"wp:term":[{"taxonomy":"product_brand","embeddable":true,"href":"https:\/\/keluvo.com\/no\/wp-json\/wp\/v2\/product_brand?post=5881"},{"taxonomy":"product_cat","embeddable":true,"href":"https:\/\/keluvo.com\/no\/wp-json\/wp\/v2\/product_cat?post=5881"},{"taxonomy":"product_tag","embeddable":true,"href":"https:\/\/keluvo.com\/no\/wp-json\/wp\/v2\/product_tag?post=5881"}],"curies":[{"name":"wp","href":"https:\/\/api.w.org\/{rel}","templated":true}]}}