{"id":58701,"date":"2025-11-26T18:04:55","date_gmt":"2025-11-26T16:04:55","guid":{"rendered":"https:\/\/keluvo.com\/no\/produkt\/klokke-med-tre-akser\/"},"modified":"2025-11-27T13:06:18","modified_gmt":"2025-11-27T11:06:18","slug":"klokke-med-tre-akser","status":"publish","type":"product","link":"https:\/\/keluvo.com\/no\/produkt\/klokke-med-tre-akser\/","title":{"rendered":"Klokke med tre akser"},"content":{"rendered":"<p style=\"text-align: center;\" data-start=\"0\" data-end=\"65\"><strong>En Futuristisk Klokke Som Viser Tiden Med Roterende 3D-Tall. \ud83d\udd70<\/strong><\/p>\n<p style=\"text-align: center;\" data-start=\"67\" data-end=\"337\">Denne unike treaksede klokken kombinerer moderne design, jevn rotasjon og 3D-printet h\u00e5ndverk for \u00e5 skape en fantastisk og funksjonell klokke. Den viser tiden gjennom roterende digitale paneler, noe som gj\u00f8r den b\u00e5de praktisk og sv\u00e6rt dekorativ for alle rom i hjemmet ditt.<\/p>\n<p data-start=\"67\" data-end=\"337\"><img fetchpriority=\"high\" decoding=\"async\" class=\"size-full wp-image-42526 aligncenter\" src=\"https:\/\/keluvo.com\/template\/wp-content\/uploads\/sites\/5\/2025\/11\/10223-ezgif.com-video-to-webp-converter-6.webp\" alt=\"\" width=\"500\" height=\"889\" \/><\/p>\n<h2 style=\"text-align: center;\" data-start=\"344\" data-end=\"364\">\u2b50 Hovedfordeler<\/h2>\n<p data-start=\"365\" data-end=\"892\">\ud83c\udf00 Roterende digital skjerm &#8211; Tiden vises gjennom glatte roterende sifre for et futuristisk utseende.<\/p>\n<p data-start=\"365\" data-end=\"892\">\ud83d\udee0\ufe0f 3D-printet struktur av h\u00f8y kvalitet &#8211; Laget av sterkt PLA-materiale som er slitesterkt, slitesterkt og langvarig.<\/p>\n<p data-start=\"365\" data-end=\"892\">\ud83c\udfe1 Stilig hjemmedekorasjon &#8211; Tilf\u00f8rer et moderne kunstpreg til kontoret, soverommet, stuen eller arbeidsrommet ditt.<\/p>\n<p data-start=\"365\" data-end=\"892\">\ud83c\udf81 Perfekt gave &#8211; En unik og i\u00f8ynefallende gave til bursdager, h\u00f8ytider og spesielle anledninger.<\/p>\n<p data-start=\"365\" data-end=\"892\">\u2728 Sv\u00e6rt dekorativ &#8211; Fungerer som en klokke og et stykke hjemmekunst p\u00e5 samme tid.<\/p>\n<p data-start=\"365\" data-end=\"892\"><img decoding=\"async\" class=\"size-full wp-image-42524 aligncenter\" src=\"https:\/\/keluvo.com\/template\/wp-content\/uploads\/sites\/5\/2025\/11\/5-7.jpeg\" alt=\"\" width=\"800\" height=\"800\" \/><\/p>\n<h2 style=\"text-align: center;\" data-start=\"899\" data-end=\"917\">\ud83d\udd27 Slik Bruker Du Den<\/h2>\n<ol data-start=\"918\" data-end=\"1174\">\n<li data-start=\"918\" data-end=\"980\">\n<p data-start=\"921\" data-end=\"980\">Plasser klokken p\u00e5 skrivebordet, hyllen eller en hvilken som helst flat overflate.<\/p>\n<\/li>\n<li data-start=\"981\" data-end=\"1054\">\n<p data-start=\"984\" data-end=\"1054\">Sett inn batterier (medf\u00f8lger ikke).<\/p>\n<\/li>\n<li data-start=\"1055\" data-end=\"1110\">\n<p data-start=\"1058\" data-end=\"1110\">Still inn riktig tid ved hjelp av justeringsknappene.<\/p>\n<\/li>\n<li data-start=\"1111\" data-end=\"1174\">\n<p data-start=\"1114\" data-end=\"1174\">Se de roterende sifrene snu jevnt for \u00e5 vise tiden.<\/p>\n<\/li>\n<\/ol>\n<h2 style=\"text-align: center;\" data-start=\"1181\" data-end=\"1204\">\ud83d\udccf Produktdetaljer<\/h2>\n<ul data-start=\"1205\" data-end=\"1459\">\n<li data-start=\"1205\" data-end=\"1235\">\n<p data-start=\"1207\" data-end=\"1235\">Materiale: PLA<\/p>\n<\/li>\n<li data-start=\"1236\" data-end=\"1289\">\n<p data-start=\"1238\" data-end=\"1289\">Design: 3D-printet med en jevn, solid struktur<\/p>\n<\/li>\n<li data-start=\"1290\" data-end=\"1332\">\n<p data-start=\"1292\" data-end=\"1332\">Visning: Roterende digital tidsvisning<\/p>\n<\/li>\n<li data-start=\"1369\" data-end=\"1422\">\n<p data-start=\"1371\" data-end=\"1422\">St\u00f8rrelse: 25 x 22 cm<\/p>\n<\/li>\n<li data-start=\"1423\" data-end=\"1459\">\n<p data-start=\"1425\" data-end=\"1459\">Bruk: Klokke + dekorativt hjemmem\u00f8bel<\/p>\n<\/li>\n<\/ul>\n<h2 style=\"text-align: center;\" data-start=\"1466\" data-end=\"1490\">\ud83d\udce6 Pakken inneholder<\/h2>\n<ul data-start=\"1491\" data-end=\"1512\">\n<li data-start=\"1491\" data-end=\"1512\">\n<p data-start=\"1493\" data-end=\"1512\">1x tre-akset klokke.<\/p>\n<\/li>\n<\/ul>\n","protected":false},"excerpt":{"rendered":"<p>En Futuristisk Klokke Som Viser Tiden Med Roterende 3D-Tall. \ud83d\udd70 Denne unike treaksede klokken kombinerer moderne design, jevn rotasjon og [&hellip;]<\/p>\n","protected":false},"featured_media":58697,"comment_status":"open","ping_status":"closed","template":"","meta":{"site-sidebar-layout":"default","site-content-layout":"","ast-site-content-layout":"default","site-content-style":"default","site-sidebar-style":"default","ast-global-header-display":"","ast-banner-title-visibility":"","ast-main-header-display":"","ast-hfb-above-header-display":"","ast-hfb-below-header-display":"","ast-hfb-mobile-header-display":"","site-post-title":"","ast-breadcrumbs-content":"","ast-featured-img":"","footer-sml-layout":"","theme-transparent-header-meta":"default","adv-header-id-meta":"","stick-header-meta":"","header-above-stick-meta":"","header-main-stick-meta":"","header-below-stick-meta":"","astra-migrate-meta-layouts":"set","ast-page-background-enabled":"default","ast-page-background-meta":{"desktop":{"background-color":"var(--ast-global-color-4)","background-image":"","background-repeat":"repeat","background-position":"center center","background-size":"auto","background-attachment":"scroll","background-type":"","background-media":"","overlay-type":"","overlay-color":"","overlay-opacity":"","overlay-gradient":""},"tablet":{"background-color":"","background-image":"","background-repeat":"repeat","background-position":"center center","background-size":"auto","background-attachment":"scroll","background-type":"","background-media":"","overlay-type":"","overlay-color":"","overlay-opacity":"","overlay-gradient":""},"mobile":{"background-color":"","background-image":"","background-repeat":"repeat","background-position":"center center","background-size":"auto","background-attachment":"scroll","background-type":"","background-media":"","overlay-type":"","overlay-color":"","overlay-opacity":"","overlay-gradient":""}},"ast-content-background-meta":{"desktop":{"background-color":"var(--ast-global-color-5)","background-image":"","background-repeat":"repeat","background-position":"center center","background-size":"auto","background-attachment":"scroll","background-type":"","background-media":"","overlay-type":"","overlay-color":"","overlay-opacity":"","overlay-gradient":""},"tablet":{"background-color":"var(--ast-global-color-5)","background-image":"","background-repeat":"repeat","background-position":"center center","background-size":"auto","background-attachment":"scroll","background-type":"","background-media":"","overlay-type":"","overlay-color":"","overlay-opacity":"","overlay-gradient":""},"mobile":{"background-color":"var(--ast-global-color-5)","background-image":"","background-repeat":"repeat","background-position":"center center","background-size":"auto","background-attachment":"scroll","background-type":"","background-media":"","overlay-type":"","overlay-color":"","overlay-opacity":"","overlay-gradient":""}}},"product_brand":[],"product_cat":[1001],"product_tag":[],"class_list":{"0":"post-58701","1":"product","2":"type-product","3":"status-publish","4":"has-post-thumbnail","6":"product_cat-husholdningsartikler","7":"pa_53714_xkpjgoj8-gronn","8":"pa_53714_xkpjgoj8-gul","9":"pa_53714_xkpjgoj8-hvit","10":"pa_53714_xkpjgoj8-svart","11":"desktop-align-left","12":"tablet-align-left","13":"mobile-align-left","15":"first","16":"instock","17":"shipping-taxable","18":"purchasable","19":"product-type-variable"},"_links":{"self":[{"href":"https:\/\/keluvo.com\/no\/wp-json\/wp\/v2\/product\/58701","targetHints":{"allow":["GET"]}}],"collection":[{"href":"https:\/\/keluvo.com\/no\/wp-json\/wp\/v2\/product"}],"about":[{"href":"https:\/\/keluvo.com\/no\/wp-json\/wp\/v2\/types\/product"}],"replies":[{"embeddable":true,"href":"https:\/\/keluvo.com\/no\/wp-json\/wp\/v2\/comments?post=58701"}],"wp:featuredmedia":[{"embeddable":true,"href":"https:\/\/keluvo.com\/no\/wp-json\/wp\/v2\/media\/58697"}],"wp:attachment":[{"href":"https:\/\/keluvo.com\/no\/wp-json\/wp\/v2\/media?parent=58701"}],"wp:term":[{"taxonomy":"product_brand","embeddable":true,"href":"https:\/\/keluvo.com\/no\/wp-json\/wp\/v2\/product_brand?post=58701"},{"taxonomy":"product_cat","embeddable":true,"href":"https:\/\/keluvo.com\/no\/wp-json\/wp\/v2\/product_cat?post=58701"},{"taxonomy":"product_tag","embeddable":true,"href":"https:\/\/keluvo.com\/no\/wp-json\/wp\/v2\/product_tag?post=58701"}],"curies":[{"name":"wp","href":"https:\/\/api.w.org\/{rel}","templated":true}]}}