{"id":5866,"date":"2024-11-25T19:47:21","date_gmt":"2024-11-25T17:47:21","guid":{"rendered":"https:\/\/keluvo.com\/no\/produkt\/klips-for-kabelorganisering\/"},"modified":"2024-12-01T13:05:35","modified_gmt":"2024-12-01T11:05:35","slug":"klips-for-kabelorganisering","status":"publish","type":"product","link":"https:\/\/keluvo.com\/no\/produkt\/klips-for-kabelorganisering\/","title":{"rendered":"Klips for kabelorganisering (20 stk)"},"content":{"rendered":"<h2 style=\"text-align: center;\"><strong>Enkel montering<\/strong><\/h2>\n<p style=\"text-align: center;\">Kabelorganiseringsklemmene er utformet med en selvklebende bakside, noe som gj\u00f8r monteringen rask og problemfri. Bare trekk av baksiden og fest dem p\u00e5 \u00f8nsket overflate uten \u00e5 bekymre deg for skader p\u00e5 vegger eller m\u00f8bler.<\/p>\n<p><img decoding=\"async\" class=\"alignnone size-medium wp-image-4198 aligncenter\" src=\"https:\/\/keluvo.com\/template\/wp-content\/uploads\/sites\/5\/2024\/11\/S683884cedd784408b54997c429260747I.jpg\" alt=\"\" \/><\/p>\n<h2 style=\"text-align: center;\"><strong>Organiser kablene dine<\/strong><\/h2>\n<p style=\"text-align: center;\">Disse klipsene er perfekte for \u00e5 rydde opp hjemme eller p\u00e5 kontoret ved \u00e5 holde orden p\u00e5 ulike datakabler, nettverkskabler og ledninger. De forhindrer sammenfiltring og rot, og gj\u00f8r det enklere \u00e5 f\u00e5 tilgang til og holde orden p\u00e5 ledningene.<\/p>\n<p><img decoding=\"async\" class=\"alignnone size-medium wp-image-4196 aligncenter\" src=\"https:\/\/keluvo.com\/template\/wp-content\/uploads\/sites\/5\/2024\/11\/S9cde89fbdae540a2b9ed2bffe8ca3e2ds.jpg\" alt=\"\" \/><\/p>\n","protected":false},"excerpt":{"rendered":"<p>Enkel montering Kabelorganiseringsklemmene er utformet med en selvklebende bakside, noe som gj\u00f8r monteringen rask og problemfri. Bare trekk av baksiden [&hellip;]<\/p>\n","protected":false},"featured_media":5862,"comment_status":"open","ping_status":"closed","template":"","meta":{"site-sidebar-layout":"default","site-content-layout":"","ast-site-content-layout":"default","site-content-style":"default","site-sidebar-style":"default","ast-global-header-display":"","ast-banner-title-visibility":"","ast-main-header-display":"","ast-hfb-above-header-display":"","ast-hfb-below-header-display":"","ast-hfb-mobile-header-display":"","site-post-title":"","ast-breadcrumbs-content":"","ast-featured-img":"","footer-sml-layout":"","theme-transparent-header-meta":"default","adv-header-id-meta":"","stick-header-meta":"","header-above-stick-meta":"","header-main-stick-meta":"","header-below-stick-meta":"","astra-migrate-meta-layouts":"set","ast-page-background-enabled":"default","ast-page-background-meta":{"desktop":{"background-color":"var(--ast-global-color-4)","background-image":"","background-repeat":"repeat","background-position":"center center","background-size":"auto","background-attachment":"scroll","background-type":"","background-media":"","overlay-type":"","overlay-color":"","overlay-opacity":"","overlay-gradient":""},"tablet":{"background-color":"","background-image":"","background-repeat":"repeat","background-position":"center center","background-size":"auto","background-attachment":"scroll","background-type":"","background-media":"","overlay-type":"","overlay-color":"","overlay-opacity":"","overlay-gradient":""},"mobile":{"background-color":"","background-image":"","background-repeat":"repeat","background-position":"center center","background-size":"auto","background-attachment":"scroll","background-type":"","background-media":"","overlay-type":"","overlay-color":"","overlay-opacity":"","overlay-gradient":""}},"ast-content-background-meta":{"desktop":{"background-color":"var(--ast-global-color-5)","background-image":"","background-repeat":"repeat","background-position":"center center","background-size":"auto","background-attachment":"scroll","background-type":"","background-media":"","overlay-type":"","overlay-color":"","overlay-opacity":"","overlay-gradient":""},"tablet":{"background-color":"var(--ast-global-color-5)","background-image":"","background-repeat":"repeat","background-position":"center center","background-size":"auto","background-attachment":"scroll","background-type":"","background-media":"","overlay-type":"","overlay-color":"","overlay-opacity":"","overlay-gradient":""},"mobile":{"background-color":"var(--ast-global-color-5)","background-image":"","background-repeat":"repeat","background-position":"center center","background-size":"auto","background-attachment":"scroll","background-type":"","background-media":"","overlay-type":"","overlay-color":"","overlay-opacity":"","overlay-gradient":""}}},"product_brand":[],"product_cat":[1001],"product_tag":[],"class_list":{"0":"post-5866","1":"product","2":"type-product","3":"status-publish","4":"has-post-thumbnail","6":"product_cat-husholdningsartikler","7":"pa_m37fy4tv-hvit","8":"pa_m37fy4tv-klar","9":"pa_m37fy4tv-svart","10":"desktop-align-left","11":"tablet-align-left","12":"mobile-align-left","14":"first","15":"instock","16":"shipping-taxable","17":"purchasable","18":"product-type-variable"},"_links":{"self":[{"href":"https:\/\/keluvo.com\/no\/wp-json\/wp\/v2\/product\/5866","targetHints":{"allow":["GET"]}}],"collection":[{"href":"https:\/\/keluvo.com\/no\/wp-json\/wp\/v2\/product"}],"about":[{"href":"https:\/\/keluvo.com\/no\/wp-json\/wp\/v2\/types\/product"}],"replies":[{"embeddable":true,"href":"https:\/\/keluvo.com\/no\/wp-json\/wp\/v2\/comments?post=5866"}],"wp:featuredmedia":[{"embeddable":true,"href":"https:\/\/keluvo.com\/no\/wp-json\/wp\/v2\/media\/5862"}],"wp:attachment":[{"href":"https:\/\/keluvo.com\/no\/wp-json\/wp\/v2\/media?parent=5866"}],"wp:term":[{"taxonomy":"product_brand","embeddable":true,"href":"https:\/\/keluvo.com\/no\/wp-json\/wp\/v2\/product_brand?post=5866"},{"taxonomy":"product_cat","embeddable":true,"href":"https:\/\/keluvo.com\/no\/wp-json\/wp\/v2\/product_cat?post=5866"},{"taxonomy":"product_tag","embeddable":true,"href":"https:\/\/keluvo.com\/no\/wp-json\/wp\/v2\/product_tag?post=5866"}],"curies":[{"name":"wp","href":"https:\/\/api.w.org\/{rel}","templated":true}]}}