{"id":58460,"date":"2025-11-26T01:21:22","date_gmt":"2025-11-25T23:21:22","guid":{"rendered":"https:\/\/keluvo.com\/no\/produkt\/minihakker\/"},"modified":"2025-11-27T12:46:36","modified_gmt":"2025-11-27T10:46:36","slug":"minihakker","status":"publish","type":"product","link":"https:\/\/keluvo.com\/no\/produkt\/minihakker\/","title":{"rendered":"Minihakker"},"content":{"rendered":"<p style=\"text-align: center;\" data-start=\"0\" data-end=\"82\"><strong data-start=\"0\" data-end=\"82\">Hakk, blend og bland favorittingrediensene dine p\u00e5 sekunder &#8211; n\u00e5r som helst og hvor som helst. \u26a1\ud83e\uddc5<\/strong><\/p>\n<p style=\"text-align: center;\" data-start=\"84\" data-end=\"338\">Denne minihakkeren er et kompakt, tr\u00e5dl\u00f8st kj\u00f8kkenverkt\u00f8y som gj\u00f8r m\u00e5ltidsforberedelsene raskere og enklere. Fra hvitl\u00f8k og ingef\u00e6r til n\u00f8tter, gr\u00f8nnsaker og til og med smoothies &#8211; denne minihakkeren takler alt med ett trykk og et sterkt blad i rustfritt st\u00e5l.<\/p>\n<p data-start=\"84\" data-end=\"338\"><img fetchpriority=\"high\" decoding=\"async\" class=\"size-full wp-image-42358 aligncenter\" src=\"https:\/\/keluvo.com\/template\/wp-content\/uploads\/sites\/5\/2025\/11\/a8c12afdb3ce4043284b198c8c2e6e4cc942deab.gif\" alt=\"\" width=\"480\" height=\"480\" \/><\/p>\n<h2 style=\"text-align: center;\" data-start=\"345\" data-end=\"367\"><strong>Hovedfordeler<\/strong><\/h2>\n<p data-start=\"370\" data-end=\"461\">\u26a1 Tr\u00e5dl\u00f8s og langvarig &#8211; en full lading (3 timer) varer i opptil 1 m\u00e5neds bruk.<\/p>\n<p data-start=\"464\" data-end=\"527\">\ud83d\udca7 Vanntett USB-design &#8211; enkel \u00e5 rengj\u00f8re og trygg \u00e5 bruke.<\/p>\n<p data-start=\"530\" data-end=\"654\">\ud83e\uddc4 Multifunksjonell ytelse &#8211; perfekt for hvitl\u00f8k, ingef\u00e6r, paprika, n\u00f8tter, kj\u00f8tt, babymat, shakes, desserter og mer.<\/p>\n<p data-start=\"657\" data-end=\"746\">\ud83d\udd2a Skarpe kniver i rustfritt st\u00e5l &#8211; 35\u00b0 bladdesign for effektiv og rask hakking.<\/p>\n<p data-start=\"749\" data-end=\"816\">\ud83e\udd2b St\u00f8ysvak motor &#8211; kraftig 45 W-motor med stilleg\u00e5ende drift.<\/p>\n<p data-start=\"749\" data-end=\"816\"><img decoding=\"async\" class=\" wp-image-42359 aligncenter\" src=\"https:\/\/keluvo.com\/template\/wp-content\/uploads\/sites\/5\/2025\/11\/6e5a7c8a1c44f89d902a6d4088afdb936b65cf68.webp\" alt=\"\" width=\"500\" height=\"500\" \/><\/p>\n<h2 style=\"text-align: center;\" data-start=\"823\" data-end=\"842\"><strong>Slik Bruker Du Den<\/strong><\/h2>\n<ol data-start=\"843\" data-end=\"1116\">\n<li data-start=\"843\" data-end=\"909\">\n<p data-start=\"846\" data-end=\"909\">Plasser ingrediensene i beholderen (100 ml eller 250 ml).<\/p>\n<\/li>\n<li data-start=\"910\" data-end=\"938\">\n<p data-start=\"913\" data-end=\"938\">Lukk lokket godt.<\/p>\n<\/li>\n<li data-start=\"939\" data-end=\"995\">\n<p data-start=\"942\" data-end=\"995\">Trykk p\u00e5 den \u00f8verste knappen for \u00e5 begynne \u00e5 hakke eller blande.<\/p>\n<\/li>\n<li data-start=\"996\" data-end=\"1056\">\n<p data-start=\"999\" data-end=\"1056\">Slipp knappen n\u00e5r \u00f8nsket tekstur er n\u00e5dd.<\/p>\n<\/li>\n<li data-start=\"1057\" data-end=\"1116\">\n<p data-start=\"1060\" data-end=\"1116\">Skyll og rengj\u00f8r etter bruk; lad via USB ved behov.<\/p>\n<\/li>\n<\/ol>\n<h2 style=\"text-align: center;\" data-start=\"1123\" data-end=\"1147\"><strong>Produktdetaljer<\/strong><\/h2>\n<ul data-start=\"1148\" data-end=\"1421\">\n<li data-start=\"1148\" data-end=\"1202\">\n<p data-start=\"1150\" data-end=\"1202\">Materiale: PP av matkvalitet, blad i rustfritt st\u00e5l<\/p>\n<\/li>\n<li data-start=\"1203\" data-end=\"1229\">\n<p data-start=\"1205\" data-end=\"1229\">St\u00f8rrelser: 9,2 x 15 cm<\/p>\n<\/li>\n<li data-start=\"1230\" data-end=\"1259\">\n<p data-start=\"1232\" data-end=\"1259\">Vekt: 260 g \/ 280 g<\/p>\n<\/li>\n<li data-start=\"1260\" data-end=\"1279\">\n<p data-start=\"1262\" data-end=\"1279\">Farge: Rosa<\/p>\n<\/li>\n<li data-start=\"1280\" data-end=\"1314\">\n<p data-start=\"1282\" data-end=\"1314\">Kapasitet: 100 ml eller 250 ml<\/p>\n<\/li>\n<li data-start=\"1315\" data-end=\"1339\">\n<p data-start=\"1317\" data-end=\"1339\">Motoreffekt: 45W<\/p>\n<\/li>\n<li data-start=\"1340\" data-end=\"1421\">\n<p data-start=\"1342\" data-end=\"1421\">Funksjoner: hakke, kverne, blande, juice, knuse is, babymat<\/p>\n<\/li>\n<li data-start=\"1340\" data-end=\"1421\">Du kan lade med USB-ladekabel<\/li>\n<\/ul>\n<h2 style=\"text-align: center;\" data-start=\"1428\" data-end=\"1453\"><strong>Pakken inkluderer<\/strong><\/h2>\n<ul data-start=\"1454\" data-end=\"1492\">\n<li data-start=\"1454\" data-end=\"1492\">\n<p data-start=\"1456\" data-end=\"1492\">1x tr\u00e5dl\u00f8s minihakker.<\/p>\n<\/li>\n<\/ul>\n","protected":false},"excerpt":{"rendered":"<p>Hakk, blend og bland favorittingrediensene dine p\u00e5 sekunder &#8211; n\u00e5r som helst og hvor som helst. \u26a1\ud83e\uddc5 Denne minihakkeren er [&hellip;]<\/p>\n","protected":false},"featured_media":58456,"comment_status":"open","ping_status":"closed","template":"","meta":{"site-sidebar-layout":"default","site-content-layout":"","ast-site-content-layout":"default","site-content-style":"default","site-sidebar-style":"default","ast-global-header-display":"","ast-banner-title-visibility":"","ast-main-header-display":"","ast-hfb-above-header-display":"","ast-hfb-below-header-display":"","ast-hfb-mobile-header-display":"","site-post-title":"","ast-breadcrumbs-content":"","ast-featured-img":"","footer-sml-layout":"","theme-transparent-header-meta":"default","adv-header-id-meta":"","stick-header-meta":"","header-above-stick-meta":"","header-main-stick-meta":"","header-below-stick-meta":"","astra-migrate-meta-layouts":"set","ast-page-background-enabled":"default","ast-page-background-meta":{"desktop":{"background-color":"var(--ast-global-color-4)","background-image":"","background-repeat":"repeat","background-position":"center center","background-size":"auto","background-attachment":"scroll","background-type":"","background-media":"","overlay-type":"","overlay-color":"","overlay-opacity":"","overlay-gradient":""},"tablet":{"background-color":"","background-image":"","background-repeat":"repeat","background-position":"center center","background-size":"auto","background-attachment":"scroll","background-type":"","background-media":"","overlay-type":"","overlay-color":"","overlay-opacity":"","overlay-gradient":""},"mobile":{"background-color":"","background-image":"","background-repeat":"repeat","background-position":"center center","background-size":"auto","background-attachment":"scroll","background-type":"","background-media":"","overlay-type":"","overlay-color":"","overlay-opacity":"","overlay-gradient":""}},"ast-content-background-meta":{"desktop":{"background-color":"var(--ast-global-color-5)","background-image":"","background-repeat":"repeat","background-position":"center center","background-size":"auto","background-attachment":"scroll","background-type":"","background-media":"","overlay-type":"","overlay-color":"","overlay-opacity":"","overlay-gradient":""},"tablet":{"background-color":"var(--ast-global-color-5)","background-image":"","background-repeat":"repeat","background-position":"center center","background-size":"auto","background-attachment":"scroll","background-type":"","background-media":"","overlay-type":"","overlay-color":"","overlay-opacity":"","overlay-gradient":""},"mobile":{"background-color":"var(--ast-global-color-5)","background-image":"","background-repeat":"repeat","background-position":"center center","background-size":"auto","background-attachment":"scroll","background-type":"","background-media":"","overlay-type":"","overlay-color":"","overlay-opacity":"","overlay-gradient":""}}},"product_brand":[],"product_cat":[1001],"product_tag":[],"class_list":{"0":"post-58460","1":"product","2":"type-product","3":"status-publish","4":"has-post-thumbnail","6":"product_cat-husholdningsartikler","7":"pa_53672_334qivct-100-ml","8":"pa_53672_334qivct-250-ml","9":"desktop-align-left","10":"tablet-align-left","11":"mobile-align-left","13":"first","14":"instock","15":"shipping-taxable","16":"purchasable","17":"product-type-variable"},"_links":{"self":[{"href":"https:\/\/keluvo.com\/no\/wp-json\/wp\/v2\/product\/58460","targetHints":{"allow":["GET"]}}],"collection":[{"href":"https:\/\/keluvo.com\/no\/wp-json\/wp\/v2\/product"}],"about":[{"href":"https:\/\/keluvo.com\/no\/wp-json\/wp\/v2\/types\/product"}],"replies":[{"embeddable":true,"href":"https:\/\/keluvo.com\/no\/wp-json\/wp\/v2\/comments?post=58460"}],"wp:featuredmedia":[{"embeddable":true,"href":"https:\/\/keluvo.com\/no\/wp-json\/wp\/v2\/media\/58456"}],"wp:attachment":[{"href":"https:\/\/keluvo.com\/no\/wp-json\/wp\/v2\/media?parent=58460"}],"wp:term":[{"taxonomy":"product_brand","embeddable":true,"href":"https:\/\/keluvo.com\/no\/wp-json\/wp\/v2\/product_brand?post=58460"},{"taxonomy":"product_cat","embeddable":true,"href":"https:\/\/keluvo.com\/no\/wp-json\/wp\/v2\/product_cat?post=58460"},{"taxonomy":"product_tag","embeddable":true,"href":"https:\/\/keluvo.com\/no\/wp-json\/wp\/v2\/product_tag?post=58460"}],"curies":[{"name":"wp","href":"https:\/\/api.w.org\/{rel}","templated":true}]}}