{"id":5845,"date":"2024-11-25T19:38:04","date_gmt":"2024-11-25T17:38:04","guid":{"rendered":"https:\/\/keluvo.com\/no\/produkt\/skopussingskrem\/"},"modified":"2024-11-25T19:38:05","modified_gmt":"2024-11-25T17:38:05","slug":"skopussingskrem","status":"publish","type":"product","link":"https:\/\/keluvo.com\/no\/produkt\/skopussingskrem\/","title":{"rendered":"Skopussingskrem"},"content":{"rendered":"<h2 style=\"text-align: center\"><strong>Kraftig flekkfjerning<\/strong><\/h2>\n<p style=\"text-align: center\">Skorensingskremen er utviklet for effektivt \u00e5 fjerne smuss og flekker fra skoene dine, slik at de f\u00e5r tilbake sitt opprinnelige, rene utseende. Den aktive dekontamineringsformelen trenger dypt inn i skoenes overflate og s\u00f8rger for at selv vanskelige flekker enkelt l\u00f8ses opp og t\u00f8rkes bort, slik at skoene dine ser ut som nye.<\/p>\n<p><img decoding=\"async\" class=\"alignnone size-medium wp-image-4238 aligncenter\" src=\"https:\/\/keluvo.com\/template\/wp-content\/uploads\/sites\/5\/2024\/11\/White-Shoes-Cleaning-Cream-Stains-Remover-Shoes-Whitening-All-Purpose-Cleansing-Cream-With-Wipe-Sponge-For.jpg_-1.png\" alt=\"\" \/><\/p>\n<h2 style=\"text-align: center\"><strong>Sikker og sk\u00e5nsom formel<\/strong><\/h2>\n<p style=\"text-align: center\">I motsetning til tradisjonelle skopussemetoder som kan skade overflaten, er skokremen laget med en sk\u00e5nsom og sikker formel. Den virker uten \u00e5 skade skoene, hendene eller andre overflater, noe som gj\u00f8r den ideell til rengj\u00f8ring av alle typer sko, fra joggesko til skinnsko, uten \u00e5 for\u00e5rsake avskalling eller skade.<\/p>\n<p><img decoding=\"async\" class=\"alignnone size-medium wp-image-4239 aligncenter\" src=\"https:\/\/keluvo.com\/template\/wp-content\/uploads\/sites\/5\/2024\/11\/White-Shoes-Cleaning-Cream-Stains-Remover-Shoes-Whitening-All-Purpose-Cleansing-Cream-With-Wipe-Sponge-For.jpg_.png\" alt=\"\" \/><\/p>\n","protected":false},"excerpt":{"rendered":"<p>Kraftig flekkfjerning Skorensingskremen er utviklet for effektivt \u00e5 fjerne smuss og flekker fra skoene dine, slik at de f\u00e5r tilbake [&hellip;]<\/p>\n","protected":false},"featured_media":5841,"comment_status":"open","ping_status":"closed","template":"","meta":{"site-sidebar-layout":"default","site-content-layout":"","ast-site-content-layout":"default","site-content-style":"default","site-sidebar-style":"default","ast-global-header-display":"","ast-banner-title-visibility":"","ast-main-header-display":"","ast-hfb-above-header-display":"","ast-hfb-below-header-display":"","ast-hfb-mobile-header-display":"","site-post-title":"","ast-breadcrumbs-content":"","ast-featured-img":"","footer-sml-layout":"","theme-transparent-header-meta":"default","adv-header-id-meta":"","stick-header-meta":"","header-above-stick-meta":"","header-main-stick-meta":"","header-below-stick-meta":"","astra-migrate-meta-layouts":"set","ast-page-background-enabled":"default","ast-page-background-meta":{"desktop":{"background-color":"var(--ast-global-color-4)","background-image":"","background-repeat":"repeat","background-position":"center center","background-size":"auto","background-attachment":"scroll","background-type":"","background-media":"","overlay-type":"","overlay-color":"","overlay-opacity":"","overlay-gradient":""},"tablet":{"background-color":"","background-image":"","background-repeat":"repeat","background-position":"center center","background-size":"auto","background-attachment":"scroll","background-type":"","background-media":"","overlay-type":"","overlay-color":"","overlay-opacity":"","overlay-gradient":""},"mobile":{"background-color":"","background-image":"","background-repeat":"repeat","background-position":"center center","background-size":"auto","background-attachment":"scroll","background-type":"","background-media":"","overlay-type":"","overlay-color":"","overlay-opacity":"","overlay-gradient":""}},"ast-content-background-meta":{"desktop":{"background-color":"var(--ast-global-color-5)","background-image":"","background-repeat":"repeat","background-position":"center center","background-size":"auto","background-attachment":"scroll","background-type":"","background-media":"","overlay-type":"","overlay-color":"","overlay-opacity":"","overlay-gradient":""},"tablet":{"background-color":"var(--ast-global-color-5)","background-image":"","background-repeat":"repeat","background-position":"center center","background-size":"auto","background-attachment":"scroll","background-type":"","background-media":"","overlay-type":"","overlay-color":"","overlay-opacity":"","overlay-gradient":""},"mobile":{"background-color":"var(--ast-global-color-5)","background-image":"","background-repeat":"repeat","background-position":"center center","background-size":"auto","background-attachment":"scroll","background-type":"","background-media":"","overlay-type":"","overlay-color":"","overlay-opacity":"","overlay-gradient":""}}},"product_brand":[],"product_cat":[1001],"product_tag":[],"class_list":{"0":"post-5845","1":"product","2":"type-product","3":"status-publish","4":"has-post-thumbnail","6":"product_cat-husholdningsartikler","7":"desktop-align-left","8":"tablet-align-left","9":"mobile-align-left","11":"first","12":"instock","13":"shipping-taxable","14":"purchasable","15":"product-type-simple"},"_links":{"self":[{"href":"https:\/\/keluvo.com\/no\/wp-json\/wp\/v2\/product\/5845","targetHints":{"allow":["GET"]}}],"collection":[{"href":"https:\/\/keluvo.com\/no\/wp-json\/wp\/v2\/product"}],"about":[{"href":"https:\/\/keluvo.com\/no\/wp-json\/wp\/v2\/types\/product"}],"replies":[{"embeddable":true,"href":"https:\/\/keluvo.com\/no\/wp-json\/wp\/v2\/comments?post=5845"}],"wp:featuredmedia":[{"embeddable":true,"href":"https:\/\/keluvo.com\/no\/wp-json\/wp\/v2\/media\/5841"}],"wp:attachment":[{"href":"https:\/\/keluvo.com\/no\/wp-json\/wp\/v2\/media?parent=5845"}],"wp:term":[{"taxonomy":"product_brand","embeddable":true,"href":"https:\/\/keluvo.com\/no\/wp-json\/wp\/v2\/product_brand?post=5845"},{"taxonomy":"product_cat","embeddable":true,"href":"https:\/\/keluvo.com\/no\/wp-json\/wp\/v2\/product_cat?post=5845"},{"taxonomy":"product_tag","embeddable":true,"href":"https:\/\/keluvo.com\/no\/wp-json\/wp\/v2\/product_tag?post=5845"}],"curies":[{"name":"wp","href":"https:\/\/api.w.org\/{rel}","templated":true}]}}