{"id":57909,"date":"2025-11-21T19:04:32","date_gmt":"2025-11-21T17:04:32","guid":{"rendered":"https:\/\/keluvo.com\/no\/produkt\/premium-spiralformet-skyvebrett\/"},"modified":"2025-12-01T15:16:25","modified_gmt":"2025-12-01T13:16:25","slug":"premium-spiralformet-skyvebrett","status":"publish","type":"product","link":"https:\/\/keluvo.com\/no\/produkt\/premium-spiralformet-skyvebrett\/","title":{"rendered":"Premium spiralformet skyvebrett"},"content":{"rendered":"<p style=\"text-align: center;\" data-start=\"0\" data-end=\"96\"><strong data-start=\"0\" data-end=\"96\">Arbeid Tryggere Og Skj\u00e6r Renere Med Et Verkt\u00f8y Som Er Uviklet For \u00c5 Beskytte Hendene Dine Og Forbedre Hvert Eneste Kutt. \u270b\u2699\ufe0f<\/strong><\/p>\n<p style=\"text-align: center;\" data-start=\"98\" data-end=\"385\">Denne premium spiralskyvebrett gir deg bedre kontroll, h\u00f8yere presisjon og tryggere trebearbeiding &#8211; spesielt n\u00e5r du arbeider n\u00e6r kniver. Den fj\u00e6rlignende lokalisatoren holder treverket godt p\u00e5 plass og hjelper b\u00e5de nybegynnere og erfarne brukere med \u00e5 oppn\u00e5 jevnere og mer n\u00f8yaktige resultater med mindre anstrengelse.<\/p>\n<p data-start=\"98\" data-end=\"385\"><img fetchpriority=\"high\" decoding=\"async\" class=\" wp-image-42088 aligncenter\" src=\"https:\/\/keluvo.com\/template\/wp-content\/uploads\/sites\/5\/2025\/11\/3e44a20aaabeec7435e4575abff90b5ba32a420a6a0137bf02df7393ff25be99.webp\" alt=\"\" width=\"500\" height=\"500\" \/><\/p>\n<h2 style=\"text-align: center;\" data-start=\"392\" data-end=\"414\"><strong>Hovedfordeler<\/strong><\/h2>\n<p data-start=\"417\" data-end=\"512\">\u270b Forbedrer sikkerheten &#8211; holder hendene borte fra bladet samtidig som treverket styres sikkert.<\/p>\n<p data-start=\"515\" data-end=\"618\">\ud83c\udfaf Renere og jevnere kutt &#8211; holder treverket stramt mot anslaget for presise, profesjonelle resultater.<\/p>\n<p data-start=\"621\" data-end=\"716\">\u2699\ufe0f Raske justeringer med \u00e9n knapp &#8211; endrer posisjon umiddelbart for raskere og enklere arbeidsflyt.<\/p>\n<p data-start=\"719\" data-end=\"814\">\ud83e\udeb5 Nybegynnervennlig &#8211; stabiliserer treverket slik at du kan fokusere p\u00e5 \u00e5 styre kuttet med \u00e9n h\u00e5nd.<\/p>\n<p data-start=\"817\" data-end=\"912\">\ud83d\udee1\ufe0f Reduserer tilbakeslag &#8211; sterkt grep og perfekt justering bidrar til \u00e5 forhindre farlige tilbakeslag.<\/p>\n<p data-start=\"915\" data-end=\"1007\">\ud83d\udcc8 \u00d8ker produktiviteten &#8211; mindre omplassering, bedre kontroll og jevnere kutt.<\/p>\n<p data-start=\"915\" data-end=\"1007\"><img decoding=\"async\" class=\" wp-image-42089 aligncenter\" src=\"https:\/\/keluvo.com\/template\/wp-content\/uploads\/sites\/5\/2025\/11\/8fc2fe6db0162729ff15514c2b73f3d88f65ce0561972afe49a22295009381f7.gif\" alt=\"\" width=\"500\" height=\"500\" \/><\/p>\n<h2 style=\"text-align: center;\" data-start=\"1014\" data-end=\"1033\"><strong>Slik Bruker Du Det<\/strong><\/h2>\n<ol data-start=\"1034\" data-end=\"1429\">\n<li data-start=\"1034\" data-end=\"1124\">\n<p data-start=\"1037\" data-end=\"1124\">Sett skyvebrettet eller h\u00e5ndlokalisatoren inn i det kompatible M6-gj\u00e6ringssporet p\u00e5 bordsagen.<\/p>\n<\/li>\n<li data-start=\"1125\" data-end=\"1207\">\n<p data-start=\"1128\" data-end=\"1207\">Trykk treverket mot gjerdet og skyv verkt\u00f8yet fremover ved hjelp av h\u00e5ndtaket.<\/p>\n<\/li>\n<li data-start=\"1208\" data-end=\"1288\">\n<p data-start=\"1211\" data-end=\"1288\">La den fj\u00e6rlignende l\u00e5sen holde treverket godt p\u00e5 plass mens du skj\u00e6rer.<\/p>\n<\/li>\n<li data-start=\"1289\" data-end=\"1358\">\n<p data-start=\"1292\" data-end=\"1358\">Bruk den enkle justeringsknappen for \u00e5 endre posisjon for neste kutt.<\/p>\n<\/li>\n<li data-start=\"1359\" data-end=\"1429\">\n<p data-start=\"1362\" data-end=\"1429\">Gjenta for jevn, ren og sikker skj\u00e6ring gjennom materialet.<\/p>\n<\/li>\n<\/ol>\n<h2 style=\"text-align: center;\" data-start=\"1436\" data-end=\"1460\"><strong>Produktdetaljer<\/strong><\/h2>\n<ul data-start=\"1461\" data-end=\"1822\">\n<li data-start=\"1461\" data-end=\"1508\">\n<p data-start=\"1463\" data-end=\"1508\">Materiale: ABS (slitesterk og lett)<\/p>\n<\/li>\n<li data-start=\"1509\" data-end=\"1556\">\n<p data-start=\"1511\" data-end=\"1556\">Skyveblokk: 110 g &#8211; 237 x 195,4 x 10 mm<\/p>\n<\/li>\n<li data-start=\"1557\" data-end=\"1616\">\n<p data-start=\"1559\" data-end=\"1616\">H\u00e5ndlokator for trearbeid: 102 g &#8211; 268 x 203 x 10 mm<\/p>\n<\/li>\n<li data-start=\"1617\" data-end=\"1667\">\n<p data-start=\"1619\" data-end=\"1667\">M6 monteringsblokk: 12 g &#8211; 23 x 30 x 7,8 mm<\/p>\n<\/li>\n<li data-start=\"1617\" data-end=\"1667\">\n<p data-start=\"1619\" data-end=\"1667\"><span style=\"font-size: 16px;\">Designet for M6 monteringsblokksystemer<\/span><\/p>\n<\/li>\n<li data-start=\"1617\" data-end=\"1667\">\n<p data-start=\"1619\" data-end=\"1667\">Ikke egnet for alle bordsager<\/p>\n<\/li>\n<li data-start=\"1617\" data-end=\"1667\">\n<p data-start=\"1619\" data-end=\"1667\">S\u00f8rg for at skruene er riktig justert for \u00e5 f\u00e5 en god passform<\/p>\n<\/li>\n<\/ul>\n<h2 style=\"text-align: center;\" data-start=\"1829\" data-end=\"1854\"><strong>Pakken inneholder<\/strong><\/h2>\n<ul data-start=\"1887\" data-end=\"2063\">\n<li data-start=\"1887\" data-end=\"1913\">\n<p data-start=\"1889\" data-end=\"1913\">1x trykkblokk eller<\/p>\n<\/li>\n<li data-start=\"1914\" data-end=\"1950\">\n<p data-start=\"1916\" data-end=\"1950\">1x h\u00e5ndlokalisator for trearbeid eller<\/p>\n<\/li>\n<li data-start=\"1951\" data-end=\"2063\">\n<p data-start=\"1953\" data-end=\"2007\">1x sett (h\u00e5ndlokalisator, trykkblokk, M6 monteringsblokk, monteringsskrue).<\/p>\n<\/li>\n<\/ul>\n","protected":false},"excerpt":{"rendered":"<p>Arbeid Tryggere Og Skj\u00e6r Renere Med Et Verkt\u00f8y Som Er Uviklet For \u00c5 Beskytte Hendene Dine Og Forbedre Hvert Eneste [&hellip;]<\/p>\n","protected":false},"featured_media":57905,"comment_status":"open","ping_status":"closed","template":"","meta":{"site-sidebar-layout":"default","site-content-layout":"","ast-site-content-layout":"default","site-content-style":"default","site-sidebar-style":"default","ast-global-header-display":"","ast-banner-title-visibility":"","ast-main-header-display":"","ast-hfb-above-header-display":"","ast-hfb-below-header-display":"","ast-hfb-mobile-header-display":"","site-post-title":"","ast-breadcrumbs-content":"","ast-featured-img":"","footer-sml-layout":"","theme-transparent-header-meta":"default","adv-header-id-meta":"","stick-header-meta":"","header-above-stick-meta":"","header-main-stick-meta":"","header-below-stick-meta":"","astra-migrate-meta-layouts":"set","ast-page-background-enabled":"default","ast-page-background-meta":{"desktop":{"background-color":"var(--ast-global-color-4)","background-image":"","background-repeat":"repeat","background-position":"center center","background-size":"auto","background-attachment":"scroll","background-type":"","background-media":"","overlay-type":"","overlay-color":"","overlay-opacity":"","overlay-gradient":""},"tablet":{"background-color":"","background-image":"","background-repeat":"repeat","background-position":"center center","background-size":"auto","background-attachment":"scroll","background-type":"","background-media":"","overlay-type":"","overlay-color":"","overlay-opacity":"","overlay-gradient":""},"mobile":{"background-color":"","background-image":"","background-repeat":"repeat","background-position":"center center","background-size":"auto","background-attachment":"scroll","background-type":"","background-media":"","overlay-type":"","overlay-color":"","overlay-opacity":"","overlay-gradient":""}},"ast-content-background-meta":{"desktop":{"background-color":"var(--ast-global-color-5)","background-image":"","background-repeat":"repeat","background-position":"center center","background-size":"auto","background-attachment":"scroll","background-type":"","background-media":"","overlay-type":"","overlay-color":"","overlay-opacity":"","overlay-gradient":""},"tablet":{"background-color":"var(--ast-global-color-5)","background-image":"","background-repeat":"repeat","background-position":"center center","background-size":"auto","background-attachment":"scroll","background-type":"","background-media":"","overlay-type":"","overlay-color":"","overlay-opacity":"","overlay-gradient":""},"mobile":{"background-color":"var(--ast-global-color-5)","background-image":"","background-repeat":"repeat","background-position":"center center","background-size":"auto","background-attachment":"scroll","background-type":"","background-media":"","overlay-type":"","overlay-color":"","overlay-opacity":"","overlay-gradient":""}}},"product_brand":[],"product_cat":[996],"product_tag":[],"class_list":{"0":"post-57909","1":"product","2":"type-product","3":"status-publish","4":"has-post-thumbnail","6":"product_cat-verktoy","7":"pa_52873_s28544ma-handlokalisator","8":"pa_52873_s28544ma-sett-med-3-stk","9":"pa_52873_s28544ma-skyveblokk","10":"desktop-align-left","11":"tablet-align-left","12":"mobile-align-left","14":"first","15":"instock","16":"shipping-taxable","17":"purchasable","18":"product-type-variable"},"_links":{"self":[{"href":"https:\/\/keluvo.com\/no\/wp-json\/wp\/v2\/product\/57909","targetHints":{"allow":["GET"]}}],"collection":[{"href":"https:\/\/keluvo.com\/no\/wp-json\/wp\/v2\/product"}],"about":[{"href":"https:\/\/keluvo.com\/no\/wp-json\/wp\/v2\/types\/product"}],"replies":[{"embeddable":true,"href":"https:\/\/keluvo.com\/no\/wp-json\/wp\/v2\/comments?post=57909"}],"wp:featuredmedia":[{"embeddable":true,"href":"https:\/\/keluvo.com\/no\/wp-json\/wp\/v2\/media\/57905"}],"wp:attachment":[{"href":"https:\/\/keluvo.com\/no\/wp-json\/wp\/v2\/media?parent=57909"}],"wp:term":[{"taxonomy":"product_brand","embeddable":true,"href":"https:\/\/keluvo.com\/no\/wp-json\/wp\/v2\/product_brand?post=57909"},{"taxonomy":"product_cat","embeddable":true,"href":"https:\/\/keluvo.com\/no\/wp-json\/wp\/v2\/product_cat?post=57909"},{"taxonomy":"product_tag","embeddable":true,"href":"https:\/\/keluvo.com\/no\/wp-json\/wp\/v2\/product_tag?post=57909"}],"curies":[{"name":"wp","href":"https:\/\/api.w.org\/{rel}","templated":true}]}}