{"id":57891,"date":"2025-11-21T19:02:59","date_gmt":"2025-11-21T17:02:59","guid":{"rendered":"https:\/\/keluvo.com\/no\/produkt\/merkeverktoy-med-flere-vinkler\/"},"modified":"2025-12-01T15:17:45","modified_gmt":"2025-12-01T13:17:45","slug":"merkeverktoy-med-flere-vinkler","status":"publish","type":"product","link":"https:\/\/keluvo.com\/no\/produkt\/merkeverktoy-med-flere-vinkler\/","title":{"rendered":"Merkeverkt\u00f8y med flere vinkler"},"content":{"rendered":"<p style=\"text-align: center;\" data-start=\"0\" data-end=\"61\"><strong data-start=\"0\" data-end=\"61\">M\u00e5l Vinkler Og Buer Med Perfekt N\u00f8yaktighet P\u00e5 F\u00e5 Sekunder. \ud83d\udee0\ufe0f<\/strong><\/p>\n<p style=\"text-align: center;\" data-start=\"63\" data-end=\"314\">Dette Multivinkelmarkeringsverkt\u00f8yet gir deg en rask og p\u00e5litelig m\u00e5te \u00e5 markere buer, vinkler, b\u00f8yninger og hj\u00f8rnelinjer p\u00e5 tre, metall, m\u00f8bler og byggeprosjekter. Det sterke, slitesterke materialet og de tydelige skalaene gj\u00f8r hvert merke rent og presist.<\/p>\n<p data-start=\"63\" data-end=\"314\"><img fetchpriority=\"high\" decoding=\"async\" class=\" wp-image-42076 aligncenter\" src=\"https:\/\/keluvo.com\/template\/wp-content\/uploads\/sites\/5\/2025\/11\/247f42a8-2b84-41ab-9999-cc3d2728849b.gif\" alt=\"\" width=\"500\" height=\"666\" \/><\/p>\n<h2 style=\"text-align: center;\" data-start=\"321\" data-end=\"343\">\ud83c\udf1f Hovedfordeler<\/h2>\n<p data-start=\"346\" data-end=\"442\">\ud83e\uddf0 Slitesterkt og holdbart &#8211; laget av et sterkt, t\u00f8ft materiale som ikke g\u00e5r i stykker eller deformeres.<\/p>\n<p data-start=\"445\" data-end=\"574\">\ud83d\udccf Markerer flere vinkler og buer &#8211; ideell for 90 \u00b0 b\u00f8yninger, avrundede hj\u00f8rner, firkantede r\u00f8r, flytende senger, runde bord og mer.<\/p>\n<p data-start=\"577\" data-end=\"673\">\ud83d\udd0d Skalaer med h\u00f8y presisjon &#8211; har en vernier-design med tydelige vinkel- og radianmarkeringer.<\/p>\n<p data-start=\"676\" data-end=\"762\">\u270b Ergonomisk grep &#8211; komfortabelt h\u00e5ndtak reduserer tretthet i h\u00e5nden under lange prosjekter.<\/p>\n<p data-start=\"765\" data-end=\"892\">\ud83d\udee0\ufe0f Bredt bruksomr\u00e5de &#8211; perfekt for snekring, metallarbeid, m\u00f8belbygging, konstruksjon, gj\u00f8r-det-selv-arbeid og store prosjekter.<\/p>\n<p data-start=\"765\" data-end=\"892\"><img decoding=\"async\" class=\" wp-image-42075 aligncenter\" src=\"https:\/\/keluvo.com\/template\/wp-content\/uploads\/sites\/5\/2025\/11\/80e41161-1d00-4615-9cdd-177796a8093c.gif\" alt=\"\" width=\"500\" height=\"666\" \/><\/p>\n<h2 style=\"text-align: center;\" data-start=\"899\" data-end=\"918\">\ud83d\udcdd Slik Bruker Du Verkt\u00f8yet<\/h2>\n<ol data-start=\"919\" data-end=\"1241\">\n<li data-start=\"919\" data-end=\"987\">\n<p data-start=\"922\" data-end=\"987\">Plasser verkt\u00f8yet mot kanten eller overflaten du vil m\u00e5le.<\/p>\n<\/li>\n<li data-start=\"988\" data-end=\"1055\">\n<p data-start=\"991\" data-end=\"1055\">Juster vinkel- eller buem\u00e5lingen ved hjelp av de innebygde skalaene.<\/p>\n<\/li>\n<li data-start=\"1056\" data-end=\"1112\">\n<p data-start=\"1059\" data-end=\"1112\">L\u00e5s posisjonen ved hjelp av den stabile l\u00e5sefunksjonen.<\/p>\n<\/li>\n<li data-start=\"1113\" data-end=\"1184\">\n<p data-start=\"1116\" data-end=\"1184\">Tegn merkelinjen direkte gjennom verkt\u00f8yets f\u00f8ringskanter.<\/p>\n<\/li>\n<li data-start=\"1185\" data-end=\"1241\">\n<p data-start=\"1188\" data-end=\"1241\">Gjenta for kutting, b\u00f8ying, boring eller justering.<\/p>\n<\/li>\n<\/ol>\n<h2 style=\"text-align: center;\" data-start=\"1248\" data-end=\"1272\">\ud83d\udccc Produktdetaljer<\/h2>\n<ul data-start=\"1273\" data-end=\"1627\">\n<li data-start=\"1273\" data-end=\"1330\">\n<p data-start=\"1275\" data-end=\"1330\">Materiale: Slitesterk kompositt med h\u00f8y styrke<\/p>\n<\/li>\n<li data-start=\"1331\" data-end=\"1412\">\n<p data-start=\"1333\" data-end=\"1412\">Funksjoner: Vinkelmarkering, bueskrift, 90 \u00b0 b\u00f8yninger, avrundet hj\u00f8rnemarkering<\/p>\n<\/li>\n<li data-start=\"1413\" data-end=\"1507\">\n<p data-start=\"1415\" data-end=\"1507\">Funksjoner: Ergonomisk h\u00e5ndtak, l\u00e5seanordning, noniusskala, tydelige radian-\/vinkelmarkeringer<\/p>\n<\/li>\n<li data-start=\"1508\" data-end=\"1627\">\n<p data-start=\"1510\" data-end=\"1627\">Egnet for: trebearbeiding, metallbearbeiding, m\u00f8belbygging, konstruksjonsteknikk, dekorasjon, gj\u00f8r-det-selv-prosjekter<\/p>\n<\/li>\n<li data-start=\"1508\" data-end=\"1627\">St\u00f8rrelser: Liten (23,5 x 8,2 x 7,8 cm), Middels(28 x 8,5 x 7,2 cm), Stor (34,5 x 11,6 x 11,7 cm)<\/li>\n<\/ul>\n<h2 style=\"text-align: center;\" data-start=\"1634\" data-end=\"1659\">\ud83d\udce6 Pakken inneholder<\/h2>\n<ul data-start=\"1660\" data-end=\"1694\">\n<li data-start=\"1660\" data-end=\"1694\">\n<p data-start=\"1662\" data-end=\"1694\">1, 3x flervinkelmarkeringsverkt\u00f8y.<\/p>\n<\/li>\n<\/ul>\n","protected":false},"excerpt":{"rendered":"<p>M\u00e5l Vinkler Og Buer Med Perfekt N\u00f8yaktighet P\u00e5 F\u00e5 Sekunder. \ud83d\udee0\ufe0f Dette Multivinkelmarkeringsverkt\u00f8yet gir deg en rask og p\u00e5litelig m\u00e5te [&hellip;]<\/p>\n","protected":false},"featured_media":57887,"comment_status":"open","ping_status":"closed","template":"","meta":{"site-sidebar-layout":"default","site-content-layout":"","ast-site-content-layout":"default","site-content-style":"default","site-sidebar-style":"default","ast-global-header-display":"","ast-banner-title-visibility":"","ast-main-header-display":"","ast-hfb-above-header-display":"","ast-hfb-below-header-display":"","ast-hfb-mobile-header-display":"","site-post-title":"","ast-breadcrumbs-content":"","ast-featured-img":"","footer-sml-layout":"","theme-transparent-header-meta":"default","adv-header-id-meta":"","stick-header-meta":"","header-above-stick-meta":"","header-main-stick-meta":"","header-below-stick-meta":"","astra-migrate-meta-layouts":"set","ast-page-background-enabled":"default","ast-page-background-meta":{"desktop":{"background-color":"var(--ast-global-color-4)","background-image":"","background-repeat":"repeat","background-position":"center center","background-size":"auto","background-attachment":"scroll","background-type":"","background-media":"","overlay-type":"","overlay-color":"","overlay-opacity":"","overlay-gradient":""},"tablet":{"background-color":"","background-image":"","background-repeat":"repeat","background-position":"center center","background-size":"auto","background-attachment":"scroll","background-type":"","background-media":"","overlay-type":"","overlay-color":"","overlay-opacity":"","overlay-gradient":""},"mobile":{"background-color":"","background-image":"","background-repeat":"repeat","background-position":"center center","background-size":"auto","background-attachment":"scroll","background-type":"","background-media":"","overlay-type":"","overlay-color":"","overlay-opacity":"","overlay-gradient":""}},"ast-content-background-meta":{"desktop":{"background-color":"var(--ast-global-color-5)","background-image":"","background-repeat":"repeat","background-position":"center center","background-size":"auto","background-attachment":"scroll","background-type":"","background-media":"","overlay-type":"","overlay-color":"","overlay-opacity":"","overlay-gradient":""},"tablet":{"background-color":"var(--ast-global-color-5)","background-image":"","background-repeat":"repeat","background-position":"center center","background-size":"auto","background-attachment":"scroll","background-type":"","background-media":"","overlay-type":"","overlay-color":"","overlay-opacity":"","overlay-gradient":""},"mobile":{"background-color":"var(--ast-global-color-5)","background-image":"","background-repeat":"repeat","background-position":"center center","background-size":"auto","background-attachment":"scroll","background-type":"","background-media":"","overlay-type":"","overlay-color":"","overlay-opacity":"","overlay-gradient":""}}},"product_brand":[],"product_cat":[996],"product_tag":[],"class_list":{"0":"post-57891","1":"product","2":"type-product","3":"status-publish","4":"has-post-thumbnail","6":"product_cat-verktoy","7":"pa_52865_ae1wiidm-liten","8":"pa_52865_ae1wiidm-medium","9":"pa_52865_ae1wiidm-sett-med-3-stk","10":"pa_52865_ae1wiidm-stor","11":"desktop-align-left","12":"tablet-align-left","13":"mobile-align-left","15":"first","16":"instock","17":"shipping-taxable","18":"purchasable","19":"product-type-variable"},"_links":{"self":[{"href":"https:\/\/keluvo.com\/no\/wp-json\/wp\/v2\/product\/57891","targetHints":{"allow":["GET"]}}],"collection":[{"href":"https:\/\/keluvo.com\/no\/wp-json\/wp\/v2\/product"}],"about":[{"href":"https:\/\/keluvo.com\/no\/wp-json\/wp\/v2\/types\/product"}],"replies":[{"embeddable":true,"href":"https:\/\/keluvo.com\/no\/wp-json\/wp\/v2\/comments?post=57891"}],"wp:featuredmedia":[{"embeddable":true,"href":"https:\/\/keluvo.com\/no\/wp-json\/wp\/v2\/media\/57887"}],"wp:attachment":[{"href":"https:\/\/keluvo.com\/no\/wp-json\/wp\/v2\/media?parent=57891"}],"wp:term":[{"taxonomy":"product_brand","embeddable":true,"href":"https:\/\/keluvo.com\/no\/wp-json\/wp\/v2\/product_brand?post=57891"},{"taxonomy":"product_cat","embeddable":true,"href":"https:\/\/keluvo.com\/no\/wp-json\/wp\/v2\/product_cat?post=57891"},{"taxonomy":"product_tag","embeddable":true,"href":"https:\/\/keluvo.com\/no\/wp-json\/wp\/v2\/product_tag?post=57891"}],"curies":[{"name":"wp","href":"https:\/\/api.w.org\/{rel}","templated":true}]}}