{"id":57805,"date":"2025-11-21T18:56:03","date_gmt":"2025-11-21T16:56:03","guid":{"rendered":"https:\/\/keluvo.com\/no\/produkt\/multifunksjonell-holder-for-baerehandtak\/"},"modified":"2025-11-21T20:29:24","modified_gmt":"2025-11-21T18:29:24","slug":"multifunksjonell-holder-for-baerehandtak","status":"publish","type":"product","link":"https:\/\/keluvo.com\/no\/produkt\/multifunksjonell-holder-for-baerehandtak\/","title":{"rendered":"Multifunksjonell holder for b\u00e6reh\u00e5ndtak"},"content":{"rendered":"<p style=\"text-align: center;\" data-start=\"0\" data-end=\"64\"><strong data-start=\"0\" data-end=\"64\">B\u00e6r Flere Vesker Uten \u00c5 Anstrenge Hendene Og Med Total Komfort. \ud83d\udcaa\ud83d\uded2<\/strong><\/p>\n<p style=\"text-align: center;\" data-start=\"66\" data-end=\"314\">Denne multifunksjonelle b\u00e6reh\u00e5ndtaksholderen gj\u00f8r det enkelt \u00e5 handle, flytte og l\u00f8fte tunge vesker. Den er designet for \u00e5 fordele vekten jevnt, slik at du kan b\u00e6re opptil 45 kg uten \u00e5 f\u00e5 vondt i hendene &#8211; perfekt for trapper, lange turer og tunge \u00e6rend.<\/p>\n<p data-start=\"66\" data-end=\"314\"><img decoding=\"async\" class=\"size-full wp-image-42004 aligncenter\" src=\"https:\/\/keluvo.com\/template\/wp-content\/uploads\/sites\/5\/2025\/11\/568f0cfa-c1ca-4533-960b-579d0f3f9e3a.gif\" alt=\"\" \/><\/p>\n<h2 style=\"text-align: center;\" data-start=\"321\" data-end=\"343\"><strong>Hovedfordeler<\/strong><\/h2>\n<p data-start=\"346\" data-end=\"439\">\ud83d\udcaa H\u00e5ndfri komfort &#8211; b\u00e6r flere poser samtidig uten smertefulle fingre eller trykk.<\/p>\n<p data-start=\"442\" data-end=\"531\">\ud83e\uddf1 Holder opptil 45 kg &#8211; sterk vektfordeling gj\u00f8r at tunge laster f\u00f8les lettere.<\/p>\n<p data-start=\"534\" data-end=\"630\">\ud83d\uded2 Perfekt for alle oppgaver &#8211; dagligvarer, hjemmebruk, lagerarbeid, utend\u00f8rs og bygg og anleggsarbeid.<\/p>\n<p data-start=\"633\" data-end=\"717\">\ud83d\udee1\ufe0f Sikkert, slitesterkt materiale &#8211; laget av tykk, solid ABS for langvarig bruk.<\/p>\n<p data-start=\"720\" data-end=\"796\">\ud83c\udf81 Flott, praktisk gave &#8211; ideell for alle som b\u00e6rer tunge vesker daglig.<\/p>\n<p data-start=\"720\" data-end=\"796\"><img decoding=\"async\" class=\"size-full wp-image-42003 aligncenter\" src=\"https:\/\/keluvo.com\/template\/wp-content\/uploads\/sites\/5\/2025\/11\/83c4808e0bb21cb64405003d59d4bf13db8fc0af.avif\" alt=\"\" \/><\/p>\n<h2 style=\"text-align: center;\" data-start=\"803\" data-end=\"822\"><strong>Slik Bruker Du Den<\/strong><\/h2>\n<ol data-start=\"823\" data-end=\"1010\">\n<li data-start=\"823\" data-end=\"868\">\n<p data-start=\"826\" data-end=\"868\">Samle sammen h\u00e5ndtakene til mat- eller b\u00e6reposene dine.<\/p>\n<\/li>\n<li data-start=\"869\" data-end=\"912\">\n<p data-start=\"872\" data-end=\"912\">Plasser alle h\u00e5ndtakene p\u00e5 b\u00e6rekroken.<\/p>\n<\/li>\n<li data-start=\"913\" data-end=\"969\">\n<p data-start=\"916\" data-end=\"969\">Ta tak i det ergonomiske h\u00e5ndtaket eller fest det p\u00e5 h\u00e5ndleddet.<\/p>\n<\/li>\n<li data-start=\"970\" data-end=\"1010\">\n<p data-start=\"973\" data-end=\"1010\">L\u00f8ft og b\u00e6r posene dine med letthet.<\/p>\n<\/li>\n<\/ol>\n<h2 style=\"text-align: center;\" data-start=\"1017\" data-end=\"1041\"><strong>Produktdetaljer<\/strong><\/h2>\n<ul data-start=\"1042\" data-end=\"1218\">\n<li data-start=\"1080\" data-end=\"1111\">\n<p data-start=\"1082\" data-end=\"1111\">Materiale: Tykk ABS-plast<\/p>\n<\/li>\n<li data-start=\"1112\" data-end=\"1129\">\n<p data-start=\"1114\" data-end=\"1129\">Vekt: 143 g<\/p>\n<\/li>\n<li data-start=\"1130\" data-end=\"1183\">\n<p data-start=\"1132\" data-end=\"1183\">St\u00f8rrelse: 17,3 x 9,2 x 1,6 cm<\/p>\n<\/li>\n<li data-start=\"1184\" data-end=\"1218\">\n<p data-start=\"1186\" data-end=\"1218\">Vektkapasitet: Opptil 45 kg<\/p>\n<\/li>\n<\/ul>\n<h2 style=\"text-align: center;\" data-start=\"1225\" data-end=\"1250\"><strong>Pakken inneholder<\/strong><\/h2>\n<ul data-start=\"1251\" data-end=\"1290\" data-is-last-node=\"\" data-is-only-node=\"\">\n<li data-start=\"1251\" data-end=\"1290\" data-is-last-node=\"\">\n<p data-start=\"1253\" data-end=\"1290\" data-is-last-node=\"\">1, 2x multifunksjonell b\u00e6reh\u00e5ndtaksholder.<\/p>\n<\/li>\n<\/ul>\n","protected":false},"excerpt":{"rendered":"<p>B\u00e6r Flere Vesker Uten \u00c5 Anstrenge Hendene Og Med Total Komfort. \ud83d\udcaa\ud83d\uded2 Denne multifunksjonelle b\u00e6reh\u00e5ndtaksholderen gj\u00f8r det enkelt \u00e5 handle, [&hellip;]<\/p>\n","protected":false},"featured_media":57801,"comment_status":"open","ping_status":"closed","template":"","meta":{"site-sidebar-layout":"default","site-content-layout":"","ast-site-content-layout":"default","site-content-style":"default","site-sidebar-style":"default","ast-global-header-display":"","ast-banner-title-visibility":"","ast-main-header-display":"","ast-hfb-above-header-display":"","ast-hfb-below-header-display":"","ast-hfb-mobile-header-display":"","site-post-title":"","ast-breadcrumbs-content":"","ast-featured-img":"","footer-sml-layout":"","theme-transparent-header-meta":"default","adv-header-id-meta":"","stick-header-meta":"","header-above-stick-meta":"","header-main-stick-meta":"","header-below-stick-meta":"","astra-migrate-meta-layouts":"set","ast-page-background-enabled":"default","ast-page-background-meta":{"desktop":{"background-color":"var(--ast-global-color-4)","background-image":"","background-repeat":"repeat","background-position":"center center","background-size":"auto","background-attachment":"scroll","background-type":"","background-media":"","overlay-type":"","overlay-color":"","overlay-opacity":"","overlay-gradient":""},"tablet":{"background-color":"","background-image":"","background-repeat":"repeat","background-position":"center center","background-size":"auto","background-attachment":"scroll","background-type":"","background-media":"","overlay-type":"","overlay-color":"","overlay-opacity":"","overlay-gradient":""},"mobile":{"background-color":"","background-image":"","background-repeat":"repeat","background-position":"center center","background-size":"auto","background-attachment":"scroll","background-type":"","background-media":"","overlay-type":"","overlay-color":"","overlay-opacity":"","overlay-gradient":""}},"ast-content-background-meta":{"desktop":{"background-color":"var(--ast-global-color-5)","background-image":"","background-repeat":"repeat","background-position":"center center","background-size":"auto","background-attachment":"scroll","background-type":"","background-media":"","overlay-type":"","overlay-color":"","overlay-opacity":"","overlay-gradient":""},"tablet":{"background-color":"var(--ast-global-color-5)","background-image":"","background-repeat":"repeat","background-position":"center center","background-size":"auto","background-attachment":"scroll","background-type":"","background-media":"","overlay-type":"","overlay-color":"","overlay-opacity":"","overlay-gradient":""},"mobile":{"background-color":"var(--ast-global-color-5)","background-image":"","background-repeat":"repeat","background-position":"center center","background-size":"auto","background-attachment":"scroll","background-type":"","background-media":"","overlay-type":"","overlay-color":"","overlay-opacity":"","overlay-gradient":""}}},"product_brand":[],"product_cat":[1001,996],"product_tag":[],"class_list":{"0":"post-57805","1":"product","2":"type-product","3":"status-publish","4":"has-post-thumbnail","6":"product_cat-husholdningsartikler","7":"product_cat-verktoy","8":"pa_52559_k85jiba4-1-stk","9":"pa_52559_k85jiba4-2-stk","10":"pa_52559_wd2l94e0-lilla","11":"pa_52559_wd2l94e0-oransje","12":"pa_52559_wd2l94e0-rod","13":"desktop-align-left","14":"tablet-align-left","15":"mobile-align-left","17":"first","18":"instock","19":"shipping-taxable","20":"purchasable","21":"product-type-variable","22":"has-default-attributes"},"_links":{"self":[{"href":"https:\/\/keluvo.com\/no\/wp-json\/wp\/v2\/product\/57805","targetHints":{"allow":["GET"]}}],"collection":[{"href":"https:\/\/keluvo.com\/no\/wp-json\/wp\/v2\/product"}],"about":[{"href":"https:\/\/keluvo.com\/no\/wp-json\/wp\/v2\/types\/product"}],"replies":[{"embeddable":true,"href":"https:\/\/keluvo.com\/no\/wp-json\/wp\/v2\/comments?post=57805"}],"wp:featuredmedia":[{"embeddable":true,"href":"https:\/\/keluvo.com\/no\/wp-json\/wp\/v2\/media\/57801"}],"wp:attachment":[{"href":"https:\/\/keluvo.com\/no\/wp-json\/wp\/v2\/media?parent=57805"}],"wp:term":[{"taxonomy":"product_brand","embeddable":true,"href":"https:\/\/keluvo.com\/no\/wp-json\/wp\/v2\/product_brand?post=57805"},{"taxonomy":"product_cat","embeddable":true,"href":"https:\/\/keluvo.com\/no\/wp-json\/wp\/v2\/product_cat?post=57805"},{"taxonomy":"product_tag","embeddable":true,"href":"https:\/\/keluvo.com\/no\/wp-json\/wp\/v2\/product_tag?post=57805"}],"curies":[{"name":"wp","href":"https:\/\/api.w.org\/{rel}","templated":true}]}}