{"id":57787,"date":"2025-11-21T18:54:50","date_gmt":"2025-11-21T16:54:50","guid":{"rendered":"https:\/\/keluvo.com\/no\/produkt\/verktoy-for-justering-av-dorhengsler\/"},"modified":"2025-12-12T15:56:42","modified_gmt":"2025-12-12T13:56:42","slug":"verktoy-for-justering-av-dorhengsler","status":"publish","type":"product","link":"https:\/\/keluvo.com\/no\/produkt\/verktoy-for-justering-av-dorhengsler\/","title":{"rendered":"Verkt\u00f8y for justering av d\u00f8rhengsler"},"content":{"rendered":"<p style=\"text-align: center;\">Stor diameter: 18 mm \u2013 24,5 mm<\/p>\n<p style=\"text-align: center;\">Liten diameter: 9 mm \u2013 17,5 mm<\/p>\n<p style=\"text-align: center;\" data-start=\"0\" data-end=\"68\"><strong>Fiks hengende eller skjeve d\u00f8rer p\u00e5 sekunder med ett enkelt verkt\u00f8y. \ud83d\udd27<\/strong><\/p>\n<p style=\"text-align: center;\" data-start=\"70\" data-end=\"320\">Dette verkt\u00f8yet for justering av d\u00f8rhengsler gir deg en enkel og presis m\u00e5te \u00e5 rette opp d\u00f8rer som kleber, gnir eller er ujevne &#8211; uten \u00e5 fjerne hengslet eller tilkalle en fagmann. Bare vri p\u00e5 n\u00f8kkelen for \u00e5 justere hengselsgapet og umiddelbart forbedre d\u00f8rbevegelsen.<\/p>\n<p data-start=\"70\" data-end=\"320\"><img decoding=\"async\" class=\"size-full wp-image-41988 aligncenter\" src=\"https:\/\/keluvo.com\/template\/wp-content\/uploads\/sites\/5\/2025\/11\/10227-ezgif.com-video-to-webp-converter-5.webp\" alt=\"\" \/><\/p>\n<h2 style=\"text-align: center;\" data-start=\"327\" data-end=\"349\">\ud83c\udf1f Hovedfordeler<\/h2>\n<p data-start=\"352\" data-end=\"446\">\ud83d\udd27 Presise hengseljusteringer &#8211; utvid gapene ved \u00e5 vri til venstre, innsnevre dem ved \u00e5 vri til h\u00f8yre.<\/p>\n<p data-start=\"352\" data-end=\"446\">\ud83d\udeaa L\u00f8ser vanlige d\u00f8rproblemer &#8211; l\u00f8ser raskt hengende, klebende eller skjeve d\u00f8rer.<\/p>\n<p data-start=\"352\" data-end=\"446\">\ud83d\udcaa Kraftig st\u00e5lkonstruksjon &#8211; laget av 45-st\u00e5l for langvarig styrke og holdbarhet.<\/p>\n<p data-start=\"352\" data-end=\"446\">\ud83d\udee1\ufe0f Laget for spesielle d\u00f8rtyper &#8211; ideell for brannd\u00f8rer, rentromsd\u00f8rer og sikkerhetsd\u00f8rer med flagghengsler.<\/p>\n<p data-start=\"352\" data-end=\"446\">\ud83e\udd32 Enkel og ergonomisk &#8211; lett \u00e5 bruke selv p\u00e5 trange steder eller i vanskelige installasjoner.<\/p>\n<p data-start=\"755\" data-end=\"842\"><img fetchpriority=\"high\" decoding=\"async\" class=\"size-full wp-image-41989 aligncenter\" src=\"https:\/\/keluvo.com\/template\/wp-content\/uploads\/sites\/5\/2025\/11\/18f1445ea8cdb6cc9f74552749ea70a8541c401c-900.jpg\" alt=\"\" width=\"1039\" height=\"1080\" \/><\/p>\n<h2 style=\"text-align: center;\" data-start=\"849\" data-end=\"869\">\ud83d\udee0\ufe0f Slik bruker du n\u00f8kkelen<\/h2>\n<ol data-start=\"870\" data-end=\"1080\">\n<li data-start=\"870\" data-end=\"928\">Plasser n\u00f8kkelen rundt hengslet du vil justere.<\/li>\n<li data-start=\"870\" data-end=\"928\">Vri til venstre for \u00e5 utvide hengselgapet.<\/li>\n<li data-start=\"870\" data-end=\"928\">Vri til h\u00f8yre for \u00e5 redusere hengselgapet.<\/li>\n<li data-start=\"870\" data-end=\"928\">Test d\u00f8rbevegelsen og gjenta om n\u00f8dvendig til den \u00e5pnes jevnt.<\/li>\n<\/ol>\n<h2 style=\"text-align: center;\" data-start=\"1087\" data-end=\"1111\">\ud83d\udccf Produktdetaljer<\/h2>\n<ul data-start=\"1112\" data-end=\"1352\">\n<li data-start=\"1158\" data-end=\"1180\">Materiale: 45-st\u00e5l<\/li>\n<li data-start=\"1158\" data-end=\"1180\">Farge: S\u00f8lv<\/li>\n<li data-start=\"1158\" data-end=\"1180\">Tilgjengelige st\u00f8rrelser: Liten (20,3 cm), Stor (22,5 cm)<\/li>\n<li data-start=\"1158\" data-end=\"1180\"><span style=\"font-size: 16px;\">Designet for: Brannd\u00f8rer, rentromsd\u00f8rer, sikkerhetsd\u00f8rer med flagghengsler<\/span><\/li>\n<\/ul>\n<h2 style=\"text-align: center;\" data-start=\"1359\" data-end=\"1384\">\ud83d\udce6 Pakken inkluderer<\/h2>\n<ul data-start=\"1385\" data-end=\"1417\" data-is-last-node=\"\" data-is-only-node=\"\">\n<li data-start=\"1385\" data-end=\"1417\" data-is-last-node=\"\">\n<p data-start=\"1387\" data-end=\"1417\" data-is-last-node=\"\">1, 2x d\u00f8rhengseljusteringsverkt\u00f8y.<\/p>\n<\/li>\n<\/ul>\n","protected":false},"excerpt":{"rendered":"<p>Stor diameter: 18 mm \u2013 24,5 mm Liten diameter: 9 mm \u2013 17,5 mm Fiks hengende eller skjeve d\u00f8rer p\u00e5 [&hellip;]<\/p>\n","protected":false},"featured_media":57783,"comment_status":"open","ping_status":"closed","template":"","meta":{"site-sidebar-layout":"default","site-content-layout":"","ast-site-content-layout":"default","site-content-style":"default","site-sidebar-style":"default","ast-global-header-display":"","ast-banner-title-visibility":"","ast-main-header-display":"","ast-hfb-above-header-display":"","ast-hfb-below-header-display":"","ast-hfb-mobile-header-display":"","site-post-title":"","ast-breadcrumbs-content":"","ast-featured-img":"","footer-sml-layout":"","theme-transparent-header-meta":"default","adv-header-id-meta":"","stick-header-meta":"","header-above-stick-meta":"","header-main-stick-meta":"","header-below-stick-meta":"","astra-migrate-meta-layouts":"set","ast-page-background-enabled":"default","ast-page-background-meta":{"desktop":{"background-color":"var(--ast-global-color-4)","background-image":"","background-repeat":"repeat","background-position":"center center","background-size":"auto","background-attachment":"scroll","background-type":"","background-media":"","overlay-type":"","overlay-color":"","overlay-opacity":"","overlay-gradient":""},"tablet":{"background-color":"","background-image":"","background-repeat":"repeat","background-position":"center center","background-size":"auto","background-attachment":"scroll","background-type":"","background-media":"","overlay-type":"","overlay-color":"","overlay-opacity":"","overlay-gradient":""},"mobile":{"background-color":"","background-image":"","background-repeat":"repeat","background-position":"center center","background-size":"auto","background-attachment":"scroll","background-type":"","background-media":"","overlay-type":"","overlay-color":"","overlay-opacity":"","overlay-gradient":""}},"ast-content-background-meta":{"desktop":{"background-color":"var(--ast-global-color-5)","background-image":"","background-repeat":"repeat","background-position":"center center","background-size":"auto","background-attachment":"scroll","background-type":"","background-media":"","overlay-type":"","overlay-color":"","overlay-opacity":"","overlay-gradient":""},"tablet":{"background-color":"var(--ast-global-color-5)","background-image":"","background-repeat":"repeat","background-position":"center center","background-size":"auto","background-attachment":"scroll","background-type":"","background-media":"","overlay-type":"","overlay-color":"","overlay-opacity":"","overlay-gradient":""},"mobile":{"background-color":"var(--ast-global-color-5)","background-image":"","background-repeat":"repeat","background-position":"center center","background-size":"auto","background-attachment":"scroll","background-type":"","background-media":"","overlay-type":"","overlay-color":"","overlay-opacity":"","overlay-gradient":""}}},"product_brand":[],"product_cat":[996],"product_tag":[],"class_list":{"0":"post-57787","1":"product","2":"type-product","3":"status-publish","4":"has-post-thumbnail","6":"product_cat-verktoy","7":"pa_52519_pw2dg6ak-liten","8":"pa_52519_pw2dg6ak-stor","9":"pa_52519_pw2dg6ak-sett-med-2-stk","10":"desktop-align-left","11":"tablet-align-left","12":"mobile-align-left","14":"first","15":"instock","16":"shipping-taxable","17":"purchasable","18":"product-type-variable"},"_links":{"self":[{"href":"https:\/\/keluvo.com\/no\/wp-json\/wp\/v2\/product\/57787","targetHints":{"allow":["GET"]}}],"collection":[{"href":"https:\/\/keluvo.com\/no\/wp-json\/wp\/v2\/product"}],"about":[{"href":"https:\/\/keluvo.com\/no\/wp-json\/wp\/v2\/types\/product"}],"replies":[{"embeddable":true,"href":"https:\/\/keluvo.com\/no\/wp-json\/wp\/v2\/comments?post=57787"}],"wp:featuredmedia":[{"embeddable":true,"href":"https:\/\/keluvo.com\/no\/wp-json\/wp\/v2\/media\/57783"}],"wp:attachment":[{"href":"https:\/\/keluvo.com\/no\/wp-json\/wp\/v2\/media?parent=57787"}],"wp:term":[{"taxonomy":"product_brand","embeddable":true,"href":"https:\/\/keluvo.com\/no\/wp-json\/wp\/v2\/product_brand?post=57787"},{"taxonomy":"product_cat","embeddable":true,"href":"https:\/\/keluvo.com\/no\/wp-json\/wp\/v2\/product_cat?post=57787"},{"taxonomy":"product_tag","embeddable":true,"href":"https:\/\/keluvo.com\/no\/wp-json\/wp\/v2\/product_tag?post=57787"}],"curies":[{"name":"wp","href":"https:\/\/api.w.org\/{rel}","templated":true}]}}