{"id":57768,"date":"2025-11-21T18:53:34","date_gmt":"2025-11-21T16:53:34","guid":{"rendered":"https:\/\/keluvo.com\/no\/produkt\/automatisk-uttrekkbart-maleband-3-stk\/"},"modified":"2025-12-01T15:17:03","modified_gmt":"2025-12-01T13:17:03","slug":"automatisk-uttrekkbart-maleband-3-stk","status":"publish","type":"product","link":"https:\/\/keluvo.com\/no\/produkt\/automatisk-uttrekkbart-maleband-3-stk\/","title":{"rendered":"Automatisk uttrekkbart m\u00e5leb\u00e5nd (3 stk)"},"content":{"rendered":"<p style=\"text-align: center;\" data-start=\"0\" data-end=\"67\"><strong data-start=\"0\" data-end=\"67\">F\u00e5 raske, n\u00f8yaktige m\u00e5linger med et enkelt trykk p\u00e5 en knapp. \ud83d\udccf<\/strong><\/p>\n<p style=\"text-align: center;\" data-start=\"69\" data-end=\"320\">Dette automatiske, uttrekkbare m\u00e5leb\u00e5ndet er designet for \u00e5 gi deg presise m\u00e5linger uten problemer. Det sterke, fleksible b\u00e5ndet og den innebygde l\u00e5sen gj\u00f8r det enklere og mer p\u00e5litelig enn noensinne \u00e5 m\u00e5le kl\u00e6r, kroppsst\u00f8rrelser, buede overflater og gj\u00f8r-det-selv-prosjekter.<\/p>\n<p data-start=\"69\" data-end=\"320\"><img fetchpriority=\"high\" decoding=\"async\" class=\" wp-image-41978 aligncenter\" src=\"https:\/\/keluvo.com\/template\/wp-content\/uploads\/sites\/5\/2025\/11\/94f29adb-ee3b-41ad-a77f-12652b4f33a3.gif\" alt=\"\" width=\"501\" height=\"501\" \/><\/p>\n<h2 style=\"text-align: center;\" data-start=\"327\" data-end=\"349\"><strong>Hovedfordeler<\/strong><\/h2>\n<p data-start=\"352\" data-end=\"453\">\ud83c\udfaf N\u00f8yaktig hver gang &#8211; sikre m\u00e5lingen med pinnel\u00e5sen og trekk den inn med \u00e9n knapp.<\/p>\n<p data-start=\"456\" data-end=\"552\">\ud83d\udcaa Slitesterk konstruksjon &#8211; ABS-skall + PVC-fiberb\u00e5nd t\u00e5ler varme, vann, strekking og b\u00f8ying.<\/p>\n<p data-start=\"555\" data-end=\"658\">\ud83d\udd04 Allsidig for mange bruksomr\u00e5der &#8211; ideelt for skreddere, h\u00e5ndverkere, kroppsm\u00e5linger og husholdningsoppgaver.<\/p>\n<p data-start=\"661\" data-end=\"741\">\ud83d\udccf Lang rekkevidde &#8211; 152 cm for \u00e5 dekke flere prosjekter med letthet.<\/p>\n<p data-start=\"744\" data-end=\"829\">\ud83e\uddf5 Smidig uttrekkbar design &#8211; enkel \u00e5 oppbevare, enkel \u00e5 b\u00e6re, alltid klar til bruk.<\/p>\n<p data-start=\"744\" data-end=\"829\"><img decoding=\"async\" class=\"size-full wp-image-41973 aligncenter\" src=\"https:\/\/keluvo.com\/template\/wp-content\/uploads\/sites\/5\/2025\/11\/7dccb806569dc819018b3d185bb0ff2c448a3d0dc7d7c5cefed5d7a6becbf390-800.jpg\" alt=\"\" width=\"1075\" height=\"1080\" \/><\/p>\n<h2 style=\"text-align: center;\" data-start=\"836\" data-end=\"856\"><strong>Slik Bruker Du Det<\/strong><\/h2>\n<ol data-start=\"857\" data-end=\"1076\">\n<li data-start=\"857\" data-end=\"903\">\n<p data-start=\"860\" data-end=\"903\">Trekk ut b\u00e5ndet til \u00f8nsket lengde.<\/p>\n<\/li>\n<li data-start=\"904\" data-end=\"959\">\n<p data-start=\"907\" data-end=\"959\">Bruk pinnel\u00e5sen for \u00e5 holde m\u00e5lingen p\u00e5 plass.<\/p>\n<\/li>\n<li data-start=\"960\" data-end=\"1009\">\n<p data-start=\"963\" data-end=\"1009\">Les m\u00e5lingen tydelig langs b\u00e5ndet.<\/p>\n<\/li>\n<li data-start=\"1010\" data-end=\"1076\">\n<p data-start=\"1013\" data-end=\"1076\">Trykk p\u00e5 uttrekksknappen for \u00e5 trekke b\u00e5ndet tilbake i etuiet.<\/p>\n<\/li>\n<\/ol>\n<h2 style=\"text-align: center;\" data-start=\"1083\" data-end=\"1107\"><strong>Produktdetaljer<\/strong><\/h2>\n<ul data-start=\"1108\" data-end=\"1346\">\n<li data-start=\"1108\" data-end=\"1156\">\n<p data-start=\"1110\" data-end=\"1156\">Materiale: ABS-plastskall + PVC-fiberb\u00e5nd<\/p>\n<\/li>\n<li data-start=\"1157\" data-end=\"1199\">\n<p data-start=\"1159\" data-end=\"1199\">M\u00e5leomr\u00e5de: 1-152 cm<\/p>\n<\/li>\n<li data-start=\"1239\" data-end=\"1282\">\n<p data-start=\"1241\" data-end=\"1282\">Etuiets st\u00f8rrelse: 12 cm x 6 cm<\/p>\n<\/li>\n<li data-start=\"1283\" data-end=\"1346\">\n<p data-start=\"1285\" data-end=\"1346\">Funksjoner: vanntett, varmebestandig, uttrekkbar, b\u00e6rbar<\/p>\n<\/li>\n<\/ul>\n<h2 style=\"text-align: center;\" data-start=\"1353\" data-end=\"1378\"><strong>Pakken inkluderer<\/strong><\/h2>\n<ul data-start=\"1379\" data-end=\"1421\" data-is-last-node=\"\" data-is-only-node=\"\">\n<li data-start=\"1379\" data-end=\"1421\" data-is-last-node=\"\">\n<p data-start=\"1381\" data-end=\"1421\" data-is-last-node=\"\">3x automatisk uttrekkbart m\u00e5leb\u00e5nd.<\/p>\n<\/li>\n<\/ul>\n","protected":false},"excerpt":{"rendered":"<p>F\u00e5 raske, n\u00f8yaktige m\u00e5linger med et enkelt trykk p\u00e5 en knapp. \ud83d\udccf Dette automatiske, uttrekkbare m\u00e5leb\u00e5ndet er designet for \u00e5 [&hellip;]<\/p>\n","protected":false},"featured_media":57764,"comment_status":"open","ping_status":"closed","template":"","meta":{"site-sidebar-layout":"default","site-content-layout":"","ast-site-content-layout":"default","site-content-style":"default","site-sidebar-style":"default","ast-global-header-display":"","ast-banner-title-visibility":"","ast-main-header-display":"","ast-hfb-above-header-display":"","ast-hfb-below-header-display":"","ast-hfb-mobile-header-display":"","site-post-title":"","ast-breadcrumbs-content":"","ast-featured-img":"","footer-sml-layout":"","theme-transparent-header-meta":"default","adv-header-id-meta":"","stick-header-meta":"","header-above-stick-meta":"","header-main-stick-meta":"","header-below-stick-meta":"","astra-migrate-meta-layouts":"set","ast-page-background-enabled":"default","ast-page-background-meta":{"desktop":{"background-color":"var(--ast-global-color-4)","background-image":"","background-repeat":"repeat","background-position":"center center","background-size":"auto","background-attachment":"scroll","background-type":"","background-media":"","overlay-type":"","overlay-color":"","overlay-opacity":"","overlay-gradient":""},"tablet":{"background-color":"","background-image":"","background-repeat":"repeat","background-position":"center center","background-size":"auto","background-attachment":"scroll","background-type":"","background-media":"","overlay-type":"","overlay-color":"","overlay-opacity":"","overlay-gradient":""},"mobile":{"background-color":"","background-image":"","background-repeat":"repeat","background-position":"center center","background-size":"auto","background-attachment":"scroll","background-type":"","background-media":"","overlay-type":"","overlay-color":"","overlay-opacity":"","overlay-gradient":""}},"ast-content-background-meta":{"desktop":{"background-color":"var(--ast-global-color-5)","background-image":"","background-repeat":"repeat","background-position":"center center","background-size":"auto","background-attachment":"scroll","background-type":"","background-media":"","overlay-type":"","overlay-color":"","overlay-opacity":"","overlay-gradient":""},"tablet":{"background-color":"var(--ast-global-color-5)","background-image":"","background-repeat":"repeat","background-position":"center center","background-size":"auto","background-attachment":"scroll","background-type":"","background-media":"","overlay-type":"","overlay-color":"","overlay-opacity":"","overlay-gradient":""},"mobile":{"background-color":"var(--ast-global-color-5)","background-image":"","background-repeat":"repeat","background-position":"center center","background-size":"auto","background-attachment":"scroll","background-type":"","background-media":"","overlay-type":"","overlay-color":"","overlay-opacity":"","overlay-gradient":""}}},"product_brand":[],"product_cat":[996],"product_tag":[],"class_list":{"0":"post-57768","1":"product","2":"type-product","3":"status-publish","4":"has-post-thumbnail","6":"product_cat-verktoy","7":"pa_52467_yt0bhg4r-bla","8":"pa_52467_yt0bhg4r-gronn","9":"pa_52467_yt0bhg4r-hvit","10":"pa_52467_yt0bhg4r-rosa","11":"desktop-align-left","12":"tablet-align-left","13":"mobile-align-left","15":"first","16":"instock","17":"shipping-taxable","18":"purchasable","19":"product-type-variable"},"_links":{"self":[{"href":"https:\/\/keluvo.com\/no\/wp-json\/wp\/v2\/product\/57768","targetHints":{"allow":["GET"]}}],"collection":[{"href":"https:\/\/keluvo.com\/no\/wp-json\/wp\/v2\/product"}],"about":[{"href":"https:\/\/keluvo.com\/no\/wp-json\/wp\/v2\/types\/product"}],"replies":[{"embeddable":true,"href":"https:\/\/keluvo.com\/no\/wp-json\/wp\/v2\/comments?post=57768"}],"wp:featuredmedia":[{"embeddable":true,"href":"https:\/\/keluvo.com\/no\/wp-json\/wp\/v2\/media\/57764"}],"wp:attachment":[{"href":"https:\/\/keluvo.com\/no\/wp-json\/wp\/v2\/media?parent=57768"}],"wp:term":[{"taxonomy":"product_brand","embeddable":true,"href":"https:\/\/keluvo.com\/no\/wp-json\/wp\/v2\/product_brand?post=57768"},{"taxonomy":"product_cat","embeddable":true,"href":"https:\/\/keluvo.com\/no\/wp-json\/wp\/v2\/product_cat?post=57768"},{"taxonomy":"product_tag","embeddable":true,"href":"https:\/\/keluvo.com\/no\/wp-json\/wp\/v2\/product_tag?post=57768"}],"curies":[{"name":"wp","href":"https:\/\/api.w.org\/{rel}","templated":true}]}}