{"id":57752,"date":"2025-11-21T18:52:31","date_gmt":"2025-11-21T16:52:31","guid":{"rendered":"https:\/\/keluvo.com\/no\/produkt\/champagne-og-vinpropper-3-stk\/"},"modified":"2025-12-25T18:43:03","modified_gmt":"2025-12-25T16:43:03","slug":"champagne-og-vinpropper-3-stk","status":"publish","type":"product","link":"https:\/\/keluvo.com\/no\/produkt\/champagne-og-vinpropper-3-stk\/","title":{"rendered":"Champagne- og vinpropper (3 stk)"},"content":{"rendered":"<p style=\"text-align: center;\" data-start=\"0\" data-end=\"70\"><strong data-start=\"0\" data-end=\"70\">Hold champagnen og vinen din frisk i flere dager med en enkel vri. \ud83c\udf7e<\/strong><\/p>\n<p style=\"text-align: center;\" data-start=\"72\" data-end=\"318\">Disse champagne- og vinproppene skaper en lufttett forsegling som bevarer bobler, smak og friskhet lenge etter at flasken er \u00e5pnet. Du slipper \u00e5 slite med korker eller kaste bort halvfulle flasker &#8211; bare vri, l\u00e5s og nyt vinen n\u00e5r som helst.<\/p>\n<p data-start=\"72\" data-end=\"318\"><img fetchpriority=\"high\" decoding=\"async\" class=\" wp-image-41961 aligncenter\" src=\"https:\/\/keluvo.com\/template\/wp-content\/uploads\/sites\/5\/2025\/11\/6811dd48cdac8ab321ae7202bd76765ada5085e0ecbcafecb211c55ad415d7f4.webp\" alt=\"\" width=\"500\" height=\"500\" \/><\/p>\n<h2 style=\"text-align: center;\" data-start=\"325\" data-end=\"347\">\ud83c\udf1f Hovedfordeler<\/h2>\n<p data-start=\"350\" data-end=\"449\">\ud83c\udf7e Holder vin og champagne frisk &#8211; forsegler tett for \u00e5 holde p\u00e5 kullsyre og smak i flere dager.<\/p>\n<p data-start=\"452\" data-end=\"540\">\ud83d\udd12 Sikker design med vridbar l\u00e5s &#8211; vri for \u00e5 \u00e5pne, vri for \u00e5 forsegle, raskt og uanstrengt.<\/p>\n<p data-start=\"543\" data-end=\"637\">\ud83e\udde2 Kompakt &laquo;sikkerhetshatt&raquo;-form &#8211; passer perfekt til musserende vinflasker og er enkel \u00e5 oppbevare.<\/p>\n<p data-start=\"640\" data-end=\"736\">\ud83e\uddfc Materialer av n\u00e6ringsmiddelkvalitet &#8211; innvendig silikonforsegling + slitesterkt ABS-skall for sikker, langvarig bruk.<\/p>\n<p data-start=\"739\" data-end=\"831\">\ud83d\ude4c Ingen kamp med korker &#8211; erstatter tradisjonelle korker med en enklere, renere l\u00f8sning.<\/p>\n<p data-start=\"739\" data-end=\"831\"><img decoding=\"async\" class=\" wp-image-41960 aligncenter\" src=\"https:\/\/keluvo.com\/template\/wp-content\/uploads\/sites\/5\/2025\/11\/05cbe4339c5798bebea57579a3ab2ccda957bd05c6a9b6c2dad4a36ac76b0771-800.webp\" alt=\"\" width=\"500\" height=\"500\" \/><\/p>\n<h2 style=\"text-align: center;\" data-start=\"838\" data-end=\"857\">\ud83e\udd42 Slik bruker du den<\/h2>\n<ol data-start=\"858\" data-end=\"1081\">\n<li data-start=\"858\" data-end=\"903\">\n<p data-start=\"861\" data-end=\"903\">Dreie toppen av proppen for \u00e5 l\u00e5se opp.<\/p>\n<\/li>\n<li data-start=\"904\" data-end=\"959\">\n<p data-start=\"907\" data-end=\"959\">Sett proppen godt inn i flaske\u00e5pningen.<\/p>\n<\/li>\n<li data-start=\"960\" data-end=\"1026\">\n<p data-start=\"963\" data-end=\"1026\">Vri toppen tilbake til l\u00e5st posisjon for \u00e5 forsegle flasken.<\/p>\n<\/li>\n<li data-start=\"1027\" data-end=\"1081\">\n<p data-start=\"1030\" data-end=\"1081\">For \u00e5 \u00e5pne igjen, bare vri p\u00e5 nytt for \u00e5 l\u00e5se opp og fjerne.<\/p>\n<\/li>\n<\/ol>\n<h2 style=\"text-align: center;\" data-start=\"1088\" data-end=\"1112\">\ud83d\udccf Produktdetaljer<\/h2>\n<ul data-start=\"1113\" data-end=\"1327\">\n<li data-start=\"1113\" data-end=\"1152\">\n<p data-start=\"1115\" data-end=\"1152\">Materiale: ABS + silikon av matkvalitet<\/p>\n<\/li>\n<li data-start=\"1153\" data-end=\"1169\">\n<p data-start=\"1155\" data-end=\"1169\">Farge: Svart<\/p>\n<\/li>\n<li data-start=\"1170\" data-end=\"1250\">\n<p data-start=\"1172\" data-end=\"1180\">St\u00f8rrelser: <span style=\"font-size: 16px;\">3,9 x 3,2 cm, <\/span><span style=\"font-size: 16px;\">3,9 x 4 cm\u00a0<\/span><\/p>\n<\/li>\n<li data-start=\"1251\" data-end=\"1327\">\n<p data-start=\"1253\" data-end=\"1327\">Kompatibel med champagne, musserende vin og de fleste standard vinflasker.<\/p>\n<\/li>\n<\/ul>\n<h2 style=\"text-align: center;\" data-start=\"1334\" data-end=\"1359\">\ud83d\udce6 Pakken inkluderer<\/h2>\n<ul data-start=\"1360\" data-end=\"1392\" data-is-last-node=\"\" data-is-only-node=\"\">\n<li data-start=\"1360\" data-end=\"1392\" data-is-last-node=\"\">\n<p data-start=\"1362\" data-end=\"1392\" data-is-last-node=\"\">3x champagnepropp eller<\/p>\n<\/li>\n<li data-start=\"1360\" data-end=\"1392\" data-is-last-node=\"\">3x vinpropp.<\/li>\n<\/ul>\n","protected":false},"excerpt":{"rendered":"<p>Hold champagnen og vinen din frisk i flere dager med en enkel vri. \ud83c\udf7e Disse champagne- og vinproppene skaper en [&hellip;]<\/p>\n","protected":false},"featured_media":57748,"comment_status":"open","ping_status":"closed","template":"","meta":{"site-sidebar-layout":"default","site-content-layout":"","ast-site-content-layout":"default","site-content-style":"default","site-sidebar-style":"default","ast-global-header-display":"","ast-banner-title-visibility":"","ast-main-header-display":"","ast-hfb-above-header-display":"","ast-hfb-below-header-display":"","ast-hfb-mobile-header-display":"","site-post-title":"","ast-breadcrumbs-content":"","ast-featured-img":"","footer-sml-layout":"","theme-transparent-header-meta":"default","adv-header-id-meta":"","stick-header-meta":"","header-above-stick-meta":"","header-main-stick-meta":"","header-below-stick-meta":"","astra-migrate-meta-layouts":"set","ast-page-background-enabled":"default","ast-page-background-meta":{"desktop":{"background-color":"var(--ast-global-color-4)","background-image":"","background-repeat":"repeat","background-position":"center center","background-size":"auto","background-attachment":"scroll","background-type":"","background-media":"","overlay-type":"","overlay-color":"","overlay-opacity":"","overlay-gradient":""},"tablet":{"background-color":"","background-image":"","background-repeat":"repeat","background-position":"center center","background-size":"auto","background-attachment":"scroll","background-type":"","background-media":"","overlay-type":"","overlay-color":"","overlay-opacity":"","overlay-gradient":""},"mobile":{"background-color":"","background-image":"","background-repeat":"repeat","background-position":"center center","background-size":"auto","background-attachment":"scroll","background-type":"","background-media":"","overlay-type":"","overlay-color":"","overlay-opacity":"","overlay-gradient":""}},"ast-content-background-meta":{"desktop":{"background-color":"var(--ast-global-color-5)","background-image":"","background-repeat":"repeat","background-position":"center center","background-size":"auto","background-attachment":"scroll","background-type":"","background-media":"","overlay-type":"","overlay-color":"","overlay-opacity":"","overlay-gradient":""},"tablet":{"background-color":"var(--ast-global-color-5)","background-image":"","background-repeat":"repeat","background-position":"center center","background-size":"auto","background-attachment":"scroll","background-type":"","background-media":"","overlay-type":"","overlay-color":"","overlay-opacity":"","overlay-gradient":""},"mobile":{"background-color":"var(--ast-global-color-5)","background-image":"","background-repeat":"repeat","background-position":"center center","background-size":"auto","background-attachment":"scroll","background-type":"","background-media":"","overlay-type":"","overlay-color":"","overlay-opacity":"","overlay-gradient":""}}},"product_brand":[],"product_cat":[1001],"product_tag":[],"class_list":{"0":"post-57752","1":"product","2":"type-product","3":"status-publish","4":"has-post-thumbnail","6":"product_cat-husholdningsartikler","7":"pa_52455_ly3wsz07-champagne","8":"pa_52455_ly3wsz07-vin","9":"desktop-align-left","10":"tablet-align-left","11":"mobile-align-left","13":"first","14":"instock","15":"shipping-taxable","16":"purchasable","17":"product-type-variable"},"_links":{"self":[{"href":"https:\/\/keluvo.com\/no\/wp-json\/wp\/v2\/product\/57752","targetHints":{"allow":["GET"]}}],"collection":[{"href":"https:\/\/keluvo.com\/no\/wp-json\/wp\/v2\/product"}],"about":[{"href":"https:\/\/keluvo.com\/no\/wp-json\/wp\/v2\/types\/product"}],"replies":[{"embeddable":true,"href":"https:\/\/keluvo.com\/no\/wp-json\/wp\/v2\/comments?post=57752"}],"wp:featuredmedia":[{"embeddable":true,"href":"https:\/\/keluvo.com\/no\/wp-json\/wp\/v2\/media\/57748"}],"wp:attachment":[{"href":"https:\/\/keluvo.com\/no\/wp-json\/wp\/v2\/media?parent=57752"}],"wp:term":[{"taxonomy":"product_brand","embeddable":true,"href":"https:\/\/keluvo.com\/no\/wp-json\/wp\/v2\/product_brand?post=57752"},{"taxonomy":"product_cat","embeddable":true,"href":"https:\/\/keluvo.com\/no\/wp-json\/wp\/v2\/product_cat?post=57752"},{"taxonomy":"product_tag","embeddable":true,"href":"https:\/\/keluvo.com\/no\/wp-json\/wp\/v2\/product_tag?post=57752"}],"curies":[{"name":"wp","href":"https:\/\/api.w.org\/{rel}","templated":true}]}}