{"id":5767,"date":"2024-11-25T19:31:39","date_gmt":"2024-11-25T17:31:39","guid":{"rendered":"https:\/\/keluvo.com\/no\/produkt\/vanntett-kattematte\/"},"modified":"2025-09-04T17:39:08","modified_gmt":"2025-09-04T14:39:08","slug":"vanntett-kattematte","status":"publish","type":"product","link":"https:\/\/keluvo.com\/no\/produkt\/vanntett-kattematte\/","title":{"rendered":"Vanntett kattematte"},"content":{"rendered":"<h2 style=\"text-align: center\"><strong>Effektivt \u00e5 fange opp s\u00f8ppel<\/strong><\/h2>\n<p style=\"text-align: center\">Den vanntette kattematten er designet for \u00e5 fange opp s\u00f8ppel som spores ut av boksen av katten din. Den bikakeformede dobbeltlagsstrukturen s\u00f8rger for at sm\u00e5 s\u00f8ppelpartikler fanges opp, noe som holder hjemmet ditt renere. Matten bidrar til \u00e5 forhindre at kattesand sprer seg utover gulvet, noe som reduserer rengj\u00f8ringstiden.<\/p>\n<p><img decoding=\"async\" class=\"alignnone size-medium wp-image-4320 aligncenter\" src=\"https:\/\/keluvo.com\/template\/wp-content\/uploads\/sites\/5\/2024\/11\/A636e9e61ea484d2b921d4f8d8119f381N.jpg_640x640.jpg_.png\" alt=\"\" \/><\/p>\n<h2 style=\"text-align: center\"><strong>enkel \u00e5 rengj\u00f8re<\/strong><\/h2>\n<p style=\"text-align: center\">Det er raskt og enkelt \u00e5 rengj\u00f8re den vanntette kattematten. Det \u00f8verste nettinglaget lar kattesand falle gjennom, mens det vanntette laget under gj\u00f8r det enkelt \u00e5 t\u00f8rke av eventuelle rester. Bare fjern str\u00f8et, s\u00e5 er matten klar til bruk igjen, noe som gj\u00f8r den til en problemfri l\u00f8sning for katteeiere.<\/p>\n<p><img decoding=\"async\" class=\"alignnone size-medium wp-image-4322 aligncenter\" src=\"https:\/\/keluvo.com\/template\/wp-content\/uploads\/sites\/5\/2024\/11\/S47cd561be6814d0ca5ddc4e5eb17c801M.jpg\" alt=\"\" \/><\/p>\n","protected":false},"excerpt":{"rendered":"<p>Effektivt \u00e5 fange opp s\u00f8ppel Den vanntette kattematten er designet for \u00e5 fange opp s\u00f8ppel som spores ut av boksen [&hellip;]<\/p>\n","protected":false},"featured_media":5763,"comment_status":"open","ping_status":"closed","template":"","meta":{"site-sidebar-layout":"default","site-content-layout":"","ast-site-content-layout":"default","site-content-style":"default","site-sidebar-style":"default","ast-global-header-display":"","ast-banner-title-visibility":"","ast-main-header-display":"","ast-hfb-above-header-display":"","ast-hfb-below-header-display":"","ast-hfb-mobile-header-display":"","site-post-title":"","ast-breadcrumbs-content":"","ast-featured-img":"","footer-sml-layout":"","theme-transparent-header-meta":"default","adv-header-id-meta":"","stick-header-meta":"","header-above-stick-meta":"","header-main-stick-meta":"","header-below-stick-meta":"","astra-migrate-meta-layouts":"set","ast-page-background-enabled":"default","ast-page-background-meta":{"desktop":{"background-color":"var(--ast-global-color-4)","background-image":"","background-repeat":"repeat","background-position":"center center","background-size":"auto","background-attachment":"scroll","background-type":"","background-media":"","overlay-type":"","overlay-color":"","overlay-opacity":"","overlay-gradient":""},"tablet":{"background-color":"","background-image":"","background-repeat":"repeat","background-position":"center center","background-size":"auto","background-attachment":"scroll","background-type":"","background-media":"","overlay-type":"","overlay-color":"","overlay-opacity":"","overlay-gradient":""},"mobile":{"background-color":"","background-image":"","background-repeat":"repeat","background-position":"center center","background-size":"auto","background-attachment":"scroll","background-type":"","background-media":"","overlay-type":"","overlay-color":"","overlay-opacity":"","overlay-gradient":""}},"ast-content-background-meta":{"desktop":{"background-color":"var(--ast-global-color-5)","background-image":"","background-repeat":"repeat","background-position":"center center","background-size":"auto","background-attachment":"scroll","background-type":"","background-media":"","overlay-type":"","overlay-color":"","overlay-opacity":"","overlay-gradient":""},"tablet":{"background-color":"var(--ast-global-color-5)","background-image":"","background-repeat":"repeat","background-position":"center center","background-size":"auto","background-attachment":"scroll","background-type":"","background-media":"","overlay-type":"","overlay-color":"","overlay-opacity":"","overlay-gradient":""},"mobile":{"background-color":"var(--ast-global-color-5)","background-image":"","background-repeat":"repeat","background-position":"center center","background-size":"auto","background-attachment":"scroll","background-type":"","background-media":"","overlay-type":"","overlay-color":"","overlay-opacity":"","overlay-gradient":""}}},"product_brand":[],"product_cat":[997],"product_tag":[],"class_list":{"0":"post-5767","1":"product","2":"type-product","3":"status-publish","4":"has-post-thumbnail","6":"product_cat-husdyrprodukter","7":"pa_2xb6jafg-30x45cm","8":"pa_2xb6jafg-45x60cm","9":"pa_2xb6jafg-60x90cm","10":"pa_crdpf43a-bla","11":"pa_crdpf43a-brun","12":"pa_crdpf43a-gra","13":"pa_crdpf43a-khaki","14":"pa_crdpf43a-rosa","15":"pa_crdpf43a-svart","16":"desktop-align-left","17":"tablet-align-left","18":"mobile-align-left","20":"first","21":"instock","22":"shipping-taxable","23":"purchasable","24":"product-type-variable"},"_links":{"self":[{"href":"https:\/\/keluvo.com\/no\/wp-json\/wp\/v2\/product\/5767","targetHints":{"allow":["GET"]}}],"collection":[{"href":"https:\/\/keluvo.com\/no\/wp-json\/wp\/v2\/product"}],"about":[{"href":"https:\/\/keluvo.com\/no\/wp-json\/wp\/v2\/types\/product"}],"replies":[{"embeddable":true,"href":"https:\/\/keluvo.com\/no\/wp-json\/wp\/v2\/comments?post=5767"}],"wp:featuredmedia":[{"embeddable":true,"href":"https:\/\/keluvo.com\/no\/wp-json\/wp\/v2\/media\/5763"}],"wp:attachment":[{"href":"https:\/\/keluvo.com\/no\/wp-json\/wp\/v2\/media?parent=5767"}],"wp:term":[{"taxonomy":"product_brand","embeddable":true,"href":"https:\/\/keluvo.com\/no\/wp-json\/wp\/v2\/product_brand?post=5767"},{"taxonomy":"product_cat","embeddable":true,"href":"https:\/\/keluvo.com\/no\/wp-json\/wp\/v2\/product_cat?post=5767"},{"taxonomy":"product_tag","embeddable":true,"href":"https:\/\/keluvo.com\/no\/wp-json\/wp\/v2\/product_tag?post=5767"}],"curies":[{"name":"wp","href":"https:\/\/api.w.org\/{rel}","templated":true}]}}