{"id":57589,"date":"2025-11-20T17:48:28","date_gmt":"2025-11-20T15:48:28","guid":{"rendered":"https:\/\/keluvo.com\/no\/produkt\/rengjoringssett-for-torketrommelventil\/"},"modified":"2025-12-08T12:07:50","modified_gmt":"2025-12-08T10:07:50","slug":"rengjoringssett-for-torketrommelventil","status":"publish","type":"product","link":"https:\/\/keluvo.com\/no\/produkt\/rengjoringssett-for-torketrommelventil\/","title":{"rendered":"Rengj\u00f8ringssett for t\u00f8rketrommelventil"},"content":{"rendered":"<p style=\"text-align: center;\" data-start=\"0\" data-end=\"66\"><strong data-start=\"0\" data-end=\"66\">Rengj\u00f8r t\u00f8rketrommelventilene og hold hjemmet ditt trygt p\u00e5 en enkel m\u00e5te. \ud83e\uddfc<\/strong><\/p>\n<p style=\"text-align: center;\" data-start=\"68\" data-end=\"335\">Dette rengj\u00f8ringssettet for t\u00f8rketrommelventilene hjelper deg med \u00e5 fjerne skjult lo raskt og trygt. Med det slanke, universelle st\u00f8vsugertilbeh\u00f8ret n\u00e5r det dypt inn i trange rom som standardverkt\u00f8y ikke kommer til &#8211; noe som forbedrer t\u00f8rketrommelens ytelse og reduserer brannrisikoen hjemme.<\/p>\n<p data-start=\"68\" data-end=\"335\"><img fetchpriority=\"high\" decoding=\"async\" class=\"size-full wp-image-41889 aligncenter\" src=\"https:\/\/keluvo.com\/template\/wp-content\/uploads\/sites\/5\/2025\/11\/375bc570-24c2-45f6-9f3c-f3efd7ba576b.gif\" alt=\"\" width=\"480\" height=\"853\" \/><\/p>\n<h2 style=\"text-align: center;\" data-start=\"342\" data-end=\"364\"><strong>Hovedfordeler<\/strong><\/h2>\n<p data-start=\"367\" data-end=\"455\">\ud83c\udf00 Universell passform &#8211; fungerer med alle st\u00f8vsugere takket v\u00e6re den elastiske koblingen.<\/p>\n<p data-start=\"458\" data-end=\"544\">\ud83d\udd0d Slank design for trange rom &#8211; n\u00e5r enkelt dypt inn i trange t\u00f8rketrommel\u00e5pninger.<\/p>\n<p data-start=\"547\" data-end=\"641\">\ud83d\udd25 Brannforebyggende rengj\u00f8ring &#8211; reduserer farlig opphopning av lo som kan for\u00e5rsake t\u00f8rketrommelbranner.<\/p>\n<p data-start=\"644\" data-end=\"738\">\u26a1 \u00d8ker t\u00f8rketrommelens effektivitet &#8211; hjelper t\u00f8rketrommelen til \u00e5 g\u00e5 raskere, jevnere og med mindre energi.<\/p>\n<p data-start=\"741\" data-end=\"839\">\ud83c\udfe0 Perfekt for rengj\u00f8ring i hjemmet &#8211; ideelt for \u00e5 n\u00e5 bak apparater og omr\u00e5der som er vanskelige \u00e5 rengj\u00f8re.<\/p>\n<p data-start=\"741\" data-end=\"839\"><img decoding=\"async\" class=\"size-full wp-image-41888 aligncenter\" src=\"https:\/\/keluvo.com\/template\/wp-content\/uploads\/sites\/5\/2025\/11\/5e734e399339083a98de2e724591eca75913d4bf.jpg\" alt=\"\" width=\"1080\" height=\"1080\" \/><\/p>\n<h2 style=\"text-align: center;\" data-start=\"846\" data-end=\"865\"><strong>Slik Bruker Du Den<\/strong><\/h2>\n<ol data-start=\"866\" data-end=\"1181\">\n<li data-start=\"866\" data-end=\"920\">\n<p data-start=\"869\" data-end=\"920\">Fest slangekoblingen til st\u00f8vsugeren.<\/p>\n<\/li>\n<li data-start=\"921\" data-end=\"995\">\n<p data-start=\"924\" data-end=\"995\">Sett det slanke munnstykket inn i t\u00f8rketrommelventilen eller bak apparatet.<\/p>\n<\/li>\n<li data-start=\"996\" data-end=\"1070\">\n<p data-start=\"999\" data-end=\"1070\">Sl\u00e5 p\u00e5 st\u00f8vsugeren og beveg slangen sakte for \u00e5 samle opp lo og st\u00f8v.<\/p>\n<\/li>\n<li data-start=\"1071\" data-end=\"1113\">\n<p data-start=\"1074\" data-end=\"1113\">Gjenta etter behov for \u00e5 fjerne alt rusk.<\/p>\n<\/li>\n<li data-start=\"1114\" data-end=\"1181\">\n<p data-start=\"1117\" data-end=\"1181\">Oppbevar tilbeh\u00f8ret for regelmessig m\u00e5nedlig eller sesongbasert rengj\u00f8ring.<\/p>\n<\/li>\n<\/ol>\n<h2 style=\"text-align: center;\" data-start=\"1188\" data-end=\"1212\"><strong>Produktdetaljer<\/strong><\/h2>\n<ul data-start=\"1213\" data-end=\"1358\">\n<li data-start=\"1213\" data-end=\"1234\">\n<p data-start=\"1215\" data-end=\"1234\">Materiale: Plast<\/p>\n<\/li>\n<li data-start=\"1235\" data-end=\"1250\">\n<p data-start=\"1237\" data-end=\"1250\">Farge: Bl\u00e5<\/p>\n<\/li>\n<li data-start=\"1251\" data-end=\"1292\">\n<p data-start=\"1253\" data-end=\"1292\">Kompatibilitet: Passer til alle st\u00f8vsugermodeller<\/p>\n<\/li>\n<li data-start=\"1293\" data-end=\"1358\">\n<p data-start=\"1295\" data-end=\"1358\">Funksjoner: Slankt munnstykke, dyp rekkevidde, universalkobling<\/p>\n<\/li>\n<\/ul>\n<h2 style=\"text-align: center;\" data-start=\"1365\" data-end=\"1390\"><strong>Pakken inneholder<\/strong><\/h2>\n<ul data-start=\"1391\" data-end=\"1421\">\n<li data-start=\"1391\" data-end=\"1421\">\n<p data-start=\"1393\" data-end=\"1421\">1x rengj\u00f8ringssett for t\u00f8rketrommelventil.<\/p>\n<\/li>\n<\/ul>\n","protected":false},"excerpt":{"rendered":"<p>Rengj\u00f8r t\u00f8rketrommelventilene og hold hjemmet ditt trygt p\u00e5 en enkel m\u00e5te. \ud83e\uddfc Dette rengj\u00f8ringssettet for t\u00f8rketrommelventilene hjelper deg med \u00e5 [&hellip;]<\/p>\n","protected":false},"featured_media":57585,"comment_status":"open","ping_status":"closed","template":"","meta":{"site-sidebar-layout":"default","site-content-layout":"","ast-site-content-layout":"default","site-content-style":"default","site-sidebar-style":"default","ast-global-header-display":"","ast-banner-title-visibility":"","ast-main-header-display":"","ast-hfb-above-header-display":"","ast-hfb-below-header-display":"","ast-hfb-mobile-header-display":"","site-post-title":"","ast-breadcrumbs-content":"","ast-featured-img":"","footer-sml-layout":"","theme-transparent-header-meta":"default","adv-header-id-meta":"","stick-header-meta":"","header-above-stick-meta":"","header-main-stick-meta":"","header-below-stick-meta":"","astra-migrate-meta-layouts":"set","ast-page-background-enabled":"default","ast-page-background-meta":{"desktop":{"background-color":"var(--ast-global-color-4)","background-image":"","background-repeat":"repeat","background-position":"center center","background-size":"auto","background-attachment":"scroll","background-type":"","background-media":"","overlay-type":"","overlay-color":"","overlay-opacity":"","overlay-gradient":""},"tablet":{"background-color":"","background-image":"","background-repeat":"repeat","background-position":"center center","background-size":"auto","background-attachment":"scroll","background-type":"","background-media":"","overlay-type":"","overlay-color":"","overlay-opacity":"","overlay-gradient":""},"mobile":{"background-color":"","background-image":"","background-repeat":"repeat","background-position":"center center","background-size":"auto","background-attachment":"scroll","background-type":"","background-media":"","overlay-type":"","overlay-color":"","overlay-opacity":"","overlay-gradient":""}},"ast-content-background-meta":{"desktop":{"background-color":"var(--ast-global-color-5)","background-image":"","background-repeat":"repeat","background-position":"center center","background-size":"auto","background-attachment":"scroll","background-type":"","background-media":"","overlay-type":"","overlay-color":"","overlay-opacity":"","overlay-gradient":""},"tablet":{"background-color":"var(--ast-global-color-5)","background-image":"","background-repeat":"repeat","background-position":"center center","background-size":"auto","background-attachment":"scroll","background-type":"","background-media":"","overlay-type":"","overlay-color":"","overlay-opacity":"","overlay-gradient":""},"mobile":{"background-color":"var(--ast-global-color-5)","background-image":"","background-repeat":"repeat","background-position":"center center","background-size":"auto","background-attachment":"scroll","background-type":"","background-media":"","overlay-type":"","overlay-color":"","overlay-opacity":"","overlay-gradient":""}}},"product_brand":[],"product_cat":[1001],"product_tag":[],"class_list":{"0":"post-57589","1":"product","2":"type-product","3":"status-publish","4":"has-post-thumbnail","6":"product_cat-husholdningsartikler","7":"desktop-align-left","8":"tablet-align-left","9":"mobile-align-left","11":"first","12":"instock","13":"shipping-taxable","14":"purchasable","15":"product-type-simple"},"_links":{"self":[{"href":"https:\/\/keluvo.com\/no\/wp-json\/wp\/v2\/product\/57589","targetHints":{"allow":["GET"]}}],"collection":[{"href":"https:\/\/keluvo.com\/no\/wp-json\/wp\/v2\/product"}],"about":[{"href":"https:\/\/keluvo.com\/no\/wp-json\/wp\/v2\/types\/product"}],"replies":[{"embeddable":true,"href":"https:\/\/keluvo.com\/no\/wp-json\/wp\/v2\/comments?post=57589"}],"wp:featuredmedia":[{"embeddable":true,"href":"https:\/\/keluvo.com\/no\/wp-json\/wp\/v2\/media\/57585"}],"wp:attachment":[{"href":"https:\/\/keluvo.com\/no\/wp-json\/wp\/v2\/media?parent=57589"}],"wp:term":[{"taxonomy":"product_brand","embeddable":true,"href":"https:\/\/keluvo.com\/no\/wp-json\/wp\/v2\/product_brand?post=57589"},{"taxonomy":"product_cat","embeddable":true,"href":"https:\/\/keluvo.com\/no\/wp-json\/wp\/v2\/product_cat?post=57589"},{"taxonomy":"product_tag","embeddable":true,"href":"https:\/\/keluvo.com\/no\/wp-json\/wp\/v2\/product_tag?post=57589"}],"curies":[{"name":"wp","href":"https:\/\/api.w.org\/{rel}","templated":true}]}}