{"id":57575,"date":"2025-11-20T17:47:32","date_gmt":"2025-11-20T15:47:32","guid":{"rendered":"https:\/\/keluvo.com\/no\/produkt\/paraplyholder-for-bil-2-stk\/"},"modified":"2025-11-21T20:06:39","modified_gmt":"2025-11-21T18:06:39","slug":"paraplyholder-for-bil-2-stk","status":"publish","type":"product","link":"https:\/\/keluvo.com\/no\/produkt\/paraplyholder-for-bil-2-stk\/","title":{"rendered":"Paraplyholder for bil (2 stk)"},"content":{"rendered":"<p style=\"text-align: center;\" data-start=\"0\" data-end=\"74\"><strong data-start=\"0\" data-end=\"74\">Hold paraplyen sikker, t\u00f8rr og alltid innen rekkevidde mens du kj\u00f8rer. \ud83d\ude97 \ud83c\udf02<\/strong><\/p>\n<p style=\"text-align: center;\" data-start=\"76\" data-end=\"327\">Denne bilparaplyholderen gir paraplyen din en perfekt, dedikert plass i bilen &#8211; ikke mer rullende, dryppende eller rotete bagasjerom. Den er designet for \u00e5 installeres p\u00e5 sekunder uten \u00e5 bore, passer godt p\u00e5 plass og passer s\u00f8ml\u00f8st inn i ethvert bilinteri\u00f8r.<\/p>\n<p data-start=\"76\" data-end=\"327\"><img fetchpriority=\"high\" decoding=\"async\" class=\"size-full wp-image-41878 aligncenter\" src=\"https:\/\/keluvo.com\/template\/wp-content\/uploads\/sites\/5\/2025\/11\/10224-ezgif.com-video-to-webp-converter-1-1.webp\" alt=\"\" width=\"500\" height=\"500\" \/><\/p>\n<h2 style=\"text-align: center;\" data-start=\"334\" data-end=\"356\"><strong>Hovedfordeler<\/strong><\/h2>\n<p data-start=\"359\" data-end=\"442\">\ud83d\ude97 Perfekt passform uten vingling &#8211; holder paraplyen fast uten st\u00f8y.<\/p>\n<p data-start=\"445\" data-end=\"532\">\ud83c\udf27\ufe0f \u00d8yeblikkelig tilgang p\u00e5 regnv\u00e6rsdager &#8211; ta tak i paraplyen idet du \u00e5pner d\u00f8ren.<\/p>\n<p data-start=\"535\" data-end=\"624\">\ud83e\uddfc Holder bilen ren &#8211; ikke flere v\u00e5te paraplyer som ruller rundt i setene eller bagasjerommet.<\/p>\n<p data-start=\"627\" data-end=\"714\">\ud83d\udd27 Enkel installasjon uten boring &#8211; festes sikkert og holder seg stabil under kj\u00f8ring.<\/p>\n<p data-start=\"717\" data-end=\"791\">\ud83c\udfa8 Minimalistisk design &#8211; elegant utseende som passer til ethvert bilinteri\u00f8r.<\/p>\n<p data-start=\"717\" data-end=\"791\"><img decoding=\"async\" class=\"size-full wp-image-41881 aligncenter\" src=\"https:\/\/keluvo.com\/template\/wp-content\/uploads\/sites\/5\/2025\/11\/91481ab287b6755900e77e09b1d89c0c70f8503a.avif\" alt=\"\" \/><\/p>\n<h2 style=\"text-align: center;\" data-start=\"798\" data-end=\"817\"><strong>Slik Bruker Du Det<\/strong><\/h2>\n<ol data-start=\"818\" data-end=\"1142\">\n<li data-start=\"818\" data-end=\"882\">\n<p data-start=\"821\" data-end=\"882\">Rengj\u00f8r omr\u00e5det der du \u00f8nsker \u00e5 montere paraplyholderen.<\/p>\n<\/li>\n<li data-start=\"883\" data-end=\"929\">\n<p data-start=\"886\" data-end=\"929\">Trekk av den selvklebende baksiden fra krokene.<\/p>\n<\/li>\n<li data-start=\"930\" data-end=\"1012\">\n<p data-start=\"933\" data-end=\"1012\">Trykk godt fast p\u00e5 det valgte stedet (d\u00f8rsiden, setesiden eller midtkonsollen).<\/p>\n<\/li>\n<li data-start=\"1013\" data-end=\"1074\">\n<p data-start=\"1016\" data-end=\"1074\">Skyv paraplyen inn i krokene for \u00e5 oppbevare den sikkert.<\/p>\n<\/li>\n<li data-start=\"1075\" data-end=\"1142\">\n<p data-start=\"1078\" data-end=\"1142\">Fjern og fest den p\u00e5 nytt etter behov &#8211; ingen boring eller verkt\u00f8y kreves.<\/p>\n<\/li>\n<\/ol>\n<h2 style=\"text-align: center;\" data-start=\"1149\" data-end=\"1173\"><strong>Produktdetaljer<\/strong><\/h2>\n<ul data-start=\"1174\" data-end=\"1331\">\n<li data-start=\"1174\" data-end=\"1203\">\n<p data-start=\"1176\" data-end=\"1203\">Materiale: Slitesterk plast<\/p>\n<\/li>\n<li data-start=\"1234\" data-end=\"1275\">\n<p data-start=\"1236\" data-end=\"1275\">Kompatibilitet: Passer til alle kj\u00f8ret\u00f8ytyper<\/p>\n<\/li>\n<li data-start=\"1276\" data-end=\"1331\">\n<p data-start=\"1278\" data-end=\"1331\">Design: St\u00f8yfri, stabil og vibrasjonsbestandig<\/p>\n<\/li>\n<\/ul>\n<h2 style=\"text-align: center;\" data-start=\"1338\" data-end=\"1363\"><strong>Pakken inkluderer<\/strong><\/h2>\n<ul data-start=\"1364\" data-end=\"1407\">\n<li data-start=\"1364\" data-end=\"1407\">\n<p data-start=\"1366\" data-end=\"1407\">2x bilparaplykroker.<\/p>\n<\/li>\n<\/ul>\n","protected":false},"excerpt":{"rendered":"<p>Hold paraplyen sikker, t\u00f8rr og alltid innen rekkevidde mens du kj\u00f8rer. \ud83d\ude97 \ud83c\udf02 Denne bilparaplyholderen gir paraplyen din en perfekt, [&hellip;]<\/p>\n","protected":false},"featured_media":57571,"comment_status":"open","ping_status":"closed","template":"","meta":{"site-sidebar-layout":"default","site-content-layout":"","ast-site-content-layout":"default","site-content-style":"default","site-sidebar-style":"default","ast-global-header-display":"","ast-banner-title-visibility":"","ast-main-header-display":"","ast-hfb-above-header-display":"","ast-hfb-below-header-display":"","ast-hfb-mobile-header-display":"","site-post-title":"","ast-breadcrumbs-content":"","ast-featured-img":"","footer-sml-layout":"","theme-transparent-header-meta":"default","adv-header-id-meta":"","stick-header-meta":"","header-above-stick-meta":"","header-main-stick-meta":"","header-below-stick-meta":"","astra-migrate-meta-layouts":"set","ast-page-background-enabled":"default","ast-page-background-meta":{"desktop":{"background-color":"var(--ast-global-color-4)","background-image":"","background-repeat":"repeat","background-position":"center center","background-size":"auto","background-attachment":"scroll","background-type":"","background-media":"","overlay-type":"","overlay-color":"","overlay-opacity":"","overlay-gradient":""},"tablet":{"background-color":"","background-image":"","background-repeat":"repeat","background-position":"center center","background-size":"auto","background-attachment":"scroll","background-type":"","background-media":"","overlay-type":"","overlay-color":"","overlay-opacity":"","overlay-gradient":""},"mobile":{"background-color":"","background-image":"","background-repeat":"repeat","background-position":"center center","background-size":"auto","background-attachment":"scroll","background-type":"","background-media":"","overlay-type":"","overlay-color":"","overlay-opacity":"","overlay-gradient":""}},"ast-content-background-meta":{"desktop":{"background-color":"var(--ast-global-color-5)","background-image":"","background-repeat":"repeat","background-position":"center center","background-size":"auto","background-attachment":"scroll","background-type":"","background-media":"","overlay-type":"","overlay-color":"","overlay-opacity":"","overlay-gradient":""},"tablet":{"background-color":"var(--ast-global-color-5)","background-image":"","background-repeat":"repeat","background-position":"center center","background-size":"auto","background-attachment":"scroll","background-type":"","background-media":"","overlay-type":"","overlay-color":"","overlay-opacity":"","overlay-gradient":""},"mobile":{"background-color":"var(--ast-global-color-5)","background-image":"","background-repeat":"repeat","background-position":"center center","background-size":"auto","background-attachment":"scroll","background-type":"","background-media":"","overlay-type":"","overlay-color":"","overlay-opacity":"","overlay-gradient":""}}},"product_brand":[],"product_cat":[998],"product_tag":[],"class_list":{"0":"post-57575","1":"product","2":"type-product","3":"status-publish","4":"has-post-thumbnail","6":"product_cat-bilprodukter","7":"pa_52328_7m3lhudx-rod","8":"pa_52328_7m3lhudx-svart","9":"desktop-align-left","10":"tablet-align-left","11":"mobile-align-left","13":"first","14":"instock","15":"shipping-taxable","16":"purchasable","17":"product-type-variable"},"_links":{"self":[{"href":"https:\/\/keluvo.com\/no\/wp-json\/wp\/v2\/product\/57575","targetHints":{"allow":["GET"]}}],"collection":[{"href":"https:\/\/keluvo.com\/no\/wp-json\/wp\/v2\/product"}],"about":[{"href":"https:\/\/keluvo.com\/no\/wp-json\/wp\/v2\/types\/product"}],"replies":[{"embeddable":true,"href":"https:\/\/keluvo.com\/no\/wp-json\/wp\/v2\/comments?post=57575"}],"wp:featuredmedia":[{"embeddable":true,"href":"https:\/\/keluvo.com\/no\/wp-json\/wp\/v2\/media\/57571"}],"wp:attachment":[{"href":"https:\/\/keluvo.com\/no\/wp-json\/wp\/v2\/media?parent=57575"}],"wp:term":[{"taxonomy":"product_brand","embeddable":true,"href":"https:\/\/keluvo.com\/no\/wp-json\/wp\/v2\/product_brand?post=57575"},{"taxonomy":"product_cat","embeddable":true,"href":"https:\/\/keluvo.com\/no\/wp-json\/wp\/v2\/product_cat?post=57575"},{"taxonomy":"product_tag","embeddable":true,"href":"https:\/\/keluvo.com\/no\/wp-json\/wp\/v2\/product_tag?post=57575"}],"curies":[{"name":"wp","href":"https:\/\/api.w.org\/{rel}","templated":true}]}}