{"id":57542,"date":"2025-11-20T17:45:20","date_gmt":"2025-11-20T15:45:20","guid":{"rendered":"https:\/\/keluvo.com\/no\/produkt\/manuell-kortmikser\/"},"modified":"2025-12-01T15:16:27","modified_gmt":"2025-12-01T13:16:27","slug":"manuell-kortmikser","status":"publish","type":"product","link":"https:\/\/keluvo.com\/no\/produkt\/manuell-kortmikser\/","title":{"rendered":"Manuell kortmikser"},"content":{"rendered":"<p style=\"text-align: center;\" data-start=\"0\" data-end=\"64\"><strong data-start=\"0\" data-end=\"64\">Stokker kortene dine raskt og jevnt med en enkel sveiv. \ud83c\udccf<\/strong><\/p>\n<p style=\"text-align: center;\" data-start=\"66\" data-end=\"318\">Denne manuelle kortstokkeren gir deg jevn, rask og konsekvent blanding hver gang, noe som gj\u00f8r spillkveldene morsommere og mer rettferdige. Ingen flere ujevne kortstokker, b\u00f8yde kort eller krangler om &laquo;hvem som ikke blandet riktig&raquo; &#8211; dette verkt\u00f8yet gj\u00f8r jobben perfekt p\u00e5 f\u00e5 sekunder.<\/p>\n<p data-start=\"66\" data-end=\"318\"><img fetchpriority=\"high\" decoding=\"async\" class=\" wp-image-41851 aligncenter\" src=\"https:\/\/keluvo.com\/template\/wp-content\/uploads\/sites\/5\/2025\/11\/d592e23a11378463e8635cc308fd9e1e9bfcd487.webp\" alt=\"\" width=\"500\" height=\"410\" \/><\/p>\n<h2 style=\"text-align: center;\" data-start=\"325\" data-end=\"347\"><strong>Hovedfordeler<\/strong><\/h2>\n<p data-start=\"350\" data-end=\"429\">\ud83c\udfb2 Uanstrengt blanding med en smidig h\u00e5ndsveiv som blander kortene jevnt.<\/p>\n<p data-start=\"432\" data-end=\"517\">\ud83d\udd0b Ingen batterier trengs, s\u00e5 du kan spille hvor som helst uten str\u00f8m eller utskiftninger.<\/p>\n<p data-start=\"520\" data-end=\"588\">\ud83c\udccf Beskytter kortene dine ved \u00e5 forhindre b\u00f8ying eller overh\u00e5ndtering.<\/p>\n<p data-start=\"591\" data-end=\"695\">\ud83d\udc68\u200d\ud83d\udc69\u200d\ud83d\udc67\u200d\ud83d\udc66 Perfekt for alle kortspill som poker, Uno, blackjack, Texas Hold&#8217;em, magi og mer.<\/p>\n<p data-start=\"698\" data-end=\"767\">\ud83d\udcaa Slitesterk ABS-konstruksjon designet for \u00e5 vare gjennom mange spillkvelder.<\/p>\n<p data-start=\"698\" data-end=\"767\"><img decoding=\"async\" class=\"size-full wp-image-41850 aligncenter\" src=\"https:\/\/keluvo.com\/template\/wp-content\/uploads\/sites\/5\/2025\/11\/e3876b63a54848be775ad462b1e6587dbded7d02-700.jpg\" alt=\"\" width=\"1080\" height=\"1080\" \/><\/p>\n<h2 style=\"text-align: center;\" data-start=\"774\" data-end=\"793\"><strong>Slik Bruker Du Den<\/strong><\/h2>\n<ol data-start=\"794\" data-end=\"993\">\n<li data-start=\"794\" data-end=\"837\">\n<p data-start=\"797\" data-end=\"837\">Del kortstokken i to like store halvdeler.<\/p>\n<\/li>\n<li data-start=\"838\" data-end=\"889\">\n<p data-start=\"841\" data-end=\"889\">Legg hver halvdel i venstre og h\u00f8yre brett.<\/p>\n<\/li>\n<li data-start=\"890\" data-end=\"940\">\n<p data-start=\"893\" data-end=\"940\">Vri sveiven jevnt for \u00e5 stokke kortene.<\/p>\n<\/li>\n<li data-start=\"941\" data-end=\"993\">\n<p data-start=\"944\" data-end=\"993\">Hent den stokkede kortstokken fra det midterste brettet.<\/p>\n<\/li>\n<\/ol>\n<h2 style=\"text-align: center;\" data-start=\"1000\" data-end=\"1024\"><strong>Produktdetaljer<\/strong><\/h2>\n<ul data-start=\"1025\" data-end=\"1196\">\n<li data-start=\"1025\" data-end=\"1050\">\n<p data-start=\"1027\" data-end=\"1050\">Materiale: ABS-plast<\/p>\n<\/li>\n<li data-start=\"1051\" data-end=\"1076\">\n<p data-start=\"1053\" data-end=\"1076\">St\u00f8rrelse: 23 x 11 x 11 cm<\/p>\n<\/li>\n<li data-start=\"1077\" data-end=\"1118\">\n<p data-start=\"1079\" data-end=\"1118\">Energi: Manuell (ingen batterier kreves)<\/p>\n<\/li>\n<li data-start=\"1119\" data-end=\"1167\">\n<p data-start=\"1121\" data-end=\"1167\">Fungerer med: De fleste spillkort i standardst\u00f8rrelse<\/p>\n<\/li>\n<li data-start=\"1168\" data-end=\"1196\">\n<p data-start=\"1170\" data-end=\"1196\">Bemerkning: Kort ikke inkludert<\/p>\n<\/li>\n<\/ul>\n<h2 style=\"text-align: center;\" data-start=\"1203\" data-end=\"1228\"><strong>Pakken inneholder<\/strong><\/h2>\n<ul data-start=\"1229\" data-end=\"1257\">\n<li data-start=\"1229\" data-end=\"1257\">\n<p data-start=\"1231\" data-end=\"1257\">1x manuell kortstokker.<\/p>\n<\/li>\n<\/ul>\n","protected":false},"excerpt":{"rendered":"<p>Stokker kortene dine raskt og jevnt med en enkel sveiv. \ud83c\udccf Denne manuelle kortstokkeren gir deg jevn, rask og konsekvent [&hellip;]<\/p>\n","protected":false},"featured_media":57538,"comment_status":"open","ping_status":"closed","template":"","meta":{"site-sidebar-layout":"default","site-content-layout":"","ast-site-content-layout":"default","site-content-style":"default","site-sidebar-style":"default","ast-global-header-display":"","ast-banner-title-visibility":"","ast-main-header-display":"","ast-hfb-above-header-display":"","ast-hfb-below-header-display":"","ast-hfb-mobile-header-display":"","site-post-title":"","ast-breadcrumbs-content":"","ast-featured-img":"","footer-sml-layout":"","theme-transparent-header-meta":"default","adv-header-id-meta":"","stick-header-meta":"","header-above-stick-meta":"","header-main-stick-meta":"","header-below-stick-meta":"","astra-migrate-meta-layouts":"set","ast-page-background-enabled":"default","ast-page-background-meta":{"desktop":{"background-color":"var(--ast-global-color-4)","background-image":"","background-repeat":"repeat","background-position":"center center","background-size":"auto","background-attachment":"scroll","background-type":"","background-media":"","overlay-type":"","overlay-color":"","overlay-opacity":"","overlay-gradient":""},"tablet":{"background-color":"","background-image":"","background-repeat":"repeat","background-position":"center center","background-size":"auto","background-attachment":"scroll","background-type":"","background-media":"","overlay-type":"","overlay-color":"","overlay-opacity":"","overlay-gradient":""},"mobile":{"background-color":"","background-image":"","background-repeat":"repeat","background-position":"center center","background-size":"auto","background-attachment":"scroll","background-type":"","background-media":"","overlay-type":"","overlay-color":"","overlay-opacity":"","overlay-gradient":""}},"ast-content-background-meta":{"desktop":{"background-color":"var(--ast-global-color-5)","background-image":"","background-repeat":"repeat","background-position":"center center","background-size":"auto","background-attachment":"scroll","background-type":"","background-media":"","overlay-type":"","overlay-color":"","overlay-opacity":"","overlay-gradient":""},"tablet":{"background-color":"var(--ast-global-color-5)","background-image":"","background-repeat":"repeat","background-position":"center center","background-size":"auto","background-attachment":"scroll","background-type":"","background-media":"","overlay-type":"","overlay-color":"","overlay-opacity":"","overlay-gradient":""},"mobile":{"background-color":"var(--ast-global-color-5)","background-image":"","background-repeat":"repeat","background-position":"center center","background-size":"auto","background-attachment":"scroll","background-type":"","background-media":"","overlay-type":"","overlay-color":"","overlay-opacity":"","overlay-gradient":""}}},"product_brand":[],"product_cat":[990],"product_tag":[],"class_list":{"0":"post-57542","1":"product","2":"type-product","3":"status-publish","4":"has-post-thumbnail","6":"product_cat-leker-barne-og-babyprodukter","7":"pa_52114_5bqp3zko-rod","8":"pa_52114_5bqp3zko-svart","9":"desktop-align-left","10":"tablet-align-left","11":"mobile-align-left","13":"first","14":"instock","15":"shipping-taxable","16":"purchasable","17":"product-type-variable"},"_links":{"self":[{"href":"https:\/\/keluvo.com\/no\/wp-json\/wp\/v2\/product\/57542","targetHints":{"allow":["GET"]}}],"collection":[{"href":"https:\/\/keluvo.com\/no\/wp-json\/wp\/v2\/product"}],"about":[{"href":"https:\/\/keluvo.com\/no\/wp-json\/wp\/v2\/types\/product"}],"replies":[{"embeddable":true,"href":"https:\/\/keluvo.com\/no\/wp-json\/wp\/v2\/comments?post=57542"}],"wp:featuredmedia":[{"embeddable":true,"href":"https:\/\/keluvo.com\/no\/wp-json\/wp\/v2\/media\/57538"}],"wp:attachment":[{"href":"https:\/\/keluvo.com\/no\/wp-json\/wp\/v2\/media?parent=57542"}],"wp:term":[{"taxonomy":"product_brand","embeddable":true,"href":"https:\/\/keluvo.com\/no\/wp-json\/wp\/v2\/product_brand?post=57542"},{"taxonomy":"product_cat","embeddable":true,"href":"https:\/\/keluvo.com\/no\/wp-json\/wp\/v2\/product_cat?post=57542"},{"taxonomy":"product_tag","embeddable":true,"href":"https:\/\/keluvo.com\/no\/wp-json\/wp\/v2\/product_tag?post=57542"}],"curies":[{"name":"wp","href":"https:\/\/api.w.org\/{rel}","templated":true}]}}