{"id":5754,"date":"2024-11-25T19:24:43","date_gmt":"2024-11-25T17:24:43","guid":{"rendered":"https:\/\/keluvo.com\/no\/produkt\/bubble-pop-spill\/"},"modified":"2025-06-20T10:03:15","modified_gmt":"2025-06-20T08:03:15","slug":"bubble-pop-spill","status":"publish","type":"product","link":"https:\/\/keluvo.com\/no\/produkt\/bubble-pop-spill\/","title":{"rendered":"Bubble pop-spill"},"content":{"rendered":"<h2 style=\"text-align: center\"><strong>Morsomt og engasjerende spill<\/strong><\/h2>\n<p style=\"text-align: center\">Boblespillet byr p\u00e5 fire spennende spillmoduser som holder barna underholdt og engasjert. Hver modus bidrar til \u00e5 utvikle reaksjonstid, h\u00e5nd-\u00f8ye-koordinasjon og oppmerksomhet. Den dynamiske musikken og boblesprengingen skaper en morsom sanseopplevelse som gir timevis med lek.<\/p>\n<p><img decoding=\"async\" class=\"alignnone size-medium wp-image-4299 aligncenter\" src=\"https:\/\/keluvo.com\/template\/wp-content\/uploads\/sites\/5\/2024\/11\/2152bfb8-cb69-46ef-a850-dd099ced3c2c.webp\" alt=\"\" \/><\/p>\n<h2 style=\"text-align: center\"><strong>kompakt og b\u00e6rbar design<\/strong><\/h2>\n<p style=\"text-align: center\">Boblesprellspillet er designet for \u00e5 v\u00e6re praktisk, og er kompakt og lett, noe som gj\u00f8r det enkelt \u00e5 ta med seg overalt. Enten det er hjemme, i bilen eller i k\u00f8en, gir dette spillet stressavlastning og underholdning n\u00e5r du er p\u00e5 farten. De slitesterke silikon- og plastmaterialene sikrer langvarig bruk.<\/p>\n<p><img decoding=\"async\" class=\"alignnone size-medium wp-image-4297 aligncenter\" src=\"https:\/\/keluvo.com\/template\/wp-content\/uploads\/sites\/5\/2024\/11\/8c14588f-d36a-41d8-8f28-43ce706058d3.webp\" alt=\"\" \/><\/p>\n","protected":false},"excerpt":{"rendered":"<p>Morsomt og engasjerende spill Boblespillet byr p\u00e5 fire spennende spillmoduser som holder barna underholdt og engasjert. Hver modus bidrar til [&hellip;]<\/p>\n","protected":false},"featured_media":5750,"comment_status":"open","ping_status":"closed","template":"","meta":{"site-sidebar-layout":"default","site-content-layout":"","ast-site-content-layout":"default","site-content-style":"default","site-sidebar-style":"default","ast-global-header-display":"","ast-banner-title-visibility":"","ast-main-header-display":"","ast-hfb-above-header-display":"","ast-hfb-below-header-display":"","ast-hfb-mobile-header-display":"","site-post-title":"","ast-breadcrumbs-content":"","ast-featured-img":"","footer-sml-layout":"","theme-transparent-header-meta":"default","adv-header-id-meta":"","stick-header-meta":"","header-above-stick-meta":"","header-main-stick-meta":"","header-below-stick-meta":"","astra-migrate-meta-layouts":"set","ast-page-background-enabled":"default","ast-page-background-meta":{"desktop":{"background-color":"var(--ast-global-color-4)","background-image":"","background-repeat":"repeat","background-position":"center center","background-size":"auto","background-attachment":"scroll","background-type":"","background-media":"","overlay-type":"","overlay-color":"","overlay-opacity":"","overlay-gradient":""},"tablet":{"background-color":"","background-image":"","background-repeat":"repeat","background-position":"center center","background-size":"auto","background-attachment":"scroll","background-type":"","background-media":"","overlay-type":"","overlay-color":"","overlay-opacity":"","overlay-gradient":""},"mobile":{"background-color":"","background-image":"","background-repeat":"repeat","background-position":"center center","background-size":"auto","background-attachment":"scroll","background-type":"","background-media":"","overlay-type":"","overlay-color":"","overlay-opacity":"","overlay-gradient":""}},"ast-content-background-meta":{"desktop":{"background-color":"var(--ast-global-color-5)","background-image":"","background-repeat":"repeat","background-position":"center center","background-size":"auto","background-attachment":"scroll","background-type":"","background-media":"","overlay-type":"","overlay-color":"","overlay-opacity":"","overlay-gradient":""},"tablet":{"background-color":"var(--ast-global-color-5)","background-image":"","background-repeat":"repeat","background-position":"center center","background-size":"auto","background-attachment":"scroll","background-type":"","background-media":"","overlay-type":"","overlay-color":"","overlay-opacity":"","overlay-gradient":""},"mobile":{"background-color":"var(--ast-global-color-5)","background-image":"","background-repeat":"repeat","background-position":"center center","background-size":"auto","background-attachment":"scroll","background-type":"","background-media":"","overlay-type":"","overlay-color":"","overlay-opacity":"","overlay-gradient":""}}},"product_brand":[],"product_cat":[990],"product_tag":[],"class_list":{"0":"post-5754","1":"product","2":"type-product","3":"status-publish","4":"has-post-thumbnail","6":"product_cat-leker-barne-og-babyprodukter","7":"pa_pv4rsk2b-bla","8":"pa_pv4rsk2b-brun","9":"desktop-align-left","10":"tablet-align-left","11":"mobile-align-left","13":"first","14":"instock","15":"shipping-taxable","16":"purchasable","17":"product-type-variable"},"_links":{"self":[{"href":"https:\/\/keluvo.com\/no\/wp-json\/wp\/v2\/product\/5754","targetHints":{"allow":["GET"]}}],"collection":[{"href":"https:\/\/keluvo.com\/no\/wp-json\/wp\/v2\/product"}],"about":[{"href":"https:\/\/keluvo.com\/no\/wp-json\/wp\/v2\/types\/product"}],"replies":[{"embeddable":true,"href":"https:\/\/keluvo.com\/no\/wp-json\/wp\/v2\/comments?post=5754"}],"wp:featuredmedia":[{"embeddable":true,"href":"https:\/\/keluvo.com\/no\/wp-json\/wp\/v2\/media\/5750"}],"wp:attachment":[{"href":"https:\/\/keluvo.com\/no\/wp-json\/wp\/v2\/media?parent=5754"}],"wp:term":[{"taxonomy":"product_brand","embeddable":true,"href":"https:\/\/keluvo.com\/no\/wp-json\/wp\/v2\/product_brand?post=5754"},{"taxonomy":"product_cat","embeddable":true,"href":"https:\/\/keluvo.com\/no\/wp-json\/wp\/v2\/product_cat?post=5754"},{"taxonomy":"product_tag","embeddable":true,"href":"https:\/\/keluvo.com\/no\/wp-json\/wp\/v2\/product_tag?post=5754"}],"curies":[{"name":"wp","href":"https:\/\/api.w.org\/{rel}","templated":true}]}}