{"id":57434,"date":"2025-11-20T17:39:55","date_gmt":"2025-11-20T15:39:55","guid":{"rendered":"https:\/\/keluvo.com\/no\/produkt\/smart-bokmerke-i-silikon-6-stk\/"},"modified":"2025-11-21T19:39:01","modified_gmt":"2025-11-21T17:39:01","slug":"smart-bokmerke-i-silikon-6-stk","status":"publish","type":"product","link":"https:\/\/keluvo.com\/no\/produkt\/smart-bokmerke-i-silikon-6-stk\/","title":{"rendered":"Smart bokmerke i silikon (6 stk)"},"content":{"rendered":"<p style=\"text-align: center;\" data-start=\"0\" data-end=\"90\"><strong data-start=\"0\" data-end=\"90\">Med dette smarte, fleksible bokmerket i silikon er det enkelt \u00e5 holde n\u00f8yaktig hvor du skal lese. \ud83d\udcd8<\/strong><\/p>\n<p style=\"text-align: center;\" data-start=\"92\" data-end=\"309\">Dette smarte bokmerket i silikon festes sikkert p\u00e5 enhver bok og f\u00f8lger automatisk siden mens du leser. Ingen b\u00f8ying, glidning eller tap av plass &#8211; bare enkel, \u00f8yeblikkelig sidemarkering hver gang du \u00e5pner boken din.<\/p>\n<p data-start=\"92\" data-end=\"309\"><img fetchpriority=\"high\" decoding=\"async\" class=\" wp-image-41736 aligncenter\" src=\"https:\/\/keluvo.com\/template\/wp-content\/uploads\/sites\/5\/2025\/11\/94491acde281a50ad902e0e038b835fa1256baee.webp\" alt=\"\" width=\"500\" height=\"500\" \/><\/p>\n<h2 style=\"text-align: center;\" data-start=\"316\" data-end=\"337\">\u2b50 Hovedfordeler<\/h2>\n<p data-start=\"340\" data-end=\"423\">\ud83d\udcd8 Aldri miste siden din \u2014 F\u00f8lger lesingen din og holder stedet perfekt.<\/p>\n<p data-start=\"426\" data-end=\"511\">\ud83d\udca1 Fungerer med alle b\u00f8ker \u2014 Passer til romaner, l\u00e6reb\u00f8ker, tidsskrifter, notatb\u00f8ker og mer.<\/p>\n<p data-start=\"514\" data-end=\"586\">\ud83e\uddfd Myk, slitesterk silikon \u2014 Skader ikke sider og holder seg i form.<\/p>\n<p data-start=\"589\" data-end=\"663\">\ud83c\udf81 Flott gaveide \u2014 Perfekt for studenter, forfattere og bokelskere.<\/p>\n<p data-start=\"666\" data-end=\"744\">\ud83e\uddf2 Lett \u00e5 feste \u2014 Lett, fleksibelt og enkelt \u00e5 feste fra alle vinkler.<\/p>\n<p data-start=\"666\" data-end=\"744\"><img decoding=\"async\" class=\"size-full wp-image-41731 aligncenter\" src=\"https:\/\/keluvo.com\/template\/wp-content\/uploads\/sites\/5\/2025\/11\/10221-ezgif.com-video-to-webp-converter-1-1.webp\" alt=\"\" width=\"500\" height=\"500\" \/><\/p>\n<h2 style=\"text-align: center;\" data-start=\"751\" data-end=\"770\">\ud83d\udd27 Slik Bruker Du Det<\/h2>\n<ol data-start=\"771\" data-end=\"1039\">\n<li data-start=\"771\" data-end=\"821\">\n<p data-start=\"774\" data-end=\"821\">Klipp bokmerket p\u00e5 kanten av boken din.<\/p>\n<\/li>\n<li data-start=\"822\" data-end=\"884\">\n<p data-start=\"825\" data-end=\"884\">Juster silikonarmen slik at den hviler p\u00e5 den aktuelle siden.<\/p>\n<\/li>\n<li data-start=\"885\" data-end=\"963\">\n<p data-start=\"888\" data-end=\"963\">Mens du leser, flytter du den eller blar normalt &#8211; stedet forblir markert.<\/p>\n<\/li>\n<li data-start=\"964\" data-end=\"1039\">\n<p data-start=\"967\" data-end=\"1039\">Lukk boken, og bokmerket vil huske den sist leste siden.<\/p>\n<\/li>\n<\/ol>\n<h2 style=\"text-align: center;\" data-start=\"1046\" data-end=\"1070\">\ud83d\udccc Produktdetaljer<\/h2>\n<ul data-start=\"1071\" data-end=\"1234\">\n<li data-start=\"1071\" data-end=\"1106\">\n<p data-start=\"1073\" data-end=\"1106\">Materiale: Metall + myk silikon<\/p>\n<\/li>\n<li data-start=\"1107\" data-end=\"1153\">\n<p data-start=\"1109\" data-end=\"1153\">St\u00f8rrelse: 9,2 x 1,8 x 1,4 cm<\/p>\n<\/li>\n<li data-start=\"1154\" data-end=\"1169\">\n<p data-start=\"1156\" data-end=\"1169\">Vekt: 9 g<\/p>\n<\/li>\n<li data-start=\"1170\" data-end=\"1206\">\n<p data-start=\"1172\" data-end=\"1206\">Fleksibel, vaskbar, langvarig<\/p>\n<\/li>\n<li data-start=\"1207\" data-end=\"1234\">\n<p data-start=\"1209\" data-end=\"1234\">Sikker for alle sidetyper<\/p>\n<\/li>\n<\/ul>\n<h2 style=\"text-align: center;\" data-start=\"1241\" data-end=\"1266\">\ud83c\udf81 Pakken inneholder<\/h2>\n<ul data-start=\"1267\" data-end=\"1298\">\n<li data-start=\"1267\" data-end=\"1298\">\n<p data-start=\"1269\" data-end=\"1298\">6x smarte silikonbokmerker.<\/p>\n<\/li>\n<\/ul>\n","protected":false},"excerpt":{"rendered":"<p>Med dette smarte, fleksible bokmerket i silikon er det enkelt \u00e5 holde n\u00f8yaktig hvor du skal lese. \ud83d\udcd8 Dette smarte [&hellip;]<\/p>\n","protected":false},"featured_media":57430,"comment_status":"open","ping_status":"closed","template":"","meta":{"site-sidebar-layout":"default","site-content-layout":"","ast-site-content-layout":"default","site-content-style":"default","site-sidebar-style":"default","ast-global-header-display":"","ast-banner-title-visibility":"","ast-main-header-display":"","ast-hfb-above-header-display":"","ast-hfb-below-header-display":"","ast-hfb-mobile-header-display":"","site-post-title":"","ast-breadcrumbs-content":"","ast-featured-img":"","footer-sml-layout":"","theme-transparent-header-meta":"default","adv-header-id-meta":"","stick-header-meta":"","header-above-stick-meta":"","header-main-stick-meta":"","header-below-stick-meta":"","astra-migrate-meta-layouts":"set","ast-page-background-enabled":"default","ast-page-background-meta":{"desktop":{"background-color":"var(--ast-global-color-4)","background-image":"","background-repeat":"repeat","background-position":"center center","background-size":"auto","background-attachment":"scroll","background-type":"","background-media":"","overlay-type":"","overlay-color":"","overlay-opacity":"","overlay-gradient":""},"tablet":{"background-color":"","background-image":"","background-repeat":"repeat","background-position":"center center","background-size":"auto","background-attachment":"scroll","background-type":"","background-media":"","overlay-type":"","overlay-color":"","overlay-opacity":"","overlay-gradient":""},"mobile":{"background-color":"","background-image":"","background-repeat":"repeat","background-position":"center center","background-size":"auto","background-attachment":"scroll","background-type":"","background-media":"","overlay-type":"","overlay-color":"","overlay-opacity":"","overlay-gradient":""}},"ast-content-background-meta":{"desktop":{"background-color":"var(--ast-global-color-5)","background-image":"","background-repeat":"repeat","background-position":"center center","background-size":"auto","background-attachment":"scroll","background-type":"","background-media":"","overlay-type":"","overlay-color":"","overlay-opacity":"","overlay-gradient":""},"tablet":{"background-color":"var(--ast-global-color-5)","background-image":"","background-repeat":"repeat","background-position":"center center","background-size":"auto","background-attachment":"scroll","background-type":"","background-media":"","overlay-type":"","overlay-color":"","overlay-opacity":"","overlay-gradient":""},"mobile":{"background-color":"var(--ast-global-color-5)","background-image":"","background-repeat":"repeat","background-position":"center center","background-size":"auto","background-attachment":"scroll","background-type":"","background-media":"","overlay-type":"","overlay-color":"","overlay-opacity":"","overlay-gradient":""}}},"product_brand":[],"product_cat":[1001,993],"product_tag":[],"class_list":{"0":"post-57434","1":"product","2":"type-product","3":"status-publish","4":"has-post-thumbnail","6":"product_cat-husholdningsartikler","7":"product_cat-skotoy-tilbehor","8":"pa_52069_zqo23azz-bla","9":"pa_52069_zqo23azz-gronn","10":"pa_52069_zqo23azz-gul","11":"pa_52069_zqo23azz-oransje","12":"pa_52069_zqo23azz-rosa","13":"pa_52069_zqo23azz-rosenrod","14":"desktop-align-left","15":"tablet-align-left","16":"mobile-align-left","18":"first","19":"instock","20":"shipping-taxable","21":"purchasable","22":"product-type-variable"},"_links":{"self":[{"href":"https:\/\/keluvo.com\/no\/wp-json\/wp\/v2\/product\/57434","targetHints":{"allow":["GET"]}}],"collection":[{"href":"https:\/\/keluvo.com\/no\/wp-json\/wp\/v2\/product"}],"about":[{"href":"https:\/\/keluvo.com\/no\/wp-json\/wp\/v2\/types\/product"}],"replies":[{"embeddable":true,"href":"https:\/\/keluvo.com\/no\/wp-json\/wp\/v2\/comments?post=57434"}],"wp:featuredmedia":[{"embeddable":true,"href":"https:\/\/keluvo.com\/no\/wp-json\/wp\/v2\/media\/57430"}],"wp:attachment":[{"href":"https:\/\/keluvo.com\/no\/wp-json\/wp\/v2\/media?parent=57434"}],"wp:term":[{"taxonomy":"product_brand","embeddable":true,"href":"https:\/\/keluvo.com\/no\/wp-json\/wp\/v2\/product_brand?post=57434"},{"taxonomy":"product_cat","embeddable":true,"href":"https:\/\/keluvo.com\/no\/wp-json\/wp\/v2\/product_cat?post=57434"},{"taxonomy":"product_tag","embeddable":true,"href":"https:\/\/keluvo.com\/no\/wp-json\/wp\/v2\/product_tag?post=57434"}],"curies":[{"name":"wp","href":"https:\/\/api.w.org\/{rel}","templated":true}]}}