{"id":57422,"date":"2025-11-20T17:38:54","date_gmt":"2025-11-20T15:38:54","guid":{"rendered":"https:\/\/keluvo.com\/no\/produkt\/bolle-med-dyppeklips-8-stk\/"},"modified":"2025-12-25T18:39:26","modified_gmt":"2025-12-25T16:39:26","slug":"bolle-med-dyppeklips-8-stk","status":"publish","type":"product","link":"https:\/\/keluvo.com\/no\/produkt\/bolle-med-dyppeklips-8-stk\/","title":{"rendered":"Bolle med dyppeklips (8 stk)"},"content":{"rendered":"<p style=\"text-align: center;\" data-start=\"0\" data-end=\"80\"><strong data-start=\"0\" data-end=\"80\">Fest favorittsausene dine rett p\u00e5 tallerkenen for enkel dipping uten rot. \ud83c\udf5f<\/strong><\/p>\n<p style=\"text-align: center;\" data-start=\"82\" data-end=\"341\">Denne dipclip-sk\u00e5len festes p\u00e5 kanten av nesten hvilken som helst tallerken, noe som gir deg et rent og praktisk sted for sauser, dressinger, ketchup, salsa og mer. Enten du er hjemme, p\u00e5 piknik eller p\u00e5 fest, holder den dippene i n\u00e6rheten og tallerkenen organisert.<\/p>\n<p data-start=\"82\" data-end=\"341\"><img fetchpriority=\"high\" decoding=\"async\" class=\" wp-image-41725 aligncenter\" src=\"https:\/\/keluvo.com\/template\/wp-content\/uploads\/sites\/5\/2025\/11\/18f6054b0f6eae1b5f28fd01ac50540b8ef8ba4c.gif\" alt=\"\" width=\"440\" height=\"782\" \/><\/p>\n<h2 style=\"text-align: center;\" data-start=\"348\" data-end=\"369\"><strong>Hovedfordeler<\/strong><\/h2>\n<p data-start=\"372\" data-end=\"462\">\ud83c\udf5f Enkel klipsdesign &#8211; Festes sikkert p\u00e5 de fleste tallerkener, boller, til og med papptallerkener.<\/p>\n<p data-start=\"465\" data-end=\"548\">\ud83c\udf08 Morsomme farger for alle aldre &#8211; Gj\u00f8r m\u00e5ltidene morsommere, spesielt for barn.<\/p>\n<p data-start=\"551\" data-end=\"628\">\ud83e\uddfd Enkel \u00e5 rengj\u00f8re &#8211; Slitesterkt PP-materiale vaskes raskt og varer lenge.<\/p>\n<p data-start=\"631\" data-end=\"714\">\ud83c\udf89 Perfekt for fester og piknik &#8211; Holder sauser ryddige og tilgjengelige hvor som helst.<\/p>\n<p data-start=\"717\" data-end=\"803\">\ud83e\uddf0 Flerbruk &#8211; Ideell for dipper, dressinger, krydder eller til og med sm\u00e5 h\u00e5ndverksartikler.<\/p>\n<p data-start=\"717\" data-end=\"803\"><img decoding=\"async\" class=\"size-full wp-image-41722 aligncenter\" src=\"https:\/\/keluvo.com\/template\/wp-content\/uploads\/sites\/5\/2025\/11\/dd94b2848affefb5eb6e5e43f9fc4e7dd6e95d84-700.avif\" alt=\"\" \/><\/p>\n<h2 style=\"text-align: center;\" data-start=\"810\" data-end=\"829\">Hvordan den brukes<\/h2>\n<ol data-start=\"830\" data-end=\"1035\">\n<li data-start=\"830\" data-end=\"894\">\n<p data-start=\"833\" data-end=\"894\">Klipp bollen p\u00e5 kanten av tallerkenen din.<\/p>\n<\/li>\n<li data-start=\"895\" data-end=\"944\">\n<p data-start=\"898\" data-end=\"944\">Fyll den med favorittkrydderet eller dippen din.<\/p>\n<\/li>\n<li data-start=\"945\" data-end=\"997\">\n<p data-start=\"948\" data-end=\"997\">Nyt \u00e5 dyppe uten \u00e5 s\u00f8le eller blande maten.<\/p>\n<\/li>\n<li data-start=\"998\" data-end=\"1035\">\n<p data-start=\"1001\" data-end=\"1035\">Vask og oppbevar enkelt etter bruk.<\/p>\n<\/li>\n<\/ol>\n<h2 style=\"text-align: center;\" data-start=\"1042\" data-end=\"1066\"><strong>Produktdetaljer<\/strong><\/h2>\n<ul data-start=\"1067\" data-end=\"1179\">\n<li data-start=\"1067\" data-end=\"1083\">\n<p data-start=\"1069\" data-end=\"1083\">Materiale: PP<\/p>\n<\/li>\n<li data-start=\"1123\" data-end=\"1149\">\n<p data-start=\"1125\" data-end=\"1149\">St\u00f8rrelse: 7,5 x 5 x 4,5 cm<\/p>\n<\/li>\n<li data-start=\"1150\" data-end=\"1179\">\n<p data-start=\"1152\" data-end=\"1179\">Fungerer p\u00e5 de fleste tallerkenkanter<\/p>\n<\/li>\n<li data-start=\"1150\" data-end=\"1179\">Farge: Gr\u00f8nn, r\u00f8d, oransje, gul<\/li>\n<\/ul>\n<h2 style=\"text-align: center;\" data-start=\"1186\" data-end=\"1211\"><strong>Pakken inneholder<\/strong><\/h2>\n<ul data-start=\"1212\" data-end=\"1236\">\n<li data-start=\"1212\" data-end=\"1236\">\n<p data-start=\"1214\" data-end=\"1236\">8x dyppesk\u00e5ler<\/p>\n<\/li>\n<\/ul>\n","protected":false},"excerpt":{"rendered":"<p>Fest favorittsausene dine rett p\u00e5 tallerkenen for enkel dipping uten rot. \ud83c\udf5f Denne dipclip-sk\u00e5len festes p\u00e5 kanten av nesten hvilken [&hellip;]<\/p>\n","protected":false},"featured_media":57418,"comment_status":"open","ping_status":"closed","template":"","meta":{"site-sidebar-layout":"default","site-content-layout":"","ast-site-content-layout":"default","site-content-style":"default","site-sidebar-style":"default","ast-global-header-display":"","ast-banner-title-visibility":"","ast-main-header-display":"","ast-hfb-above-header-display":"","ast-hfb-below-header-display":"","ast-hfb-mobile-header-display":"","site-post-title":"","ast-breadcrumbs-content":"","ast-featured-img":"","footer-sml-layout":"","theme-transparent-header-meta":"default","adv-header-id-meta":"","stick-header-meta":"","header-above-stick-meta":"","header-main-stick-meta":"","header-below-stick-meta":"","astra-migrate-meta-layouts":"set","ast-page-background-enabled":"default","ast-page-background-meta":{"desktop":{"background-color":"var(--ast-global-color-4)","background-image":"","background-repeat":"repeat","background-position":"center center","background-size":"auto","background-attachment":"scroll","background-type":"","background-media":"","overlay-type":"","overlay-color":"","overlay-opacity":"","overlay-gradient":""},"tablet":{"background-color":"","background-image":"","background-repeat":"repeat","background-position":"center center","background-size":"auto","background-attachment":"scroll","background-type":"","background-media":"","overlay-type":"","overlay-color":"","overlay-opacity":"","overlay-gradient":""},"mobile":{"background-color":"","background-image":"","background-repeat":"repeat","background-position":"center center","background-size":"auto","background-attachment":"scroll","background-type":"","background-media":"","overlay-type":"","overlay-color":"","overlay-opacity":"","overlay-gradient":""}},"ast-content-background-meta":{"desktop":{"background-color":"var(--ast-global-color-5)","background-image":"","background-repeat":"repeat","background-position":"center center","background-size":"auto","background-attachment":"scroll","background-type":"","background-media":"","overlay-type":"","overlay-color":"","overlay-opacity":"","overlay-gradient":""},"tablet":{"background-color":"var(--ast-global-color-5)","background-image":"","background-repeat":"repeat","background-position":"center center","background-size":"auto","background-attachment":"scroll","background-type":"","background-media":"","overlay-type":"","overlay-color":"","overlay-opacity":"","overlay-gradient":""},"mobile":{"background-color":"var(--ast-global-color-5)","background-image":"","background-repeat":"repeat","background-position":"center center","background-size":"auto","background-attachment":"scroll","background-type":"","background-media":"","overlay-type":"","overlay-color":"","overlay-opacity":"","overlay-gradient":""}}},"product_brand":[],"product_cat":[1001],"product_tag":[],"class_list":{"0":"post-57422","1":"product","2":"type-product","3":"status-publish","4":"has-post-thumbnail","6":"product_cat-husholdningsartikler","7":"desktop-align-left","8":"tablet-align-left","9":"mobile-align-left","11":"first","12":"instock","13":"shipping-taxable","14":"purchasable","15":"product-type-simple"},"_links":{"self":[{"href":"https:\/\/keluvo.com\/no\/wp-json\/wp\/v2\/product\/57422","targetHints":{"allow":["GET"]}}],"collection":[{"href":"https:\/\/keluvo.com\/no\/wp-json\/wp\/v2\/product"}],"about":[{"href":"https:\/\/keluvo.com\/no\/wp-json\/wp\/v2\/types\/product"}],"replies":[{"embeddable":true,"href":"https:\/\/keluvo.com\/no\/wp-json\/wp\/v2\/comments?post=57422"}],"wp:featuredmedia":[{"embeddable":true,"href":"https:\/\/keluvo.com\/no\/wp-json\/wp\/v2\/media\/57418"}],"wp:attachment":[{"href":"https:\/\/keluvo.com\/no\/wp-json\/wp\/v2\/media?parent=57422"}],"wp:term":[{"taxonomy":"product_brand","embeddable":true,"href":"https:\/\/keluvo.com\/no\/wp-json\/wp\/v2\/product_brand?post=57422"},{"taxonomy":"product_cat","embeddable":true,"href":"https:\/\/keluvo.com\/no\/wp-json\/wp\/v2\/product_cat?post=57422"},{"taxonomy":"product_tag","embeddable":true,"href":"https:\/\/keluvo.com\/no\/wp-json\/wp\/v2\/product_tag?post=57422"}],"curies":[{"name":"wp","href":"https:\/\/api.w.org\/{rel}","templated":true}]}}