{"id":57402,"date":"2025-11-20T17:37:42","date_gmt":"2025-11-20T15:37:42","guid":{"rendered":"https:\/\/keluvo.com\/no\/produkt\/ultratynt-deksel-til-webkamera\/"},"modified":"2025-12-01T15:17:02","modified_gmt":"2025-12-01T13:17:02","slug":"ultratynt-deksel-til-webkamera","status":"publish","type":"product","link":"https:\/\/keluvo.com\/no\/produkt\/ultratynt-deksel-til-webkamera\/","title":{"rendered":"Ultratynt deksel til webkamera"},"content":{"rendered":"<p style=\"text-align: center;\" data-start=\"0\" data-end=\"94\"><strong data-start=\"0\" data-end=\"94\">Beskytt Personvernet Ditt Umiddelbart Med Et Slankt, Sikkert Webkamera-Deksel Som Du Kan Bruke P\u00e5 Alle Enheter. \ud83d\udcbb<\/strong><\/p>\n<p style=\"text-align: center;\" data-start=\"96\" data-end=\"338\">Dette ultratynne webkameradekselet beskytter deg mot u\u00f8nsket kameratilgang med et enkelt skyv-til-\u00e5-\u00e5pne-design. Det er bare 0,06 cm tynt og passer perfekt p\u00e5 b\u00e6rbare datamaskiner, nettbrett og telefoner uten \u00e5 p\u00e5virke hvordan enheten lukkes eller fungerer.<\/p>\n<p data-start=\"96\" data-end=\"338\"><img fetchpriority=\"high\" decoding=\"async\" class=\"size-full wp-image-41708 aligncenter\" src=\"https:\/\/keluvo.com\/template\/wp-content\/uploads\/sites\/5\/2025\/11\/1022-ezgif.com-video-to-webp-converter-1-1.webp\" alt=\"\" width=\"500\" height=\"500\" \/><\/p>\n<h2 style=\"text-align: center;\" data-start=\"345\" data-end=\"366\">\u2b50 Hovedfordeler<\/h2>\n<p data-start=\"369\" data-end=\"464\">\ud83d\udd12 \u00d8yeblikkelig personvernbeskyttelse &#8211; Blokkerer webkameraet ditt fra hackere eller utilsiktet aktivering.<\/p>\n<p data-start=\"467\" data-end=\"553\">\ud83c\udf19 Ultratynn design &#8211; Bare 0,06 cm, slik at den b\u00e6rbare datamaskinen lukkes jevnt uten hull.<\/p>\n<p data-start=\"556\" data-end=\"650\">\ud83d\udcf1 Fungerer p\u00e5 nesten alle enheter &#8211; Kompatibel med telefoner, nettbrett, b\u00e6rbare datamaskiner og skjermer.<\/p>\n<p data-start=\"653\" data-end=\"754\">\ud83e\uddf2 Sterkt 3.0 lim &#8211; Holder seg godt p\u00e5 plass i opptil 365 dager uten \u00e5 skade enheten.<\/p>\n<p data-start=\"757\" data-end=\"837\">\u26a1 Rask og enkel installasjon &#8211; Rengj\u00f8r, fest, juster, trykk &#8211; ferdig p\u00e5 sekunder.<\/p>\n<p data-start=\"757\" data-end=\"837\"><img decoding=\"async\" class=\"size-full wp-image-41709 aligncenter\" src=\"https:\/\/keluvo.com\/template\/wp-content\/uploads\/sites\/5\/2025\/11\/8ccadbcde983a848b243bece6cf32adb658d0e16-700.jpg\" alt=\"\" width=\"1080\" height=\"1030\" \/><\/p>\n<h2 style=\"text-align: center;\" data-start=\"844\" data-end=\"863\">\ud83d\udd27 Slik Bruker Du Det<\/h2>\n<ol data-start=\"864\" data-end=\"1088\">\n<li data-start=\"864\" data-end=\"906\">\n<p data-start=\"867\" data-end=\"906\">Rengj\u00f8r webkameraomr\u00e5det p\u00e5 enheten.<\/p>\n<\/li>\n<li data-start=\"907\" data-end=\"970\">\n<p data-start=\"910\" data-end=\"970\">Trekk av baksiden og plasser dekselet over kameralinsen.<\/p>\n<\/li>\n<li data-start=\"971\" data-end=\"1026\">\n<p data-start=\"974\" data-end=\"1026\">Juster det forsiktig f\u00f8r du trykker det ned for \u00e5 feste det.<\/p>\n<\/li>\n<li data-start=\"1027\" data-end=\"1088\">\n<p data-start=\"1030\" data-end=\"1088\">Skyv \u00e5pent for \u00e5 bruke kameraet, skyv lukket for privatliv.<\/p>\n<\/li>\n<\/ol>\n<h2 style=\"text-align: center;\" data-start=\"1095\" data-end=\"1119\">\ud83d\udccc Produktdetaljer<\/h2>\n<ul data-start=\"1120\" data-end=\"1317\">\n<li data-start=\"1120\" data-end=\"1141\">\n<p data-start=\"1122\" data-end=\"1141\">Tykkelse: 0,06 cm<\/p>\n<\/li>\n<li data-start=\"1120\" data-end=\"1141\">\n<p data-start=\"1122\" data-end=\"1141\">St\u00f8rrelse: 18 x 9 mm<\/p>\n<\/li>\n<li data-start=\"1142\" data-end=\"1195\">\n<p data-start=\"1144\" data-end=\"1195\">Kompatibilitet: B\u00e6rbare datamaskiner, telefoner, nettbrett, skjermer<\/p>\n<\/li>\n<li data-start=\"1196\" data-end=\"1244\">\n<p data-start=\"1198\" data-end=\"1244\">Lim: Oppgradert 3.0 langvarig lim<\/p>\n<\/li>\n<li data-start=\"1245\" data-end=\"1317\">\n<p data-start=\"1247\" data-end=\"1317\">Ikke egnet for: Helskjerm eller herdet glassfilm med hakk<\/p>\n<\/li>\n<\/ul>\n<h2 style=\"text-align: center;\" data-start=\"1324\" data-end=\"1349\">\ud83c\udf81 Pakken inneholder<\/h2>\n<ul data-start=\"1350\" data-end=\"1387\">\n<li data-start=\"1350\" data-end=\"1387\">\n<p data-start=\"1352\" data-end=\"1387\">20, 40x ultratynne webkamera-deksler.<\/p>\n<\/li>\n<\/ul>\n","protected":false},"excerpt":{"rendered":"<p>Beskytt Personvernet Ditt Umiddelbart Med Et Slankt, Sikkert Webkamera-Deksel Som Du Kan Bruke P\u00e5 Alle Enheter. \ud83d\udcbb Dette ultratynne webkameradekselet [&hellip;]<\/p>\n","protected":false},"featured_media":57398,"comment_status":"open","ping_status":"closed","template":"","meta":{"site-sidebar-layout":"default","site-content-layout":"","ast-site-content-layout":"default","site-content-style":"default","site-sidebar-style":"default","ast-global-header-display":"","ast-banner-title-visibility":"","ast-main-header-display":"","ast-hfb-above-header-display":"","ast-hfb-below-header-display":"","ast-hfb-mobile-header-display":"","site-post-title":"","ast-breadcrumbs-content":"","ast-featured-img":"","footer-sml-layout":"","theme-transparent-header-meta":"default","adv-header-id-meta":"","stick-header-meta":"","header-above-stick-meta":"","header-main-stick-meta":"","header-below-stick-meta":"","astra-migrate-meta-layouts":"set","ast-page-background-enabled":"default","ast-page-background-meta":{"desktop":{"background-color":"var(--ast-global-color-4)","background-image":"","background-repeat":"repeat","background-position":"center center","background-size":"auto","background-attachment":"scroll","background-type":"","background-media":"","overlay-type":"","overlay-color":"","overlay-opacity":"","overlay-gradient":""},"tablet":{"background-color":"","background-image":"","background-repeat":"repeat","background-position":"center center","background-size":"auto","background-attachment":"scroll","background-type":"","background-media":"","overlay-type":"","overlay-color":"","overlay-opacity":"","overlay-gradient":""},"mobile":{"background-color":"","background-image":"","background-repeat":"repeat","background-position":"center center","background-size":"auto","background-attachment":"scroll","background-type":"","background-media":"","overlay-type":"","overlay-color":"","overlay-opacity":"","overlay-gradient":""}},"ast-content-background-meta":{"desktop":{"background-color":"var(--ast-global-color-5)","background-image":"","background-repeat":"repeat","background-position":"center center","background-size":"auto","background-attachment":"scroll","background-type":"","background-media":"","overlay-type":"","overlay-color":"","overlay-opacity":"","overlay-gradient":""},"tablet":{"background-color":"var(--ast-global-color-5)","background-image":"","background-repeat":"repeat","background-position":"center center","background-size":"auto","background-attachment":"scroll","background-type":"","background-media":"","overlay-type":"","overlay-color":"","overlay-opacity":"","overlay-gradient":""},"mobile":{"background-color":"var(--ast-global-color-5)","background-image":"","background-repeat":"repeat","background-position":"center center","background-size":"auto","background-attachment":"scroll","background-type":"","background-media":"","overlay-type":"","overlay-color":"","overlay-opacity":"","overlay-gradient":""}}},"product_brand":[],"product_cat":[993],"product_tag":[],"class_list":{"0":"post-57402","1":"product","2":"type-product","3":"status-publish","4":"has-post-thumbnail","6":"product_cat-skotoy-tilbehor","7":"pa_52055_1r6li2dt-20-stk","8":"pa_52055_1r6li2dt-40-stk","9":"pa_52055_oho6cszx-hvit","10":"pa_52055_oho6cszx-svart","11":"desktop-align-left","12":"tablet-align-left","13":"mobile-align-left","15":"first","16":"instock","17":"shipping-taxable","18":"purchasable","19":"product-type-variable","20":"has-default-attributes"},"_links":{"self":[{"href":"https:\/\/keluvo.com\/no\/wp-json\/wp\/v2\/product\/57402","targetHints":{"allow":["GET"]}}],"collection":[{"href":"https:\/\/keluvo.com\/no\/wp-json\/wp\/v2\/product"}],"about":[{"href":"https:\/\/keluvo.com\/no\/wp-json\/wp\/v2\/types\/product"}],"replies":[{"embeddable":true,"href":"https:\/\/keluvo.com\/no\/wp-json\/wp\/v2\/comments?post=57402"}],"wp:featuredmedia":[{"embeddable":true,"href":"https:\/\/keluvo.com\/no\/wp-json\/wp\/v2\/media\/57398"}],"wp:attachment":[{"href":"https:\/\/keluvo.com\/no\/wp-json\/wp\/v2\/media?parent=57402"}],"wp:term":[{"taxonomy":"product_brand","embeddable":true,"href":"https:\/\/keluvo.com\/no\/wp-json\/wp\/v2\/product_brand?post=57402"},{"taxonomy":"product_cat","embeddable":true,"href":"https:\/\/keluvo.com\/no\/wp-json\/wp\/v2\/product_cat?post=57402"},{"taxonomy":"product_tag","embeddable":true,"href":"https:\/\/keluvo.com\/no\/wp-json\/wp\/v2\/product_tag?post=57402"}],"curies":[{"name":"wp","href":"https:\/\/api.w.org\/{rel}","templated":true}]}}